{"id":22,"date":"2018-05-25T11:36:00","date_gmt":"2018-05-25T11:36:00","guid":{"rendered":"http:\/\/www.ub.edu\/informaticapersonalINT\/programarilliure\/?page_id=22"},"modified":"2018-07-30T12:05:00","modified_gmt":"2018-07-30T12:05:00","slug":"utilitats","status":"publish","type":"page","link":"https:\/\/www.ub.edu\/informaticapersonalINT\/programarilliure\/utilitats\/","title":{"rendered":"Utilitats"},"content":{"rendered":"<div class=\"responsive-tabs\">\n<h2 class=\"tabtitle\">Compressi\u00f3<\/h2>\n<div class=\"tabcontent\">\n\n<ul class=\"lcp_catlist\" id=\"lcp_instance_0\"><li><a href=\"https:\/\/www.ub.edu\/informaticapersonalINT\/programarilliure\/2018\/06\/25\/7-zip\/\">7-Zip<\/a><a href=\"https:\/\/www.ub.edu\/informaticapersonalINT\/programarilliure\/2018\/06\/25\/7-zip\/\" title=\"7-Zip\"><img loading=\"lazy\" decoding=\"async\" width=\"150\" height=\"150\" src=\"https:\/\/www.ub.edu\/informaticapersonalINT\/programarilliure\/wp-content\/uploads\/sites\/11\/2018\/06\/7zip-150x150.png\" class=\"lcp_thumbnail wp-post-image\" alt=\"7-Zip\" srcset=\"https:\/\/www.ub.edu\/informaticapersonalINT\/programarilliure\/wp-content\/uploads\/sites\/11\/2018\/06\/7zip-150x150.png 150w, https:\/\/www.ub.edu\/informaticapersonalINT\/programarilliure\/wp-content\/uploads\/sites\/11\/2018\/06\/7zip-300x300.png 300w, https:\/\/www.ub.edu\/informaticapersonalINT\/programarilliure\/wp-content\/uploads\/sites\/11\/2018\/06\/7zip-400x400.png 400w, https:\/\/www.ub.edu\/informaticapersonalINT\/programarilliure\/wp-content\/uploads\/sites\/11\/2018\/06\/7zip-250x250.png 250w, https:\/\/www.ub.edu\/informaticapersonalINT\/programarilliure\/wp-content\/uploads\/sites\/11\/2018\/06\/7zip.png 512w\" sizes=\"(max-width: 150px) 100vw, 150px\" \/><\/a><div class=\"lcp_excerpt\"><p style=\"margin-top: 5px;\">Programa de compressi\u00f3 i descompressi\u00f3 de fitxers amb funci\u00f3 de gestor de fitxers. Pot funcionar des de l\u00ednia d&#8217;ordres com amb una interf\u00edcie gr\u00e0fica. <\/p>\n<\/div><\/li><li><a href=\"https:\/\/www.ub.edu\/informaticapersonalINT\/programarilliure\/2018\/09\/04\/peazip\/\">PeaZip<\/a><a href=\"https:\/\/www.ub.edu\/informaticapersonalINT\/programarilliure\/2018\/09\/04\/peazip\/\" title=\"PeaZip\"><img loading=\"lazy\" decoding=\"async\" width=\"150\" height=\"150\" src=\"https:\/\/www.ub.edu\/informaticapersonalINT\/programarilliure\/wp-content\/uploads\/sites\/11\/2018\/09\/peazip-150x150.png\" class=\"lcp_thumbnail wp-post-image\" alt=\"PeaZip\" srcset=\"https:\/\/www.ub.edu\/informaticapersonalINT\/programarilliure\/wp-content\/uploads\/sites\/11\/2018\/09\/peazip-150x150.png 150w, https:\/\/www.ub.edu\/informaticapersonalINT\/programarilliure\/wp-content\/uploads\/sites\/11\/2018\/09\/peazip-300x300.png 300w, https:\/\/www.ub.edu\/informaticapersonalINT\/programarilliure\/wp-content\/uploads\/sites\/11\/2018\/09\/peazip-400x400.png 400w, https:\/\/www.ub.edu\/informaticapersonalINT\/programarilliure\/wp-content\/uploads\/sites\/11\/2018\/09\/peazip-250x250.png 250w, https:\/\/www.ub.edu\/informaticapersonalINT\/programarilliure\/wp-content\/uploads\/sites\/11\/2018\/09\/peazip.png 512w\" sizes=\"(max-width: 150px) 100vw, 150px\" \/><\/a><div class=\"lcp_excerpt\"><p style=\"margin-top: 5px;\">\u00c9s un compressor i descompressor que destaca per la facilitat del seu \u00fas, la rapidesa i la varietat de funcions que ofereix (suporta m\u00e9s de 100 formats).<\/p>\n<\/div><\/li><\/ul>\n\n<\/div><h2 class=\"tabtitle\">Transfer\u00e8ncia d'arxius<\/h2>\n<div class=\"tabcontent\">\n\n<ul class=\"lcp_catlist\" id=\"lcp_instance_0\"><li><a href=\"https:\/\/www.ub.edu\/informaticapersonalINT\/programarilliure\/2018\/06\/20\/cyberduck\/\">Cyberduck<\/a><a href=\"https:\/\/www.ub.edu\/informaticapersonalINT\/programarilliure\/2018\/06\/20\/cyberduck\/\" title=\"Cyberduck\"><img loading=\"lazy\" decoding=\"async\" width=\"150\" height=\"150\" src=\"https:\/\/www.ub.edu\/informaticapersonalINT\/programarilliure\/wp-content\/uploads\/sites\/11\/2018\/06\/Cyberduck-150x150.png\" class=\"lcp_thumbnail wp-post-image\" alt=\"Cyberduck\" srcset=\"https:\/\/www.ub.edu\/informaticapersonalINT\/programarilliure\/wp-content\/uploads\/sites\/11\/2018\/06\/Cyberduck-150x150.png 150w, https:\/\/www.ub.edu\/informaticapersonalINT\/programarilliure\/wp-content\/uploads\/sites\/11\/2018\/06\/Cyberduck-300x300.png 300w, https:\/\/www.ub.edu\/informaticapersonalINT\/programarilliure\/wp-content\/uploads\/sites\/11\/2018\/06\/Cyberduck-400x400.png 400w, https:\/\/www.ub.edu\/informaticapersonalINT\/programarilliure\/wp-content\/uploads\/sites\/11\/2018\/06\/Cyberduck-250x250.png 250w, https:\/\/www.ub.edu\/informaticapersonalINT\/programarilliure\/wp-content\/uploads\/sites\/11\/2018\/06\/Cyberduck.png 512w\" sizes=\"(max-width: 150px) 100vw, 150px\" \/><\/a><div class=\"lcp_excerpt\"><p style=\"margin-top: 5px;\">Aplicaci\u00f3 client FTP i SFTP molt senzilla d&#8217;utilitzar que permet fer tot tipus d&#8217;operacions en entorns remots. Tamb\u00e9 permet treballar amb serveis d&#8217;Amazon S3, Cloudfront o WebDAV.<\/p>\n<\/div><\/li><li><a href=\"https:\/\/www.ub.edu\/informaticapersonalINT\/programarilliure\/2018\/06\/20\/filezilla\/\">Filezilla<\/a><a href=\"https:\/\/www.ub.edu\/informaticapersonalINT\/programarilliure\/2018\/06\/20\/filezilla\/\" title=\"Filezilla\"><img loading=\"lazy\" decoding=\"async\" width=\"150\" height=\"150\" src=\"https:\/\/www.ub.edu\/informaticapersonalINT\/programarilliure\/wp-content\/uploads\/sites\/11\/2018\/06\/filezilla-150x150.png\" class=\"lcp_thumbnail wp-post-image\" alt=\"Filezilla\" srcset=\"https:\/\/www.ub.edu\/informaticapersonalINT\/programarilliure\/wp-content\/uploads\/sites\/11\/2018\/06\/filezilla-150x150.png 150w, https:\/\/www.ub.edu\/informaticapersonalINT\/programarilliure\/wp-content\/uploads\/sites\/11\/2018\/06\/filezilla-300x300.png 300w, https:\/\/www.ub.edu\/informaticapersonalINT\/programarilliure\/wp-content\/uploads\/sites\/11\/2018\/06\/filezilla-400x400.png 400w, https:\/\/www.ub.edu\/informaticapersonalINT\/programarilliure\/wp-content\/uploads\/sites\/11\/2018\/06\/filezilla-250x250.png 250w, https:\/\/www.ub.edu\/informaticapersonalINT\/programarilliure\/wp-content\/uploads\/sites\/11\/2018\/06\/filezilla.png 512w\" sizes=\"(max-width: 150px) 100vw, 150px\" \/><\/a><div class=\"lcp_excerpt\"><p style=\"margin-top: 5px;\">Client FTP, que presenta una finestra principal que es divideix en quatre parts diferenciades: administrador de llocs, registre de missatges, vista de fitxers i directoris i cua de transfer\u00e8ncies. <\/p>\n<\/div><\/li><li><a href=\"https:\/\/www.ub.edu\/informaticapersonalINT\/programarilliure\/2018\/06\/20\/openssh\/\">OpenSSH<\/a><a href=\"https:\/\/www.ub.edu\/informaticapersonalINT\/programarilliure\/2018\/06\/20\/openssh\/\" title=\"OpenSSH\"><img loading=\"lazy\" decoding=\"async\" width=\"150\" height=\"150\" src=\"https:\/\/www.ub.edu\/informaticapersonalINT\/programarilliure\/wp-content\/uploads\/sites\/11\/2018\/06\/OpenSSH-150x150.png\" class=\"lcp_thumbnail wp-post-image\" alt=\"OpenSSH\" srcset=\"https:\/\/www.ub.edu\/informaticapersonalINT\/programarilliure\/wp-content\/uploads\/sites\/11\/2018\/06\/OpenSSH-150x150.png 150w, https:\/\/www.ub.edu\/informaticapersonalINT\/programarilliure\/wp-content\/uploads\/sites\/11\/2018\/06\/OpenSSH-300x300.png 300w, https:\/\/www.ub.edu\/informaticapersonalINT\/programarilliure\/wp-content\/uploads\/sites\/11\/2018\/06\/OpenSSH-400x400.png 400w, https:\/\/www.ub.edu\/informaticapersonalINT\/programarilliure\/wp-content\/uploads\/sites\/11\/2018\/06\/OpenSSH-250x250.png 250w, https:\/\/www.ub.edu\/informaticapersonalINT\/programarilliure\/wp-content\/uploads\/sites\/11\/2018\/06\/OpenSSH.png 512w\" sizes=\"(max-width: 150px) 100vw, 150px\" \/><\/a><div class=\"lcp_excerpt\"><p style=\"margin-top: 5px;\">Conjunt d&#8217;aplicacions que permeten realitzar comunicacions xifrades a trav\u00e9s de la xarxa, utilitzant el protocol SSH. <\/p>\n<\/div><\/li><li><a href=\"https:\/\/www.ub.edu\/informaticapersonalINT\/programarilliure\/2018\/06\/25\/putty\/\">Putty<\/a><a href=\"https:\/\/www.ub.edu\/informaticapersonalINT\/programarilliure\/2018\/06\/25\/putty\/\" title=\"Putty\"><img loading=\"lazy\" decoding=\"async\" width=\"150\" height=\"150\" src=\"https:\/\/www.ub.edu\/informaticapersonalINT\/programarilliure\/wp-content\/uploads\/sites\/11\/2018\/06\/putty-150x150.png\" class=\"lcp_thumbnail wp-post-image\" alt=\"Putty\" srcset=\"https:\/\/www.ub.edu\/informaticapersonalINT\/programarilliure\/wp-content\/uploads\/sites\/11\/2018\/06\/putty-150x150.png 150w, https:\/\/www.ub.edu\/informaticapersonalINT\/programarilliure\/wp-content\/uploads\/sites\/11\/2018\/06\/putty-300x300.png 300w, https:\/\/www.ub.edu\/informaticapersonalINT\/programarilliure\/wp-content\/uploads\/sites\/11\/2018\/06\/putty-400x400.png 400w, https:\/\/www.ub.edu\/informaticapersonalINT\/programarilliure\/wp-content\/uploads\/sites\/11\/2018\/06\/putty-250x250.png 250w, https:\/\/www.ub.edu\/informaticapersonalINT\/programarilliure\/wp-content\/uploads\/sites\/11\/2018\/06\/putty.png 512w\" sizes=\"(max-width: 150px) 100vw, 150px\" \/><\/a><div class=\"lcp_excerpt\"><p style=\"margin-top: 5px;\">Client SSH que s&#8217;utilitza per accedir a una m\u00e0quina\u00a0remota de forma segura. <\/p>\n<\/div><\/li><li><a href=\"https:\/\/www.ub.edu\/informaticapersonalINT\/programarilliure\/2018\/06\/20\/winscp\/\">WinSCP<\/a><a href=\"https:\/\/www.ub.edu\/informaticapersonalINT\/programarilliure\/2018\/06\/20\/winscp\/\" title=\"WinSCP\"><img loading=\"lazy\" decoding=\"async\" width=\"150\" height=\"150\" src=\"https:\/\/www.ub.edu\/informaticapersonalINT\/programarilliure\/wp-content\/uploads\/sites\/11\/2018\/06\/winscp-150x150.png\" class=\"lcp_thumbnail wp-post-image\" alt=\"WinSCP\" srcset=\"https:\/\/www.ub.edu\/informaticapersonalINT\/programarilliure\/wp-content\/uploads\/sites\/11\/2018\/06\/winscp-150x150.png 150w, https:\/\/www.ub.edu\/informaticapersonalINT\/programarilliure\/wp-content\/uploads\/sites\/11\/2018\/06\/winscp-300x300.png 300w, https:\/\/www.ub.edu\/informaticapersonalINT\/programarilliure\/wp-content\/uploads\/sites\/11\/2018\/06\/winscp-400x400.png 400w, https:\/\/www.ub.edu\/informaticapersonalINT\/programarilliure\/wp-content\/uploads\/sites\/11\/2018\/06\/winscp-250x250.png 250w, https:\/\/www.ub.edu\/informaticapersonalINT\/programarilliure\/wp-content\/uploads\/sites\/11\/2018\/06\/winscp.png 512w\" sizes=\"(max-width: 150px) 100vw, 150px\" \/><\/a><div class=\"lcp_excerpt\"><p style=\"margin-top: 5px;\">Client SFTP i SCP gr\u00e0fic. La seva funci\u00f3 principal \u00e9s facilitar la transfer\u00e8ncia segura d&#8217;arxius entre dos sistemes inform\u00e0tics, el local i un remot que ofereixi serveis SSH. <\/p>\n<\/div><\/li><\/ul>\n\n<\/div><h2 class=\"tabtitle\">Gesti\u00f3 de projectes<\/h2>\n<div class=\"tabcontent\">\n\n<ul class=\"lcp_catlist\" id=\"lcp_instance_0\"><li><a href=\"https:\/\/www.ub.edu\/informaticapersonalINT\/programarilliure\/2018\/06\/18\/ganttproject\/\">GanttProject<\/a><a href=\"https:\/\/www.ub.edu\/informaticapersonalINT\/programarilliure\/2018\/06\/18\/ganttproject\/\" title=\"GanttProject\"><img loading=\"lazy\" decoding=\"async\" width=\"150\" height=\"150\" src=\"https:\/\/www.ub.edu\/informaticapersonalINT\/programarilliure\/wp-content\/uploads\/sites\/11\/2018\/06\/ganttproject-150x150.png\" class=\"lcp_thumbnail wp-post-image\" alt=\"GanttProject\" srcset=\"https:\/\/www.ub.edu\/informaticapersonalINT\/programarilliure\/wp-content\/uploads\/sites\/11\/2018\/06\/ganttproject-150x150.png 150w, https:\/\/www.ub.edu\/informaticapersonalINT\/programarilliure\/wp-content\/uploads\/sites\/11\/2018\/06\/ganttproject-300x300.png 300w, https:\/\/www.ub.edu\/informaticapersonalINT\/programarilliure\/wp-content\/uploads\/sites\/11\/2018\/06\/ganttproject-400x400.png 400w, https:\/\/www.ub.edu\/informaticapersonalINT\/programarilliure\/wp-content\/uploads\/sites\/11\/2018\/06\/ganttproject-250x250.png 250w, https:\/\/www.ub.edu\/informaticapersonalINT\/programarilliure\/wp-content\/uploads\/sites\/11\/2018\/06\/ganttproject.png 512w\" sizes=\"(max-width: 150px) 100vw, 150px\" \/><\/a><div class=\"lcp_excerpt\"><p style=\"margin-top: 5px;\">Programa amb l&#8217;objectiu d&#8217;administrar projectes utilitzant el diagrama de Gantt (eina gr\u00e0fica que exposa el temps de dedicaci\u00f3 previst per les diferents projectes). <\/p>\n<\/div><\/li><li><a href=\"https:\/\/www.ub.edu\/informaticapersonalINT\/programarilliure\/2018\/06\/18\/openproj\/\">OpenProj<\/a><a href=\"https:\/\/www.ub.edu\/informaticapersonalINT\/programarilliure\/2018\/06\/18\/openproj\/\" title=\"OpenProj\"><img loading=\"lazy\" decoding=\"async\" width=\"150\" height=\"150\" src=\"https:\/\/www.ub.edu\/informaticapersonalINT\/programarilliure\/wp-content\/uploads\/sites\/11\/2018\/06\/WhatsApp-Image-2018-06-18-at-13.53.45-150x150.jpeg\" class=\"lcp_thumbnail wp-post-image\" alt=\"OpenProj\" srcset=\"https:\/\/www.ub.edu\/informaticapersonalINT\/programarilliure\/wp-content\/uploads\/sites\/11\/2018\/06\/WhatsApp-Image-2018-06-18-at-13.53.45-150x150.jpeg 150w, https:\/\/www.ub.edu\/informaticapersonalINT\/programarilliure\/wp-content\/uploads\/sites\/11\/2018\/06\/WhatsApp-Image-2018-06-18-at-13.53.45-300x300.jpeg 300w, https:\/\/www.ub.edu\/informaticapersonalINT\/programarilliure\/wp-content\/uploads\/sites\/11\/2018\/06\/WhatsApp-Image-2018-06-18-at-13.53.45-400x400.jpeg 400w, https:\/\/www.ub.edu\/informaticapersonalINT\/programarilliure\/wp-content\/uploads\/sites\/11\/2018\/06\/WhatsApp-Image-2018-06-18-at-13.53.45-250x250.jpeg 250w, https:\/\/www.ub.edu\/informaticapersonalINT\/programarilliure\/wp-content\/uploads\/sites\/11\/2018\/06\/WhatsApp-Image-2018-06-18-at-13.53.45.jpeg 512w\" sizes=\"(max-width: 150px) 100vw, 150px\" \/><\/a><div class=\"lcp_excerpt\"><p style=\"margin-top: 5px;\">Software alternatiu al Microsoft Project amb la finalitat d&#8217;administrar projectes. Algunes utilitats que ofereix son: gesti\u00f3 de valors acumulats, diagrama de Gantt, gr\u00e0fic PERT, informes de feines i diagrames EDT.<\/p>\n<\/div><\/li><li><a href=\"https:\/\/www.ub.edu\/informaticapersonalINT\/programarilliure\/2018\/06\/18\/planner\/\">Planner<\/a><a href=\"https:\/\/www.ub.edu\/informaticapersonalINT\/programarilliure\/2018\/06\/18\/planner\/\" title=\"Planner\"><img loading=\"lazy\" decoding=\"async\" width=\"150\" height=\"150\" src=\"https:\/\/www.ub.edu\/informaticapersonalINT\/programarilliure\/wp-content\/uploads\/sites\/11\/2018\/06\/planner-150x150.png\" class=\"lcp_thumbnail wp-post-image\" alt=\"Planner\" srcset=\"https:\/\/www.ub.edu\/informaticapersonalINT\/programarilliure\/wp-content\/uploads\/sites\/11\/2018\/06\/planner-150x150.png 150w, https:\/\/www.ub.edu\/informaticapersonalINT\/programarilliure\/wp-content\/uploads\/sites\/11\/2018\/06\/planner-300x300.png 300w, https:\/\/www.ub.edu\/informaticapersonalINT\/programarilliure\/wp-content\/uploads\/sites\/11\/2018\/06\/planner-400x400.png 400w, https:\/\/www.ub.edu\/informaticapersonalINT\/programarilliure\/wp-content\/uploads\/sites\/11\/2018\/06\/planner-250x250.png 250w, https:\/\/www.ub.edu\/informaticapersonalINT\/programarilliure\/wp-content\/uploads\/sites\/11\/2018\/06\/planner.png 512w\" sizes=\"(max-width: 150px) 100vw, 150px\" \/><\/a><div class=\"lcp_excerpt\"><p style=\"margin-top: 5px;\">Eina per planejar, programar i seguir projectes per l&#8217;escriptori GNOME. Algunes funcions que ofereix son: gesti\u00f3 de calendaris i recursos, seguiment de l&#8217;evoluci\u00f3 d&#8217;un projecte, enlla\u00e7ar feines i exportar en diferents formats.<\/p>\n<\/div><\/li><li><a href=\"https:\/\/www.ub.edu\/informaticapersonalINT\/programarilliure\/2018\/06\/18\/redmine\/\">Redmine<\/a><a href=\"https:\/\/www.ub.edu\/informaticapersonalINT\/programarilliure\/2018\/06\/18\/redmine\/\" title=\"Redmine\"><img loading=\"lazy\" decoding=\"async\" width=\"150\" height=\"150\" src=\"https:\/\/www.ub.edu\/informaticapersonalINT\/programarilliure\/wp-content\/uploads\/sites\/11\/2018\/06\/redmine-150x150.png\" class=\"lcp_thumbnail wp-post-image\" alt=\"Redmine\" srcset=\"https:\/\/www.ub.edu\/informaticapersonalINT\/programarilliure\/wp-content\/uploads\/sites\/11\/2018\/06\/redmine-150x150.png 150w, https:\/\/www.ub.edu\/informaticapersonalINT\/programarilliure\/wp-content\/uploads\/sites\/11\/2018\/06\/redmine-300x300.png 300w, https:\/\/www.ub.edu\/informaticapersonalINT\/programarilliure\/wp-content\/uploads\/sites\/11\/2018\/06\/redmine-400x400.png 400w, https:\/\/www.ub.edu\/informaticapersonalINT\/programarilliure\/wp-content\/uploads\/sites\/11\/2018\/06\/redmine-250x250.png 250w, https:\/\/www.ub.edu\/informaticapersonalINT\/programarilliure\/wp-content\/uploads\/sites\/11\/2018\/06\/redmine.png 512w\" sizes=\"(max-width: 150px) 100vw, 150px\" \/><\/a><div class=\"lcp_excerpt\"><p style=\"margin-top: 5px;\">Eina per la gesti\u00f3 de projectes que permet als usuaris de diferents projectes realitzar el seguiment i organitzaci\u00f3 en com\u00fa.<\/p>\n<\/div><\/li><\/ul>\n\n<\/div><h2 class=\"tabtitle\">Calaix de satre<\/h2>\n<div class=\"tabcontent\">\n\n<ul class=\"lcp_catlist\" id=\"lcp_instance_0\"><li><a href=\"https:\/\/www.ub.edu\/informaticapersonalINT\/programarilliure\/2018\/06\/25\/cdburnerxp\/\">CDBurnerXP<\/a><a href=\"https:\/\/www.ub.edu\/informaticapersonalINT\/programarilliure\/2018\/06\/25\/cdburnerxp\/\" title=\"CDBurnerXP\"><img loading=\"lazy\" decoding=\"async\" width=\"150\" height=\"150\" src=\"https:\/\/www.ub.edu\/informaticapersonalINT\/programarilliure\/wp-content\/uploads\/sites\/11\/2018\/06\/CDBurner-150x150.png\" class=\"lcp_thumbnail wp-post-image\" alt=\"CDBurnerXP\" srcset=\"https:\/\/www.ub.edu\/informaticapersonalINT\/programarilliure\/wp-content\/uploads\/sites\/11\/2018\/06\/CDBurner-150x150.png 150w, https:\/\/www.ub.edu\/informaticapersonalINT\/programarilliure\/wp-content\/uploads\/sites\/11\/2018\/06\/CDBurner-300x300.png 300w, https:\/\/www.ub.edu\/informaticapersonalINT\/programarilliure\/wp-content\/uploads\/sites\/11\/2018\/06\/CDBurner-400x400.png 400w, https:\/\/www.ub.edu\/informaticapersonalINT\/programarilliure\/wp-content\/uploads\/sites\/11\/2018\/06\/CDBurner-250x250.png 250w, https:\/\/www.ub.edu\/informaticapersonalINT\/programarilliure\/wp-content\/uploads\/sites\/11\/2018\/06\/CDBurner.png 512w\" sizes=\"(max-width: 150px) 100vw, 150px\" \/><\/a><div class=\"lcp_excerpt\"><p style=\"margin-top: 5px;\">Aplicaci\u00f3 per a crear discs \u00f2ptics. Algunes caracter\u00edstiques son: grava qualsevol tipus de disc, discs CD d&#8217;audio amb\/sense espai entre pistes, grava i crea fitxers ISO, verifiaci\u00f3 de dades i crea discs d&#8217;arrancada.<\/p>\n<\/div><\/li><li><a href=\"https:\/\/www.ub.edu\/informaticapersonalINT\/programarilliure\/2018\/06\/25\/freac\/\">Fre:ac<\/a><a href=\"https:\/\/www.ub.edu\/informaticapersonalINT\/programarilliure\/2018\/06\/25\/freac\/\" title=\"Fre:ac\"><img loading=\"lazy\" decoding=\"async\" width=\"150\" height=\"150\" src=\"https:\/\/www.ub.edu\/informaticapersonalINT\/programarilliure\/wp-content\/uploads\/sites\/11\/2018\/06\/freac-150x150.png\" class=\"lcp_thumbnail wp-post-image\" alt=\"Fre:ac\" srcset=\"https:\/\/www.ub.edu\/informaticapersonalINT\/programarilliure\/wp-content\/uploads\/sites\/11\/2018\/06\/freac-150x150.png 150w, https:\/\/www.ub.edu\/informaticapersonalINT\/programarilliure\/wp-content\/uploads\/sites\/11\/2018\/06\/freac-300x300.png 300w, https:\/\/www.ub.edu\/informaticapersonalINT\/programarilliure\/wp-content\/uploads\/sites\/11\/2018\/06\/freac-400x400.png 400w, https:\/\/www.ub.edu\/informaticapersonalINT\/programarilliure\/wp-content\/uploads\/sites\/11\/2018\/06\/freac-250x250.png 250w, https:\/\/www.ub.edu\/informaticapersonalINT\/programarilliure\/wp-content\/uploads\/sites\/11\/2018\/06\/freac.png 512w\" sizes=\"(max-width: 150px) 100vw, 150px\" \/><\/a><div class=\"lcp_excerpt\"><p style=\"margin-top: 5px;\">Extractor d&#8217;audio de CDs i conversor d&#8217;audio en m\u00faltiples formats com MP3, Vorbis, AAC, WMA,&#8230; Tamb\u00e9 permet recodificar un arxiu audio utilitzant el mateix format per tal de disminuir la taxa de bits. <\/p>\n<\/div><\/li><li><a href=\"https:\/\/www.ub.edu\/informaticapersonalINT\/programarilliure\/2018\/06\/25\/gparted\/\">Gparted<\/a><a href=\"https:\/\/www.ub.edu\/informaticapersonalINT\/programarilliure\/2018\/06\/25\/gparted\/\" title=\"Gparted\"><img loading=\"lazy\" decoding=\"async\" width=\"150\" height=\"150\" src=\"https:\/\/www.ub.edu\/informaticapersonalINT\/programarilliure\/wp-content\/uploads\/sites\/11\/2018\/06\/gparted-1-150x150.png\" class=\"lcp_thumbnail wp-post-image\" alt=\"Gparted\" srcset=\"https:\/\/www.ub.edu\/informaticapersonalINT\/programarilliure\/wp-content\/uploads\/sites\/11\/2018\/06\/gparted-1-150x150.png 150w, https:\/\/www.ub.edu\/informaticapersonalINT\/programarilliure\/wp-content\/uploads\/sites\/11\/2018\/06\/gparted-1-300x300.png 300w, https:\/\/www.ub.edu\/informaticapersonalINT\/programarilliure\/wp-content\/uploads\/sites\/11\/2018\/06\/gparted-1-400x400.png 400w, https:\/\/www.ub.edu\/informaticapersonalINT\/programarilliure\/wp-content\/uploads\/sites\/11\/2018\/06\/gparted-1-250x250.png 250w, https:\/\/www.ub.edu\/informaticapersonalINT\/programarilliure\/wp-content\/uploads\/sites\/11\/2018\/06\/gparted-1.png 512w\" sizes=\"(max-width: 150px) 100vw, 150px\" \/><\/a><div class=\"lcp_excerpt\"><p style=\"margin-top: 5px;\">Editor de particions que s&#8217;utilitza per crear, esborrar, canviar de mida, moure, comprovar i copiar particions. \u00c9s \u00fatil per crear espais per a nous sistemes operatius, reorganitzar el disc i copiar dades que resideixen en discs durs.<\/p>\n<\/div><\/li><li><a href=\"https:\/\/www.ub.edu\/informaticapersonalINT\/programarilliure\/2018\/06\/25\/rainmeter\/\">Rainmeter<\/a><a href=\"https:\/\/www.ub.edu\/informaticapersonalINT\/programarilliure\/2018\/06\/25\/rainmeter\/\" title=\"Rainmeter\"><img loading=\"lazy\" decoding=\"async\" width=\"150\" height=\"150\" src=\"https:\/\/www.ub.edu\/informaticapersonalINT\/programarilliure\/wp-content\/uploads\/sites\/11\/2018\/06\/rainmeter-150x150.png\" class=\"lcp_thumbnail wp-post-image\" alt=\"Rainmeter\" srcset=\"https:\/\/www.ub.edu\/informaticapersonalINT\/programarilliure\/wp-content\/uploads\/sites\/11\/2018\/06\/rainmeter-150x150.png 150w, https:\/\/www.ub.edu\/informaticapersonalINT\/programarilliure\/wp-content\/uploads\/sites\/11\/2018\/06\/rainmeter-300x300.png 300w, https:\/\/www.ub.edu\/informaticapersonalINT\/programarilliure\/wp-content\/uploads\/sites\/11\/2018\/06\/rainmeter-400x400.png 400w, https:\/\/www.ub.edu\/informaticapersonalINT\/programarilliure\/wp-content\/uploads\/sites\/11\/2018\/06\/rainmeter-250x250.png 250w, https:\/\/www.ub.edu\/informaticapersonalINT\/programarilliure\/wp-content\/uploads\/sites\/11\/2018\/06\/rainmeter.png 512w\" sizes=\"(max-width: 150px) 100vw, 150px\" \/><\/a><div class=\"lcp_excerpt\"><p style=\"margin-top: 5px;\">Entorn d&#8217;escriptori i eines de personalitzaci\u00f3. Els gadgets s\u00f3n programes que s&#8217;executen a l&#8217;escriptori i permeten informaci\u00f3 a temps reals sobre l&#8217;estat del sistema, o controlar des de l&#8217;escriptori el reproductor de m\u00fasica, el correu i l&#8217;agenda.<\/p>\n<\/div><\/li><li><a href=\"https:\/\/www.ub.edu\/informaticapersonalINT\/programarilliure\/2018\/06\/25\/virtualbox\/\">VirtualBox<\/a><a href=\"https:\/\/www.ub.edu\/informaticapersonalINT\/programarilliure\/2018\/06\/25\/virtualbox\/\" title=\"VirtualBox\"><img loading=\"lazy\" decoding=\"async\" width=\"150\" height=\"150\" src=\"https:\/\/www.ub.edu\/informaticapersonalINT\/programarilliure\/wp-content\/uploads\/sites\/11\/2018\/06\/virtualbox-150x150.png\" class=\"lcp_thumbnail wp-post-image\" alt=\"VirtualBox\" srcset=\"https:\/\/www.ub.edu\/informaticapersonalINT\/programarilliure\/wp-content\/uploads\/sites\/11\/2018\/06\/virtualbox-150x150.png 150w, https:\/\/www.ub.edu\/informaticapersonalINT\/programarilliure\/wp-content\/uploads\/sites\/11\/2018\/06\/virtualbox-300x300.png 300w, https:\/\/www.ub.edu\/informaticapersonalINT\/programarilliure\/wp-content\/uploads\/sites\/11\/2018\/06\/virtualbox-400x400.png 400w, https:\/\/www.ub.edu\/informaticapersonalINT\/programarilliure\/wp-content\/uploads\/sites\/11\/2018\/06\/virtualbox-250x250.png 250w, https:\/\/www.ub.edu\/informaticapersonalINT\/programarilliure\/wp-content\/uploads\/sites\/11\/2018\/06\/virtualbox.png 512w\" sizes=\"(max-width: 150px) 100vw, 150px\" \/><\/a><div class=\"lcp_excerpt\"><p style=\"margin-top: 5px;\">Hipervisor per ordinadors x86\/AMD64. Per mitj\u00e0 d&#8217;aquesta aplicaci\u00f3 \u00e9s possible instal\u00b7lar sistemes operatius addicionals dins d&#8217;un altre sistema amfitri\u00f3, cadascun amb el seu propi ambient virtual. <\/p>\n<\/div><\/li><\/ul>\n<\/div><\/div>\n","protected":false},"excerpt":{"rendered":"","protected":false},"author":1,"featured_media":0,"parent":0,"menu_order":0,"comment_status":"closed","ping_status":"closed","template":"","meta":{"footnotes":""},"_links":{"self":[{"href":"https:\/\/www.ub.edu\/informaticapersonalINT\/programarilliure\/wp-json\/wp\/v2\/pages\/22"}],"collection":[{"href":"https:\/\/www.ub.edu\/informaticapersonalINT\/programarilliure\/wp-json\/wp\/v2\/pages"}],"about":[{"href":"https:\/\/www.ub.edu\/informaticapersonalINT\/programarilliure\/wp-json\/wp\/v2\/types\/page"}],"author":[{"embeddable":true,"href":"https:\/\/www.ub.edu\/informaticapersonalINT\/programarilliure\/wp-json\/wp\/v2\/users\/1"}],"replies":[{"embeddable":true,"href":"https:\/\/www.ub.edu\/informaticapersonalINT\/programarilliure\/wp-json\/wp\/v2\/comments?post=22"}],"version-history":[{"count":16,"href":"https:\/\/www.ub.edu\/informaticapersonalINT\/programarilliure\/wp-json\/wp\/v2\/pages\/22\/revisions"}],"predecessor-version":[{"id":899,"href":"https:\/\/www.ub.edu\/informaticapersonalINT\/programarilliure\/wp-json\/wp\/v2\/pages\/22\/revisions\/899"}],"wp:attachment":[{"href":"https:\/\/www.ub.edu\/informaticapersonalINT\/programarilliure\/wp-json\/wp\/v2\/media?parent=22"}],"curies":[{"name":"wp","href":"https:\/\/api.w.org\/{rel}","templated":true}]}}