{"id":24,"date":"2018-05-25T11:37:20","date_gmt":"2018-05-25T11:37:20","guid":{"rendered":"http:\/\/www.ub.edu\/informaticapersonalINT\/programarilliure\/?page_id=24"},"modified":"2018-07-30T12:05:15","modified_gmt":"2018-07-30T12:05:15","slug":"xarxa-i-internet","status":"publish","type":"page","link":"https:\/\/www.ub.edu\/informaticapersonalINT\/programarilliure\/xarxa-i-internet\/","title":{"rendered":"Xarxa i comunicaci\u00f3"},"content":{"rendered":"<div class=\"responsive-tabs\">\n<h2 class=\"tabtitle\">Navegadors<\/h2>\n<div class=\"tabcontent\">\n\n<ul class=\"lcp_catlist\" id=\"lcp_instance_0\"><li><a href=\"https:\/\/www.ub.edu\/informaticapersonalINT\/programarilliure\/2018\/07\/02\/firefox-2\/\">Firefox<\/a><a href=\"https:\/\/www.ub.edu\/informaticapersonalINT\/programarilliure\/2018\/07\/02\/firefox-2\/\" title=\"Firefox\"><img loading=\"lazy\" decoding=\"async\" width=\"150\" height=\"150\" src=\"https:\/\/www.ub.edu\/informaticapersonalINT\/programarilliure\/wp-content\/uploads\/sites\/11\/2018\/06\/firefox-150x150.png\" class=\"lcp_thumbnail wp-post-image\" alt=\"Firefox\" srcset=\"https:\/\/www.ub.edu\/informaticapersonalINT\/programarilliure\/wp-content\/uploads\/sites\/11\/2018\/06\/firefox-150x150.png 150w, https:\/\/www.ub.edu\/informaticapersonalINT\/programarilliure\/wp-content\/uploads\/sites\/11\/2018\/06\/firefox-300x300.png 300w, https:\/\/www.ub.edu\/informaticapersonalINT\/programarilliure\/wp-content\/uploads\/sites\/11\/2018\/06\/firefox-400x400.png 400w, https:\/\/www.ub.edu\/informaticapersonalINT\/programarilliure\/wp-content\/uploads\/sites\/11\/2018\/06\/firefox-250x250.png 250w, https:\/\/www.ub.edu\/informaticapersonalINT\/programarilliure\/wp-content\/uploads\/sites\/11\/2018\/06\/firefox.png 512w\" sizes=\"(max-width: 150px) 100vw, 150px\" \/><\/a><div class=\"lcp_excerpt\"><p style=\"margin-top: 5px;\">Les caracter\u00edstiques principals del Firefox s\u00f3n la rapidesa i la facilitat d&#8217;instal\u00b7laci\u00f3 i d&#8217;utilitzaci\u00f3.<\/p>\n<\/div><\/li><li><a href=\"https:\/\/www.ub.edu\/informaticapersonalINT\/programarilliure\/2018\/07\/02\/opera\/\">Opera<\/a><a href=\"https:\/\/www.ub.edu\/informaticapersonalINT\/programarilliure\/2018\/07\/02\/opera\/\" title=\"Opera\"><img loading=\"lazy\" decoding=\"async\" width=\"150\" height=\"150\" src=\"https:\/\/www.ub.edu\/informaticapersonalINT\/programarilliure\/wp-content\/uploads\/sites\/11\/2018\/06\/Opera_2015_icon.svg_-150x150.png\" class=\"lcp_thumbnail wp-post-image\" alt=\"Opera\" srcset=\"https:\/\/www.ub.edu\/informaticapersonalINT\/programarilliure\/wp-content\/uploads\/sites\/11\/2018\/06\/Opera_2015_icon.svg_-150x150.png 150w, https:\/\/www.ub.edu\/informaticapersonalINT\/programarilliure\/wp-content\/uploads\/sites\/11\/2018\/06\/Opera_2015_icon.svg_-300x300.png 300w, https:\/\/www.ub.edu\/informaticapersonalINT\/programarilliure\/wp-content\/uploads\/sites\/11\/2018\/06\/Opera_2015_icon.svg_-400x400.png 400w, https:\/\/www.ub.edu\/informaticapersonalINT\/programarilliure\/wp-content\/uploads\/sites\/11\/2018\/06\/Opera_2015_icon.svg_-250x250.png 250w, https:\/\/www.ub.edu\/informaticapersonalINT\/programarilliure\/wp-content\/uploads\/sites\/11\/2018\/06\/Opera_2015_icon.svg_.png 512w\" sizes=\"(max-width: 150px) 100vw, 150px\" \/><\/a><div class=\"lcp_excerpt\"><p style=\"margin-top: 5 px;\">Navegador web amb una p\u00e0gina d&#8217;inici personalitzable (Speed Dial) on es pot marcar els llocs d&#8217;inter\u00e8s i col\u00b7locar-los en miniatures.<\/p>\n<\/div><\/li><\/ul>\n\n<\/div><h2 class=\"tabtitle\">Comunicaci\u00f3<\/h2>\n<div class=\"tabcontent\">\n\n<ul class=\"lcp_catlist\" id=\"lcp_instance_0\"><li><a href=\"https:\/\/www.ub.edu\/informaticapersonalINT\/programarilliure\/2018\/06\/20\/ekiga\/\">Ekiga<\/a><a href=\"https:\/\/www.ub.edu\/informaticapersonalINT\/programarilliure\/2018\/06\/20\/ekiga\/\" title=\"Ekiga\"><img loading=\"lazy\" decoding=\"async\" width=\"150\" height=\"150\" src=\"https:\/\/www.ub.edu\/informaticapersonalINT\/programarilliure\/wp-content\/uploads\/sites\/11\/2018\/06\/WhatsApp-Image-2018-06-18-at-12.35.50-150x150.jpeg\" class=\"lcp_thumbnail wp-post-image\" alt=\"Ekiga\" srcset=\"https:\/\/www.ub.edu\/informaticapersonalINT\/programarilliure\/wp-content\/uploads\/sites\/11\/2018\/06\/WhatsApp-Image-2018-06-18-at-12.35.50-150x150.jpeg 150w, https:\/\/www.ub.edu\/informaticapersonalINT\/programarilliure\/wp-content\/uploads\/sites\/11\/2018\/06\/WhatsApp-Image-2018-06-18-at-12.35.50-300x300.jpeg 300w, https:\/\/www.ub.edu\/informaticapersonalINT\/programarilliure\/wp-content\/uploads\/sites\/11\/2018\/06\/WhatsApp-Image-2018-06-18-at-12.35.50-400x400.jpeg 400w, https:\/\/www.ub.edu\/informaticapersonalINT\/programarilliure\/wp-content\/uploads\/sites\/11\/2018\/06\/WhatsApp-Image-2018-06-18-at-12.35.50-250x250.jpeg 250w, https:\/\/www.ub.edu\/informaticapersonalINT\/programarilliure\/wp-content\/uploads\/sites\/11\/2018\/06\/WhatsApp-Image-2018-06-18-at-12.35.50.jpeg 512w\" sizes=\"(max-width: 150px) 100vw, 150px\" \/><\/a><div class=\"lcp_excerpt\"><p style=\"margin-top: 5 px;\">Utilitza <span class=\"text_base_enll\">VoIP<\/span> per trucades gratu\u00eftes entre ordinadors i a baix cost entre pc&#8217;s i la xarxa telef\u00f2nica.<\/p>\n<\/div><\/li><li><a href=\"https:\/\/www.ub.edu\/informaticapersonalINT\/programarilliure\/2018\/06\/20\/jitsi\/\">Jitsi<\/a><a href=\"https:\/\/www.ub.edu\/informaticapersonalINT\/programarilliure\/2018\/06\/20\/jitsi\/\" title=\"Jitsi\"><img loading=\"lazy\" decoding=\"async\" width=\"150\" height=\"150\" src=\"https:\/\/www.ub.edu\/informaticapersonalINT\/programarilliure\/wp-content\/uploads\/sites\/11\/2018\/06\/WhatsApp-Image-2018-06-18-at-12.35.47-1-150x150.jpeg\" class=\"lcp_thumbnail wp-post-image\" alt=\"Jitsi\" srcset=\"https:\/\/www.ub.edu\/informaticapersonalINT\/programarilliure\/wp-content\/uploads\/sites\/11\/2018\/06\/WhatsApp-Image-2018-06-18-at-12.35.47-1-150x150.jpeg 150w, https:\/\/www.ub.edu\/informaticapersonalINT\/programarilliure\/wp-content\/uploads\/sites\/11\/2018\/06\/WhatsApp-Image-2018-06-18-at-12.35.47-1-300x300.jpeg 300w, https:\/\/www.ub.edu\/informaticapersonalINT\/programarilliure\/wp-content\/uploads\/sites\/11\/2018\/06\/WhatsApp-Image-2018-06-18-at-12.35.47-1-400x400.jpeg 400w, https:\/\/www.ub.edu\/informaticapersonalINT\/programarilliure\/wp-content\/uploads\/sites\/11\/2018\/06\/WhatsApp-Image-2018-06-18-at-12.35.47-1-250x250.jpeg 250w, https:\/\/www.ub.edu\/informaticapersonalINT\/programarilliure\/wp-content\/uploads\/sites\/11\/2018\/06\/WhatsApp-Image-2018-06-18-at-12.35.47-1.jpeg 512w\" sizes=\"(max-width: 150px) 100vw, 150px\" \/><\/a><div class=\"lcp_excerpt\"><p style=\"margin-top: 5px;\">\u00c9s compatible amb diversos protocols populars de missatgeria instant\u00e0nia i de telefonia. Permet la gravaci\u00f3 de trucades, les trucades de confer\u00e8ncia i el streaming d&#8217;escriptori.<\/p>\n<\/div><\/li><li><a href=\"https:\/\/www.ub.edu\/informaticapersonalINT\/programarilliure\/2018\/06\/19\/pidgin\/\">Pidgin<\/a><a href=\"https:\/\/www.ub.edu\/informaticapersonalINT\/programarilliure\/2018\/06\/19\/pidgin\/\" title=\"Pidgin\"><img loading=\"lazy\" decoding=\"async\" width=\"150\" height=\"150\" src=\"https:\/\/www.ub.edu\/informaticapersonalINT\/programarilliure\/wp-content\/uploads\/sites\/11\/2018\/06\/pidgin-150x150.png\" class=\"lcp_thumbnail wp-post-image\" alt=\"Pidgin\" srcset=\"https:\/\/www.ub.edu\/informaticapersonalINT\/programarilliure\/wp-content\/uploads\/sites\/11\/2018\/06\/pidgin-150x150.png 150w, https:\/\/www.ub.edu\/informaticapersonalINT\/programarilliure\/wp-content\/uploads\/sites\/11\/2018\/06\/pidgin-300x300.png 300w, https:\/\/www.ub.edu\/informaticapersonalINT\/programarilliure\/wp-content\/uploads\/sites\/11\/2018\/06\/pidgin-400x400.png 400w, https:\/\/www.ub.edu\/informaticapersonalINT\/programarilliure\/wp-content\/uploads\/sites\/11\/2018\/06\/pidgin-250x250.png 250w, https:\/\/www.ub.edu\/informaticapersonalINT\/programarilliure\/wp-content\/uploads\/sites\/11\/2018\/06\/pidgin.png 512w\" sizes=\"(max-width: 150px) 100vw, 150px\" \/><\/a><div class=\"lcp_excerpt\"><p style=\"margin-top: 5 px\">El Pidgin \u00e9s un client de missatgeria instant\u00e0nia que permet comunicar-vos amb els vostres amics en temps real.<\/p>\n<\/div><\/li><li><a href=\"https:\/\/www.ub.edu\/informaticapersonalINT\/programarilliure\/2018\/06\/19\/thunderbird\/\">Thunderbird<\/a><a href=\"https:\/\/www.ub.edu\/informaticapersonalINT\/programarilliure\/2018\/06\/19\/thunderbird\/\" title=\"Thunderbird\"><img loading=\"lazy\" decoding=\"async\" width=\"150\" height=\"150\" src=\"https:\/\/www.ub.edu\/informaticapersonalINT\/programarilliure\/wp-content\/uploads\/sites\/11\/2018\/06\/thunderbird-150x150.png\" class=\"lcp_thumbnail wp-post-image\" alt=\"Thunderbird\" srcset=\"https:\/\/www.ub.edu\/informaticapersonalINT\/programarilliure\/wp-content\/uploads\/sites\/11\/2018\/06\/thunderbird-150x150.png 150w, https:\/\/www.ub.edu\/informaticapersonalINT\/programarilliure\/wp-content\/uploads\/sites\/11\/2018\/06\/thunderbird-300x300.png 300w, https:\/\/www.ub.edu\/informaticapersonalINT\/programarilliure\/wp-content\/uploads\/sites\/11\/2018\/06\/thunderbird-400x400.png 400w, https:\/\/www.ub.edu\/informaticapersonalINT\/programarilliure\/wp-content\/uploads\/sites\/11\/2018\/06\/thunderbird-250x250.png 250w, https:\/\/www.ub.edu\/informaticapersonalINT\/programarilliure\/wp-content\/uploads\/sites\/11\/2018\/06\/thunderbird.png 512w\" sizes=\"(max-width: 150px) 100vw, 150px\" \/><\/a><div class=\"lcp_excerpt\"><p style=\"margin-top: 5px\">El programa t\u00e9 gran quantitat d\u2019opcions de personalitzaci\u00f3 i incorpora les caracter\u00edstiques m\u00e9s \u00fatils que pot necessitar un client de correu avui en dia:<\/p>\n<\/div><\/li><\/ul>\n<\/div><\/div>\n","protected":false},"excerpt":{"rendered":"","protected":false},"author":1,"featured_media":0,"parent":0,"menu_order":0,"comment_status":"closed","ping_status":"closed","template":"","meta":{"footnotes":""},"_links":{"self":[{"href":"https:\/\/www.ub.edu\/informaticapersonalINT\/programarilliure\/wp-json\/wp\/v2\/pages\/24"}],"collection":[{"href":"https:\/\/www.ub.edu\/informaticapersonalINT\/programarilliure\/wp-json\/wp\/v2\/pages"}],"about":[{"href":"https:\/\/www.ub.edu\/informaticapersonalINT\/programarilliure\/wp-json\/wp\/v2\/types\/page"}],"author":[{"embeddable":true,"href":"https:\/\/www.ub.edu\/informaticapersonalINT\/programarilliure\/wp-json\/wp\/v2\/users\/1"}],"replies":[{"embeddable":true,"href":"https:\/\/www.ub.edu\/informaticapersonalINT\/programarilliure\/wp-json\/wp\/v2\/comments?post=24"}],"version-history":[{"count":14,"href":"https:\/\/www.ub.edu\/informaticapersonalINT\/programarilliure\/wp-json\/wp\/v2\/pages\/24\/revisions"}],"predecessor-version":[{"id":900,"href":"https:\/\/www.ub.edu\/informaticapersonalINT\/programarilliure\/wp-json\/wp\/v2\/pages\/24\/revisions\/900"}],"wp:attachment":[{"href":"https:\/\/www.ub.edu\/informaticapersonalINT\/programarilliure\/wp-json\/wp\/v2\/media?parent=24"}],"curies":[{"name":"wp","href":"https:\/\/api.w.org\/{rel}","templated":true}]}}