{"id":27,"date":"2018-05-25T11:44:10","date_gmt":"2018-05-25T11:44:10","guid":{"rendered":"http:\/\/www.ub.edu\/informaticapersonalINT\/programarilliure\/?page_id=27"},"modified":"2018-11-21T11:15:03","modified_gmt":"2018-11-21T11:15:03","slug":"entorns-grafics","status":"publish","type":"page","link":"https:\/\/www.ub.edu\/informaticapersonalINT\/programarilliure\/entorns-grafics\/","title":{"rendered":"Multim\u00e8dia"},"content":{"rendered":"<div class=\"responsive-tabs\">\n<h2 class=\"tabtitle\">Edici\u00f3 gr\u00e0fica i fotogr\u00e0fica<\/h2>\n<div class=\"tabcontent\">\n\n<ul class=\"lcp_catlist\" id=\"lcp_instance_0\"><li><a href=\"https:\/\/www.ub.edu\/informaticapersonalINT\/programarilliure\/2018\/06\/07\/blender\/\">Blender<\/a><a href=\"https:\/\/www.ub.edu\/informaticapersonalINT\/programarilliure\/2018\/06\/07\/blender\/\" title=\"Blender\"><img loading=\"lazy\" decoding=\"async\" width=\"150\" height=\"150\" src=\"https:\/\/www.ub.edu\/informaticapersonalINT\/programarilliure\/wp-content\/uploads\/sites\/11\/2018\/06\/blender-150x150.png\" class=\"lcp_thumbnail wp-post-image\" alt=\"Blender\" srcset=\"https:\/\/www.ub.edu\/informaticapersonalINT\/programarilliure\/wp-content\/uploads\/sites\/11\/2018\/06\/blender-150x150.png 150w, https:\/\/www.ub.edu\/informaticapersonalINT\/programarilliure\/wp-content\/uploads\/sites\/11\/2018\/06\/blender-300x300.png 300w, https:\/\/www.ub.edu\/informaticapersonalINT\/programarilliure\/wp-content\/uploads\/sites\/11\/2018\/06\/blender-400x400.png 400w, https:\/\/www.ub.edu\/informaticapersonalINT\/programarilliure\/wp-content\/uploads\/sites\/11\/2018\/06\/blender-250x250.png 250w, https:\/\/www.ub.edu\/informaticapersonalINT\/programarilliure\/wp-content\/uploads\/sites\/11\/2018\/06\/blender.png 512w\" sizes=\"(max-width: 150px) 100vw, 150px\" \/><\/a><div class=\"lcp_excerpt\"><p style=\"margin-top: 5px\">Dedicat especialment per al modelatge, il\u00b7luminaci\u00f3, animaci\u00f3 i creaci\u00f3 de gr\u00e0fics tridimensionals. Tamb\u00e9 de composici\u00f3 digital utilitzant la t\u00e8cnica d&#8217;edici\u00f3 de v\u00eddeo, escultura (inclou topologia din\u00e0mica) i pintura digital.<\/p>\n<\/div><\/li><li><a href=\"https:\/\/www.ub.edu\/informaticapersonalINT\/programarilliure\/2018\/06\/04\/darktable\/\">Darktable<\/a><a href=\"https:\/\/www.ub.edu\/informaticapersonalINT\/programarilliure\/2018\/06\/04\/darktable\/\" title=\"Darktable\"><img loading=\"lazy\" decoding=\"async\" width=\"150\" height=\"150\" src=\"https:\/\/www.ub.edu\/informaticapersonalINT\/programarilliure\/wp-content\/uploads\/sites\/11\/2018\/06\/darktable-150x150.png\" class=\"lcp_thumbnail wp-post-image\" alt=\"Darktable\" srcset=\"https:\/\/www.ub.edu\/informaticapersonalINT\/programarilliure\/wp-content\/uploads\/sites\/11\/2018\/06\/darktable-150x150.png 150w, https:\/\/www.ub.edu\/informaticapersonalINT\/programarilliure\/wp-content\/uploads\/sites\/11\/2018\/06\/darktable-300x300.png 300w, https:\/\/www.ub.edu\/informaticapersonalINT\/programarilliure\/wp-content\/uploads\/sites\/11\/2018\/06\/darktable-400x400.png 400w, https:\/\/www.ub.edu\/informaticapersonalINT\/programarilliure\/wp-content\/uploads\/sites\/11\/2018\/06\/darktable-250x250.png 250w, https:\/\/www.ub.edu\/informaticapersonalINT\/programarilliure\/wp-content\/uploads\/sites\/11\/2018\/06\/darktable.png 512w\" sizes=\"(max-width: 150px) 100vw, 150px\" \/><\/a><div class=\"lcp_excerpt\"><p style=\"margin-top: 5px\">\u00c9s un programa de processament fotogr\u00e0fic en format raw  de codi obert. Treballa amb un conjunt d&#8217;eines espec\u00edficament enfocades al processament i postproducci\u00f3 d&#8217;imatges raw no destructiu. <\/p>\n<\/div><\/li><li><a href=\"https:\/\/www.ub.edu\/informaticapersonalINT\/programarilliure\/2018\/06\/06\/digikam\/\">Digikam<\/a><a href=\"https:\/\/www.ub.edu\/informaticapersonalINT\/programarilliure\/2018\/06\/06\/digikam\/\" title=\"Digikam\"><img loading=\"lazy\" decoding=\"async\" width=\"150\" height=\"150\" src=\"https:\/\/www.ub.edu\/informaticapersonalINT\/programarilliure\/wp-content\/uploads\/sites\/11\/2018\/06\/digikam-150x150.png\" class=\"lcp_thumbnail wp-post-image\" alt=\"Digikam\" srcset=\"https:\/\/www.ub.edu\/informaticapersonalINT\/programarilliure\/wp-content\/uploads\/sites\/11\/2018\/06\/digikam-150x150.png 150w, https:\/\/www.ub.edu\/informaticapersonalINT\/programarilliure\/wp-content\/uploads\/sites\/11\/2018\/06\/digikam-300x300.png 300w, https:\/\/www.ub.edu\/informaticapersonalINT\/programarilliure\/wp-content\/uploads\/sites\/11\/2018\/06\/digikam-400x400.png 400w, https:\/\/www.ub.edu\/informaticapersonalINT\/programarilliure\/wp-content\/uploads\/sites\/11\/2018\/06\/digikam-250x250.png 250w, https:\/\/www.ub.edu\/informaticapersonalINT\/programarilliure\/wp-content\/uploads\/sites\/11\/2018\/06\/digikam.png 512w\" sizes=\"(max-width: 150px) 100vw, 150px\" \/><\/a><div class=\"lcp_excerpt\"><p style=\"margin-top: 5px\">Aquest programa \u00e9s capa\u00e7 d&#8217;organitzar col\u00b7leccions d&#8217;imatges en carpetes segons dates o mitjan\u00e7ant etiquetes. Tamb\u00e9 permet realitzar edicions simples de les fotos fent us del Kipi <\/p>\n<\/div><\/li><li><a href=\"https:\/\/www.ub.edu\/informaticapersonalINT\/programarilliure\/2018\/06\/06\/gimp\/\">GIMP<\/a><a href=\"https:\/\/www.ub.edu\/informaticapersonalINT\/programarilliure\/2018\/06\/06\/gimp\/\" title=\"GIMP\"><img loading=\"lazy\" decoding=\"async\" width=\"150\" height=\"150\" src=\"https:\/\/www.ub.edu\/informaticapersonalINT\/programarilliure\/wp-content\/uploads\/sites\/11\/2018\/06\/gimp-150x150.png\" class=\"lcp_thumbnail wp-post-image\" alt=\"GIMP\" srcset=\"https:\/\/www.ub.edu\/informaticapersonalINT\/programarilliure\/wp-content\/uploads\/sites\/11\/2018\/06\/gimp-150x150.png 150w, https:\/\/www.ub.edu\/informaticapersonalINT\/programarilliure\/wp-content\/uploads\/sites\/11\/2018\/06\/gimp-300x300.png 300w, https:\/\/www.ub.edu\/informaticapersonalINT\/programarilliure\/wp-content\/uploads\/sites\/11\/2018\/06\/gimp-400x400.png 400w, https:\/\/www.ub.edu\/informaticapersonalINT\/programarilliure\/wp-content\/uploads\/sites\/11\/2018\/06\/gimp-250x250.png 250w, https:\/\/www.ub.edu\/informaticapersonalINT\/programarilliure\/wp-content\/uploads\/sites\/11\/2018\/06\/gimp.png 512w\" sizes=\"(max-width: 150px) 100vw, 150px\" \/><\/a><div class=\"lcp_excerpt\"><p style=\"margin-top: 5px\">GIMP \u00e9s el programa de manipulaci\u00f3 d&#8217;imatges del GNU (GNU Image Manipulation Program), de dibuix i de disseny massiu d&#8217;imatges. \u00c9s molt \u00fatil per a treballs d&#8217;edici\u00f3 fotogr\u00e0fica, composici\u00f3 i publicaci\u00f3 de imatges.<\/p>\n<\/div><\/li><li><a href=\"https:\/\/www.ub.edu\/informaticapersonalINT\/programarilliure\/2018\/06\/06\/inkscape\/\">Inkscape<\/a><a href=\"https:\/\/www.ub.edu\/informaticapersonalINT\/programarilliure\/2018\/06\/06\/inkscape\/\" title=\"Inkscape\"><img loading=\"lazy\" decoding=\"async\" width=\"150\" height=\"150\" src=\"https:\/\/www.ub.edu\/informaticapersonalINT\/programarilliure\/wp-content\/uploads\/sites\/11\/2018\/06\/inkscape-150x150.png\" class=\"lcp_thumbnail wp-post-image\" alt=\"Inkscape\" srcset=\"https:\/\/www.ub.edu\/informaticapersonalINT\/programarilliure\/wp-content\/uploads\/sites\/11\/2018\/06\/inkscape-150x150.png 150w, https:\/\/www.ub.edu\/informaticapersonalINT\/programarilliure\/wp-content\/uploads\/sites\/11\/2018\/06\/inkscape-300x300.png 300w, https:\/\/www.ub.edu\/informaticapersonalINT\/programarilliure\/wp-content\/uploads\/sites\/11\/2018\/06\/inkscape-400x400.png 400w, https:\/\/www.ub.edu\/informaticapersonalINT\/programarilliure\/wp-content\/uploads\/sites\/11\/2018\/06\/inkscape-250x250.png 250w, https:\/\/www.ub.edu\/informaticapersonalINT\/programarilliure\/wp-content\/uploads\/sites\/11\/2018\/06\/inkscape.png 512w\" sizes=\"(max-width: 150px) 100vw, 150px\" \/><\/a><div class=\"lcp_excerpt\"><p style=\"margin-top: 5px\">Eina lliure de dibuix amb capacitats semblants a Illustrator, Freehand i CorelDraw que fa servir el format est\u00e0ndard W\u00b7C sobre gr\u00e0fics vectorials escalables (SVG). <\/p>\n<\/div><\/li><\/ul>\n\n<\/div><h2 class=\"tabtitle\">Paquets combinats<\/h2>\n<div class=\"tabcontent\">\n\n<ul class=\"lcp_catlist\" id=\"lcp_instance_0\"><li><a href=\"https:\/\/www.ub.edu\/informaticapersonalINT\/programarilliure\/2018\/06\/29\/myopenlab\/\">MyOpenLab<\/a><a href=\"https:\/\/www.ub.edu\/informaticapersonalINT\/programarilliure\/2018\/06\/29\/myopenlab\/\" title=\"MyOpenLab\"><img loading=\"lazy\" decoding=\"async\" width=\"150\" height=\"150\" src=\"https:\/\/www.ub.edu\/informaticapersonalINT\/programarilliure\/wp-content\/uploads\/sites\/11\/2018\/06\/myopenlab-150x150.png\" class=\"lcp_thumbnail wp-post-image\" alt=\"MyOpenLab\" srcset=\"https:\/\/www.ub.edu\/informaticapersonalINT\/programarilliure\/wp-content\/uploads\/sites\/11\/2018\/06\/myopenlab-150x150.png 150w, https:\/\/www.ub.edu\/informaticapersonalINT\/programarilliure\/wp-content\/uploads\/sites\/11\/2018\/06\/myopenlab-300x300.png 300w, https:\/\/www.ub.edu\/informaticapersonalINT\/programarilliure\/wp-content\/uploads\/sites\/11\/2018\/06\/myopenlab-400x400.png 400w, https:\/\/www.ub.edu\/informaticapersonalINT\/programarilliure\/wp-content\/uploads\/sites\/11\/2018\/06\/myopenlab-250x250.png 250w, https:\/\/www.ub.edu\/informaticapersonalINT\/programarilliure\/wp-content\/uploads\/sites\/11\/2018\/06\/myopenlab.png 512w\" sizes=\"(max-width: 150px) 100vw, 150px\" \/><\/a><div class=\"lcp_excerpt\"><p style=\"margin-top: 5px;\">Software per programaci\u00f3 gr\u00e0fica basada en Java. Cada element t\u00e9 una funci\u00f3 espec\u00edfica i unes propietats configurables per l&#8217;usuari.<\/p>\n<\/div><\/li><li><a href=\"https:\/\/www.ub.edu\/informaticapersonalINT\/programarilliure\/2018\/06\/27\/psdetch\/\">PSDETCH<\/a><a href=\"https:\/\/www.ub.edu\/informaticapersonalINT\/programarilliure\/2018\/06\/27\/psdetch\/\" title=\"PSDETCH\"><img loading=\"lazy\" decoding=\"async\" width=\"150\" height=\"150\" src=\"https:\/\/www.ub.edu\/informaticapersonalINT\/programarilliure\/wp-content\/uploads\/sites\/11\/2018\/06\/psdetch-150x150.png\" class=\"lcp_thumbnail wp-post-image\" alt=\"PSDETCH\" srcset=\"https:\/\/www.ub.edu\/informaticapersonalINT\/programarilliure\/wp-content\/uploads\/sites\/11\/2018\/06\/psdetch-150x150.png 150w, https:\/\/www.ub.edu\/informaticapersonalINT\/programarilliure\/wp-content\/uploads\/sites\/11\/2018\/06\/psdetch-300x300.png 300w, https:\/\/www.ub.edu\/informaticapersonalINT\/programarilliure\/wp-content\/uploads\/sites\/11\/2018\/06\/psdetch-400x400.png 400w, https:\/\/www.ub.edu\/informaticapersonalINT\/programarilliure\/wp-content\/uploads\/sites\/11\/2018\/06\/psdetch-250x250.png 250w, https:\/\/www.ub.edu\/informaticapersonalINT\/programarilliure\/wp-content\/uploads\/sites\/11\/2018\/06\/psdetch.png 512w\" sizes=\"(max-width: 150px) 100vw, 150px\" \/><\/a><div class=\"lcp_excerpt\"><p style=\"margin-top: 5px;\">Eina que permet treballar en l\u00ednia i sense connexi\u00f3. Permet editar i crear molts tipus de fitxers (Adobe Photoscan, fitxers d&#8217;imatge, PDF, apps,&#8230;). <\/p>\n<\/div><\/li><\/ul>\n\n<\/div><h2 class=\"tabtitle\">\u00c0udio i v\u00eddeo<\/h2>\n<div class=\"tabcontent\">\n\n<ul class=\"lcp_catlist\" id=\"lcp_instance_0\"><li><a href=\"https:\/\/www.ub.edu\/informaticapersonalINT\/programarilliure\/2018\/06\/07\/audacity\/\">Audacity<\/a><a href=\"https:\/\/www.ub.edu\/informaticapersonalINT\/programarilliure\/2018\/06\/07\/audacity\/\" title=\"Audacity\"><img loading=\"lazy\" decoding=\"async\" width=\"150\" height=\"150\" src=\"https:\/\/www.ub.edu\/informaticapersonalINT\/programarilliure\/wp-content\/uploads\/sites\/11\/2018\/06\/audacity-150x150.png\" class=\"lcp_thumbnail wp-post-image\" alt=\"Audacity\" srcset=\"https:\/\/www.ub.edu\/informaticapersonalINT\/programarilliure\/wp-content\/uploads\/sites\/11\/2018\/06\/audacity-150x150.png 150w, https:\/\/www.ub.edu\/informaticapersonalINT\/programarilliure\/wp-content\/uploads\/sites\/11\/2018\/06\/audacity-300x300.png 300w, https:\/\/www.ub.edu\/informaticapersonalINT\/programarilliure\/wp-content\/uploads\/sites\/11\/2018\/06\/audacity-400x400.png 400w, https:\/\/www.ub.edu\/informaticapersonalINT\/programarilliure\/wp-content\/uploads\/sites\/11\/2018\/06\/audacity-250x250.png 250w, https:\/\/www.ub.edu\/informaticapersonalINT\/programarilliure\/wp-content\/uploads\/sites\/11\/2018\/06\/audacity.png 512w\" sizes=\"(max-width: 150px) 100vw, 150px\" \/><\/a><div class=\"lcp_excerpt\"><p style=\"margin-top: 5px\">Editor d&#8217;\u00e0udio, entre les seves caracter\u00edstiques trobem: Enregistrament d&#8217;\u00e0udio en temps real, edici\u00f3 arxius d&#8217;\u00e0udio tipus Ogg Vorbis, MP3, WAV, AIFF, AU , LOF i WMP, conversi\u00f3 entre formats de tipus \u00e0udio entre altres.<\/p>\n<\/div><\/li><li><a href=\"https:\/\/www.ub.edu\/informaticapersonalINT\/programarilliure\/2018\/06\/15\/avidemux\/\">Avidemux<\/a><a href=\"https:\/\/www.ub.edu\/informaticapersonalINT\/programarilliure\/2018\/06\/15\/avidemux\/\" title=\"Avidemux\"><img loading=\"lazy\" decoding=\"async\" width=\"150\" height=\"150\" src=\"https:\/\/www.ub.edu\/informaticapersonalINT\/programarilliure\/wp-content\/uploads\/sites\/11\/2018\/06\/avidemux-150x150.png\" class=\"lcp_thumbnail wp-post-image\" alt=\"Avidemux\" srcset=\"https:\/\/www.ub.edu\/informaticapersonalINT\/programarilliure\/wp-content\/uploads\/sites\/11\/2018\/06\/avidemux-150x150.png 150w, https:\/\/www.ub.edu\/informaticapersonalINT\/programarilliure\/wp-content\/uploads\/sites\/11\/2018\/06\/avidemux-300x300.png 300w, https:\/\/www.ub.edu\/informaticapersonalINT\/programarilliure\/wp-content\/uploads\/sites\/11\/2018\/06\/avidemux-400x400.png 400w, https:\/\/www.ub.edu\/informaticapersonalINT\/programarilliure\/wp-content\/uploads\/sites\/11\/2018\/06\/avidemux-250x250.png 250w, https:\/\/www.ub.edu\/informaticapersonalINT\/programarilliure\/wp-content\/uploads\/sites\/11\/2018\/06\/avidemux.png 512w\" sizes=\"(max-width: 150px) 100vw, 150px\" \/><\/a><div class=\"lcp_excerpt\"><p style=\"margin-top: 5px\">Aplicaci\u00f3 lliure dissenyada per a l&#8217;edici\u00f3 i processament de v\u00eddeo amb tasques senzilles d&#8217;utilitzar. Permet l&#8217;\u00fas de molts tipus de fitxer, es poden canviar el format i c\u00f2decs d&#8217;\u00e0udio i v\u00eddeo, la qualitat, la resoluci\u00f3 i altres caracter\u00edstiques dels v\u00eddeos.<\/p>\n<\/div><\/li><li><a href=\"https:\/\/www.ub.edu\/informaticapersonalINT\/programarilliure\/2018\/06\/25\/vlc-media-player\/\">VLC Media Player<\/a><a href=\"https:\/\/www.ub.edu\/informaticapersonalINT\/programarilliure\/2018\/06\/25\/vlc-media-player\/\" title=\"VLC Media Player\"><img loading=\"lazy\" decoding=\"async\" width=\"150\" height=\"150\" src=\"https:\/\/www.ub.edu\/informaticapersonalINT\/programarilliure\/wp-content\/uploads\/sites\/11\/2018\/06\/VLCMediaPlayer-150x150.png\" class=\"lcp_thumbnail wp-post-image\" alt=\"VLC Media Player\" srcset=\"https:\/\/www.ub.edu\/informaticapersonalINT\/programarilliure\/wp-content\/uploads\/sites\/11\/2018\/06\/VLCMediaPlayer-150x150.png 150w, https:\/\/www.ub.edu\/informaticapersonalINT\/programarilliure\/wp-content\/uploads\/sites\/11\/2018\/06\/VLCMediaPlayer-300x300.png 300w, https:\/\/www.ub.edu\/informaticapersonalINT\/programarilliure\/wp-content\/uploads\/sites\/11\/2018\/06\/VLCMediaPlayer-400x400.png 400w, https:\/\/www.ub.edu\/informaticapersonalINT\/programarilliure\/wp-content\/uploads\/sites\/11\/2018\/06\/VLCMediaPlayer-250x250.png 250w, https:\/\/www.ub.edu\/informaticapersonalINT\/programarilliure\/wp-content\/uploads\/sites\/11\/2018\/06\/VLCMediaPlayer.png 512w\" sizes=\"(max-width: 150px) 100vw, 150px\" \/><\/a><div class=\"lcp_excerpt\"><p style=\"margin-top: 5px;\">Reproductor multim\u00e8dia que dona suport a molts c\u00f2decs d&#8217;audio i v\u00eddeo aix\u00ed com diferents tipus d&#8217;arxius i formats de DVD, VCD i altres protocols streaming.<\/p>\n<\/div><\/li><\/ul>\n\n<\/div><h2 class=\"tabtitle\">Modelitzaci\u00f3<\/h2>\n<div class=\"tabcontent\">\n\n<ul class=\"lcp_catlist\" id=\"lcp_instance_0\"><li><a href=\"https:\/\/www.ub.edu\/informaticapersonalINT\/programarilliure\/2018\/11\/21\/freecad\/\">FreeCAD<\/a><a href=\"https:\/\/www.ub.edu\/informaticapersonalINT\/programarilliure\/2018\/11\/21\/freecad\/\" title=\"FreeCAD\"><img loading=\"lazy\" decoding=\"async\" width=\"150\" height=\"150\" src=\"https:\/\/www.ub.edu\/informaticapersonalINT\/programarilliure\/wp-content\/uploads\/sites\/11\/2018\/11\/freecad-150x150.png\" class=\"lcp_thumbnail wp-post-image\" alt=\"FreeCAD\" srcset=\"https:\/\/www.ub.edu\/informaticapersonalINT\/programarilliure\/wp-content\/uploads\/sites\/11\/2018\/11\/freecad-150x150.png 150w, https:\/\/www.ub.edu\/informaticapersonalINT\/programarilliure\/wp-content\/uploads\/sites\/11\/2018\/11\/freecad-300x300.png 300w, https:\/\/www.ub.edu\/informaticapersonalINT\/programarilliure\/wp-content\/uploads\/sites\/11\/2018\/11\/freecad-400x400.png 400w, https:\/\/www.ub.edu\/informaticapersonalINT\/programarilliure\/wp-content\/uploads\/sites\/11\/2018\/11\/freecad-250x250.png 250w, https:\/\/www.ub.edu\/informaticapersonalINT\/programarilliure\/wp-content\/uploads\/sites\/11\/2018\/11\/freecad.png 512w\" sizes=\"(max-width: 150px) 100vw, 150px\" \/><\/a><div class=\"lcp_excerpt\"><p style=\"margin-top: 5px\">Modelador de CAD 3D param\u00e8tric orientant a l&#8217;enginyeria mec\u00e0nica, el disseny industrial i l&#8217;arquitectura.<\/p>\n<\/div><\/li><li><a href=\"https:\/\/www.ub.edu\/informaticapersonalINT\/programarilliure\/2018\/11\/21\/openscad\/\">OpenSCAD<\/a><a href=\"https:\/\/www.ub.edu\/informaticapersonalINT\/programarilliure\/2018\/11\/21\/openscad\/\" title=\"OpenSCAD\"><img loading=\"lazy\" decoding=\"async\" width=\"150\" height=\"150\" src=\"https:\/\/www.ub.edu\/informaticapersonalINT\/programarilliure\/wp-content\/uploads\/sites\/11\/2018\/11\/openscad-150x150.png\" class=\"lcp_thumbnail wp-post-image\" alt=\"OpenSCAD\" srcset=\"https:\/\/www.ub.edu\/informaticapersonalINT\/programarilliure\/wp-content\/uploads\/sites\/11\/2018\/11\/openscad-150x150.png 150w, https:\/\/www.ub.edu\/informaticapersonalINT\/programarilliure\/wp-content\/uploads\/sites\/11\/2018\/11\/openscad-300x300.png 300w, https:\/\/www.ub.edu\/informaticapersonalINT\/programarilliure\/wp-content\/uploads\/sites\/11\/2018\/11\/openscad-400x400.png 400w, https:\/\/www.ub.edu\/informaticapersonalINT\/programarilliure\/wp-content\/uploads\/sites\/11\/2018\/11\/openscad-250x250.png 250w, https:\/\/www.ub.edu\/informaticapersonalINT\/programarilliure\/wp-content\/uploads\/sites\/11\/2018\/11\/openscad.png 512w\" sizes=\"(max-width: 150px) 100vw, 150px\" \/><\/a><div class=\"lcp_excerpt\"><p style=\"margin-top: 5px\">Aplicaci\u00f3 lliure i de codi obert per crear objectes s\u00f2lids de CAD.<\/p>\n<\/div><\/li><\/ul>\n<\/div><\/div>\n","protected":false},"excerpt":{"rendered":"","protected":false},"author":1,"featured_media":0,"parent":0,"menu_order":0,"comment_status":"closed","ping_status":"closed","template":"","meta":{"footnotes":""},"_links":{"self":[{"href":"https:\/\/www.ub.edu\/informaticapersonalINT\/programarilliure\/wp-json\/wp\/v2\/pages\/27"}],"collection":[{"href":"https:\/\/www.ub.edu\/informaticapersonalINT\/programarilliure\/wp-json\/wp\/v2\/pages"}],"about":[{"href":"https:\/\/www.ub.edu\/informaticapersonalINT\/programarilliure\/wp-json\/wp\/v2\/types\/page"}],"author":[{"embeddable":true,"href":"https:\/\/www.ub.edu\/informaticapersonalINT\/programarilliure\/wp-json\/wp\/v2\/users\/1"}],"replies":[{"embeddable":true,"href":"https:\/\/www.ub.edu\/informaticapersonalINT\/programarilliure\/wp-json\/wp\/v2\/comments?post=27"}],"version-history":[{"count":16,"href":"https:\/\/www.ub.edu\/informaticapersonalINT\/programarilliure\/wp-json\/wp\/v2\/pages\/27\/revisions"}],"predecessor-version":[{"id":971,"href":"https:\/\/www.ub.edu\/informaticapersonalINT\/programarilliure\/wp-json\/wp\/v2\/pages\/27\/revisions\/971"}],"wp:attachment":[{"href":"https:\/\/www.ub.edu\/informaticapersonalINT\/programarilliure\/wp-json\/wp\/v2\/media?parent=27"}],"curies":[{"name":"wp","href":"https:\/\/api.w.org\/{rel}","templated":true}]}}