{"id":4,"date":"2018-05-23T11:33:08","date_gmt":"2018-05-23T11:33:08","guid":{"rendered":"http:\/\/www.ub.edu\/informaticapersonalINT\/programarilliure\/?page_id=4"},"modified":"2018-07-30T11:53:32","modified_gmt":"2018-07-30T11:53:32","slug":"inici-2","status":"publish","type":"page","link":"https:\/\/www.ub.edu\/informaticapersonalINT\/programarilliure\/","title":{"rendered":""},"content":{"rendered":"<div class=\"panel panel-primary\">\n<div class=\"panel-heading\">\n<div class=\"panel-title\">\nProgramari lliure\n<\/div>\n<\/div>\n<div class=\"panel-body\">\n<p>El programari lliure (en angl\u00e8s <em>free software<\/em>) \u00e9s el programari que pot ser usat, estudiat i modificat sense restriccions, i que pot ser copiat i redistribu\u00eft b\u00e9 en una versi\u00f3 modificada o sense modificar sense cap restricci\u00f3, o b\u00e9 amb unes restriccions m\u00ednimes per garantir que els futurs destinataris tamb\u00e9 tindran aquests drets.<\/p>\n<p>Com que el programari es pot redistribuir lliurement, en general es pot trobar gratis a Internet, o a un cost baix si l&#8217;adquirim per mitj\u00e0 d&#8217;altres medis (CD-Rom, DVD, USBs&#8230;). A causa d&#8217;aix\u00f2, els models de negoci basats en programari lliure normalment es basen en proporcionar serveis de valor afegit com suport t\u00e8cnic, cursos de preparaci\u00f3 &#8230;<a href=\"https:\/\/ca.wikipedia.org\/wiki\/Programari_lliure\" target=\"_blank\">(Definici\u00f3 extreta de la wikipedia)<\/a><\/p>\n<p>El programari lliure pot ser una alternativa als <a href=\"https:\/\/www.ub.edu\/informaticapersonalINT\/programari\/\">programes comercials que des de Programari<\/a> ja es distribueixen, per\u00f2 si s\u00f3n una alternativa real a les vostres necessitats ho haureu de veure vosaltres mateixos segons la funcionalitat que en podeu treure del seu \u00fas.<\/p>\n<p><strong>Des de l&#8217;\u00c0rea TIC no donem suport a aquests programes.<\/strong>\n<\/div>\n<\/div>\n","protected":false},"excerpt":{"rendered":"<p>Programari lliure El programari lliure (en angl\u00e8s free software) \u00e9s el programari que pot ser usat, estudiat i modificat sense restriccions, i que pot ser copiat i redistribu\u00eft b\u00e9 en una versi\u00f3 modificada o sense modificar sense cap restricci\u00f3, o b\u00e9 amb unes restriccions m\u00ednimes per garantir que els futurs destinataris tamb\u00e9 tindran aquests drets. [&hellip;]<\/p>\n","protected":false},"author":1,"featured_media":0,"parent":0,"menu_order":0,"comment_status":"closed","ping_status":"closed","template":"","meta":{"footnotes":""},"_links":{"self":[{"href":"https:\/\/www.ub.edu\/informaticapersonalINT\/programarilliure\/wp-json\/wp\/v2\/pages\/4"}],"collection":[{"href":"https:\/\/www.ub.edu\/informaticapersonalINT\/programarilliure\/wp-json\/wp\/v2\/pages"}],"about":[{"href":"https:\/\/www.ub.edu\/informaticapersonalINT\/programarilliure\/wp-json\/wp\/v2\/types\/page"}],"author":[{"embeddable":true,"href":"https:\/\/www.ub.edu\/informaticapersonalINT\/programarilliure\/wp-json\/wp\/v2\/users\/1"}],"replies":[{"embeddable":true,"href":"https:\/\/www.ub.edu\/informaticapersonalINT\/programarilliure\/wp-json\/wp\/v2\/comments?post=4"}],"version-history":[{"count":17,"href":"https:\/\/www.ub.edu\/informaticapersonalINT\/programarilliure\/wp-json\/wp\/v2\/pages\/4\/revisions"}],"predecessor-version":[{"id":886,"href":"https:\/\/www.ub.edu\/informaticapersonalINT\/programarilliure\/wp-json\/wp\/v2\/pages\/4\/revisions\/886"}],"wp:attachment":[{"href":"https:\/\/www.ub.edu\/informaticapersonalINT\/programarilliure\/wp-json\/wp\/v2\/media?parent=4"}],"curies":[{"name":"wp","href":"https:\/\/api.w.org\/{rel}","templated":true}]}}