{"id":2,"date":"2016-10-11T11:55:19","date_gmt":"2016-10-11T11:55:19","guid":{"rendered":"http:\/\/webfe05.fe.cpd.local\/ipcs\/?page_id=2"},"modified":"2023-10-22T17:21:54","modified_gmt":"2023-10-22T15:21:54","slug":"presentacio","status":"publish","type":"page","link":"https:\/\/www.ub.edu\/ipcs\/ca\/","title":{"rendered":"Presentaci\u00f3"},"content":{"rendered":"<p>El nostre grup de recerca en <strong>Intervenci\u00f3 en Psicologia Cl\u00ednica i de la Salut i Promoci\u00f3 del Benestar<\/strong>\u00a0(reconegut per la Generalitat de Catalunya: 2021 SGR 00666) t\u00e9 com a objectiu avan\u00e7ar en el coneixement i l&#8217;augment de la qualitat de les intervencions psicol\u00f2giques en les \u00e0rees de la salut mental i f\u00edsica. Amb aquesta finalitat, hem adaptat i validat instruments per a l&#8217;avaluaci\u00f3 dels resultats d&#8217;aquestes intervencions (per exemple, <a href=\"http:\/\/www.ub.edu\/terdep\/core\">CORE-OM<\/a>) que ara poden ser utilitzats per altres investigadors i professionals.<\/p>\n<p>Prestem especial atenci\u00f3 a l&#8217;estudi dels processos d&#8217;identitat, conflictes cognitius, i el seu paper en el proc\u00e9s de canvi. Amb aquest objectiu, els constructes personals i les teories d&#8217;autoregulaci\u00f3 (tots dos basats en l&#8217;epistemologia constructivista) han estat una important font d&#8217;inspiraci\u00f3 per a la implementaci\u00f3, tant en la investigaci\u00f3 i la pr\u00e0ctica. El nostre treball es porta a terme utilitzant m\u00e8todes derivats d&#8217;aquests enfocaments, com el text o l&#8217;an\u00e0lisi de contingut i de la T\u00e8cnica de Graella\u00a0(RGT), una t\u00e8cnica amb la qual es poden identificar conflictes en l&#8217;estructura cognitiva dels entrevistats. Aquests conflictes (o dilemes) sovint es converteixen en un obstacle per al desenvolupament personal o el progr\u00e9s, ja sigui en la vida o en la psicoter\u00e0pia.<\/p>\n<p>Amb aquests m\u00e8todes s&#8217;han estudiat les estructures cognitives de les persones de diferents condicions (per exemple, depressi\u00f3, trastorns de l&#8217;alimentaci\u00f3, la fibromi\u00e0lgia, les v\u00edctimes de la viol\u00e8ncia de parella) i els van comparar amb mostres de la comunitat i els estudiants.<\/p>\n<p>Tamb\u00e9 hem creat alguns manuals de ter\u00e0pia per a aquestes intervencions derivades de les teories anteriorment esmentades amb potencial per a la innovaci\u00f3 i els van comparar (en termes de la seva efic\u00e0cia i utilitat) amb altres com la ter\u00e0pia de comportament cognitiu en assaigs cl\u00ednics aleatoris. Ara es far\u00e0 un d&#8217;aquests assajos dirigits s\u00edmptomes depressius dels pacients amb fibromi\u00e0lgia. En ell es compara l&#8217;efic\u00e0cia de la formulaci\u00f3 de casos sistem\u00e0tic basat en la ter\u00e0pia de constructes personals amb la basada en la ter\u00e0pia cognitiva conductual.<\/p>\n<p>Una l\u00ednia complement\u00e0ria d&#8217;investigaci\u00f3 explora els processos de construcci\u00f3 en parelles i fam\u00edlies, i el seu paper en la ter\u00e0pia de parella \/ familiar sist\u00e8mica.<\/p>","protected":false},"excerpt":{"rendered":"<p>El nostre grup de recerca en Intervenci\u00f3 en Psicologia Cl\u00ednica i de la Salut i Promoci\u00f3 del Benestar\u00a0(reconegut per la Generalitat de [&hellip;]<\/p>\n","protected":false},"author":1,"featured_media":0,"parent":0,"menu_order":0,"comment_status":"closed","ping_status":"open","template":"","meta":{"footnotes":""},"class_list":["post-2","page","type-page","status-publish","hentry"],"_links":{"self":[{"href":"https:\/\/www.ub.edu\/ipcs\/ca\/wp-json\/wp\/v2\/pages\/2","targetHints":{"allow":["GET"]}}],"collection":[{"href":"https:\/\/www.ub.edu\/ipcs\/ca\/wp-json\/wp\/v2\/pages"}],"about":[{"href":"https:\/\/www.ub.edu\/ipcs\/ca\/wp-json\/wp\/v2\/types\/page"}],"author":[{"embeddable":true,"href":"https:\/\/www.ub.edu\/ipcs\/ca\/wp-json\/wp\/v2\/users\/1"}],"replies":[{"embeddable":true,"href":"https:\/\/www.ub.edu\/ipcs\/ca\/wp-json\/wp\/v2\/comments?post=2"}],"version-history":[{"count":6,"href":"https:\/\/www.ub.edu\/ipcs\/ca\/wp-json\/wp\/v2\/pages\/2\/revisions"}],"predecessor-version":[{"id":506,"href":"https:\/\/www.ub.edu\/ipcs\/ca\/wp-json\/wp\/v2\/pages\/2\/revisions\/506"}],"wp:attachment":[{"href":"https:\/\/www.ub.edu\/ipcs\/ca\/wp-json\/wp\/v2\/media?parent=2"}],"curies":[{"name":"wp","href":"https:\/\/api.w.org\/{rel}","templated":true}]}}