{"id":417,"date":"2022-09-13T10:13:07","date_gmt":"2022-09-13T08:13:07","guid":{"rendered":"https:\/\/www.ub.edu\/ipcs\/?page_id=417"},"modified":"2024-04-05T11:32:29","modified_gmt":"2024-04-05T09:32:29","slug":"projectes","status":"publish","type":"page","link":"https:\/\/www.ub.edu\/ipcs\/ca\/projectes\/","title":{"rendered":"Projectes"},"content":{"rendered":"<p><a href=\"https:\/\/www.ub.edu\/terdep\/dep\">Psicoter\u00e0pia per a joves amb depressi\u00f3<\/a><\/p>\n<p><a href=\"https:\/\/ub.edu\/gr1p\">Grup de Recerca en Salut Mental en Primera Persona<\/a><\/p>\n<p><a href=\"https:\/\/www.ub.edu\/psychocontext\">PsychoContext<\/a><\/p>\n<p><a href=\"https:\/\/campus.usal.es\/~tcp\">Projecte multic\u00e8ntric Dilema<\/a><\/p>","protected":false},"excerpt":{"rendered":"<p>Psicoter\u00e0pia per a joves amb depressi\u00f3 Grup de Recerca en Salut Mental en Primera Persona PsychoContext Projecte multic\u00e8ntric Dilema<\/p>\n","protected":false},"author":1,"featured_media":0,"parent":0,"menu_order":0,"comment_status":"closed","ping_status":"closed","template":"","meta":{"footnotes":""},"class_list":["post-417","page","type-page","status-publish","hentry"],"_links":{"self":[{"href":"https:\/\/www.ub.edu\/ipcs\/ca\/wp-json\/wp\/v2\/pages\/417","targetHints":{"allow":["GET"]}}],"collection":[{"href":"https:\/\/www.ub.edu\/ipcs\/ca\/wp-json\/wp\/v2\/pages"}],"about":[{"href":"https:\/\/www.ub.edu\/ipcs\/ca\/wp-json\/wp\/v2\/types\/page"}],"author":[{"embeddable":true,"href":"https:\/\/www.ub.edu\/ipcs\/ca\/wp-json\/wp\/v2\/users\/1"}],"replies":[{"embeddable":true,"href":"https:\/\/www.ub.edu\/ipcs\/ca\/wp-json\/wp\/v2\/comments?post=417"}],"version-history":[{"count":5,"href":"https:\/\/www.ub.edu\/ipcs\/ca\/wp-json\/wp\/v2\/pages\/417\/revisions"}],"predecessor-version":[{"id":524,"href":"https:\/\/www.ub.edu\/ipcs\/ca\/wp-json\/wp\/v2\/pages\/417\/revisions\/524"}],"wp:attachment":[{"href":"https:\/\/www.ub.edu\/ipcs\/ca\/wp-json\/wp\/v2\/media?parent=417"}],"curies":[{"name":"wp","href":"https:\/\/api.w.org\/{rel}","templated":true}]}}