{"id":462,"date":"2023-09-20T16:13:12","date_gmt":"2023-09-20T14:13:12","guid":{"rendered":"https:\/\/www.ub.edu\/ipcs\/?page_id=462"},"modified":"2024-04-05T11:30:22","modified_gmt":"2024-04-05T09:30:22","slug":"formacio","status":"publish","type":"page","link":"https:\/\/www.ub.edu\/ipcs\/ca\/formacio\/","title":{"rendered":"Formaci\u00f3"},"content":{"rendered":"<p><\/p>\n<p><strong>Formaci\u00f3 universit\u00e0ria en psicoter\u00e0pia<\/strong><\/p>\n<ul>\n<li><a href=\"https:\/\/www.ub.edu\/tpia_cognitivosocial\/mtcsc\" target=\"_blank\" rel=\"noopener\">M\u00e0ster en Ter\u00e0pia Cognitivosocial: Formaci\u00f3 constructivista i sist\u00e8mica (90 ECTS) M\u00f2dul a dist\u00e0ncia en psicoter\u00e0pia constructivista (10 ECTS)<\/a><\/li>\n<li><a href=\"https:\/\/www.ub.edu\/manejoeyme\" target=\"_blank\" rel=\"noopener\">Maneig d&#8217;eyme en la consecuci\u00f3 del canvi personal (5 ECTS)<\/a><\/li>\n<li><a href=\"http:\/\/www.ub.edu\/mastertsp\/\" target=\"_blank\" rel=\"noopener\"><span class=\"ects\">M\u00e0ster en Ter\u00e0pia Sexual i de Parella (60 ECTS)<\/span><\/a><\/li>\n<li><a href=\"https:\/\/itasaludmental.com\/master-ub\" target=\"_blank\" rel=\"noopener\">M\u00e0ster en Intervenci\u00f3 Psicol\u00f2gica als Trastorns de la Conducta Aliment\u00e0ria i Obesitat (70 ECTS)<\/a><\/li>\n<li><a href=\"https:\/\/itasaludmental.com\/master-ub\" target=\"_blank\" rel=\"noopener\">Postgrau en Model Integrat de Tractament dels Trastorns de la Conducta Aliment\u00e0ria i l&#8217;Obesitat (30 ECTS)<\/a><\/li>\n<li><a href=\"https:\/\/itasaludmental.com\/master-ub\" target=\"_blank\" rel=\"noopener\">Postgrau en Entrenament a la Pr\u00e0ctica Cl\u00ednica amb els Trastorns de la Conducta Aliment\u00e0ria i l&#8217;Obesitat (35 ECTS)<\/a><\/li>\n<\/ul>\n<p><\/p>","protected":false},"excerpt":{"rendered":"<p>Formaci\u00f3 universit\u00e0ria en psicoter\u00e0pia M\u00e0ster en Ter\u00e0pia Cognitivosocial: Formaci\u00f3 constructivista i sist\u00e8mica (90 ECTS) M\u00f2dul a dist\u00e0ncia en psicoter\u00e0pia constructivista (10 ECTS) [&hellip;]<\/p>\n","protected":false},"author":1,"featured_media":0,"parent":0,"menu_order":0,"comment_status":"closed","ping_status":"closed","template":"","meta":{"footnotes":""},"class_list":["post-462","page","type-page","status-publish","hentry"],"_links":{"self":[{"href":"https:\/\/www.ub.edu\/ipcs\/ca\/wp-json\/wp\/v2\/pages\/462","targetHints":{"allow":["GET"]}}],"collection":[{"href":"https:\/\/www.ub.edu\/ipcs\/ca\/wp-json\/wp\/v2\/pages"}],"about":[{"href":"https:\/\/www.ub.edu\/ipcs\/ca\/wp-json\/wp\/v2\/types\/page"}],"author":[{"embeddable":true,"href":"https:\/\/www.ub.edu\/ipcs\/ca\/wp-json\/wp\/v2\/users\/1"}],"replies":[{"embeddable":true,"href":"https:\/\/www.ub.edu\/ipcs\/ca\/wp-json\/wp\/v2\/comments?post=462"}],"version-history":[{"count":6,"href":"https:\/\/www.ub.edu\/ipcs\/ca\/wp-json\/wp\/v2\/pages\/462\/revisions"}],"predecessor-version":[{"id":523,"href":"https:\/\/www.ub.edu\/ipcs\/ca\/wp-json\/wp\/v2\/pages\/462\/revisions\/523"}],"wp:attachment":[{"href":"https:\/\/www.ub.edu\/ipcs\/ca\/wp-json\/wp\/v2\/media?parent=462"}],"curies":[{"name":"wp","href":"https:\/\/api.w.org\/{rel}","templated":true}]}}