{"id":2,"date":"2016-10-11T11:55:19","date_gmt":"2016-10-11T11:55:19","guid":{"rendered":"http:\/\/webfe05.fe.cpd.local\/ipcs\/?page_id=2"},"modified":"2023-10-22T17:21:54","modified_gmt":"2023-10-22T15:21:54","slug":"presentacio","status":"publish","type":"page","link":"https:\/\/www.ub.edu\/ipcs\/es\/","title":{"rendered":"Presentaci\u00f3n"},"content":{"rendered":"<p>Nuestro grupo de investigaci\u00f3n en <strong>Intervenci\u00f3n en Psicolog\u00eda Cl\u00ednica y de la Salud y Promoci\u00f3n del Bienestar<\/strong> (reconocido por la <em>Generalitat de Catalunya: 2021 SGR 00666<\/em>) tiene como objetivo avanzar en el conocimiento y el aumento de la calidad de las intervenciones psicol\u00f3gicas en las \u00e1reas de la salud mental y f\u00edsica. A tal fin, hemos adaptado y validado instrumentos para la evaluaci\u00f3n de los resultados de estas intervenciones (por ejemplo, <a href=\"http:\/\/www.ub.edu\/terdep\/core\">CORE-OM<\/a>) que ahora pueden ser utilizados por otros investigadores y profesionales.<\/p>\n<p>Prestamos especial atenci\u00f3n al estudio de los procesos de identidad, conflictos cognitivos, y su papel en el proceso de cambio. Con este objetivo, los constructos personales y las teor\u00edas de autorregulaci\u00f3n (ambos basados en la epistemolog\u00eda constructivista) han sido una importante fuente de inspiraci\u00f3n para la implementaci\u00f3n, tanto en la investigaci\u00f3n y la pr\u00e1ctica. Nuestro trabajo se lleva a cabo utilizando m\u00e9todos derivados de estos enfoques, como el texto o el an\u00e1lisis de contenido y de la T\u00e9cnica de Rejilla (RGT), una t\u00e9cnica con la que se pueden identificar conflictos en la estructura cognitiva de los entrevistados. Estos conflictos (o dilemas) a menudo se convierten en un obst\u00e1culo para el desarrollo personal o el progreso, ya sea en la vida o en la psicoterapia.<\/p>\n<p>Con estos m\u00e9todos se han estudiado las estructuras cognitivas de las personas de diferentes condiciones (por ejemplo, depresi\u00f3n, trastornos de la alimentaci\u00f3n, la fibromialgia, las v\u00edctimas de la violencia de pareja) y los compararon con muestras de la comunidad y los estudiantes.<\/p>\n<p>Tambi\u00e9n hemos creado algunos manuales de terapia para esas intervenciones derivadas de las teor\u00edas anteriormente mencionadas con potencial para la innovaci\u00f3n y los compararon (en t\u00e9rminos de su eficacia y utilidad) con otros como la terapia de comportamiento cognitivo en ensayos cl\u00ednicos aleatorios. Ahora se har\u00e1 uno de estos ensayos dirigidos s\u00edntomas depresivos de los pacientes con fibromialgia. En \u00e9l se compara la eficacia de la formulaci\u00f3n de casos sistem\u00e1tico basado en la terapia de constructos personales con la basada en la terapia cognitiva conductual.<\/p>\n<p>Una l\u00ednea complementaria de investigaci\u00f3n explora los procesos de construcci\u00f3n\u00a0en parejas y familias, y su papel en la terapia de pareja\/familiar sist\u00e9mica.<\/p>\n<p>&nbsp;<\/p>","protected":false},"excerpt":{"rendered":"<p>Nuestro grupo de investigaci\u00f3n en Intervenci\u00f3n en Psicolog\u00eda Cl\u00ednica y de la Salud y Promoci\u00f3n del Bienestar (reconocido por la Generalitat de [&hellip;]<\/p>\n","protected":false},"author":1,"featured_media":0,"parent":0,"menu_order":0,"comment_status":"closed","ping_status":"open","template":"","meta":{"footnotes":""},"class_list":["post-2","page","type-page","status-publish","hentry"],"_links":{"self":[{"href":"https:\/\/www.ub.edu\/ipcs\/es\/wp-json\/wp\/v2\/pages\/2","targetHints":{"allow":["GET"]}}],"collection":[{"href":"https:\/\/www.ub.edu\/ipcs\/es\/wp-json\/wp\/v2\/pages"}],"about":[{"href":"https:\/\/www.ub.edu\/ipcs\/es\/wp-json\/wp\/v2\/types\/page"}],"author":[{"embeddable":true,"href":"https:\/\/www.ub.edu\/ipcs\/es\/wp-json\/wp\/v2\/users\/1"}],"replies":[{"embeddable":true,"href":"https:\/\/www.ub.edu\/ipcs\/es\/wp-json\/wp\/v2\/comments?post=2"}],"version-history":[{"count":6,"href":"https:\/\/www.ub.edu\/ipcs\/es\/wp-json\/wp\/v2\/pages\/2\/revisions"}],"predecessor-version":[{"id":506,"href":"https:\/\/www.ub.edu\/ipcs\/es\/wp-json\/wp\/v2\/pages\/2\/revisions\/506"}],"wp:attachment":[{"href":"https:\/\/www.ub.edu\/ipcs\/es\/wp-json\/wp\/v2\/media?parent=2"}],"curies":[{"name":"wp","href":"https:\/\/api.w.org\/{rel}","templated":true}]}}