{"id":462,"date":"2023-09-20T16:13:12","date_gmt":"2023-09-20T14:13:12","guid":{"rendered":"https:\/\/www.ub.edu\/ipcs\/?page_id=462"},"modified":"2024-04-05T11:30:22","modified_gmt":"2024-04-05T09:30:22","slug":"formacio","status":"publish","type":"page","link":"https:\/\/www.ub.edu\/ipcs\/es\/formacio\/","title":{"rendered":"Formaci\u00f3n"},"content":{"rendered":"<p><\/p>\n<p><strong>Formaci\u00f3n universitaria en psicoterapia<\/strong><\/p>\n<ul>\n<li><a href=\"https:\/\/www.ub.edu\/tpia_cognitivosocial\/mtcsc\" target=\"_blank\" rel=\"noopener\">M\u00e1ster en Terapia Cognitivo Social:\u00a0<i>Formaci\u00f3n constructivista y sist\u00e9mica<\/i><span class=\"ects\">\u00a0(90 ECTS)<\/span><\/a><a href=\"http:\/\/www.ub.edu\/tpia_cognitivosocial\/adistancia\/present.htm\" target=\"_blank\" rel=\"noopener\">M\u00f3dulo a distancia en psicoterapia constructivista\u00a0<span class=\"ects\">(10 ECTS)<\/span><\/a><\/li>\n<li><a href=\"https:\/\/www.ub.edu\/manejoeyme\" target=\"_blank\" rel=\"noopener\">Manejo de eyme en la consecuci\u00f3n del cambio personal\u00a0<\/a><span class=\"ects\">(5 ECTS)<\/span><\/li>\n<li><a href=\"http:\/\/www.ub.edu\/mastertsp\/\" target=\"_blank\" rel=\"noopener\">M\u00e1ster en Terapia Sexual y de Pareja\u00a0<span class=\"ects\">(60 ECTS)<\/span><\/a><\/li>\n<li><a href=\"https:\/\/itasaludmental.com\/master-ub\" target=\"_blank\" rel=\"noopener\">M\u00e1ster en Intervenci\u00f3n Psicol\u00f3gica en los Trastornos de la Conducta Alimentaria y Obesidad\u00a0<\/a><span class=\"ects\">(70 ECTS)<\/span><\/li>\n<li><a href=\"https:\/\/itasaludmental.com\/master-ub\" target=\"_blank\" rel=\"noopener\">Posgrado en Modelo Integrado de Tratamiento de los Trastornos de la Conducta Alimentaria y la Obesidad\u00a0<\/a><span class=\"ects\">(30 ECTS)<\/span><\/li>\n<li><a href=\"https:\/\/itasaludmental.com\/master-ub\" target=\"_blank\" rel=\"noopener\">Posgrado en Entrenamiento en la Pr\u00e1ctica Cl\u00ednica con los Trastornos de la Conducta Alimentaria y la Obesidad\u00a0<\/a><span class=\"ects\">(35 ECTS)<\/span><\/li>\n<\/ul>\n<p><\/p>","protected":false},"excerpt":{"rendered":"<p>Formaci\u00f3n universitaria en psicoterapia M\u00e1ster en Terapia Cognitivo Social:\u00a0Formaci\u00f3n constructivista y sist\u00e9mica\u00a0(90 ECTS)M\u00f3dulo a distancia en psicoterapia constructivista\u00a0(10 ECTS) Manejo de eyme [&hellip;]<\/p>\n","protected":false},"author":1,"featured_media":0,"parent":0,"menu_order":0,"comment_status":"closed","ping_status":"closed","template":"","meta":{"footnotes":""},"class_list":["post-462","page","type-page","status-publish","hentry"],"_links":{"self":[{"href":"https:\/\/www.ub.edu\/ipcs\/es\/wp-json\/wp\/v2\/pages\/462","targetHints":{"allow":["GET"]}}],"collection":[{"href":"https:\/\/www.ub.edu\/ipcs\/es\/wp-json\/wp\/v2\/pages"}],"about":[{"href":"https:\/\/www.ub.edu\/ipcs\/es\/wp-json\/wp\/v2\/types\/page"}],"author":[{"embeddable":true,"href":"https:\/\/www.ub.edu\/ipcs\/es\/wp-json\/wp\/v2\/users\/1"}],"replies":[{"embeddable":true,"href":"https:\/\/www.ub.edu\/ipcs\/es\/wp-json\/wp\/v2\/comments?post=462"}],"version-history":[{"count":6,"href":"https:\/\/www.ub.edu\/ipcs\/es\/wp-json\/wp\/v2\/pages\/462\/revisions"}],"predecessor-version":[{"id":523,"href":"https:\/\/www.ub.edu\/ipcs\/es\/wp-json\/wp\/v2\/pages\/462\/revisions\/523"}],"wp:attachment":[{"href":"https:\/\/www.ub.edu\/ipcs\/es\/wp-json\/wp\/v2\/media?parent=462"}],"curies":[{"name":"wp","href":"https:\/\/api.w.org\/{rel}","templated":true}]}}