{"id":1064,"date":"2021-08-09T19:35:05","date_gmt":"2021-08-09T17:35:05","guid":{"rendered":"https:\/\/www.ub.edu\/ipoa\/?page_id=1064"},"modified":"2021-08-09T19:35:06","modified_gmt":"2021-08-09T17:35:06","slug":"au-or-1991-9-1-2","status":"publish","type":"page","link":"https:\/\/www.ub.edu\/ipoa\/aula-orientalis\/au-or-1991-9-1-2\/","title":{"rendered":"Au Or 1991 9, 1-2"},"content":{"rendered":"\n<figure class=\"wp-block-pullquote\"><blockquote class=\"has-text-color\" style=\"color:#0071a1\"><p><strong>Aula Orientalis 9 (1991) vol. 1-2<\/strong><\/p><cite><em>Velles paraules<\/em>. Ancient Near Eastern Studies in Honor of Miguel Civil on the Occasion of his Sixty-Fifth Birthday.<\/cite><\/blockquote><\/figure>\n\n\n\n<div class=\"wp-block-file\"><a href=\"https:\/\/www.ub.edu\/ipoa\/wp-content\/uploads\/2021\/08\/1991AuOr00Index.pdf\"><strong>\u00cdndice General Volumen IX<\/strong>.<\/a><a href=\"https:\/\/www.ub.edu\/ipoa\/wp-content\/uploads\/2021\/08\/1991AuOr00Index.pdf\" class=\"wp-block-file__button\" download>Baixa<\/a><\/div>\n\n\n\n<div class=\"wp-block-file\"><a href=\"https:\/\/www.ub.edu\/ipoa\/wp-content\/uploads\/2021\/08\/1991AuOr00Kramer.pdf\"><strong>Kramer, S.N.<\/strong> Miguel Civil: an appreciation, pp. 11-13.<\/a><a href=\"https:\/\/www.ub.edu\/ipoa\/wp-content\/uploads\/2021\/08\/1991AuOr00Kramer.pdf\" class=\"wp-block-file__button\" download>Baixa<\/a><\/div>\n\n\n\n<div class=\"wp-block-file\"><a href=\"https:\/\/www.ub.edu\/ipoa\/wp-content\/uploads\/2021\/08\/1991AuOrBiggs.pdf\"><strong>Biggs, R.D.<\/strong> Ergostism and other Mycotoxicoses in Ancient Mesopotamia?, pp. 15-21.<\/a><a href=\"https:\/\/www.ub.edu\/ipoa\/wp-content\/uploads\/2021\/08\/1991AuOrBiggs.pdf\" class=\"wp-block-file__button\" download>Baixa<\/a><\/div>\n\n\n\n<div class=\"wp-block-file\"><a href=\"https:\/\/www.ub.edu\/ipoa\/wp-content\/uploads\/2021\/08\/1991AuOrBlack.pdf\"><strong>Black, J. A.<\/strong> Eme-Sal cult songs and prayers, pp. 23-36.<\/a><a href=\"https:\/\/www.ub.edu\/ipoa\/wp-content\/uploads\/2021\/08\/1991AuOrBlack.pdf\" class=\"wp-block-file__button\" download>Baixa<\/a><\/div>\n\n\n\n<div class=\"wp-block-file\"><a href=\"https:\/\/www.ub.edu\/ipoa\/wp-content\/uploads\/2021\/08\/1991AuOrCavigneaux.pdf\"><strong>Cavigneaux, A.<\/strong> Nouveaux fragments des G\u00e9orgiques, pp. 37-46.<\/a><a href=\"https:\/\/www.ub.edu\/ipoa\/wp-content\/uploads\/2021\/08\/1991AuOrCavigneaux.pdf\" class=\"wp-block-file__button\" download>Baixa<\/a><\/div>\n\n\n\n<div class=\"wp-block-file\"><a href=\"https:\/\/www.ub.edu\/ipoa\/wp-content\/uploads\/2021\/08\/1991AuOrCooper.pdf\"><strong>Cooper, J. S. <\/strong>Posing the Sumerian Question: Race and Scholarship in the Early History of Assyriology, pp. 47-66.<\/a><a href=\"https:\/\/www.ub.edu\/ipoa\/wp-content\/uploads\/2021\/08\/1991AuOrCooper.pdf\" class=\"wp-block-file__button\" download>Baixa<\/a><\/div>\n\n\n\n<div class=\"wp-block-file\"><a href=\"https:\/\/www.ub.edu\/ipoa\/wp-content\/uploads\/2021\/08\/1991AuOrDelOlmo.pdf\"><strong>Del Olmo Lete, G. <\/strong>Yarkhu y Nikkalu. La mitolog\u00eda lunar sumeria en Ugarit, pp. 67-75.<\/a><a href=\"https:\/\/www.ub.edu\/ipoa\/wp-content\/uploads\/2021\/08\/1991AuOrDelOlmo.pdf\" class=\"wp-block-file__button\" download>Baixa<\/a><\/div>\n\n\n\n<div class=\"wp-block-file\"><a href=\"https:\/\/www.ub.edu\/ipoa\/wp-content\/uploads\/2021\/08\/1991AuOrEdzard.pdf\"><strong>Edzard, D. O.<\/strong> Irigakina (Urukagina), pp. 77-79.<\/a><a href=\"https:\/\/www.ub.edu\/ipoa\/wp-content\/uploads\/2021\/08\/1991AuOrEdzard.pdf\" class=\"wp-block-file__button\" download>Baixa<\/a><\/div>\n\n\n\n<div class=\"wp-block-file\"><a href=\"https:\/\/www.ub.edu\/ipoa\/wp-content\/uploads\/2021\/08\/1991AuOrFarber.pdf\"><strong>Farber, G.<\/strong> Konkret, kollektiv, abstrakt?, pp. 81-90.<\/a><a href=\"https:\/\/www.ub.edu\/ipoa\/wp-content\/uploads\/2021\/08\/1991AuOrFarber.pdf\" class=\"wp-block-file__button\" download>Baixa<\/a><\/div>\n\n\n\n<div class=\"wp-block-file\"><a href=\"https:\/\/www.ub.edu\/ipoa\/wp-content\/uploads\/2021\/08\/1991AuOrFinkel.pdf\"><strong>Finkel, I. L.<\/strong> Mu\u0161\u0161u&#8217;u, Qutaru, the Scribe Tanittu-Bel, pp. 91-104.<\/a><a href=\"https:\/\/www.ub.edu\/ipoa\/wp-content\/uploads\/2021\/08\/1991AuOrFinkel.pdf\" class=\"wp-block-file__button\" download>Baixa<\/a><\/div>\n\n\n\n<div class=\"wp-block-file\"><a href=\"https:\/\/www.ub.edu\/ipoa\/wp-content\/uploads\/2021\/08\/1991AuOrGragg.pdf\"><strong>Gragg, G<\/strong>. Subject, Object and Verb in Urartian: Prologue to Typology, pp. 105-112.<\/a><a href=\"https:\/\/www.ub.edu\/ipoa\/wp-content\/uploads\/2021\/08\/1991AuOrGragg.pdf\" class=\"wp-block-file__button\" download>Baixa<\/a><\/div>\n\n\n\n<div class=\"wp-block-file\"><a href=\"https:\/\/www.ub.edu\/ipoa\/wp-content\/uploads\/2021\/08\/1991AuOrJacobsen.pdf\"><strong>Jacobsen, Th.<\/strong> The Term <em>ens\u00ed<\/em>, pp. 113-122<\/a><a href=\"https:\/\/www.ub.edu\/ipoa\/wp-content\/uploads\/2021\/08\/1991AuOrJacobsen.pdf\" class=\"wp-block-file__button\" download>Baixa<\/a><\/div>\n\n\n\n<div class=\"wp-block-file\"><a href=\"https:\/\/www.ub.edu\/ipoa\/wp-content\/uploads\/2021\/08\/1991AuOrKlein.pdf\"><strong>Klein, J.<\/strong> A New Nippur Duplicate of the Sumerian kinglist in the Brockmon Collection, University of Haifa, pp. 123-129.<\/a><a href=\"https:\/\/www.ub.edu\/ipoa\/wp-content\/uploads\/2021\/08\/1991AuOrKlein.pdf\" class=\"wp-block-file__button\" download>Baixa<\/a><\/div>\n\n\n\n<div class=\"wp-block-file\"><a href=\"https:\/\/www.ub.edu\/ipoa\/wp-content\/uploads\/2021\/08\/1991AuOrMichalowski.pdf\"><strong>Michalowski, P<\/strong>. Negation as Description: The metaphor of Everyday Life in Early Mesopotamian Literature, pp. 131-136.<\/a><a href=\"https:\/\/www.ub.edu\/ipoa\/wp-content\/uploads\/2021\/08\/1991AuOrMichalowski.pdf\" class=\"wp-block-file__button\" download>Baixa<\/a><\/div>\n\n\n\n<div class=\"wp-block-file\"><a href=\"https:\/\/www.ub.edu\/ipoa\/wp-content\/uploads\/2021\/08\/1991AuOrMolina.pdf\"><strong>Molina Martos, M. <\/strong>Tablillas sarg\u00f3nicas del Museo de Montserrat, Barcelona, pp. 137-154.<\/a><a href=\"https:\/\/www.ub.edu\/ipoa\/wp-content\/uploads\/2021\/08\/1991AuOrMolina.pdf\" class=\"wp-block-file__button\" download>Baixa<\/a><\/div>\n\n\n\n<div class=\"wp-block-file\"><a href=\"https:\/\/www.ub.edu\/ipoa\/wp-content\/uploads\/2021\/08\/1991AuOrPowell.pdf\"><strong>Powell, M. A, Jr.<\/strong> Epistemology and Sumerian Agriculture: The Strange Case of Sesame and Linseed, pp. 155-164.<\/a><a href=\"https:\/\/www.ub.edu\/ipoa\/wp-content\/uploads\/2021\/08\/1991AuOrPowell.pdf\" class=\"wp-block-file__button\" download>Baixa<\/a><\/div>\n\n\n\n<div class=\"wp-block-file\"><a href=\"https:\/\/www.ub.edu\/ipoa\/wp-content\/uploads\/2021\/08\/1991AuOrSanmartin.pdf\"><strong>Sanmart\u00edn, J.<\/strong> Isoglosas morfol\u00e9xicas ebla\u00edtico-ugar\u00edticas: la trampa lexicogr\u00e1fica, pp. 165-217<\/a><a href=\"https:\/\/www.ub.edu\/ipoa\/wp-content\/uploads\/2021\/08\/1991AuOrSanmartin.pdf\" class=\"wp-block-file__button\" download>Baixa<\/a><\/div>\n\n\n\n<div class=\"wp-block-file\"><a href=\"https:\/\/www.ub.edu\/ipoa\/wp-content\/uploads\/2021\/08\/1991AuOrSjoberg.pdf\"><strong>Sj\u00f6berg, A. W.<\/strong> Was there a Sumerian Version of the Laws of Hammurabi?, pp. 219-225.<\/a><a href=\"https:\/\/www.ub.edu\/ipoa\/wp-content\/uploads\/2021\/08\/1991AuOrSjoberg.pdf\" class=\"wp-block-file__button\" download>Baixa<\/a><\/div>\n\n\n\n<div class=\"wp-block-file\"><a href=\"https:\/\/www.ub.edu\/ipoa\/wp-content\/uploads\/2021\/08\/1991AuOrSteinkeller.pdf\"><strong>Steinkeller, P<\/strong>. The Reforms of UruKAgina and Early Sumerian term for &#8220;Prison&#8221;, pp. 227-233.<\/a><a href=\"https:\/\/www.ub.edu\/ipoa\/wp-content\/uploads\/2021\/08\/1991AuOrSteinkeller.pdf\" class=\"wp-block-file__button\" download>Baixa<\/a><\/div>\n\n\n\n<div class=\"wp-block-file\"><a href=\"https:\/\/www.ub.edu\/ipoa\/wp-content\/uploads\/2021\/08\/1991AuOrStone.pdf\"><strong>Stone, E. C. <\/strong>The spacial organization of Mesopotamian Cities, pp. 235-242.<\/a><a href=\"https:\/\/www.ub.edu\/ipoa\/wp-content\/uploads\/2021\/08\/1991AuOrStone.pdf\" class=\"wp-block-file__button\" download>Baixa<\/a><\/div>\n\n\n\n<div class=\"wp-block-file\"><a href=\"https:\/\/www.ub.edu\/ipoa\/wp-content\/uploads\/2021\/08\/1991AuOrYang.pdf\"><strong>Yang, Z<\/strong>. King of Justice, pp. 243-249.<\/a><a href=\"https:\/\/www.ub.edu\/ipoa\/wp-content\/uploads\/2021\/08\/1991AuOrYang.pdf\" class=\"wp-block-file__button\" download>Baixa<\/a><\/div>\n\n\n\n<div class=\"wp-block-file\"><a href=\"https:\/\/www.ub.edu\/ipoa\/wp-content\/uploads\/2021\/08\/1991AuOrZettler.pdf\"><strong>Zettler, R. L.<\/strong> Nippur and the Third Dinasty of Ur. Area TB, pp. 251-281.<\/a><a href=\"https:\/\/www.ub.edu\/ipoa\/wp-content\/uploads\/2021\/08\/1991AuOrZettler.pdf\" class=\"wp-block-file__button\" download>Baixa<\/a><\/div>\n\n\n\n<div class=\"wp-block-file\"><a href=\"https:\/\/www.ub.edu\/ipoa\/wp-content\/uploads\/2021\/08\/1991AuOrXBibliographyCIVIL.pdf\"><strong>Jones, Ch.E. <\/strong>Bibliography of Miguel Civil.<\/a><a href=\"https:\/\/www.ub.edu\/ipoa\/wp-content\/uploads\/2021\/08\/1991AuOrXBibliographyCIVIL.pdf\" class=\"wp-block-file__button\" download>Baixa<\/a><\/div>\n\n\n\n<p><\/p>\n","protected":false},"excerpt":{"rendered":"<p>Aula Orientalis 9 (1991) vol. 1-2 Velles paraules. Ancient Near Eastern Studies in Honor of Miguel Civil on the Occasion of his Sixty-Fifth Birthday.<\/p>\n","protected":false},"author":1,"featured_media":0,"parent":115,"menu_order":0,"comment_status":"closed","ping_status":"closed","template":"page-templates\/fullwidth.php","meta":{"footnotes":""},"_links":{"self":[{"href":"https:\/\/www.ub.edu\/ipoa\/wp-json\/wp\/v2\/pages\/1064"}],"collection":[{"href":"https:\/\/www.ub.edu\/ipoa\/wp-json\/wp\/v2\/pages"}],"about":[{"href":"https:\/\/www.ub.edu\/ipoa\/wp-json\/wp\/v2\/types\/page"}],"author":[{"embeddable":true,"href":"https:\/\/www.ub.edu\/ipoa\/wp-json\/wp\/v2\/users\/1"}],"replies":[{"embeddable":true,"href":"https:\/\/www.ub.edu\/ipoa\/wp-json\/wp\/v2\/comments?post=1064"}],"version-history":[{"count":1,"href":"https:\/\/www.ub.edu\/ipoa\/wp-json\/wp\/v2\/pages\/1064\/revisions"}],"predecessor-version":[{"id":1070,"href":"https:\/\/www.ub.edu\/ipoa\/wp-json\/wp\/v2\/pages\/1064\/revisions\/1070"}],"up":[{"embeddable":true,"href":"https:\/\/www.ub.edu\/ipoa\/wp-json\/wp\/v2\/pages\/115"}],"wp:attachment":[{"href":"https:\/\/www.ub.edu\/ipoa\/wp-json\/wp\/v2\/media?parent=1064"}],"curies":[{"name":"wp","href":"https:\/\/api.w.org\/{rel}","templated":true}]}}