{"id":1073,"date":"2021-08-11T12:18:25","date_gmt":"2021-08-11T10:18:25","guid":{"rendered":"https:\/\/www.ub.edu\/ipoa\/?page_id=1073"},"modified":"2021-08-11T12:55:06","modified_gmt":"2021-08-11T10:55:06","slug":"au-or-2015-331","status":"publish","type":"page","link":"https:\/\/www.ub.edu\/ipoa\/aula-orientalis\/au-or-2015-331\/","title":{"rendered":"Au Or 2015 33,1"},"content":{"rendered":"\n<figure class=\"wp-block-pullquote\"><blockquote class=\"has-text-color\" style=\"color:#0071a1\"><p><strong>Aula Orientalis 33 (2015) vol. 1<\/strong><\/p><\/blockquote><\/figure>\n\n\n\n<div class=\"wp-block-file\"><a href=\"https:\/\/www.ub.edu\/ipoa\/wp-content\/uploads\/2021\/08\/20151AuOr00Index.pdf\"><strong>\u00cdndice<\/strong> <strong>Volumen XXXIII\/1<\/strong><\/a><a href=\"https:\/\/www.ub.edu\/ipoa\/wp-content\/uploads\/2021\/08\/20151AuOr00Index.pdf\" class=\"wp-block-file__button\" download>Baixa<\/a><\/div>\n\n\n\n<div class=\"wp-block-file\"><a href=\"https:\/\/www.ub.edu\/ipoa\/wp-content\/uploads\/2021\/08\/20151AuOrArnaud.pdf\"><strong>Arnaud, D.<\/strong> Une cosmogonie lydienne en langue babylonienne: BM 74329<\/a><a href=\"https:\/\/www.ub.edu\/ipoa\/wp-content\/uploads\/2021\/08\/20151AuOrArnaud.pdf\" class=\"wp-block-file__button\" download>Baixa<\/a><\/div>\n\n\n\n<div class=\"wp-block-file\"><a href=\"https:\/\/www.ub.edu\/ipoa\/wp-content\/uploads\/2021\/08\/20151AuOrBock.pdf\"><strong>B\u00f6ck, B.<\/strong> Shaping Texts and Text Genres: On the Drug Lore of Babylonian Practitioners of Medicine<\/a><a href=\"https:\/\/www.ub.edu\/ipoa\/wp-content\/uploads\/2021\/08\/20151AuOrBock.pdf\" class=\"wp-block-file__button\" download>Baixa<\/a><\/div>\n\n\n\n<div class=\"wp-block-file\"><a href=\"https:\/\/www.ub.edu\/ipoa\/wp-content\/uploads\/2021\/08\/20151AuOrBojowald.pdf\"><strong>Bojowald, S<\/strong>. Neue Beispiele f\u00fcr den \u00e4gyptischen Ausfall von \u201e <em>\u021d<\/em> \u201c zu Beginn des Wortes<\/a><a href=\"https:\/\/www.ub.edu\/ipoa\/wp-content\/uploads\/2021\/08\/20151AuOrBojowald.pdf\" class=\"wp-block-file__button\" download>Baixa<\/a><\/div>\n\n\n\n<div class=\"wp-block-file\"><a href=\"https:\/\/www.ub.edu\/ipoa\/wp-content\/uploads\/2021\/08\/20151AuOrGayubas.pdf\"><strong>Gayubas, A. <\/strong>Warfare and Social Change in Non-State Societies of the Predynastic Nile Valley<\/a><a href=\"https:\/\/www.ub.edu\/ipoa\/wp-content\/uploads\/2021\/08\/20151AuOrGayubas.pdf\" class=\"wp-block-file__button\" download>Baixa<\/a><\/div>\n\n\n\n<div class=\"wp-block-file\"><a href=\"https:\/\/www.ub.edu\/ipoa\/wp-content\/uploads\/2021\/08\/20151AuOrMarquez.pdf\"><strong>M\u00e1quez Rowe, I.<\/strong> Water of labour? A Note on the Story of \u2018Sin and the Cow\u2019<\/a><a href=\"https:\/\/www.ub.edu\/ipoa\/wp-content\/uploads\/2021\/08\/20151AuOrMarquez.pdf\" class=\"wp-block-file__button\" download>Baixa<\/a><\/div>\n\n\n\n<div class=\"wp-block-file\"><a href=\"https:\/\/www.ub.edu\/ipoa\/wp-content\/uploads\/2021\/08\/20151AuOrPadro.pdf\"><strong>Padr\u00f3, J.<\/strong> Grabados rupestres in\u00e9ditos de Masmas, Baja Nubia (Egipto)<\/a><a href=\"https:\/\/www.ub.edu\/ipoa\/wp-content\/uploads\/2021\/08\/20151AuOrPadro.pdf\" class=\"wp-block-file__button\" download>Baixa<\/a><\/div>\n\n\n\n<div class=\"wp-block-file\"><a href=\"https:\/\/www.ub.edu\/ipoa\/wp-content\/uploads\/2021\/08\/20151AuOrPeterson.pdf\"><strong>Peterson , J.<\/strong> An Archive of Simple Ledgers Featuring the e<sub>2<\/sub>  um-mi-a(k), \u201cHouse of the Master,\u201d at Old Babylonian Nippur: The Daily Rosters of a Scribal School?<\/a><a href=\"https:\/\/www.ub.edu\/ipoa\/wp-content\/uploads\/2021\/08\/20151AuOrPeterson.pdf\" class=\"wp-block-file__button\" download>Baixa<\/a><\/div>\n\n\n\n<div class=\"wp-block-file\"><a href=\"https:\/\/www.ub.edu\/ipoa\/wp-content\/uploads\/2021\/08\/20151AuOrPiquero.pdf\"><strong>Piquero, J. <\/strong>Mic\u00e9nico pa-ra-ku-we y telas pa-ra-ku-ja: una nueva etimolog\u00eda en el contexto del Oriente Pr\u00f3ximo<\/a><a href=\"https:\/\/www.ub.edu\/ipoa\/wp-content\/uploads\/2021\/08\/20151AuOrPiquero.pdf\" class=\"wp-block-file__button\" download>Baixa<\/a><\/div>\n\n\n\n<div class=\"wp-block-file\"><a href=\"https:\/\/www.ub.edu\/ipoa\/wp-content\/uploads\/2021\/08\/20151AuOrSideltsev.pdf\"><strong>Sideltsev, A.<\/strong> Syntax of Hittite m\u0101n \u201cif \/ when\u201d<\/a><a href=\"https:\/\/www.ub.edu\/ipoa\/wp-content\/uploads\/2021\/08\/20151AuOrSideltsev.pdf\" class=\"wp-block-file__button\" download>Baixa<\/a><\/div>\n\n\n\n<div class=\"wp-block-file\"><a href=\"https:\/\/www.ub.edu\/ipoa\/wp-content\/uploads\/2021\/08\/20151AuOrSimko.pdf\"><strong>Simk\u00f3, K. <\/strong>Emery abrasive in the lapidary craft of the Ur III period? Some further remarks on the stone \u00fa-na<sub>4<\/sub>-gug and its Old Babylonian counterpart<\/a><a href=\"https:\/\/www.ub.edu\/ipoa\/wp-content\/uploads\/2021\/08\/20151AuOrSimko.pdf\" class=\"wp-block-file__button\" download>Baixa<\/a><\/div>\n\n\n\n<div class=\"wp-block-file\"><a href=\"https:\/\/www.ub.edu\/ipoa\/wp-content\/uploads\/2021\/08\/20151AuOrXBoletinBib.pdf\"><strong>Bolet\u00edn Bibliogr\u00e1fico<\/strong>.<\/a><a href=\"https:\/\/www.ub.edu\/ipoa\/wp-content\/uploads\/2021\/08\/20151AuOrXBoletinBib.pdf\" class=\"wp-block-file__button\" download>Baixa<\/a><\/div>\n\n\n\n<div class=\"wp-block-file\"><a href=\"https:\/\/www.ub.edu\/ipoa\/wp-content\/uploads\/2021\/08\/20151AuOrXNotas.pdf\"><strong>Notas.<\/strong><\/a><a href=\"https:\/\/www.ub.edu\/ipoa\/wp-content\/uploads\/2021\/08\/20151AuOrXNotas.pdf\" class=\"wp-block-file__button\" download>Baixa<\/a><\/div>\n\n\n\n<div class=\"wp-block-file\"><a href=\"https:\/\/www.ub.edu\/ipoa\/wp-content\/uploads\/2021\/08\/20151AuOrXRecensiones.pdf\"><strong>Recensiones.<\/strong><\/a><a href=\"https:\/\/www.ub.edu\/ipoa\/wp-content\/uploads\/2021\/08\/20151AuOrXRecensiones.pdf\" class=\"wp-block-file__button\" download>Baixa<\/a><\/div>\n\n\n\n<p><\/p>\n","protected":false},"excerpt":{"rendered":"<p>Aula Orientalis 33 (2015) vol. 1<\/p>\n","protected":false},"author":1,"featured_media":0,"parent":115,"menu_order":0,"comment_status":"closed","ping_status":"closed","template":"page-templates\/fullwidth.php","meta":{"footnotes":""},"_links":{"self":[{"href":"https:\/\/www.ub.edu\/ipoa\/wp-json\/wp\/v2\/pages\/1073"}],"collection":[{"href":"https:\/\/www.ub.edu\/ipoa\/wp-json\/wp\/v2\/pages"}],"about":[{"href":"https:\/\/www.ub.edu\/ipoa\/wp-json\/wp\/v2\/types\/page"}],"author":[{"embeddable":true,"href":"https:\/\/www.ub.edu\/ipoa\/wp-json\/wp\/v2\/users\/1"}],"replies":[{"embeddable":true,"href":"https:\/\/www.ub.edu\/ipoa\/wp-json\/wp\/v2\/comments?post=1073"}],"version-history":[{"count":3,"href":"https:\/\/www.ub.edu\/ipoa\/wp-json\/wp\/v2\/pages\/1073\/revisions"}],"predecessor-version":[{"id":1116,"href":"https:\/\/www.ub.edu\/ipoa\/wp-json\/wp\/v2\/pages\/1073\/revisions\/1116"}],"up":[{"embeddable":true,"href":"https:\/\/www.ub.edu\/ipoa\/wp-json\/wp\/v2\/pages\/115"}],"wp:attachment":[{"href":"https:\/\/www.ub.edu\/ipoa\/wp-json\/wp\/v2\/media?parent=1073"}],"curies":[{"name":"wp","href":"https:\/\/api.w.org\/{rel}","templated":true}]}}