{"id":1138,"date":"2021-08-13T17:30:25","date_gmt":"2021-08-13T15:30:25","guid":{"rendered":"https:\/\/www.ub.edu\/ipoa\/?page_id=1138"},"modified":"2021-08-13T17:30:26","modified_gmt":"2021-08-13T15:30:26","slug":"au-or-2014-321","status":"publish","type":"page","link":"https:\/\/www.ub.edu\/ipoa\/aula-orientalis\/au-or-2014-321\/","title":{"rendered":"Au Or 2014 32,1"},"content":{"rendered":"\n<figure class=\"wp-block-pullquote\"><blockquote class=\"has-text-color\" style=\"color:#0071a1\"><p><strong>Aula Orientalis 32 (2014) vol. 1<\/strong><\/p><\/blockquote><\/figure>\n\n\n\n<div class=\"wp-block-file\"><a href=\"https:\/\/www.ub.edu\/ipoa\/wp-content\/uploads\/2021\/08\/20141AuOr00Index.pdf\"> <strong>\u00cdndice<\/strong> <strong>Volumen XXXII\/1<\/strong> <\/a><a href=\"https:\/\/www.ub.edu\/ipoa\/wp-content\/uploads\/2021\/08\/20141AuOr00Index.pdf\" class=\"wp-block-file__button\" download>Baixa<\/a><\/div>\n\n\n\n<div class=\"wp-block-file\"><a href=\"https:\/\/www.ub.edu\/ipoa\/wp-content\/uploads\/2021\/08\/20141AuOrBaque.pdf\"><strong>Baqu\u00e9-Manzano, L. <\/strong>On Cobras and Centipedes: PT 379, PT 392 and PT 399<\/a><a href=\"https:\/\/www.ub.edu\/ipoa\/wp-content\/uploads\/2021\/08\/20141AuOrBaque.pdf\" class=\"wp-block-file__button\" download>Baixa<\/a><\/div>\n\n\n\n<div class=\"wp-block-file\"><a href=\"https:\/\/www.ub.edu\/ipoa\/wp-content\/uploads\/2021\/08\/20141AuOrBaranowsky.pdf\"><strong>Baranowski, K.J. <\/strong>Amarna Letter no. 255 as Diplomatic Correspondence: A New Interpretation<\/a><a href=\"https:\/\/www.ub.edu\/ipoa\/wp-content\/uploads\/2021\/08\/20141AuOrBaranowsky.pdf\" class=\"wp-block-file__button\" download>Baixa<\/a><\/div>\n\n\n\n<div class=\"wp-block-file\"><a href=\"https:\/\/www.ub.edu\/ipoa\/wp-content\/uploads\/2021\/08\/20141AuOrBojowald1.pdf\"><strong>Bojowald, S.<\/strong> F\u00fcnf neue Beispiele f\u00fcr \u00e4gyptische Wortspiel mit \u201e<em>i<sup>c<\/sup>\u1e25<\/em>\u201c<\/a><a href=\"https:\/\/www.ub.edu\/ipoa\/wp-content\/uploads\/2021\/08\/20141AuOrBojowald1.pdf\" class=\"wp-block-file__button\" download>Baixa<\/a><\/div>\n\n\n\n<div class=\"wp-block-file\"><a href=\"https:\/\/www.ub.edu\/ipoa\/wp-content\/uploads\/2021\/08\/20141AuOrBojowald2.pdf\">B<strong>ojowald, S.<\/strong> Einige neue Bemerkungen zum \u00e4gyptischen Lautwandel zwischen \u201e<em><sup>c<\/sup><\/em> \u201c und \u201e\u015b\u201c<\/a><a href=\"https:\/\/www.ub.edu\/ipoa\/wp-content\/uploads\/2021\/08\/20141AuOrBojowald2.pdf\" class=\"wp-block-file__button\" download>Baixa<\/a><\/div>\n\n\n\n<div class=\"wp-block-file\"><a href=\"https:\/\/www.ub.edu\/ipoa\/wp-content\/uploads\/2021\/08\/20141AuOrBonanno.pdf\"><strong>Bonano, M. <\/strong>La significaci\u00f3n de la caverna de Sokar seg\u00fan la relaci\u00f3n Ra-Osiris en el Libro del Amduat<\/a><a href=\"https:\/\/www.ub.edu\/ipoa\/wp-content\/uploads\/2021\/08\/20141AuOrBonanno.pdf\" class=\"wp-block-file__button\" download>Baixa<\/a><\/div>\n\n\n\n<div class=\"wp-block-file\"><a href=\"https:\/\/www.ub.edu\/ipoa\/wp-content\/uploads\/2021\/08\/20141AuOrDelOlmo.pdf\"><strong>del Olmo Lete, G. <\/strong>Nominal Vowel Alternation and Apophony in Ugaritic along with Some Afterthoughts and a Bibliography on Internal Plural<\/a><a href=\"https:\/\/www.ub.edu\/ipoa\/wp-content\/uploads\/2021\/08\/20141AuOrDelOlmo.pdf\" class=\"wp-block-file__button\" download>Baixa<\/a><\/div>\n\n\n\n<div class=\"wp-block-file\"><a href=\"https:\/\/www.ub.edu\/ipoa\/wp-content\/uploads\/2021\/08\/20141AuOrElayi.pdf\"><strong>Elayi, J. &#8211; Voisin, J.F.<\/strong> Quelques pr\u00e9cisions sur le n\u0101\u1e2biru p\u00each\u00e9 au sud d\u2019Arwadi<\/a><a href=\"https:\/\/www.ub.edu\/ipoa\/wp-content\/uploads\/2021\/08\/20141AuOrElayi.pdf\" class=\"wp-block-file__button\" download>Baixa<\/a><\/div>\n\n\n\n<div class=\"wp-block-file\"><a href=\"https:\/\/www.ub.edu\/ipoa\/wp-content\/uploads\/2021\/08\/20141AuOrErmidoro.pdf\"><strong>Ermidoro, S.<\/strong> Food prohibition and dietary regulations in Ancient Mesopotamia<\/a><a href=\"https:\/\/www.ub.edu\/ipoa\/wp-content\/uploads\/2021\/08\/20141AuOrErmidoro.pdf\" class=\"wp-block-file__button\" download>Baixa<\/a><\/div>\n\n\n\n<div class=\"wp-block-file\"><a href=\"https:\/\/www.ub.edu\/ipoa\/wp-content\/uploads\/2021\/08\/20141AuOrMonferrer.pdf\"><strong>Monferrer-Sala, J.P.<\/strong> <em>Qab\u1e25u l-kal\u0101mi \u2026 \u02bbal\u0101 kal\u0101mi l-naba\u1e6d\u012b <\/em> Beduinos contra sedentarios sobre el uso de la lengua \u00e1rabe<\/a><a href=\"https:\/\/www.ub.edu\/ipoa\/wp-content\/uploads\/2021\/08\/20141AuOrMonferrer.pdf\" class=\"wp-block-file__button\" download>Baixa<\/a><\/div>\n\n\n\n<div class=\"wp-block-file\"><a href=\"https:\/\/www.ub.edu\/ipoa\/wp-content\/uploads\/2021\/08\/20141AuOrPadro.pdf\"><strong>Padr\u00f3, J. <\/strong>Apuntes sobre la religi\u00f3n de Oxirrinco en la baja \u00e9poca<\/a><a href=\"https:\/\/www.ub.edu\/ipoa\/wp-content\/uploads\/2021\/08\/20141AuOrPadro.pdf\" class=\"wp-block-file__button\" download>Baixa<\/a><\/div>\n\n\n\n<div class=\"wp-block-file\"><a href=\"https:\/\/www.ub.edu\/ipoa\/wp-content\/uploads\/2021\/08\/20141AuOrPirart.pdf\"><strong>Pirart, E. <\/strong>Le sens de l\u2019avestique <em>ha\u03b4aoxta-<\/em> et la raison du titre du <em>ha\u03b4aoxt nask<\/em><\/a><a href=\"https:\/\/www.ub.edu\/ipoa\/wp-content\/uploads\/2021\/08\/20141AuOrPirart.pdf\" class=\"wp-block-file__button\" download>Baixa<\/a><\/div>\n\n\n\n<div class=\"wp-block-file\"><a href=\"https:\/\/www.ub.edu\/ipoa\/wp-content\/uploads\/2021\/08\/20141AuOrSchmitz.pdf\"><strong>Schmitz,  P.C.<\/strong> Greek Words in Phoenician and Punic: Recently Identified Examples<\/a><a href=\"https:\/\/www.ub.edu\/ipoa\/wp-content\/uploads\/2021\/08\/20141AuOrSchmitz.pdf\" class=\"wp-block-file__button\" download>Baixa<\/a><\/div>\n\n\n\n<div class=\"wp-block-file\"><a href=\"https:\/\/www.ub.edu\/ipoa\/wp-content\/uploads\/2021\/08\/20141AuOrTakacs.pdf\"><strong>Tak\u00e1cs, G. <\/strong>Aegyptio-Afroasiatica XXVI<\/a><a href=\"https:\/\/www.ub.edu\/ipoa\/wp-content\/uploads\/2021\/08\/20141AuOrTakacs.pdf\" class=\"wp-block-file__button\" download>Baixa<\/a><\/div>\n\n\n\n<div class=\"wp-block-file\"><a href=\"https:\/\/www.ub.edu\/ipoa\/wp-content\/uploads\/2021\/08\/20141AuOrVidal.pdf\"><strong>Vidal, J. <\/strong>Julio Mart\u00ednez Santa-Olalla y la colecci\u00f3n de antig\u00fcedades mesopot\u00e1micas del <em>Seminario de Historia Primitiva del Hombre<\/em><\/a><a href=\"https:\/\/www.ub.edu\/ipoa\/wp-content\/uploads\/2021\/08\/20141AuOrVidal.pdf\" class=\"wp-block-file__button\" download>Baixa<\/a><\/div>\n\n\n\n<div class=\"wp-block-file\"><a href=\"https:\/\/www.ub.edu\/ipoa\/wp-content\/uploads\/2021\/08\/20141AuOrXNotas.pdf\"><strong>Notas.<\/strong><\/a><a href=\"https:\/\/www.ub.edu\/ipoa\/wp-content\/uploads\/2021\/08\/20141AuOrXNotas.pdf\" class=\"wp-block-file__button\" download>Baixa<\/a><\/div>\n\n\n\n<div class=\"wp-block-file\"><a href=\"https:\/\/www.ub.edu\/ipoa\/wp-content\/uploads\/2021\/08\/20141AuOrXRecensiones.pdf\"><strong>Recensiones.<\/strong><\/a><a href=\"https:\/\/www.ub.edu\/ipoa\/wp-content\/uploads\/2021\/08\/20141AuOrXRecensiones.pdf\" class=\"wp-block-file__button\" download>Baixa<\/a><\/div>\n\n\n\n<p><\/p>\n","protected":false},"excerpt":{"rendered":"<p>Aula Orientalis 32 (2014) vol. 1<\/p>\n","protected":false},"author":1,"featured_media":0,"parent":115,"menu_order":0,"comment_status":"closed","ping_status":"closed","template":"page-templates\/fullwidth.php","meta":{"footnotes":""},"_links":{"self":[{"href":"https:\/\/www.ub.edu\/ipoa\/wp-json\/wp\/v2\/pages\/1138"}],"collection":[{"href":"https:\/\/www.ub.edu\/ipoa\/wp-json\/wp\/v2\/pages"}],"about":[{"href":"https:\/\/www.ub.edu\/ipoa\/wp-json\/wp\/v2\/types\/page"}],"author":[{"embeddable":true,"href":"https:\/\/www.ub.edu\/ipoa\/wp-json\/wp\/v2\/users\/1"}],"replies":[{"embeddable":true,"href":"https:\/\/www.ub.edu\/ipoa\/wp-json\/wp\/v2\/comments?post=1138"}],"version-history":[{"count":3,"href":"https:\/\/www.ub.edu\/ipoa\/wp-json\/wp\/v2\/pages\/1138\/revisions"}],"predecessor-version":[{"id":1144,"href":"https:\/\/www.ub.edu\/ipoa\/wp-json\/wp\/v2\/pages\/1138\/revisions\/1144"}],"up":[{"embeddable":true,"href":"https:\/\/www.ub.edu\/ipoa\/wp-json\/wp\/v2\/pages\/115"}],"wp:attachment":[{"href":"https:\/\/www.ub.edu\/ipoa\/wp-json\/wp\/v2\/media?parent=1138"}],"curies":[{"name":"wp","href":"https:\/\/api.w.org\/{rel}","templated":true}]}}