{"id":1222,"date":"2021-08-16T13:16:23","date_gmt":"2021-08-16T11:16:23","guid":{"rendered":"https:\/\/www.ub.edu\/ipoa\/?page_id=1222"},"modified":"2021-08-16T13:16:24","modified_gmt":"2021-08-16T11:16:24","slug":"au-or-2012-301","status":"publish","type":"page","link":"https:\/\/www.ub.edu\/ipoa\/aula-orientalis\/au-or-2012-301\/","title":{"rendered":"Au Or 2012 30,1"},"content":{"rendered":"\n<figure class=\"wp-block-pullquote\"><blockquote class=\"has-text-color\" style=\"color:#0071a1\"><p><strong>Aula Orientalis 30 (2012) vol. 1<\/strong><\/p><\/blockquote><\/figure>\n\n\n\n<div class=\"wp-block-file\"><a href=\"https:\/\/www.ub.edu\/ipoa\/wp-content\/uploads\/2021\/08\/20121AuOr00Index.pdf\"><strong>\u00cdndice Volumen XXX\/1<\/strong><\/a><a href=\"https:\/\/www.ub.edu\/ipoa\/wp-content\/uploads\/2021\/08\/20121AuOr00Index.pdf\" class=\"wp-block-file__button\" download>Baixa<\/a><\/div>\n\n\n\n<div class=\"wp-block-file\"><a href=\"https:\/\/www.ub.edu\/ipoa\/wp-content\/uploads\/2021\/08\/20121AuOrDelOlmo.pdf\"><strong>Del Olmo Lete, G.<\/strong> Los caballos de Ugarit. Un estudio lexicogr\u00e1fico <em>(\u1e63md(m), \u1e25r\u1e63, a\u1e25d(m)<\/em>), pp. 5-16<\/a><a href=\"https:\/\/www.ub.edu\/ipoa\/wp-content\/uploads\/2021\/08\/20121AuOrDelOlmo.pdf\" class=\"wp-block-file__button\" download>Baixa<\/a><\/div>\n\n\n\n<div class=\"wp-block-file\"><a href=\"https:\/\/www.ub.edu\/ipoa\/wp-content\/uploads\/2021\/08\/20121AuOrMangado.pdf\"><strong>Mangrado, Maria Luz, et al.<\/strong> Estudio tomogr\u00e1fico en momias egipcias de animales, pp. 17-28<\/a><a href=\"https:\/\/www.ub.edu\/ipoa\/wp-content\/uploads\/2021\/08\/20121AuOrMangado.pdf\" class=\"wp-block-file__button\" download>Baixa<\/a><\/div>\n\n\n\n<div class=\"wp-block-file\"><a href=\"https:\/\/www.ub.edu\/ipoa\/wp-content\/uploads\/2021\/08\/20121AuOrPirart.pdf\"><strong>Pirart, E.<\/strong> Les Trois Nuits dans le <em>V\u012bda\u0113uu-d\u0101t<\/em>, pp. 29-54. <\/a><a href=\"https:\/\/www.ub.edu\/ipoa\/wp-content\/uploads\/2021\/08\/20121AuOrPirart.pdf\" class=\"wp-block-file__button\" download>Baixa<\/a><\/div>\n\n\n\n<div class=\"wp-block-file\"><a href=\"https:\/\/www.ub.edu\/ipoa\/wp-content\/uploads\/2021\/08\/20121AuOrRahmuni.pdf\"><strong>Rahmouni, A. <\/strong>The Epithets of the <em>K\u00f4\u1e6far\u0101tu<\/em> Goddeses at Ugarit, pp. 55-74<\/a><a href=\"https:\/\/www.ub.edu\/ipoa\/wp-content\/uploads\/2021\/08\/20121AuOrRahmuni.pdf\" class=\"wp-block-file__button\" download>Baixa<\/a><\/div>\n\n\n\n<div class=\"wp-block-file\"><a href=\"https:\/\/www.ub.edu\/ipoa\/wp-content\/uploads\/2021\/08\/20121AuOrTakacs.pdf\"><strong>Tak\u00e1cs, G.<\/strong> Afroasiatica XII, pp. 75-110<\/a><a href=\"https:\/\/www.ub.edu\/ipoa\/wp-content\/uploads\/2021\/08\/20121AuOrTakacs.pdf\" class=\"wp-block-file__button\" download>Baixa<\/a><\/div>\n\n\n\n<div class=\"wp-block-file\"><a href=\"https:\/\/www.ub.edu\/ipoa\/wp-content\/uploads\/2021\/08\/20131AuOrPirart.pdf\"><strong>Pirart, E.<\/strong> Genealog\u00eda de los primeros KAVI<\/a><a href=\"https:\/\/www.ub.edu\/ipoa\/wp-content\/uploads\/2021\/08\/20131AuOrPirart.pdf\" class=\"wp-block-file__button\" download>Baixa<\/a><\/div>\n\n\n\n<div class=\"wp-block-file\"><a href=\"https:\/\/www.ub.edu\/ipoa\/wp-content\/uploads\/2021\/08\/20121AuOrViano.pdf\"><strong>Maurizio, V.<\/strong> The Economy of Emar II. Real estate sale contracts, pp. 111-166<\/a><a href=\"https:\/\/www.ub.edu\/ipoa\/wp-content\/uploads\/2021\/08\/20121AuOrViano.pdf\" class=\"wp-block-file__button\" download>Baixa<\/a><\/div>\n\n\n\n<div class=\"wp-block-file\"><a href=\"https:\/\/www.ub.edu\/ipoa\/wp-content\/uploads\/2021\/08\/20121AuOrXArtRecension.pdf\"><strong>Art\u00edculos Recensi\u00f3n<\/strong>: <br>&#8211; <strong>Dardano, P.<\/strong> Miscellanea Anatolica, pp. 167-178<br>&#8211; <strong>Padr\u00f3, J.<\/strong> La ciudad del pez de nariz puntiaguda, pp. 179-186<\/a><a href=\"https:\/\/www.ub.edu\/ipoa\/wp-content\/uploads\/2021\/08\/20121AuOrXArtRecension.pdf\" class=\"wp-block-file__button\" download>Baixa<\/a><\/div>\n\n\n\n<div class=\"wp-block-file\"><a href=\"https:\/\/www.ub.edu\/ipoa\/wp-content\/uploads\/2021\/08\/20121AuOrXNotas.pdf\"><strong>Notas.<\/strong><\/a><a href=\"https:\/\/www.ub.edu\/ipoa\/wp-content\/uploads\/2021\/08\/20121AuOrXNotas.pdf\" class=\"wp-block-file__button\" download>Baixa<\/a><\/div>\n\n\n\n<div class=\"wp-block-file\"><a href=\"https:\/\/www.ub.edu\/ipoa\/wp-content\/uploads\/2021\/08\/20121AuOrXRecensiones.pdf\"><strong>Recensiones.<\/strong><\/a><a href=\"https:\/\/www.ub.edu\/ipoa\/wp-content\/uploads\/2021\/08\/20121AuOrXRecensiones.pdf\" class=\"wp-block-file__button\" download>Baixa<\/a><\/div>\n\n\n\n<p><\/p>\n","protected":false},"excerpt":{"rendered":"<p>Aula Orientalis 30 (2012) vol. 1<\/p>\n","protected":false},"author":1,"featured_media":0,"parent":115,"menu_order":0,"comment_status":"closed","ping_status":"closed","template":"page-templates\/fullwidth.php","meta":{"footnotes":""},"_links":{"self":[{"href":"https:\/\/www.ub.edu\/ipoa\/wp-json\/wp\/v2\/pages\/1222"}],"collection":[{"href":"https:\/\/www.ub.edu\/ipoa\/wp-json\/wp\/v2\/pages"}],"about":[{"href":"https:\/\/www.ub.edu\/ipoa\/wp-json\/wp\/v2\/types\/page"}],"author":[{"embeddable":true,"href":"https:\/\/www.ub.edu\/ipoa\/wp-json\/wp\/v2\/users\/1"}],"replies":[{"embeddable":true,"href":"https:\/\/www.ub.edu\/ipoa\/wp-json\/wp\/v2\/comments?post=1222"}],"version-history":[{"count":2,"href":"https:\/\/www.ub.edu\/ipoa\/wp-json\/wp\/v2\/pages\/1222\/revisions"}],"predecessor-version":[{"id":1235,"href":"https:\/\/www.ub.edu\/ipoa\/wp-json\/wp\/v2\/pages\/1222\/revisions\/1235"}],"up":[{"embeddable":true,"href":"https:\/\/www.ub.edu\/ipoa\/wp-json\/wp\/v2\/pages\/115"}],"wp:attachment":[{"href":"https:\/\/www.ub.edu\/ipoa\/wp-json\/wp\/v2\/media?parent=1222"}],"curies":[{"name":"wp","href":"https:\/\/api.w.org\/{rel}","templated":true}]}}