{"id":1253,"date":"2021-08-18T18:23:18","date_gmt":"2021-08-18T16:23:18","guid":{"rendered":"https:\/\/www.ub.edu\/ipoa\/?page_id=1253"},"modified":"2021-08-18T18:23:19","modified_gmt":"2021-08-18T16:23:19","slug":"au-or-2012-302","status":"publish","type":"page","link":"https:\/\/www.ub.edu\/ipoa\/aula-orientalis\/au-or-2012-302\/","title":{"rendered":"Au Or 2012 30,2"},"content":{"rendered":"\n<figure class=\"wp-block-pullquote\"><blockquote class=\"has-text-color\" style=\"color:#0071a1\"><p><strong>Aula Orientalis 30 (2012) vol. <\/strong>2<\/p><\/blockquote><\/figure>\n\n\n\n<div class=\"wp-block-file\"><a href=\"https:\/\/www.ub.edu\/ipoa\/wp-content\/uploads\/2021\/08\/20122AuOr00Index.pdf\"><strong>\u00cdndice Volumen XXX\/2<\/strong><\/a><a href=\"https:\/\/www.ub.edu\/ipoa\/wp-content\/uploads\/2021\/08\/20122AuOr00Index.pdf\" class=\"wp-block-file__button\" download>Baixa<\/a><\/div>\n\n\n\n<div class=\"wp-block-file\"><a href=\"https:\/\/www.ub.edu\/ipoa\/wp-content\/uploads\/2021\/08\/20122AuOrAbdel-Rahman.pdf\"><strong>Abdel-Rahman A.<\/strong> A unique stela from the Fayoum in the Egyptian Museum pp. 211-220<\/a><a href=\"https:\/\/www.ub.edu\/ipoa\/wp-content\/uploads\/2021\/08\/20122AuOrAbdel-Rahman.pdf\" class=\"wp-block-file__button\" download>Baixa<\/a><\/div>\n\n\n\n<div class=\"wp-block-file\"><a href=\"https:\/\/www.ub.edu\/ipoa\/wp-content\/uploads\/2021\/08\/20122AuOrArnaud.pdf\"><strong>Arnaud, D. <\/strong>Contribution \u00e0 l\u2019\u00e9tude des lettres m\u00e9dio-babyloniennes de Nippur: graphies, ponctuation, stylistique<br>pp. 221-242<\/a><a href=\"https:\/\/www.ub.edu\/ipoa\/wp-content\/uploads\/2021\/08\/20122AuOrArnaud.pdf\" class=\"wp-block-file__button\" download>Baixa<\/a><\/div>\n\n\n\n<div class=\"wp-block-file\"><a href=\"https:\/\/www.ub.edu\/ipoa\/wp-content\/uploads\/2021\/08\/20122AuOrBosch.pdf\"><strong>Bosch Puche, F. <\/strong>Alejandro Magno y los cultos a animales sagrados en Egipto, pp. 243-278<\/a><a href=\"https:\/\/www.ub.edu\/ipoa\/wp-content\/uploads\/2021\/08\/20122AuOrBosch.pdf\" class=\"wp-block-file__button\" download>Baixa<\/a><\/div>\n\n\n\n<div class=\"wp-block-file\"><a href=\"https:\/\/www.ub.edu\/ipoa\/wp-content\/uploads\/2021\/08\/20122AuOrGaja.pdf\"><strong>Gaja, R. <\/strong>La belleza del rostro amado en los Ghazales de Hafez, pp. 279-288<\/a><a href=\"https:\/\/www.ub.edu\/ipoa\/wp-content\/uploads\/2021\/08\/20122AuOrGaja.pdf\" class=\"wp-block-file__button\" download>Baixa<\/a><\/div>\n\n\n\n<div class=\"wp-block-file\"><a href=\"https:\/\/www.ub.edu\/ipoa\/wp-content\/uploads\/2021\/08\/20122AuOrLlop.pdf\"><strong>Llop, J.<\/strong>  Middle Assyrian Letters: a New Survey pp. 289-306<\/a><a href=\"https:\/\/www.ub.edu\/ipoa\/wp-content\/uploads\/2021\/08\/20122AuOrLlop.pdf\" class=\"wp-block-file__button\" download>Baixa<\/a><\/div>\n\n\n\n<div class=\"wp-block-file\"><a href=\"https:\/\/www.ub.edu\/ipoa\/wp-content\/uploads\/2021\/08\/20131AuOrPirart.pdf\"><strong><strong>Mangado Alonso<\/strong>, M.L. <\/strong>Estudio Radiol\u00f3gico y tomogr\u00e1fico de Momias Egipcias de Animales del Museo B\u00edblico de Tarragona, pp. 307-318<\/a><a href=\"https:\/\/www.ub.edu\/ipoa\/wp-content\/uploads\/2021\/08\/20131AuOrPirart.pdf\" class=\"wp-block-file__button\" download>Baixa<\/a><\/div>\n\n\n\n<div class=\"wp-block-file\"><a href=\"https:\/\/www.ub.edu\/ipoa\/wp-content\/uploads\/2021\/08\/20122AuOrWatson.pdf\"><strong>Watson, W.G.E.<\/strong> Ugaritic Onomastics (8), pp. 319-348<\/a><a href=\"https:\/\/www.ub.edu\/ipoa\/wp-content\/uploads\/2021\/08\/20122AuOrWatson.pdf\" class=\"wp-block-file__button\" download>Baixa<\/a><\/div>\n\n\n\n<div class=\"wp-block-file\"><a href=\"https:\/\/www.ub.edu\/ipoa\/wp-content\/uploads\/2021\/08\/20122AuOrXArtRecension.pdf\"><strong>Art\u00edculos Recensi\u00f3n:<\/strong><br>&#8211; <strong>Belmonte Mar\u00edn, J.A.<\/strong> La etapa persa de la ciudad de Tiro a trav\u00e9s de sus acu\u00f1aciones monetarias, pp. 349-354<br>&#8211; <strong>Diego Espinel, A. <\/strong>Egypt in the Eastern Mediterranean in Archaeological Perspective, pp.355-368<\/a><a href=\"https:\/\/www.ub.edu\/ipoa\/wp-content\/uploads\/2021\/08\/20122AuOrXArtRecension.pdf\" class=\"wp-block-file__button\" download>Baixa<\/a><\/div>\n\n\n\n<div class=\"wp-block-file\"><a href=\"https:\/\/www.ub.edu\/ipoa\/wp-content\/uploads\/2021\/08\/20122AuOrXNotas.pdf\"><strong>Notas.<\/strong><\/a><a href=\"https:\/\/www.ub.edu\/ipoa\/wp-content\/uploads\/2021\/08\/20122AuOrXNotas.pdf\" class=\"wp-block-file__button\" download>Baixa<\/a><\/div>\n\n\n\n<div class=\"wp-block-file\"><a href=\"https:\/\/www.ub.edu\/ipoa\/wp-content\/uploads\/2021\/08\/20122AuOrXRecensiones.pdf\"><strong>Recensiones.<\/strong><\/a><a href=\"https:\/\/www.ub.edu\/ipoa\/wp-content\/uploads\/2021\/08\/20122AuOrXRecensiones.pdf\" class=\"wp-block-file__button\" download>Baixa<\/a><\/div>\n\n\n\n<div class=\"wp-block-file\"><a href=\"https:\/\/www.ub.edu\/ipoa\/wp-content\/uploads\/2021\/08\/20122AuOrXNotBIB.pdf\"><strong>Noticia bibliogr\u00e1fica<\/strong>.<\/a><a href=\"https:\/\/www.ub.edu\/ipoa\/wp-content\/uploads\/2021\/08\/20122AuOrXNotBIB.pdf\" class=\"wp-block-file__button\" download>Baixa<\/a><\/div>\n\n\n\n<div class=\"wp-block-file\"><a href=\"https:\/\/www.ub.edu\/ipoa\/wp-content\/uploads\/2021\/08\/20122AuOrXLibRecibidos.pdf\"><strong>Libros recibidos<\/strong>.<\/a><a href=\"https:\/\/www.ub.edu\/ipoa\/wp-content\/uploads\/2021\/08\/20122AuOrXLibRecibidos.pdf\" class=\"wp-block-file__button\" download>Baixa<\/a><\/div>\n\n\n\n<div class=\"wp-block-file\"><a href=\"https:\/\/www.ub.edu\/ipoa\/wp-content\/uploads\/2021\/08\/20122AuOrXIndices.pdf\"><strong>\u00cdndice.<\/strong><\/a><a href=\"https:\/\/www.ub.edu\/ipoa\/wp-content\/uploads\/2021\/08\/20122AuOrXIndices.pdf\" class=\"wp-block-file__button\" download>Baixa<\/a><\/div>\n\n\n\n<p><\/p>\n","protected":false},"excerpt":{"rendered":"<p>Aula Orientalis 30 (2012) vol. 2<\/p>\n","protected":false},"author":1,"featured_media":0,"parent":115,"menu_order":0,"comment_status":"closed","ping_status":"closed","template":"page-templates\/fullwidth.php","meta":{"footnotes":""},"_links":{"self":[{"href":"https:\/\/www.ub.edu\/ipoa\/wp-json\/wp\/v2\/pages\/1253"}],"collection":[{"href":"https:\/\/www.ub.edu\/ipoa\/wp-json\/wp\/v2\/pages"}],"about":[{"href":"https:\/\/www.ub.edu\/ipoa\/wp-json\/wp\/v2\/types\/page"}],"author":[{"embeddable":true,"href":"https:\/\/www.ub.edu\/ipoa\/wp-json\/wp\/v2\/users\/1"}],"replies":[{"embeddable":true,"href":"https:\/\/www.ub.edu\/ipoa\/wp-json\/wp\/v2\/comments?post=1253"}],"version-history":[{"count":1,"href":"https:\/\/www.ub.edu\/ipoa\/wp-json\/wp\/v2\/pages\/1253\/revisions"}],"predecessor-version":[{"id":1255,"href":"https:\/\/www.ub.edu\/ipoa\/wp-json\/wp\/v2\/pages\/1253\/revisions\/1255"}],"up":[{"embeddable":true,"href":"https:\/\/www.ub.edu\/ipoa\/wp-json\/wp\/v2\/pages\/115"}],"wp:attachment":[{"href":"https:\/\/www.ub.edu\/ipoa\/wp-json\/wp\/v2\/media?parent=1253"}],"curies":[{"name":"wp","href":"https:\/\/api.w.org\/{rel}","templated":true}]}}