{"id":1626,"date":"2021-09-28T11:52:47","date_gmt":"2021-09-28T09:52:47","guid":{"rendered":"https:\/\/www.ub.edu\/ipoa\/?page_id=1626"},"modified":"2021-09-28T11:52:48","modified_gmt":"2021-09-28T09:52:48","slug":"au-or-2001-191","status":"publish","type":"page","link":"https:\/\/www.ub.edu\/ipoa\/aula-orientalis\/au-or-2001-191\/","title":{"rendered":"Au Or 2001 19,1"},"content":{"rendered":"\n<figure class=\"wp-block-pullquote\"><blockquote class=\"has-text-color\" style=\"color:#0071a1\"><p><strong>Aula Orientalis 19 (2001) vol. 1<\/strong><\/p><\/blockquote><\/figure>\n\n\n\n<div class=\"wp-block-file\"><a href=\"https:\/\/www.ub.edu\/ipoa\/wp-content\/uploads\/2021\/09\/20011AuOr00Index.pdf\"><strong>\u00cdndice Volumen XIX\/1<\/strong><\/a><a href=\"https:\/\/www.ub.edu\/ipoa\/wp-content\/uploads\/2021\/09\/20011AuOr00Index.pdf\" class=\"wp-block-file__button\" download>Baixa<\/a><\/div>\n\n\n\n<div class=\"wp-block-file\"><a href=\"https:\/\/www.ub.edu\/ipoa\/wp-content\/uploads\/2021\/09\/20011AuOrBodega.pdf\"><strong>Bodega Barahona, F.<\/strong> Sistemas de masas en Ugarit, pp.5-21<\/a><a href=\"https:\/\/www.ub.edu\/ipoa\/wp-content\/uploads\/2021\/09\/20011AuOrBodega.pdf\" class=\"wp-block-file__button\" download>Baixa<\/a><\/div>\n\n\n\n<div class=\"wp-block-file\"><a href=\"https:\/\/www.ub.edu\/ipoa\/wp-content\/uploads\/2021\/09\/20011AuOrMontero.pdf\"><strong>Fenoll\u00f3s, M.<\/strong> Des m\u00e9taux pour l&#8217;Au-del\u00e0 dans les n\u00e9cropoles de la Syrie ancienne: le cas de Tell &#8216;Amarna, pp. 23-46<\/a><a href=\"https:\/\/www.ub.edu\/ipoa\/wp-content\/uploads\/2021\/09\/20011AuOrMontero.pdf\" class=\"wp-block-file__button\" download>Baixa<\/a><\/div>\n\n\n\n<div class=\"wp-block-file\"><a href=\"https:\/\/www.ub.edu\/ipoa\/wp-content\/uploads\/2021\/09\/20011AuOrPomponio.pdf\"><strong>Pomponio, F. <\/strong>Due tavolette di messaggeri da Umma, pp. 47-52<\/a><a href=\"https:\/\/www.ub.edu\/ipoa\/wp-content\/uploads\/2021\/09\/20011AuOrPomponio.pdf\" class=\"wp-block-file__button\" download>Baixa<\/a><\/div>\n\n\n\n<div class=\"wp-block-file\"><a href=\"https:\/\/www.ub.edu\/ipoa\/wp-content\/uploads\/2021\/09\/20011AuOrSchneider.pdf\"><strong>Schneider, M.<\/strong> Points communs aux st\u00e8les fun\u00e9raires musulmanes du Higaz et des \u00eeles Dahlak (Mer Rouge), pp. 53-78<\/a><a href=\"https:\/\/www.ub.edu\/ipoa\/wp-content\/uploads\/2021\/09\/20011AuOrSchneider.pdf\" class=\"wp-block-file__button\" download>Baixa<\/a><\/div>\n\n\n\n<div class=\"wp-block-file\"><a href=\"https:\/\/www.ub.edu\/ipoa\/wp-content\/uploads\/2021\/09\/20011AuOrSerrano.pdf\"><strong>Serrano Delgado, J. M.<\/strong>Un escaraboide con el Cap\u00edtulo XXXB del Libro de los muertos, pp. 79-86<\/a><a href=\"https:\/\/www.ub.edu\/ipoa\/wp-content\/uploads\/2021\/09\/20011AuOrSerrano.pdf\" class=\"wp-block-file__button\" download>Baixa<\/a><\/div>\n\n\n\n<div class=\"wp-block-file\"><a href=\"https:\/\/www.ub.edu\/ipoa\/wp-content\/uploads\/2021\/09\/20011AuOrSuch.pdf\"><strong>Such-Guti\u00e9rrez, M. <\/strong>Die Prinzessin Mei\u0161taran, pp. 87-108<\/a><a href=\"https:\/\/www.ub.edu\/ipoa\/wp-content\/uploads\/2021\/09\/20011AuOrSuch.pdf\" class=\"wp-block-file__button\" download>Baixa<\/a><\/div>\n\n\n\n<div class=\"wp-block-file\"><a href=\"https:\/\/www.ub.edu\/ipoa\/wp-content\/uploads\/2021\/09\/20011AuOrWatson.pdf\"><strong>Watson, W. G. E.<\/strong> The lexical aspect of Ugaritic toponyms, pp. 109-123<\/a><a href=\"https:\/\/www.ub.edu\/ipoa\/wp-content\/uploads\/2021\/09\/20011AuOrWatson.pdf\" class=\"wp-block-file__button\" download>Baixa<\/a><\/div>\n\n\n\n<div class=\"wp-block-file\"><a href=\"https:\/\/www.ub.edu\/ipoa\/wp-content\/uploads\/2021\/09\/20011AuOrXArtRec.pdf\"><strong>ART\u00cdCULO RECENSI\u00d3N<\/strong><br><strong>Del Olmo Lete, G.<\/strong> In search of the Canaanite Lucifer, pp. 125-132<\/a><a href=\"https:\/\/www.ub.edu\/ipoa\/wp-content\/uploads\/2021\/09\/20011AuOrXArtRec.pdf\" class=\"wp-block-file__button\" download>Baixa<\/a><\/div>\n\n\n\n<div class=\"wp-block-file\"><a href=\"https:\/\/www.ub.edu\/ipoa\/wp-content\/uploads\/2021\/09\/20011AuOrXNotas.pdf\"><strong>Notas<\/strong><\/a><a href=\"https:\/\/www.ub.edu\/ipoa\/wp-content\/uploads\/2021\/09\/20011AuOrXNotas.pdf\" class=\"wp-block-file__button\" download>Baixa<\/a><\/div>\n\n\n\n<div class=\"wp-block-file\"><a href=\"https:\/\/www.ub.edu\/ipoa\/wp-content\/uploads\/2021\/09\/20011AuOrXRecensiones.pdf\"><strong>Recensiones<\/strong><\/a><a href=\"https:\/\/www.ub.edu\/ipoa\/wp-content\/uploads\/2021\/09\/20011AuOrXRecensiones.pdf\" class=\"wp-block-file__button\" download>Baixa<\/a><\/div>\n\n\n\n<p><\/p>\n","protected":false},"excerpt":{"rendered":"<p>Aula Orientalis 19 (2001) vol. 1<\/p>\n","protected":false},"author":1,"featured_media":0,"parent":115,"menu_order":0,"comment_status":"closed","ping_status":"closed","template":"page-templates\/fullwidth.php","meta":{"footnotes":""},"_links":{"self":[{"href":"https:\/\/www.ub.edu\/ipoa\/wp-json\/wp\/v2\/pages\/1626"}],"collection":[{"href":"https:\/\/www.ub.edu\/ipoa\/wp-json\/wp\/v2\/pages"}],"about":[{"href":"https:\/\/www.ub.edu\/ipoa\/wp-json\/wp\/v2\/types\/page"}],"author":[{"embeddable":true,"href":"https:\/\/www.ub.edu\/ipoa\/wp-json\/wp\/v2\/users\/1"}],"replies":[{"embeddable":true,"href":"https:\/\/www.ub.edu\/ipoa\/wp-json\/wp\/v2\/comments?post=1626"}],"version-history":[{"count":1,"href":"https:\/\/www.ub.edu\/ipoa\/wp-json\/wp\/v2\/pages\/1626\/revisions"}],"predecessor-version":[{"id":1628,"href":"https:\/\/www.ub.edu\/ipoa\/wp-json\/wp\/v2\/pages\/1626\/revisions\/1628"}],"up":[{"embeddable":true,"href":"https:\/\/www.ub.edu\/ipoa\/wp-json\/wp\/v2\/pages\/115"}],"wp:attachment":[{"href":"https:\/\/www.ub.edu\/ipoa\/wp-json\/wp\/v2\/media?parent=1626"}],"curies":[{"name":"wp","href":"https:\/\/api.w.org\/{rel}","templated":true}]}}