{"id":1707,"date":"2021-09-28T12:55:14","date_gmt":"2021-09-28T10:55:14","guid":{"rendered":"https:\/\/www.ub.edu\/ipoa\/?page_id=1707"},"modified":"2021-09-28T12:55:15","modified_gmt":"2021-09-28T10:55:15","slug":"au-or-1999-2000-17-18","status":"publish","type":"page","link":"https:\/\/www.ub.edu\/ipoa\/aula-orientalis\/au-or-1999-2000-17-18\/","title":{"rendered":"Au Or 1999\/2000, 17-18"},"content":{"rendered":"\n<figure class=\"wp-block-pullquote\"><blockquote class=\"has-text-color\" style=\"color:#0071a1\"><p><strong>Aula Orientalis 17-18 (1999\/2000) <\/strong><\/p><cite><em>Arbor Scientiae. Estudios del Pr\u00f3ximo Oriente Antiguo dedicados <\/em><br><em>a Gregorio del Olmo Lete con ocasi\u00f3n de su 65 aniversario<\/em><\/cite><\/blockquote><\/figure>\n\n\n\n<div class=\"wp-block-file\"><a href=\"https:\/\/www.ub.edu\/ipoa\/wp-content\/uploads\/2021\/09\/19992000AuOr00PortadaHomenaje.pdf\"><strong>Portada.<\/strong> Homenaje a Gregorio del Olmo Lete<\/a><a href=\"https:\/\/www.ub.edu\/ipoa\/wp-content\/uploads\/2021\/09\/19992000AuOr00PortadaHomenaje.pdf\" class=\"wp-block-file__button\" download>Baixa<\/a><\/div>\n\n\n\n<div class=\"wp-block-file\"><a href=\"https:\/\/www.ub.edu\/ipoa\/wp-content\/uploads\/2021\/09\/19992000AuOr00Prefacio.pdf\"><strong>Prefacio<\/strong><\/a><a href=\"https:\/\/www.ub.edu\/ipoa\/wp-content\/uploads\/2021\/09\/19992000AuOr00Prefacio.pdf\" class=\"wp-block-file__button\" download>Baixa<\/a><\/div>\n\n\n\n<div class=\"wp-block-file\"><a href=\"https:\/\/www.ub.edu\/ipoa\/wp-content\/uploads\/2021\/09\/19992000AuOr00Index.pdf\"><strong>\u00cdndice<\/strong><\/a><a href=\"https:\/\/www.ub.edu\/ipoa\/wp-content\/uploads\/2021\/09\/19992000AuOr00Index.pdf\" class=\"wp-block-file__button\" download>Baixa<\/a><\/div>\n\n\n\n<p><strong>UGARITICA<\/strong><\/p>\n\n\n\n<div class=\"wp-block-file\"><a href=\"https:\/\/www.ub.edu\/ipoa\/wp-content\/uploads\/2021\/09\/19992000AuOr1Belmonte.pdf\"><strong>Belmonte Mar\u00edn, J. A.<\/strong> Observaciones sobre algunos top\u00f3nimos recogidos en STU y DLU, pp.13-22<\/a><a href=\"https:\/\/www.ub.edu\/ipoa\/wp-content\/uploads\/2021\/09\/19992000AuOr1Belmonte.pdf\" class=\"wp-block-file__button\" download>Baixa<\/a><\/div>\n\n\n\n<div class=\"wp-block-file\"><a href=\"https:\/\/www.ub.edu\/ipoa\/wp-content\/uploads\/2021\/09\/19992000AuOr1Bordreuil.pdf\"><strong>Bordreuil, P., Pardee, D.<\/strong> Catalogue raisonn\u00e9 des textes ougaritiques de la Maison d&#8217;Ourtenou, pp. 23-38<\/a><a href=\"https:\/\/www.ub.edu\/ipoa\/wp-content\/uploads\/2021\/09\/19992000AuOr1Bordreuil.pdf\" class=\"wp-block-file__button\" download>Baixa<\/a><\/div>\n\n\n\n<div class=\"wp-block-file\"><a href=\"https:\/\/www.ub.edu\/ipoa\/wp-content\/uploads\/2021\/09\/19992000AuOr1Camps.pdf\"><strong>Camps, G. <\/strong>La narraci\u00f3n de Gn 18, 1-15. \u00bfUn trasfondo ugar\u00edtico), pp. 39-43<\/a><a href=\"https:\/\/www.ub.edu\/ipoa\/wp-content\/uploads\/2021\/09\/19992000AuOr1Camps.pdf\" class=\"wp-block-file__button\" download>Baixa<\/a><\/div>\n\n\n\n<div class=\"wp-block-file\"><a href=\"https:\/\/www.ub.edu\/ipoa\/wp-content\/uploads\/2021\/09\/19992000AuOr1Cunchillos.pdf\"><strong>Cunchillos Ilarri, J. L.<\/strong> La recensi\u00f3n BDFSN del texto ugar\u00edtico, pp. 45-53<\/a><a href=\"https:\/\/www.ub.edu\/ipoa\/wp-content\/uploads\/2021\/09\/19992000AuOr1Cunchillos.pdf\" class=\"wp-block-file__button\" download>Baixa<\/a><\/div>\n\n\n\n<div class=\"wp-block-file\"><a href=\"https:\/\/www.ub.edu\/ipoa\/wp-content\/uploads\/2021\/09\/19992000AuOr1Dietrich.pdf\"><strong>Dietrich, M. Loretz, O.<\/strong> Baal, Leviathan un der siebenk\u00f6pfige Drache \u0160lyt in der Rede des Todesgottes M\u00f4t (KTU 1.5 I 1-8 || 27a-31). pp. 85-104<\/a><a href=\"https:\/\/www.ub.edu\/ipoa\/wp-content\/uploads\/2021\/09\/19992000AuOr1Dietrich.pdf\" class=\"wp-block-file__button\" download>Baixa<\/a><\/div>\n\n\n\n<div class=\"wp-block-file\"><a href=\"https:\/\/www.ub.edu\/ipoa\/wp-content\/uploads\/2021\/09\/19992000AuOr1Dijkstra.pdf\"><strong>Dijkstra, M. <\/strong>The List of qs\u0161m in KTU 4.412+ ii 8 ff., pp. 81-89<\/a><a href=\"https:\/\/www.ub.edu\/ipoa\/wp-content\/uploads\/2021\/09\/19992000AuOr1Dijkstra.pdf\" class=\"wp-block-file__button\" download>Baixa<\/a><\/div>\n\n\n\n<div class=\"wp-block-file\"><a href=\"https:\/\/www.ub.edu\/ipoa\/wp-content\/uploads\/2021\/09\/19992000AuOr1Gibson.pdf\"><strong>Gibson, J. C. L.<\/strong> Death in Canaanite Thinking, pp. 91-95<\/a><a href=\"https:\/\/www.ub.edu\/ipoa\/wp-content\/uploads\/2021\/09\/19992000AuOr1Gibson.pdf\" class=\"wp-block-file__button\" download>Baixa<\/a><\/div>\n\n\n\n<div class=\"wp-block-file\"><a href=\"https:\/\/www.ub.edu\/ipoa\/wp-content\/uploads\/2021\/09\/19992000AuOr1Hoftijzer.pdf\"><strong>Hoftijzer, J.<\/strong> The Opening Clauses of the Lament over King Keret, pp. 97-104<\/a><a href=\"https:\/\/www.ub.edu\/ipoa\/wp-content\/uploads\/2021\/09\/19992000AuOr1Hoftijzer.pdf\" class=\"wp-block-file__button\" download>Baixa<\/a><\/div>\n\n\n\n<div class=\"wp-block-file\"><a href=\"https:\/\/www.ub.edu\/ipoa\/wp-content\/uploads\/2021\/09\/19992000AuOr1Margalit.pdf\"><strong>Margalit, B.<\/strong> New Readings in Aqht, pp. 105-112<\/a><a href=\"https:\/\/www.ub.edu\/ipoa\/wp-content\/uploads\/2021\/09\/19992000AuOr1Margalit.pdf\" class=\"wp-block-file__button\" download>Baixa<\/a><\/div>\n\n\n\n<div class=\"wp-block-file\"><a href=\"https:\/\/www.ub.edu\/ipoa\/wp-content\/uploads\/2021\/09\/19992000AuOr1Sanmartin.pdf\"><strong>Sanmart\u00edn, J.<\/strong> Sociedades y lenguas en el medio sirio-levantino del II milenio a.C. Ugarit y lo hurrita. pp. 113-123<\/a><a href=\"https:\/\/www.ub.edu\/ipoa\/wp-content\/uploads\/2021\/09\/19992000AuOr1Sanmartin.pdf\" class=\"wp-block-file__button\" download>Baixa<\/a><\/div>\n\n\n\n<div class=\"wp-block-file\"><a href=\"https:\/\/www.ub.edu\/ipoa\/wp-content\/uploads\/2021\/09\/19992000AuOr1Watson.pdf\"><strong>Watson, W.G.E. <\/strong>La f\u00f3rmula de marcha en los textos ugar\u00edticos, 125-131<\/a><a href=\"https:\/\/www.ub.edu\/ipoa\/wp-content\/uploads\/2021\/09\/19992000AuOr1Watson.pdf\" class=\"wp-block-file__button\" download>Baixa<\/a><\/div>\n\n\n\n<div class=\"wp-block-file\"><a href=\"https:\/\/www.ub.edu\/ipoa\/wp-content\/uploads\/2021\/09\/19992000AuOr1Wyatt.pdf\"><strong>Wyatt, N. <\/strong>Just How &#8220;Divine&#8221; Were the Kings of Ugarit?, 133-141<\/a><a href=\"https:\/\/www.ub.edu\/ipoa\/wp-content\/uploads\/2021\/09\/19992000AuOr1Wyatt.pdf\" class=\"wp-block-file__button\" download>Baixa<\/a><\/div>\n\n\n\n<p><strong>ASSYRIOLOGICA<\/strong><\/p>\n\n\n\n<div class=\"wp-block-file\"><a href=\"https:\/\/www.ub.edu\/ipoa\/wp-content\/uploads\/2021\/09\/19992000AuOr2Arnaud.pdf\"><strong>Arnaud, D. <\/strong>Une b\u00eache-de-mer antique. La langue des marchands \u00e0 Tyr \u00e0 la fin du XIII si\u00e8cle, pp. 143-166<\/a><a href=\"https:\/\/www.ub.edu\/ipoa\/wp-content\/uploads\/2021\/09\/19992000AuOr2Arnaud.pdf\" class=\"wp-block-file__button\" download>Baixa<\/a><\/div>\n\n\n\n<div class=\"wp-block-file\"><a href=\"https:\/\/www.ub.edu\/ipoa\/wp-content\/uploads\/2021\/09\/19992000AuOr2Bock.pdf\"><strong>B\u00f6ck, B., M\u00e1rquez Rowe, I. <\/strong>MM 818: A new LB Fragment of Atra-hasis I, pp. 167-177<\/a><a href=\"https:\/\/www.ub.edu\/ipoa\/wp-content\/uploads\/2021\/09\/19992000AuOr2Bock.pdf\" class=\"wp-block-file__button\" download>Baixa<\/a><\/div>\n\n\n\n<div class=\"wp-block-file\"><a href=\"https:\/\/www.ub.edu\/ipoa\/wp-content\/uploads\/2021\/09\/19992000AuOr2Civil.pdf\"><strong>Civil, M. <\/strong>Reading Gilgame\u0161, pp. 179-189<\/a><a href=\"https:\/\/www.ub.edu\/ipoa\/wp-content\/uploads\/2021\/09\/19992000AuOr2Civil.pdf\" class=\"wp-block-file__button\" download>Baixa<\/a><\/div>\n\n\n\n<div class=\"wp-block-file\"><a href=\"https:\/\/www.ub.edu\/ipoa\/wp-content\/uploads\/2021\/09\/19992000AuOr2Durand.pdf\"><strong>Durand, J.M. <\/strong>Apologue sur des mauvaises herbes et un coquin, pp. 191-196<\/a><a href=\"https:\/\/www.ub.edu\/ipoa\/wp-content\/uploads\/2021\/09\/19992000AuOr2Durand.pdf\" class=\"wp-block-file__button\" download>Baixa<\/a><\/div>\n\n\n\n<div class=\"wp-block-file\"><a href=\"https:\/\/www.ub.edu\/ipoa\/wp-content\/uploads\/2021\/09\/19992000AuOr2Feliu.pdf\"><strong>Feliu, Ll. <\/strong>&#8220;The Lord of the Offspring&#8221;, pp. 197-200<\/a><a href=\"https:\/\/www.ub.edu\/ipoa\/wp-content\/uploads\/2021\/09\/19992000AuOr2Feliu.pdf\" class=\"wp-block-file__button\" download>Baixa<\/a><\/div>\n\n\n\n<div class=\"wp-block-file\"><a href=\"https:\/\/www.ub.edu\/ipoa\/wp-content\/uploads\/2021\/09\/19992000AuOr2GarciaRecio.pdf\"><strong>Garc\u00eda Recio, J. <\/strong>VAT 1725a: Fragmento del Himno al Templo de Ke\u0161, pp. 201-203<\/a><a href=\"https:\/\/www.ub.edu\/ipoa\/wp-content\/uploads\/2021\/09\/19992000AuOr2GarciaRecio.pdf\" class=\"wp-block-file__button\" download>Baixa<\/a><\/div>\n\n\n\n<div class=\"wp-block-file\"><a href=\"https:\/\/www.ub.edu\/ipoa\/wp-content\/uploads\/2021\/09\/19992000AuOr2Millet.pdf\"><strong>Millet Alb\u00e0, A. <\/strong>Les pronoms propres avec pr\u00e9formative en me- et mu- des archives de Mari, pp. 205-214<\/a><a href=\"https:\/\/www.ub.edu\/ipoa\/wp-content\/uploads\/2021\/09\/19992000AuOr2Millet.pdf\" class=\"wp-block-file__button\" download>Baixa<\/a><\/div>\n\n\n\n<div class=\"wp-block-file\"><a href=\"https:\/\/www.ub.edu\/ipoa\/wp-content\/uploads\/2021\/09\/19992000AuOr2Molina.pdf\"><strong>Molina, M. <\/strong>Neo-Sumerian Letter-Orders in the British Museum. I, pp.215-228<\/a><a href=\"https:\/\/www.ub.edu\/ipoa\/wp-content\/uploads\/2021\/09\/19992000AuOr2Molina.pdf\" class=\"wp-block-file__button\" download>Baixa<\/a><\/div>\n\n\n\n<div class=\"wp-block-file\"><a href=\"https:\/\/www.ub.edu\/ipoa\/wp-content\/uploads\/2021\/09\/19992000AuOr2Oliva.pdf\"><strong>Oliva , J. <\/strong>Alalah VII Chronographica. Una revisi\u00f3n del archivo sobre la base de los textos de Yarim-Lim, pp. 229-239<\/a><a href=\"https:\/\/www.ub.edu\/ipoa\/wp-content\/uploads\/2021\/09\/19992000AuOr2Oliva.pdf\" class=\"wp-block-file__button\" download>Baixa<\/a><\/div>\n\n\n\n<div class=\"wp-block-file\"><a href=\"https:\/\/www.ub.edu\/ipoa\/wp-content\/uploads\/2021\/09\/19992000AuOr2Winsch.pdf\"><strong>Wunsch , C. <\/strong>Eine Richterurkunde aus der Zeit Neriglissars, pp. 241-254<\/a><a href=\"https:\/\/www.ub.edu\/ipoa\/wp-content\/uploads\/2021\/09\/19992000AuOr2Winsch.pdf\" class=\"wp-block-file__button\" download>Baixa<\/a><\/div>\n\n\n\n<p><strong>JUDAICA<\/strong><\/p>\n\n\n\n<div class=\"wp-block-file\"><a href=\"https:\/\/www.ub.edu\/ipoa\/wp-content\/uploads\/2021\/09\/19992000AuOr3Barjau.pdf\"><strong>Barjau i Rico , M. E., Calders i Art\u00eds, T. <\/strong>Pau de Santa Maria <em>olim <\/em>Salom\u00f3 ha-Lev\u00ed, pp. 255-259<\/a><a href=\"https:\/\/www.ub.edu\/ipoa\/wp-content\/uploads\/2021\/09\/19992000AuOr3Barjau.pdf\" class=\"wp-block-file__button\" download>Baixa<\/a><\/div>\n\n\n\n<div class=\"wp-block-file\"><a href=\"https:\/\/www.ub.edu\/ipoa\/wp-content\/uploads\/2021\/09\/19992000AuOr3Casanovas.pdf\"><strong>Casanovas Mir\u00f3 , J. <\/strong>Dos inscripciones funerarias hebraicas del siglo XV, pp. 261-267<\/a><a href=\"https:\/\/www.ub.edu\/ipoa\/wp-content\/uploads\/2021\/09\/19992000AuOr3Casanovas.pdf\" class=\"wp-block-file__button\" download>Baixa<\/a><\/div>\n\n\n\n<div class=\"wp-block-file\"><a href=\"https:\/\/www.ub.edu\/ipoa\/wp-content\/uploads\/2021\/09\/19992000AuOr3DiezMerino.pdf\"><strong>D\u00edez Merino , L. <\/strong>Targum del Profeta Zacar\u00edas en la tradici\u00f3n sefard\u00ed, pp. 269-285<\/a><a href=\"https:\/\/www.ub.edu\/ipoa\/wp-content\/uploads\/2021\/09\/19992000AuOr3DiezMerino.pdf\" class=\"wp-block-file__button\" download>Baixa<\/a><\/div>\n\n\n\n<div class=\"wp-block-file\"><a href=\"https:\/\/www.ub.edu\/ipoa\/wp-content\/uploads\/2021\/09\/19992000AuOr3Magdalena.pdf\"><strong>Magdalena Nom de D\u00e9u , J. R. <\/strong>Curiosas recetas m\u00e9dicas en un manuscrito petropolitano de origen hebraicocatal\u00e1n (siglos XIV-XV). Textos y traducci\u00f3n, pp. 287-305<\/a><a href=\"https:\/\/www.ub.edu\/ipoa\/wp-content\/uploads\/2021\/09\/19992000AuOr3Magdalena.pdf\" class=\"wp-block-file__button\" download>Baixa<\/a><\/div>\n\n\n\n<div class=\"wp-block-file\"><a href=\"https:\/\/www.ub.edu\/ipoa\/wp-content\/uploads\/2021\/09\/19992000AuOr3Ribera.pdf\"><strong>Ribera-Florit , J. <\/strong>El g\u00e9nero literario rab\u00ednico llamado Targum. Estudio sobre las t\u00e9cnicas de traducci\u00f3n en el targum de Ezequiel, pp. 307-314<\/a><a href=\"https:\/\/www.ub.edu\/ipoa\/wp-content\/uploads\/2021\/09\/19992000AuOr3Ribera.pdf\" class=\"wp-block-file__button\" download>Baixa<\/a><\/div>\n\n\n\n<div class=\"wp-block-file\"><a href=\"https:\/\/www.ub.edu\/ipoa\/wp-content\/uploads\/2021\/09\/19992000AuOr3Romeu.pdf\"><strong>Romeu Ferr\u00e9 , P. <\/strong>Ejemplificar con el ejemplo: me\u0161alim y ma&#8217;asiyot en el Regimiento de la vida de Mois\u00e9s Almosnino, pp. 315-322<\/a><a href=\"https:\/\/www.ub.edu\/ipoa\/wp-content\/uploads\/2021\/09\/19992000AuOr3Romeu.pdf\" class=\"wp-block-file__button\" download>Baixa<\/a><\/div>\n\n\n\n<div class=\"wp-block-file\"><a href=\"https:\/\/www.ub.edu\/ipoa\/wp-content\/uploads\/2021\/09\/19992000AuOr3Vandor.pdf\"><strong>V\u00e1ndor, J. <\/strong>El Holocausto: hacia la tipolog\u00eda de un nuevo g\u00e9nero literario, pp. 323-333<\/a><a href=\"https:\/\/www.ub.edu\/ipoa\/wp-content\/uploads\/2021\/09\/19992000AuOr3Vandor.pdf\" class=\"wp-block-file__button\" download>Baixa<\/a><\/div>\n\n\n\n<p><strong>PHOENICIA<\/strong><\/p>\n\n\n\n<div class=\"wp-block-file\"><a href=\"https:\/\/www.ub.edu\/ipoa\/wp-content\/uploads\/2021\/09\/19992000AuOr4Bonnet.pdf\"><strong>Bonnet , C. <\/strong>Brevi osservazioni comparative sull&#8217;Astarte funeraria, pp. 335-339<\/a><a href=\"https:\/\/www.ub.edu\/ipoa\/wp-content\/uploads\/2021\/09\/19992000AuOr4Bonnet.pdf\" class=\"wp-block-file__button\" download>Baixa<\/a><\/div>\n\n\n\n<div class=\"wp-block-file\"><a href=\"https:\/\/www.ub.edu\/ipoa\/wp-content\/uploads\/2021\/09\/19992000AuOr4Cors.pdf\"><strong>Cors i Meya , J. <\/strong>Traces of the Ancient Origin of some Mythic Components in Philo of Byblos&#8217; <em>Phoenician History<\/em>, pp. 341-348<\/a><a href=\"https:\/\/www.ub.edu\/ipoa\/wp-content\/uploads\/2021\/09\/19992000AuOr4Cors.pdf\" class=\"wp-block-file__button\" download>Baixa<\/a><\/div>\n\n\n\n<div class=\"wp-block-file\"><a href=\"https:\/\/www.ub.edu\/ipoa\/wp-content\/uploads\/2021\/09\/19992000AuOr4Heltzer.pdf\"><strong>Heltzer, M. <\/strong>Some aspects of Achaemenid Taxation in the V Satrapy (Phoenicia), pp. 349-352<\/a><a href=\"https:\/\/www.ub.edu\/ipoa\/wp-content\/uploads\/2021\/09\/19992000AuOr4Heltzer.pdf\" class=\"wp-block-file__button\" download>Baixa<\/a><\/div>\n\n\n\n<div class=\"wp-block-file\"><a href=\"https:\/\/www.ub.edu\/ipoa\/wp-content\/uploads\/2021\/09\/19992000AuOr4Ribichini.pdf\"><strong>Ribichini, S. <\/strong><em>Sacrum magnum nocturnum<\/em>. Note comparative sul molchomor nelle stele di N&#8217;Gaous, pp. 353-362<\/a><a href=\"https:\/\/www.ub.edu\/ipoa\/wp-content\/uploads\/2021\/09\/19992000AuOr4Ribichini.pdf\" class=\"wp-block-file__button\" download>Baixa<\/a><\/div>\n\n\n\n<div class=\"wp-block-file\"><a href=\"https:\/\/www.ub.edu\/ipoa\/wp-content\/uploads\/2021\/09\/19992000AuOr4Xella.pdf\"><strong>Xella, P. <\/strong>I <em>\u03c7\u03c1\u03c5\u03c3\u03bf\u1fd6 \u03bd\u03b1\u03bf\u1f77<\/em> del Cartaginesi, pp. 363-366<\/a><a href=\"https:\/\/www.ub.edu\/ipoa\/wp-content\/uploads\/2021\/09\/19992000AuOr4Xella.pdf\" class=\"wp-block-file__button\" download>Baixa<\/a><\/div>\n\n\n\n<p><strong>ARCHAEOLOGICA<\/strong><\/p>\n\n\n\n<div class=\"wp-block-file\"><a href=\"https:\/\/www.ub.edu\/ipoa\/wp-content\/uploads\/2021\/09\/19992000AuOr5Blazquez.pdf\"><strong>Bl\u00e1zquez, J. M. <\/strong>El santuario de Cancho Roano (Badajoz) y la prostituci\u00f3n sagrada, pp. 367-379<\/a><a href=\"https:\/\/www.ub.edu\/ipoa\/wp-content\/uploads\/2021\/09\/19992000AuOr5Blazquez.pdf\" class=\"wp-block-file__button\" download>Baixa<\/a><\/div>\n\n\n\n<div class=\"wp-block-file\"><a href=\"https:\/\/www.ub.edu\/ipoa\/wp-content\/uploads\/2021\/09\/19992000AuOr5Gonzalez.pdf\"><strong>Gonz\u00e1lez Blanco, A. <\/strong>La funci\u00f3n de los columbarios en la Antig\u00fcedad Tard\u00eda: <em>Ex Oriente Lux<\/em>, pp. 381-391<\/a><a href=\"https:\/\/www.ub.edu\/ipoa\/wp-content\/uploads\/2021\/09\/19992000AuOr5Gonzalez.pdf\" class=\"wp-block-file__button\" download>Baixa<\/a><\/div>\n\n\n\n<div class=\"wp-block-file\"><a href=\"https:\/\/www.ub.edu\/ipoa\/wp-content\/uploads\/2021\/09\/19992000AuOr5Margueron.pdf\"><strong>Margueron, J. C. <\/strong>\u00c9gouts pour les eaux us\u00e9es ou conduites de recuperation des eaux de pluie?, pp. 393-405<\/a><a href=\"https:\/\/www.ub.edu\/ipoa\/wp-content\/uploads\/2021\/09\/19992000AuOr5Margueron.pdf\" class=\"wp-block-file__button\" download>Baixa<\/a><\/div>\n\n\n\n<div class=\"wp-block-file\"><a href=\"https:\/\/www.ub.edu\/ipoa\/wp-content\/uploads\/2021\/09\/19992000AuOr5Montero.pdf\"><strong>Montero Fenoll\u00f3s, J. L. <\/strong>Metales para la muerte. Costumbres funerarias en la alta Mesopotamia durante el III milenio a.C., pp. 407-419<\/a><a href=\"https:\/\/www.ub.edu\/ipoa\/wp-content\/uploads\/2021\/09\/19992000AuOr5Montero.pdf\" class=\"wp-block-file__button\" download>Baixa<\/a><\/div>\n\n\n\n<div class=\"wp-block-file\"><a href=\"https:\/\/www.ub.edu\/ipoa\/wp-content\/uploads\/2021\/09\/19992000AuOr5Suter.pdf\"><strong>Suter, C. <\/strong>The Hitite seal from Megido, pp. 421-430<\/a><a href=\"https:\/\/www.ub.edu\/ipoa\/wp-content\/uploads\/2021\/09\/19992000AuOr5Suter.pdf\" class=\"wp-block-file__button\" download>Baixa<\/a><\/div>\n\n\n\n<p><strong>ARABICA<\/strong><\/p>\n\n\n\n<div class=\"wp-block-file\"><a href=\"https:\/\/www.ub.edu\/ipoa\/wp-content\/uploads\/2021\/09\/19992000AuOr6Bejarano.pdf\"><strong>Bejarano Escanilla, I. <\/strong>Qara Quzaq: im\u00e1genes y percepciones del espacio, pp. 431-436<\/a><a href=\"https:\/\/www.ub.edu\/ipoa\/wp-content\/uploads\/2021\/09\/19992000AuOr6Bejarano.pdf\" class=\"wp-block-file__button\" download>Baixa<\/a><\/div>\n\n\n\n<div class=\"wp-block-file\"><a href=\"https:\/\/www.ub.edu\/ipoa\/wp-content\/uploads\/2021\/09\/19992000AuOr6Bron.pdf\"><strong>Bron, F. <\/strong>Divinit\u00e9s communes \u00e0 la Syrie-Palestine et \u00e0 l&#8217;Arabie du Sud pr\u00e9islamique, pp. 437-440<\/a><a href=\"https:\/\/www.ub.edu\/ipoa\/wp-content\/uploads\/2021\/09\/19992000AuOr6Bron.pdf\" class=\"wp-block-file__button\" download>Baixa<\/a><\/div>\n\n\n\n<div class=\"wp-block-file\"><a href=\"https:\/\/www.ub.edu\/ipoa\/wp-content\/uploads\/2021\/09\/19992000AuOr6Vernet.pdf\"><strong>Vernet, J. <\/strong>Cronolog\u00eda antigua, pp. 441-443<\/a><a href=\"https:\/\/www.ub.edu\/ipoa\/wp-content\/uploads\/2021\/09\/19992000AuOr6Vernet.pdf\" class=\"wp-block-file__button\" download>Baixa<\/a><\/div>\n\n\n\n<div class=\"wp-block-file\"><a href=\"https:\/\/www.ub.edu\/ipoa\/wp-content\/uploads\/2021\/09\/19992000AuOr6Viladrich.pdf\"><strong>Viladrich, M. <\/strong>Toponimia hist\u00f3rica de la primera organizaci\u00f3n de Estado omeya en el Pr\u00f3ximo Oriente: verificando una propuesta sobre la Catalunya Vella, pp. 445-451<\/a><a href=\"https:\/\/www.ub.edu\/ipoa\/wp-content\/uploads\/2021\/09\/19992000AuOr6Viladrich.pdf\" class=\"wp-block-file__button\" download>Baixa<\/a><\/div>\n\n\n\n<p><strong>INDOGERMANICA<\/strong><\/p>\n\n\n\n<div class=\"wp-block-file\"><a href=\"https:\/\/www.ub.edu\/ipoa\/wp-content\/uploads\/2021\/09\/19992000AuOr7Adiego.pdf\"><strong>Adiego, I-X. <\/strong>Kandaules Myrsilos, pp. 453-454<\/a><a href=\"https:\/\/www.ub.edu\/ipoa\/wp-content\/uploads\/2021\/09\/19992000AuOr7Adiego.pdf\" class=\"wp-block-file__button\" download>Baixa<\/a><\/div>\n\n\n\n<div class=\"wp-block-file\"><a href=\"https:\/\/www.ub.edu\/ipoa\/wp-content\/uploads\/2021\/09\/19992000AuOr7Agud.pdf\"><strong>Agud, A. <\/strong>Lenguaje, comunidad humana y universo en la India cl\u00e1sica, pp. 455-461<\/a><a href=\"https:\/\/www.ub.edu\/ipoa\/wp-content\/uploads\/2021\/09\/19992000AuOr7Agud.pdf\" class=\"wp-block-file__button\" download>Baixa<\/a><\/div>\n\n\n\n<div class=\"wp-block-file\"><a href=\"https:\/\/www.ub.edu\/ipoa\/wp-content\/uploads\/2021\/09\/19992000AuOr7Pirart.pdf\"><strong>Pirart, E. <\/strong>El nombre de Ecbatana, pp. 463-467<\/a><a href=\"https:\/\/www.ub.edu\/ipoa\/wp-content\/uploads\/2021\/09\/19992000AuOr7Pirart.pdf\" class=\"wp-block-file__button\" download>Baixa<\/a><\/div>\n\n\n\n<div class=\"wp-block-file\"><a href=\"https:\/\/www.ub.edu\/ipoa\/wp-content\/uploads\/2021\/09\/19992000AuOr7Villar.pdf\"><strong>Villar, F. <\/strong>El ep\u00edteto teon\u00cdmico lusitano Nilaicui y la etimolog\u00eda del nombre del Nilo, pp. 469-473<\/a><a href=\"https:\/\/www.ub.edu\/ipoa\/wp-content\/uploads\/2021\/09\/19992000AuOr7Villar.pdf\" class=\"wp-block-file__button\" download>Baixa<\/a><\/div>\n\n\n\n<p><strong>AEGYPTIACA<\/strong><\/p>\n\n\n\n<div class=\"wp-block-file\"><a href=\"https:\/\/www.ub.edu\/ipoa\/wp-content\/uploads\/2021\/09\/19992000AuOr8Lopez.pdf\"><strong>L\u00f3pez, J. <\/strong>Los or\u00edgenes de la f\u00e1bula: la disputa del cuerpo y la cabeza, pp. 475-482<\/a><a href=\"https:\/\/www.ub.edu\/ipoa\/wp-content\/uploads\/2021\/09\/19992000AuOr8Lopez.pdf\" class=\"wp-block-file__button\" download>Baixa<\/a><\/div>\n\n\n\n<div class=\"wp-block-file\"><a href=\"https:\/\/www.ub.edu\/ipoa\/wp-content\/uploads\/2021\/09\/19992000AuOr8Padro.pdf\"><strong>Padr\u00f3, J. <\/strong>Espania en Egipto, pp. 483-492<\/a><a href=\"https:\/\/www.ub.edu\/ipoa\/wp-content\/uploads\/2021\/09\/19992000AuOr8Padro.pdf\" class=\"wp-block-file__button\" download>Baixa<\/a><\/div>\n\n\n\n<p><strong>SEMITICA<\/strong><\/p>\n\n\n\n<div class=\"wp-block-file\"><a href=\"https:\/\/www.ub.edu\/ipoa\/wp-content\/uploads\/2021\/09\/19992000AuOr9Lipinski.pdf\"><strong>Lipinski, E. <\/strong>The Root <em>GZR<\/em> in Semitic, pp. 493-499<\/a><a href=\"https:\/\/www.ub.edu\/ipoa\/wp-content\/uploads\/2021\/09\/19992000AuOr9Lipinski.pdf\" class=\"wp-block-file__button\" download>Baixa<\/a><\/div>\n\n\n\n<div class=\"wp-block-file\"><a href=\"https:\/\/www.ub.edu\/ipoa\/wp-content\/uploads\/2021\/09\/19992000AuOr9Lipinski.pdf\"><strong>BIBLIOGRAF\u00cdA DE GREGORIO DEL OLMO LETE<\/strong><\/a><a href=\"https:\/\/www.ub.edu\/ipoa\/wp-content\/uploads\/2021\/09\/19992000AuOr9Lipinski.pdf\" class=\"wp-block-file__button\" download>Baixa<\/a><\/div>\n\n\n\n<p><\/p>\n","protected":false},"excerpt":{"rendered":"<p>Aula Orientalis 17-18 (1999\/2000) Arbor Scientiae. Estudios del Pr\u00f3ximo Oriente Antiguo dedicados a Gregorio del Olmo Lete con ocasi\u00f3n de su 65 aniversario UGARITICA ASSYRIOLOGICA JUDAICA PHOENICIA ARCHAEOLOGICA ARABICA INDOGERMANICA AEGYPTIACA SEMITICA<\/p>\n","protected":false},"author":1,"featured_media":0,"parent":115,"menu_order":0,"comment_status":"closed","ping_status":"closed","template":"page-templates\/fullwidth.php","meta":{"footnotes":""},"_links":{"self":[{"href":"https:\/\/www.ub.edu\/ipoa\/wp-json\/wp\/v2\/pages\/1707"}],"collection":[{"href":"https:\/\/www.ub.edu\/ipoa\/wp-json\/wp\/v2\/pages"}],"about":[{"href":"https:\/\/www.ub.edu\/ipoa\/wp-json\/wp\/v2\/types\/page"}],"author":[{"embeddable":true,"href":"https:\/\/www.ub.edu\/ipoa\/wp-json\/wp\/v2\/users\/1"}],"replies":[{"embeddable":true,"href":"https:\/\/www.ub.edu\/ipoa\/wp-json\/wp\/v2\/comments?post=1707"}],"version-history":[{"count":2,"href":"https:\/\/www.ub.edu\/ipoa\/wp-json\/wp\/v2\/pages\/1707\/revisions"}],"predecessor-version":[{"id":1711,"href":"https:\/\/www.ub.edu\/ipoa\/wp-json\/wp\/v2\/pages\/1707\/revisions\/1711"}],"up":[{"embeddable":true,"href":"https:\/\/www.ub.edu\/ipoa\/wp-json\/wp\/v2\/pages\/115"}],"wp:attachment":[{"href":"https:\/\/www.ub.edu\/ipoa\/wp-json\/wp\/v2\/media?parent=1707"}],"curies":[{"name":"wp","href":"https:\/\/api.w.org\/{rel}","templated":true}]}}