{"id":301,"date":"2021-07-19T16:30:30","date_gmt":"2021-07-19T14:30:30","guid":{"rendered":"https:\/\/www.ub.edu\/ipoa\/?page_id=301"},"modified":"2021-07-19T16:39:03","modified_gmt":"2021-07-19T14:39:03","slug":"au-or-1985","status":"publish","type":"page","link":"https:\/\/www.ub.edu\/ipoa\/aula-orientalis\/au-or-1985\/","title":{"rendered":"Au Or 1985 3, 1-2"},"content":{"rendered":"\n<figure class=\"wp-block-pullquote\"><blockquote class=\"has-text-color\" style=\"color:#0071a1\"><p><strong>Aula Orientalis 3 (1985) vol. 1-2<\/strong><\/p><\/blockquote><\/figure>\n\n\n\n<div class=\"wp-block-file\"><a href=\"https:\/\/www.ub.edu\/ipoa\/wp-content\/uploads\/2021\/07\/1985AuOr00Index.pdf\"><strong>\u00cdndice general del volumen III.<\/strong><\/a><a href=\"https:\/\/www.ub.edu\/ipoa\/wp-content\/uploads\/2021\/07\/1985AuOr00Index.pdf\" class=\"wp-block-file__button\" download>Baixa<\/a><\/div>\n\n\n\n<p><strong>Del Olmo Lete, G., Aubet Semmler, M.E.<\/strong> Los fenicios en la pen\u00ednsula Ib\u00e9rica. Presentaci\u00f3n. pp. 5-7.<\/p>\n\n\n\n<div class=\"wp-block-file\"><a href=\"https:\/\/www.ub.edu\/ipoa\/wp-content\/uploads\/2021\/07\/1985AuOrAubet.pdf\"><strong>Aubet Semmler, M.E.<\/strong> Los fenicios en Espa\u00f1a: estado de la cuesti\u00f3n y perspectivas, pp. 9-38.<\/a><a href=\"https:\/\/www.ub.edu\/ipoa\/wp-content\/uploads\/2021\/07\/1985AuOrAubet.pdf\" class=\"wp-block-file__button\" download>Baixa<\/a><\/div>\n\n\n\n<div class=\"wp-block-file\"><a href=\"https:\/\/www.ub.edu\/ipoa\/wp-content\/uploads\/2021\/07\/1985AuOrEscacena.pdf\"><strong>Escacena, J. L.<\/strong> Gadir, pp. 39-59.<\/a><a href=\"https:\/\/www.ub.edu\/ipoa\/wp-content\/uploads\/2021\/07\/1985AuOrEscacena.pdf\" class=\"wp-block-file__button\" download>Baixa<\/a><\/div>\n\n\n\n<div class=\"wp-block-file\"><a href=\"https:\/\/www.ub.edu\/ipoa\/wp-content\/uploads\/2021\/07\/1985AuOrSchubart.pdf\"><strong>Schubart, H. <\/strong>El asentamiento Fenicio del s. VIII en el Morro de Mezquitilla, pp. 59-83.<\/a><a href=\"https:\/\/www.ub.edu\/ipoa\/wp-content\/uploads\/2021\/07\/1985AuOrSchubart.pdf\" class=\"wp-block-file__button\" download>Baixa<\/a><\/div>\n\n\n\n<div class=\"wp-block-file\"><a href=\"https:\/\/www.ub.edu\/ipoa\/wp-content\/uploads\/2021\/07\/1985AuOrPellicer.pdf\"><strong>Pellicer Catal\u00e1n, M.<\/strong> Sexi fenicia y p\u00fanica. pp. 85-107.<\/a><a href=\"https:\/\/www.ub.edu\/ipoa\/wp-content\/uploads\/2021\/07\/1985AuOrPellicer.pdf\" class=\"wp-block-file__button\" download>Baixa<\/a><\/div>\n\n\n\n<div class=\"wp-block-file\"><a href=\"https:\/\/www.ub.edu\/ipoa\/wp-content\/uploads\/2021\/07\/1985AuOrNiemeyer.pdf\"><strong>Niemeyer, H. G.<\/strong> El yacimiento fenicio de Toscanos: urban\u00edstica y funci\u00f3n. pp. 109-126.<\/a><a href=\"https:\/\/www.ub.edu\/ipoa\/wp-content\/uploads\/2021\/07\/1985AuOrNiemeyer.pdf\" class=\"wp-block-file__button\" download>Baixa<\/a><\/div>\n\n\n\n<div class=\"wp-block-file\"><a href=\"https:\/\/www.ub.edu\/ipoa\/wp-content\/uploads\/2021\/07\/1985AuOrGran.pdf\"><strong>Gran Aymerich, J. M. J. <\/strong>M\u00e1laga, fenicia y p\u00fanica, pp. 127-147.<\/a><a href=\"https:\/\/www.ub.edu\/ipoa\/wp-content\/uploads\/2021\/07\/1985AuOrGran.pdf\" class=\"wp-block-file__button\" download>Baixa<\/a><\/div>\n\n\n\n<div class=\"wp-block-file\"><a href=\"https:\/\/www.ub.edu\/ipoa\/wp-content\/uploads\/2021\/07\/1985AuOrFernandez.pdf\"><strong>Fern\u00e1ndez, J.H.<\/strong> Necr\u00f3polis del Puig des Molins (Ibiza): nuevas perspectivas, pp. 149-175<\/a><a href=\"https:\/\/www.ub.edu\/ipoa\/wp-content\/uploads\/2021\/07\/1985AuOrFernandez.pdf\" class=\"wp-block-file__button\" download>Baixa<\/a><\/div>\n\n\n\n<div class=\"wp-block-file\"><a href=\"https:\/\/www.ub.edu\/ipoa\/wp-content\/uploads\/2021\/07\/1985AuOrGomez.pdf\"><strong>G\u00f3mez Bellard, C.<\/strong> Asentamientos rurales en la Ibiza p\u00fanica, pp. 177-192.<\/a><a href=\"https:\/\/www.ub.edu\/ipoa\/wp-content\/uploads\/2021\/07\/1985AuOrGomez.pdf\" class=\"wp-block-file__button\" download>Baixa<\/a><\/div>\n\n\n\n<div class=\"wp-block-file\"><a href=\"https:\/\/www.ub.edu\/ipoa\/wp-content\/uploads\/2021\/07\/1985AuOrMolina.pdf\"><strong>Molina Fajardo, F.<\/strong> Almu\u00f1\u00e9car a la luz de los nuevos hallazgos fenicios, pp. 193-216.<\/a><a href=\"https:\/\/www.ub.edu\/ipoa\/wp-content\/uploads\/2021\/07\/1985AuOrMolina.pdf\" class=\"wp-block-file__button\" download>Baixa<\/a><\/div>\n\n\n\n<div class=\"wp-block-file\"><a href=\"https:\/\/www.ub.edu\/ipoa\/wp-content\/uploads\/2021\/07\/1985AuOrRodero.pdf\"><strong>Rodero Riaza, A.<\/strong> La ciudad de Cartagena en \u00e9poca p\u00fanica, pp. 217-225.<\/a><a href=\"https:\/\/www.ub.edu\/ipoa\/wp-content\/uploads\/2021\/07\/1985AuOrRodero.pdf\" class=\"wp-block-file__button\" download>Baixa<\/a><\/div>\n\n\n\n<div class=\"wp-block-file\"><a href=\"https:\/\/www.ub.edu\/ipoa\/wp-content\/uploads\/2021\/07\/1985AuOrMass.pdf\"><strong>Mass-Lindemann, G.<\/strong> Vasos fenicios de los siglos VIII-VI en Espa\u00f1a. Su procedencia y posici\u00f3n dentro del mundo fenicio occidental, pp. 227-239 <\/a><a href=\"https:\/\/www.ub.edu\/ipoa\/wp-content\/uploads\/2021\/07\/1985AuOrMass.pdf\" class=\"wp-block-file__button\" download>Baixa<\/a><\/div>\n\n\n\n<div class=\"wp-block-file\"><a href=\"https:\/\/www.ub.edu\/ipoa\/wp-content\/uploads\/2021\/07\/1985AuOrRuiz.pdf\"><strong>Ruiz Mata, D.<\/strong> Las cer\u00e1micas fenicias del Castillo de do\u00f1a Blanca (Puerto de Santa mar\u00eda, C\u00e1diz), pp. 241-263.<\/a><a href=\"https:\/\/www.ub.edu\/ipoa\/wp-content\/uploads\/2021\/07\/1985AuOrRuiz.pdf\" class=\"wp-block-file__button\" download>Baixa<\/a><\/div>\n\n\n\n<div class=\"wp-block-file\"><a href=\"https:\/\/www.ub.edu\/ipoa\/wp-content\/uploads\/2021\/07\/1985AuOrAlmagro.pdf\"><strong>Almagro Gorbea, M. J.<\/strong> Las \u00e1nforas de la antigua Baria (Villaricos), pp. 265-283.<\/a><a href=\"https:\/\/www.ub.edu\/ipoa\/wp-content\/uploads\/2021\/07\/1985AuOrAlmagro.pdf\" class=\"wp-block-file__button\" download>Baixa<\/a><\/div>\n\n\n\n<div class=\"wp-block-file\"><a href=\"https:\/\/www.ub.edu\/ipoa\/wp-content\/uploads\/2021\/07\/1985AuOrBisi.pdf\"><strong>Bisi, A. M.<\/strong> La coroplastica fenicia d&#8217;Occidente (con particolare riguardo a quella ibicenca), pp. 285-294.<\/a><a href=\"https:\/\/www.ub.edu\/ipoa\/wp-content\/uploads\/2021\/07\/1985AuOrBisi.pdf\" class=\"wp-block-file__button\" download>Baixa<\/a><\/div>\n\n\n\n<div class=\"wp-block-file\"><a href=\"https:\/\/www.ub.edu\/ipoa\/wp-content\/uploads\/2021\/07\/1985AuOrPerea.pdf\"><strong>Perea Caveda, A.<\/strong> La orfebrer\u00eda p\u00fanica de C\u00e1diz, pp. 295-322.<\/a><a href=\"https:\/\/www.ub.edu\/ipoa\/wp-content\/uploads\/2021\/07\/1985AuOrPerea.pdf\" class=\"wp-block-file__button\" download>Baixa<\/a><\/div>\n\n\n\n<p><\/p>\n","protected":false},"excerpt":{"rendered":"<p>Aula Orientalis 3 (1985) vol. 1-2 Del Olmo Lete, G., Aubet Semmler, M.E. Los fenicios en la pen\u00ednsula Ib\u00e9rica. Presentaci\u00f3n. pp. 5-7.<\/p>\n","protected":false},"author":1,"featured_media":0,"parent":115,"menu_order":0,"comment_status":"closed","ping_status":"closed","template":"page-templates\/fullwidth.php","meta":{"footnotes":""},"_links":{"self":[{"href":"https:\/\/www.ub.edu\/ipoa\/wp-json\/wp\/v2\/pages\/301"}],"collection":[{"href":"https:\/\/www.ub.edu\/ipoa\/wp-json\/wp\/v2\/pages"}],"about":[{"href":"https:\/\/www.ub.edu\/ipoa\/wp-json\/wp\/v2\/types\/page"}],"author":[{"embeddable":true,"href":"https:\/\/www.ub.edu\/ipoa\/wp-json\/wp\/v2\/users\/1"}],"replies":[{"embeddable":true,"href":"https:\/\/www.ub.edu\/ipoa\/wp-json\/wp\/v2\/comments?post=301"}],"version-history":[{"count":3,"href":"https:\/\/www.ub.edu\/ipoa\/wp-json\/wp\/v2\/pages\/301\/revisions"}],"predecessor-version":[{"id":324,"href":"https:\/\/www.ub.edu\/ipoa\/wp-json\/wp\/v2\/pages\/301\/revisions\/324"}],"up":[{"embeddable":true,"href":"https:\/\/www.ub.edu\/ipoa\/wp-json\/wp\/v2\/pages\/115"}],"wp:attachment":[{"href":"https:\/\/www.ub.edu\/ipoa\/wp-json\/wp\/v2\/media?parent=301"}],"curies":[{"name":"wp","href":"https:\/\/api.w.org\/{rel}","templated":true}]}}