{"id":55,"date":"2021-07-12T17:52:30","date_gmt":"2021-07-12T15:52:30","guid":{"rendered":"https:\/\/www.ub.edu\/ipoa\/?page_id=55"},"modified":"2021-10-19T13:13:56","modified_gmt":"2021-10-19T11:13:56","slug":"membres","status":"publish","type":"page","link":"https:\/\/www.ub.edu\/ipoa\/membres\/","title":{"rendered":""},"content":{"rendered":"\n<h2 class=\"has-vivid-cyan-blue-color has-text-color wp-block-heading\"><strong>C\u00e0rrecs acad\u00e8mics<\/strong><\/h2>\n\n\n\n<h2 class=\"wp-block-heading\"><strong>Director:<\/strong><\/h2>\n\n\n\n<div class=\"wp-block-group is-layout-flow wp-block-group-is-layout-flow\"><div class=\"wp-block-group__inner-container\">\n<p><strong>Dr. Ignasi-Xavier Adiego Lajara<\/strong><\/p>\n\n\n\n<div class=\"wp-block-group is-layout-flow wp-block-group-is-layout-flow\"><div class=\"wp-block-group__inner-container\">\n<div class=\"wp-block-group is-layout-flow wp-block-group-is-layout-flow\"><div class=\"wp-block-group__inner-container\">\n<div class=\"wp-block-group is-layout-flow wp-block-group-is-layout-flow\"><div class=\"wp-block-group__inner-container\">\n<p>Gran Via de les Corts Catalanes, 585 (soterrani del Pati de Lletres) &#8211; 08007 Barcelona<br>Tel\u00e8fon: 934035696<br>Fax: 934035697<br>E-mail: <a href=\"mailto:ignasi.adiego@ub.edu\">ignasi.adiego@ub.edu<\/a><\/p>\n<\/div><\/div>\n<\/div><\/div>\n<\/div><\/div>\n<\/div><\/div>\n\n\n\n<h2 class=\"wp-block-heading\"><strong>Secret\u00e0ria acad\u00e8mica:<\/strong><\/h2>\n\n\n\n<div class=\"wp-block-group is-layout-flow wp-block-group-is-layout-flow\"><div class=\"wp-block-group__inner-container\">\n<p><strong>Dra. Adelina Millet Alb\u00e0<\/strong><\/p>\n\n\n\n<div class=\"wp-block-group is-layout-flow wp-block-group-is-layout-flow\"><div class=\"wp-block-group__inner-container\">\n<p>Gran Via de les Corts Catalanes, 585 (soterrani del Pati de Lletres) &#8211; 08007 Barcelona<br>Tel\u00e8fon: 934035696<br>Fax: 934035697<br>E-mail: <a href=\"mailto:amillet@ub.edu\">amillet@ub.edu<\/a><\/p>\n<\/div><\/div>\n<\/div><\/div>\n\n\n\n<h2 class=\"has-vivid-cyan-blue-color has-text-color wp-block-heading\"><strong>Personal d&#8217;administraci\u00f3 i serveis<\/strong><strong><\/strong><\/h2>\n\n\n\n<h2 class=\"wp-block-heading\"><strong>Secret\u00e0ria administrativa:<\/strong><\/h2>\n\n\n\n<div class=\"wp-block-group is-layout-flow wp-block-group-is-layout-flow\"><div class=\"wp-block-group__inner-container\">\n<div class=\"wp-block-group is-layout-flow wp-block-group-is-layout-flow\"><div class=\"wp-block-group__inner-container\">\n<p><strong>N\u00faria Aineto Trabal<\/strong><\/p>\n\n\n\n<p>Gran Via de les Corts Catalanes, 585 (soterrani del Pati de Lletres) &#8211; 08007 Barcelona<br>Tel\/Fax: 934035697<br>E-mail: <a href=\"mailto:ipoa@ub.edu\">ipoa@ub.edu<\/a><\/p>\n<\/div><\/div>\n<\/div><\/div>\n\n\n\n<div style=\"height:20px\" aria-hidden=\"true\" class=\"wp-block-spacer\"><\/div>\n\n\n\n<h2 class=\"has-vivid-cyan-blue-color has-text-color wp-block-heading\"><strong>Membres de la Universitat de Barcelona<\/strong><\/h2>\n\n\n\n<h2 class=\"wp-block-heading\"><strong>Consell de Direcci\u00f3 de l\u2019Institut Universitari del Pr\u00f2xim Orient<\/strong>:<\/h2>\n\n\n\n<div style=\"height:14px\" aria-hidden=\"true\" class=\"wp-block-spacer\"><\/div>\n\n\n\n<p><strong>Ignasi-Xavier Adiego Lajara<\/strong>: <a href=\"mailto:ignasi.adiego@ub.edu\">ignasi.adiego@ub.edu<\/a> <\/p>\n\n\n\n<p><strong>Josep Llu\u00eds Alay Rodr\u00edguez<\/strong>: <a href=\"mailto:alay@ub.edu\">alay@ub.edu<\/a><\/p>\n\n\n\n<p><strong>Llu\u00eds Feliu Mateu<\/strong>: <a href=\"mailto:lluisfeliu@ub.edu\">lluisfeliu@ub.edu<\/a><\/p>\n\n\n\n<p><strong>Adelina Millet Alb\u00e0<\/strong>: <a href=\"mailto:amillet@ub.edu\">amillet@ub.edu<\/a><\/p>\n\n\n\n<p><strong>Carles M\u00farcia:<\/strong> <a href=\"mailto:carlesmurcia@ub.edu\">carlesmurcia@ub.edu<\/a><\/p>\n\n\n\n<p><strong>Antoni Prevosti Moncl\u00fas:<\/strong> <a href=\"mailto:aprevostim@ub.edu\">aprevostim@ub.edu<\/a><\/p>\n\n\n\n<p><strong>Susana Soler Polo<\/strong>: <a href=\"mailto:susanasoler@ub.edu\">susanasoler@ub.edu<\/a><\/p>\n\n\n\n<p><strong>Eul\u00e0lia Vernet Pons<\/strong>: <a href=\"mailto:eulaliavernet@ub.edu\">eulaliavernet@ub.edu<\/a> &nbsp;<\/p>\n\n\n\n<p><strong>Mariona Vernet Pons<\/strong>: <a href=\"mailto:mvernet@ub.edu\">mvernet@ub.edu<\/a> <\/p>\n\n\n\n<div style=\"height:25px\" aria-hidden=\"true\" class=\"wp-block-spacer\"><\/div>\n\n\n\n<h2 class=\"has-black-color has-text-color wp-block-heading\"><strong>Membres honor\u00edfics<\/strong> <strong>de l&#8217;Institut Universitari del Pr\u00f2xim Orient Antic<\/strong><strong><\/strong><\/h2>\n\n\n\n<p><strong>Gregorio del Olmo Lete:<\/strong> <a href=\"mailto:olmolete@ub.edu\">olmolete@ub.edu<\/a> <\/p>\n\n\n\n<p><strong>Josep Padr\u00f3 Parcerisa<\/strong>: <a href=\"mailto:jpadro@ub.edu\">jpadro@ub.edu<\/a><\/p>\n\n\n\n<p><strong>Joaqu\u00edn Sanmart\u00edn Ascaso<\/strong>: <a href=\"mailto:jsanmartin@ub.edu\">jsanmartin@ub.edu<\/a><\/p>\n\n\n\n<div style=\"height:25px\" aria-hidden=\"true\" class=\"wp-block-spacer\"><\/div>\n\n\n\n<h2 class=\"has-vivid-cyan-blue-color has-text-color wp-block-heading\"><strong>Membres de l&#8217;Institut Universitari del Pr\u00f2xim Orient Antic amb vinculaci\u00f3 amb altres institucions<\/strong><\/h2>\n\n\n\n<p><strong>Agust\u00ed Alemany Vilamaj\u00f3<\/strong> (Universitat Aut\u00f2noma de Barcelona)<\/p>\n\n\n\n<p><strong>Pedro Azara<\/strong> (Universitat Polit\u00e8cnica de Catalunya)<\/p>\n\n\n\n<p><strong>Lucas Baqu\u00e9 Manzano<\/strong><\/p>\n\n\n\n<p><strong>Juan Antonio Belmonte Mar\u00edn<\/strong> (Universidad de Castilla-La Mancha)<\/p>\n\n\n\n<p><strong>Barbara B\u00f6ck (<\/strong>Consejo Superior de Investigaciones Cient\u00edficas)<\/p>\n\n\n\n<p><strong>Alberto Cantera <\/strong>(Freie Universit\u00e4t Berlin)<\/p>\n\n\n\n<p><strong>N\u00faria Castellano Sol\u00e9<\/strong> (Societat Catalana d\u2019Egiptologia)<\/p>\n\n\n\n<p><strong>Josep Cervell\u00f3 Autuori<\/strong> (Universitat Aut\u00f2noma de Barcelona)<\/p>\n\n\n\n<p><strong>Jordi Cors Meya<\/strong> (Universitat Aut\u00f2noma de Barcelona)<\/p>\n\n\n\n<p><strong>Salvador Costa Llerda<\/strong> <\/p>\n\n\n\n<p><strong>Agn\u00e8s Garcia Ventura<\/strong> (Universitat Aut\u00f2noma de Barcelona)<\/p>\n\n\n\n<p><strong>Josu\u00e9 Justel<\/strong> (Universidad de Alcal\u00e1 de Henares)<\/p>\n\n\n\n<p><strong>Jaume Llop Radu\u00e0<\/strong>&nbsp; (Universidad Complutense de Madrid)<\/p>\n\n\n\n<p><strong>M. Teresa Magad\u00e1n Olives<\/strong> (Universitat Oberta de Catalunya)<\/p>\n\n\n\n<p><strong>Ignacio M\u00e1rquez Rowe<\/strong> (Consejo Superior de Investigaciones Cient\u00edficas)<\/p>\n\n\n\n<p><strong>Elena Mart\u00ednez Rodr\u00edguez<\/strong> &nbsp;(Universit\u00e0 degli Studi di Verona)<\/p>\n\n\n\n<p><strong>Maite Mascort Roca <\/strong>&nbsp;(Societat Catalana d\u2019Egiptologia)<\/p>\n\n\n\n<p><strong>Manuel Molina Martos<\/strong> (Consejo Superior de Investigaciones Cient\u00edficas)<\/p>\n\n\n\n<p><strong>Juan Pedro Monferrer Sala<\/strong> (Universidad de C\u00f3rdoba)<\/p>\n\n\n\n<p><strong>Bartomeu<\/strong> <strong>Obrador-Cursach <\/strong>(Universidad Complutense de Madrid)<\/p>\n\n\n\n<p><strong>Juan Carlos Oliva Mompe\u00e1n<\/strong> (Universidad de Castilla-La Mancha)<\/p>\n\n\n\n<p><strong>Ester Pons Mellado<\/strong> (Museo Arqueol\u00f3gico Nacional)<\/p>\n\n\n\n<p><strong>Francisco del R\u00edo S\u00e1nchez<\/strong> (Universidad Complutense de Madrid)<\/p>\n\n\n\n<p><strong>Francisco Rubio Orecilla<\/strong> (Universidad de Salamanca)<\/p>\n\n\n\n<p><strong>Gonzalo Rubio<\/strong> (Pennsylvania State University)<\/p>\n\n\n\n<p><strong>Barbara Solans<\/strong><\/p>\n\n\n\n<p><strong>Marcos Such Guti\u00e9rrez<\/strong> (Universidad Aut\u00f3noma de Madrid)<\/p>\n\n\n\n<p><strong>Carmen Vald\u00e9s Pereiro<\/strong>&nbsp;<\/p>\n\n\n\n<p><strong>Jordi Vidal<\/strong> (Universitat Aut\u00f2noma de Barcelona)<\/p>\n","protected":false},"excerpt":{"rendered":"<p>C\u00e0rrecs acad\u00e8mics Director: Dr. Ignasi-Xavier Adiego Lajara Gran Via de les Corts Catalanes, 585 (soterrani del Pati de Lletres) &#8211; 08007 BarcelonaTel\u00e8fon: 934035696Fax: 934035697E-mail: ignasi.adiego@ub.edu Secret\u00e0ria acad\u00e8mica: Dra. Adelina Millet Alb\u00e0 Gran Via de les [&hellip;]<\/p>\n","protected":false},"author":1,"featured_media":0,"parent":0,"menu_order":0,"comment_status":"closed","ping_status":"closed","template":"page-templates\/fullwidth.php","meta":{"footnotes":""},"_links":{"self":[{"href":"https:\/\/www.ub.edu\/ipoa\/wp-json\/wp\/v2\/pages\/55"}],"collection":[{"href":"https:\/\/www.ub.edu\/ipoa\/wp-json\/wp\/v2\/pages"}],"about":[{"href":"https:\/\/www.ub.edu\/ipoa\/wp-json\/wp\/v2\/types\/page"}],"author":[{"embeddable":true,"href":"https:\/\/www.ub.edu\/ipoa\/wp-json\/wp\/v2\/users\/1"}],"replies":[{"embeddable":true,"href":"https:\/\/www.ub.edu\/ipoa\/wp-json\/wp\/v2\/comments?post=55"}],"version-history":[{"count":41,"href":"https:\/\/www.ub.edu\/ipoa\/wp-json\/wp\/v2\/pages\/55\/revisions"}],"predecessor-version":[{"id":2002,"href":"https:\/\/www.ub.edu\/ipoa\/wp-json\/wp\/v2\/pages\/55\/revisions\/2002"}],"wp:attachment":[{"href":"https:\/\/www.ub.edu\/ipoa\/wp-json\/wp\/v2\/media?parent=55"}],"curies":[{"name":"wp","href":"https:\/\/api.w.org\/{rel}","templated":true}]}}