{"id":566,"date":"2021-07-21T13:35:59","date_gmt":"2021-07-21T11:35:59","guid":{"rendered":"https:\/\/www.ub.edu\/ipoa\/?page_id=566"},"modified":"2021-12-27T12:55:22","modified_gmt":"2021-12-27T10:55:22","slug":"egiptologia","status":"publish","type":"page","link":"https:\/\/www.ub.edu\/ipoa\/recerca\/egiptologia\/","title":{"rendered":""},"content":{"rendered":"\n<div class=\"wp-block-cover has-background-dim\"><img loading=\"lazy\" decoding=\"async\" width=\"1024\" height=\"910\" class=\"wp-block-cover__image-background wp-image-570\" alt=\"\" src=\"https:\/\/www.ub.edu\/ipoa\/wp-content\/uploads\/2021\/07\/Userhat-1024x910.jpg\" style=\"object-position:51% 67%\" data-object-fit=\"cover\" data-object-position=\"51% 67%\" srcset=\"https:\/\/www.ub.edu\/ipoa\/wp-content\/uploads\/2021\/07\/Userhat-1024x910.jpg 1024w, https:\/\/www.ub.edu\/ipoa\/wp-content\/uploads\/2021\/07\/Userhat-300x267.jpg 300w, https:\/\/www.ub.edu\/ipoa\/wp-content\/uploads\/2021\/07\/Userhat-768x682.jpg 768w, https:\/\/www.ub.edu\/ipoa\/wp-content\/uploads\/2021\/07\/Userhat.jpg 1200w\" sizes=\"(max-width: 1024px) 100vw, 1024px\" \/><div class=\"wp-block-cover__inner-container is-layout-flow wp-block-cover-is-layout-flow\">\n<p class=\"has-large-font-size\"><em>Egiptologia<\/em><\/p>\n<\/div><\/div>\n\n\n\n<div style=\"height:50px\" aria-hidden=\"true\" class=\"wp-block-spacer\"><\/div>\n\n\n\n<p><strong>Investigador:<\/strong><\/p>\n\n\n\n<p>Susana Soler Polo (investigadora predoctoral amb beca atorgada pel Ministeri de Ci\u00e8ncia i Innovaci\u00f3 &#8211; PRE2019-089510)<\/p>\n\n\n\n<p><strong>L\u00ednia de recerca:<\/strong><\/p>\n\n\n\n<p>Els classificadors a les escriptures de l\u2019Antic Egipte: un an\u00e0lisi basat en un corpus de textos literaris. <\/p>\n\n\n\n<p>Membre de la missi\u00f3 arqueol\u00f2gica de l&#8217;IPOA-UB a Oxirrinc dirigida per Dr. Maite Mascort i Dr. Esther Pons. <\/p>\n\n\n\n<p><strong>Projecte de recerca:<\/strong>  <em>iClassifier<\/em> &#8211; Archaeomind Lab: Digitizing the Ancient Mind (Hebrew University of Jerusalem &#8211; Israel Science Foundation): <a href=\"https:\/\/www.archaeomind.net\/\">https:\/\/www.archaeomind.net\/<\/a><\/p>\n\n\n\n<p>Investigador principal: Orly Goldwasser (Hebrew University of Jerusalem)<\/p>\n\n\n\n<p>Halely Harel &#8211; Lab Manager and Scientific Coordinator (Hebrew University of Jerusalem)<\/p>\n\n\n\n<p>Dmitry Nikolaev &#8211; Database and User Interface Developer (Hebrew University of Jerusalem)<\/p>\n\n\n\n<p>Investigadors del projecte <em>iClassifier<\/em> per a l&#8217;\u00e0mbit de l\u2019antic Egipte<em> <\/em>(<em>iClassifier en altres lleng\u00fces i escriptures a: <\/em><a href=\"https:\/\/www.archaeomind.net\/team\">https:\/\/www.archaeomind.net\/team<\/a>)<\/p>\n\n\n\n<p>Tanja Pommerening (Universit\u00e4t Marburg)<\/p>\n\n\n\n<p>Lutz Popko (S\u00e4chsische Akademie der Wissenschaften zu Leipzig)<\/p>\n\n\n\n<p>Svenja Stern (Johannes Gutenberg-Universit\u00e4t, Mainz)<\/p>\n\n\n\n<p>Simon Thuault (Humboldt University, Berlin)<\/p>\n\n\n\n<p>Susana Soler (IPOA- Universitat de Barcelona)<\/p>\n\n\n\n<p>Ga\u00eblle Chantrain (Yale University, FNRS)<\/p>\n\n\n\n<p>Jorke Grotenhuis (Universit\u00e9 de Li\u00e8ge)<\/p>\n\n\n\n<p>Eliese-Sophia Lincke (Humboldt University, Berlin)<\/p>\n\n\n\n<p>Roman Gundacker (Austrian Academy, Vienna)<\/p>\n\n\n\n<p>Christian Casey&nbsp; (Institute for the Study of the Ancient World, New York)<\/p>\n\n\n\n<p><\/p>\n\n\n\n<p><\/p>\n\n\n\n<p><strong>Publicacions destacades:<\/strong><\/p>\n\n\n\n<p>Soler, Susana (2021). \u201cLos or\u00edgenes del sincretismo Seth-Baal. Seth y la tormenta seg\u00fan los clasificadores de los Textos de los Sarc\u00f3fagos del Reino Medio\u201d. In Ll. Feliu, A. Millet &amp; J. Vidal (eds.) \u201cSentido de un empe\u00f1o\u201d. Homenatge a Gregorio del Olmo Lete. Barcino. Monographica Orientalia 16, pp. 461-475.<\/p>\n","protected":false},"excerpt":{"rendered":"<p>Investigador: Susana Soler Polo (investigadora predoctoral amb beca atorgada pel Ministeri de Ci\u00e8ncia i Innovaci\u00f3 &#8211; PRE2019-089510) L\u00ednia de recerca: Els classificadors a les escriptures de l\u2019Antic Egipte: un an\u00e0lisi basat en un corpus de [&hellip;]<\/p>\n","protected":false},"author":1,"featured_media":0,"parent":56,"menu_order":0,"comment_status":"closed","ping_status":"closed","template":"page-templates\/fullwidth.php","meta":{"footnotes":""},"_links":{"self":[{"href":"https:\/\/www.ub.edu\/ipoa\/wp-json\/wp\/v2\/pages\/566"}],"collection":[{"href":"https:\/\/www.ub.edu\/ipoa\/wp-json\/wp\/v2\/pages"}],"about":[{"href":"https:\/\/www.ub.edu\/ipoa\/wp-json\/wp\/v2\/types\/page"}],"author":[{"embeddable":true,"href":"https:\/\/www.ub.edu\/ipoa\/wp-json\/wp\/v2\/users\/1"}],"replies":[{"embeddable":true,"href":"https:\/\/www.ub.edu\/ipoa\/wp-json\/wp\/v2\/comments?post=566"}],"version-history":[{"count":7,"href":"https:\/\/www.ub.edu\/ipoa\/wp-json\/wp\/v2\/pages\/566\/revisions"}],"predecessor-version":[{"id":2078,"href":"https:\/\/www.ub.edu\/ipoa\/wp-json\/wp\/v2\/pages\/566\/revisions\/2078"}],"up":[{"embeddable":true,"href":"https:\/\/www.ub.edu\/ipoa\/wp-json\/wp\/v2\/pages\/56"}],"wp:attachment":[{"href":"https:\/\/www.ub.edu\/ipoa\/wp-json\/wp\/v2\/media?parent=566"}],"curies":[{"name":"wp","href":"https:\/\/api.w.org\/{rel}","templated":true}]}}