{"id":588,"date":"2021-07-21T16:24:40","date_gmt":"2021-07-21T14:24:40","guid":{"rendered":"https:\/\/www.ub.edu\/ipoa\/?page_id=588"},"modified":"2021-07-21T16:24:40","modified_gmt":"2021-07-21T14:24:40","slug":"au-or-1990-82","status":"publish","type":"page","link":"https:\/\/www.ub.edu\/ipoa\/aula-orientalis\/au-or-1990-82\/","title":{"rendered":"Au Or 1990 8,2"},"content":{"rendered":"\n<figure class=\"wp-block-pullquote\"><blockquote class=\"has-text-color\" style=\"color:#0071a1\"><p><strong>Aula Orientalis 8 (1990) vol. 2<\/strong><\/p><\/blockquote><\/figure>\n\n\n\n<div class=\"wp-block-file\"><a href=\"https:\/\/www.ub.edu\/ipoa\/wp-content\/uploads\/2021\/07\/19902AuOr00Index.pdf\"><strong>\u00cdndice general del volumen VIII.<\/strong><\/a><a href=\"https:\/\/www.ub.edu\/ipoa\/wp-content\/uploads\/2021\/07\/19902AuOr00Index.pdf\" class=\"wp-block-file__button\" download>Baixa<\/a><\/div>\n\n\n\n<div class=\"wp-block-file\"><a href=\"https:\/\/www.ub.edu\/ipoa\/wp-content\/uploads\/2021\/07\/19902AuOrBonechi.pdf\"><strong>Bonechi, M.<\/strong> I &#8220;regni&#8221; dei testi degli archivi di Ebla, pp.157-174.<\/a><a href=\"https:\/\/www.ub.edu\/ipoa\/wp-content\/uploads\/2021\/07\/19902AuOrBonechi.pdf\" class=\"wp-block-file__button\" download>Baixa<\/a><\/div>\n\n\n\n<div class=\"wp-block-file\"><a href=\"https:\/\/www.ub.edu\/ipoa\/wp-content\/uploads\/2021\/07\/19902AuOrCunchillos.pdf\"><strong>Cunchillos, J.L.<\/strong> Las inscripciones fenicias del Tell de Do\u00f1a Blanca. TDB 89001 y 89003, pp. 175-181.<\/a><a href=\"https:\/\/www.ub.edu\/ipoa\/wp-content\/uploads\/2021\/07\/19902AuOrCunchillos.pdf\" class=\"wp-block-file__button\" download>Baixa<\/a><\/div>\n\n\n\n<div class=\"wp-block-file\"><a href=\"https:\/\/www.ub.edu\/ipoa\/wp-content\/uploads\/2021\/07\/19902AuOrDelOlmo.pdf\"><strong>Del Olmo Lete, G.<\/strong>Textos ugar\u00edticos y su cr\u00edtica literaria. A prop\u00f3sito de dos obras recientes, pp. 183-195.<\/a><a href=\"https:\/\/www.ub.edu\/ipoa\/wp-content\/uploads\/2021\/07\/19902AuOrDelOlmo.pdf\" class=\"wp-block-file__button\" download>Baixa<\/a><\/div>\n\n\n\n<div class=\"wp-block-file\"><a href=\"https:\/\/www.ub.edu\/ipoa\/wp-content\/uploads\/2021\/07\/19902AuOrFarber.pdf\"><strong>Farber, W.<\/strong> Hanum kauft Gadagada: eine altassyrische Selbstverkaufs-Urkunde, pp. 197-205.<\/a><a href=\"https:\/\/www.ub.edu\/ipoa\/wp-content\/uploads\/2021\/07\/19902AuOrFarber.pdf\" class=\"wp-block-file__button\" download>Baixa<\/a><\/div>\n\n\n\n<div class=\"wp-block-file\"><a href=\"https:\/\/www.ub.edu\/ipoa\/wp-content\/uploads\/2021\/07\/19902AuOrFuscaldo.pdf\"><strong>Fuscaldo, P.<\/strong> Aksha (Serra West): dos jambas con inscripciones de \u00e9poca ram\u00e9sida, pp. 231-237.<\/a><a href=\"https:\/\/www.ub.edu\/ipoa\/wp-content\/uploads\/2021\/07\/19902AuOrFuscaldo.pdf\" class=\"wp-block-file__button\" download>Baixa<\/a><\/div>\n\n\n\n<div class=\"wp-block-file\"><a href=\"https:\/\/www.ub.edu\/ipoa\/wp-content\/uploads\/2021\/07\/19902AuOrPangas.pdf\"><strong>Pangas, J.C. <\/strong>Notas sobre el aborto en la Antigua Mesopotamia, pp. 213-218.<\/a><a href=\"https:\/\/www.ub.edu\/ipoa\/wp-content\/uploads\/2021\/07\/19902AuOrPangas.pdf\" class=\"wp-block-file__button\" download>Baixa<\/a><\/div>\n\n\n\n<div class=\"wp-block-file\"><a href=\"https:\/\/www.ub.edu\/ipoa\/wp-content\/uploads\/2021\/07\/19902AuOrSegarra.pdf\"><strong>Segarra, D.<\/strong> La ofrenda de alimentos en Ebla durante el reino de Ibbi-Sipi\u0161, pp. 219-241.<\/a><a href=\"https:\/\/www.ub.edu\/ipoa\/wp-content\/uploads\/2021\/07\/19902AuOrSegarra.pdf\" class=\"wp-block-file__button\" download>Baixa<\/a><\/div>\n\n\n\n<div class=\"wp-block-file\"><a href=\"https:\/\/www.ub.edu\/ipoa\/wp-content\/uploads\/2021\/07\/19902AuOrWatson.pdf\"><strong>Watson, W. G. E.<\/strong> Ugaritic onom\u00e1stics (2), pp. 243-250.<\/a><a href=\"https:\/\/www.ub.edu\/ipoa\/wp-content\/uploads\/2021\/07\/19902AuOrWatson.pdf\" class=\"wp-block-file__button\" download>Baixa<\/a><\/div>\n\n\n\n<div class=\"wp-block-file\"><a href=\"https:\/\/www.ub.edu\/ipoa\/wp-content\/uploads\/2021\/07\/19902AuOrXNotas.pdf\"><strong>Notas<\/strong>.<\/a><a href=\"https:\/\/www.ub.edu\/ipoa\/wp-content\/uploads\/2021\/07\/19902AuOrXNotas.pdf\" class=\"wp-block-file__button\" download>Baixa<\/a><\/div>\n\n\n\n<div class=\"wp-block-file\"><a href=\"https:\/\/www.ub.edu\/ipoa\/wp-content\/uploads\/2021\/07\/19902AuOrXRecensiones.pdf\"><strong>Recensiones<\/strong>.<\/a><a href=\"https:\/\/www.ub.edu\/ipoa\/wp-content\/uploads\/2021\/07\/19902AuOrXRecensiones.pdf\" class=\"wp-block-file__button\" download>Baixa<\/a><\/div>\n\n\n\n<div class=\"wp-block-file\"><a href=\"https:\/\/www.ub.edu\/ipoa\/wp-content\/uploads\/2021\/07\/19902AuOrXNotBIB.pdf\"><strong>Noticia bibliogr\u00e1fica.<\/strong><\/a><a href=\"https:\/\/www.ub.edu\/ipoa\/wp-content\/uploads\/2021\/07\/19902AuOrXNotBIB.pdf\" class=\"wp-block-file__button\" download>Baixa<\/a><\/div>\n\n\n\n<div class=\"wp-block-file\"><a href=\"https:\/\/www.ub.edu\/ipoa\/wp-content\/uploads\/2021\/07\/19902AuOrXLibRecibidos.pdf\"><strong>Libros recibidos.<\/strong><\/a><a href=\"https:\/\/www.ub.edu\/ipoa\/wp-content\/uploads\/2021\/07\/19902AuOrXLibRecibidos.pdf\" class=\"wp-block-file__button\" download>Baixa<\/a><\/div>\n\n\n\n<p><\/p>\n","protected":false},"excerpt":{"rendered":"<p>Aula Orientalis 8 (1990) vol. 2<\/p>\n","protected":false},"author":1,"featured_media":0,"parent":115,"menu_order":0,"comment_status":"closed","ping_status":"closed","template":"page-templates\/fullwidth.php","meta":{"footnotes":""},"_links":{"self":[{"href":"https:\/\/www.ub.edu\/ipoa\/wp-json\/wp\/v2\/pages\/588"}],"collection":[{"href":"https:\/\/www.ub.edu\/ipoa\/wp-json\/wp\/v2\/pages"}],"about":[{"href":"https:\/\/www.ub.edu\/ipoa\/wp-json\/wp\/v2\/types\/page"}],"author":[{"embeddable":true,"href":"https:\/\/www.ub.edu\/ipoa\/wp-json\/wp\/v2\/users\/1"}],"replies":[{"embeddable":true,"href":"https:\/\/www.ub.edu\/ipoa\/wp-json\/wp\/v2\/comments?post=588"}],"version-history":[{"count":2,"href":"https:\/\/www.ub.edu\/ipoa\/wp-json\/wp\/v2\/pages\/588\/revisions"}],"predecessor-version":[{"id":603,"href":"https:\/\/www.ub.edu\/ipoa\/wp-json\/wp\/v2\/pages\/588\/revisions\/603"}],"up":[{"embeddable":true,"href":"https:\/\/www.ub.edu\/ipoa\/wp-json\/wp\/v2\/pages\/115"}],"wp:attachment":[{"href":"https:\/\/www.ub.edu\/ipoa\/wp-json\/wp\/v2\/media?parent=588"}],"curies":[{"name":"wp","href":"https:\/\/api.w.org\/{rel}","templated":true}]}}