{"id":789,"date":"2021-07-28T10:48:42","date_gmt":"2021-07-28T08:48:42","guid":{"rendered":"https:\/\/www.ub.edu\/ipoa\/?page_id=789"},"modified":"2021-07-28T10:48:42","modified_gmt":"2021-07-28T08:48:42","slug":"au-or-2017-352","status":"publish","type":"page","link":"https:\/\/www.ub.edu\/ipoa\/aula-orientalis\/au-or-2017-352\/","title":{"rendered":"Au Or 2017 35,2"},"content":{"rendered":"\n<figure class=\"wp-block-pullquote\"><blockquote class=\"has-text-color\" style=\"color:#0071a1\"><p><strong>Aula Orientalis 35 (2017) vol. 2<\/strong><\/p><\/blockquote><\/figure>\n\n\n\n<div class=\"wp-block-file\"><a href=\"https:\/\/www.ub.edu\/ipoa\/wp-content\/uploads\/2021\/07\/20172AuOr00Index.pdf\"><strong>\u00cdndice Volumen XXXV\/2<\/strong><\/a><a href=\"https:\/\/www.ub.edu\/ipoa\/wp-content\/uploads\/2021\/07\/20172AuOr00Index.pdf\" class=\"wp-block-file__button\" download>Baixa<\/a><\/div>\n\n\n\n<div class=\"wp-block-file\"><a href=\"https:\/\/www.ub.edu\/ipoa\/wp-content\/uploads\/2021\/07\/20172AuOrAbudraham.pdf\"><strong>Abudraham, O.<\/strong> On Some Pseudo-Corrections in Early Mandaic Epigraphic Texts, pp. 199-212.<\/a><a href=\"https:\/\/www.ub.edu\/ipoa\/wp-content\/uploads\/2021\/07\/20172AuOrAbudraham.pdf\" class=\"wp-block-file__button\" download>Baixa<\/a><\/div>\n\n\n\n<div class=\"wp-block-file\"><a href=\"https:\/\/www.ub.edu\/ipoa\/wp-content\/uploads\/2021\/07\/20172AuOrBinandeh.pdf\"><strong>Binandeh, A.<\/strong> Mennaean art: some glazed bricks from Qalaichi, Iran, pp. 213-222.<\/a><a href=\"https:\/\/www.ub.edu\/ipoa\/wp-content\/uploads\/2021\/07\/20172AuOrBinandeh.pdf\" class=\"wp-block-file__button\" download>Baixa<\/a><\/div>\n\n\n\n<div class=\"wp-block-file\"><a href=\"https:\/\/www.ub.edu\/ipoa\/wp-content\/uploads\/2021\/07\/20172AuOrBojowald.pdf\"><strong>Bo<\/strong>j<strong>owald, S.<\/strong> Zu einigen Beispielen f\u00fcr den \u00e4gyptischen Ausfall von \u201ew\u201c in der Wortmitte, pp. 223-228.<\/a><a href=\"https:\/\/www.ub.edu\/ipoa\/wp-content\/uploads\/2021\/07\/20172AuOrBojowald.pdf\" class=\"wp-block-file__button\" download>Baixa<\/a><\/div>\n\n\n\n<div class=\"wp-block-file\"><a href=\"https:\/\/www.ub.edu\/ipoa\/wp-content\/uploads\/2021\/07\/20172AuOrCastro.pdf\"><strong>Castro, M.B.<\/strong> Apuntes sobre la literatura ram\u00e9sida: el estudio del Papiro d\u2019Orbiney, pp.229-250.<\/a><a href=\"https:\/\/www.ub.edu\/ipoa\/wp-content\/uploads\/2021\/07\/20172AuOrCastro.pdf\" class=\"wp-block-file__button\" download>Baixa<\/a><\/div>\n\n\n\n<div class=\"wp-block-file\"><a href=\"https:\/\/www.ub.edu\/ipoa\/wp-content\/uploads\/2021\/07\/20172AuOrCosta.pdf\"><strong>Costa Llerda, S.<\/strong> A comparative study of two Ramesses II scenes in the Sety I Temple of Millions of Years at Gurna (West Thebes), pp. 251-270.<\/a><a href=\"https:\/\/www.ub.edu\/ipoa\/wp-content\/uploads\/2021\/07\/20172AuOrCosta.pdf\" class=\"wp-block-file__button\" download>Baixa<\/a><\/div>\n\n\n\n<div class=\"wp-block-file\"><a href=\"https:\/\/www.ub.edu\/ipoa\/wp-content\/uploads\/2021\/07\/20172AuOrDelOlmo.pdf\"><strong>del Olmo Lete, G.<\/strong> Ad\u00e1n, el m\u016bd\u00fb sabelotodo, y Eva, la madre de la maldici\u00f3n. Implicaciones m\u00e1gicas de Gn 2:4b-4:2\u00aa, pp. 271-290.<\/a><a href=\"https:\/\/www.ub.edu\/ipoa\/wp-content\/uploads\/2021\/07\/20172AuOrDelOlmo.pdf\" class=\"wp-block-file__button\" download>Baixa<\/a><\/div>\n\n\n\n<div class=\"wp-block-file\"><a href=\"https:\/\/www.ub.edu\/ipoa\/wp-content\/uploads\/2021\/07\/20172AuOrMolinero.pdf\"><strong>Molinero Polo, M.A.<\/strong> Eduard Toda i G\u00fcell en Egipto (1884-1886), pp. 291-320.<\/a><a href=\"https:\/\/www.ub.edu\/ipoa\/wp-content\/uploads\/2021\/07\/20172AuOrMolinero.pdf\" class=\"wp-block-file__button\" download>Baixa<\/a><\/div>\n\n\n\n<div class=\"wp-block-file\"><a href=\"https:\/\/www.ub.edu\/ipoa\/wp-content\/uploads\/2021\/07\/20172AuOrOrtiz.pdf\"><strong>Ortiz Garc\u00eda, J.<\/strong> Nota cronol\u00f3gica sobre la muerte de S\u00f3ter, un arconte de la Tebas romana, pp. 321-328.<\/a><a href=\"https:\/\/www.ub.edu\/ipoa\/wp-content\/uploads\/2021\/07\/20172AuOrOrtiz.pdf\" class=\"wp-block-file__button\" download>Baixa<\/a><\/div>\n\n\n\n<div class=\"wp-block-file\"><a href=\"https:\/\/www.ub.edu\/ipoa\/wp-content\/uploads\/2021\/07\/20172AuOrVernet.pdf\"><strong>Vernet Pons, M.<\/strong> Lycian zemure \u2018limyra\u2019 and the Aramaic Inscription from Limyra: a new reading, pp.329-346.<\/a><a href=\"https:\/\/www.ub.edu\/ipoa\/wp-content\/uploads\/2021\/07\/20172AuOrVernet.pdf\" class=\"wp-block-file__button\" download>Baixa<\/a><\/div>\n\n\n\n<div class=\"wp-block-file\"><a href=\"https:\/\/www.ub.edu\/ipoa\/wp-content\/uploads\/2021\/07\/20172AuOrXArticuloRecension.pdf\"><strong>Art\u00edculo Recensi\u00f3n<\/strong>.<\/a><a href=\"https:\/\/www.ub.edu\/ipoa\/wp-content\/uploads\/2021\/07\/20172AuOrXArticuloRecension.pdf\" class=\"wp-block-file__button\" download>Baixa<\/a><\/div>\n\n\n\n<div class=\"wp-block-file\"><a href=\"https:\/\/www.ub.edu\/ipoa\/wp-content\/uploads\/2021\/07\/20172AuOrXBoletinBibliografico.pdf\"><strong>Bolet\u00edn Bibliogr\u00e1fico<\/strong>.<\/a><a href=\"https:\/\/www.ub.edu\/ipoa\/wp-content\/uploads\/2021\/07\/20172AuOrXBoletinBibliografico.pdf\" class=\"wp-block-file__button\" download>Baixa<\/a><\/div>\n\n\n\n<div class=\"wp-block-file\"><a href=\"https:\/\/www.ub.edu\/ipoa\/wp-content\/uploads\/2021\/07\/20172AuOrXRecensiones.pdf\"><strong>Recensiones.<\/strong><\/a><a href=\"https:\/\/www.ub.edu\/ipoa\/wp-content\/uploads\/2021\/07\/20172AuOrXRecensiones.pdf\" class=\"wp-block-file__button\" download>Baixa<\/a><\/div>\n\n\n\n<div class=\"wp-block-file\"><a href=\"https:\/\/www.ub.edu\/ipoa\/wp-content\/uploads\/2021\/07\/20172AuOrXNoticiabiblio.pdf\"><strong>Noticia bibliogr\u00e1fica.<\/strong><\/a><a href=\"https:\/\/www.ub.edu\/ipoa\/wp-content\/uploads\/2021\/07\/20172AuOrXNoticiabiblio.pdf\" class=\"wp-block-file__button\" download>Baixa<\/a><\/div>\n\n\n\n<div class=\"wp-block-file\"><a href=\"https:\/\/www.ub.edu\/ipoa\/wp-content\/uploads\/2021\/07\/20172AuOrXLibrosRecibidos.pdf\"><strong>Libros Recibidos.<\/strong><\/a><a href=\"https:\/\/www.ub.edu\/ipoa\/wp-content\/uploads\/2021\/07\/20172AuOrXLibrosRecibidos.pdf\" class=\"wp-block-file__button\" download>Baixa<\/a><\/div>\n\n\n\n<p><\/p>\n","protected":false},"excerpt":{"rendered":"<p>Aula Orientalis 35 (2017) vol. 2<\/p>\n","protected":false},"author":1,"featured_media":0,"parent":115,"menu_order":0,"comment_status":"closed","ping_status":"closed","template":"page-templates\/fullwidth.php","meta":{"footnotes":""},"_links":{"self":[{"href":"https:\/\/www.ub.edu\/ipoa\/wp-json\/wp\/v2\/pages\/789"}],"collection":[{"href":"https:\/\/www.ub.edu\/ipoa\/wp-json\/wp\/v2\/pages"}],"about":[{"href":"https:\/\/www.ub.edu\/ipoa\/wp-json\/wp\/v2\/types\/page"}],"author":[{"embeddable":true,"href":"https:\/\/www.ub.edu\/ipoa\/wp-json\/wp\/v2\/users\/1"}],"replies":[{"embeddable":true,"href":"https:\/\/www.ub.edu\/ipoa\/wp-json\/wp\/v2\/comments?post=789"}],"version-history":[{"count":2,"href":"https:\/\/www.ub.edu\/ipoa\/wp-json\/wp\/v2\/pages\/789\/revisions"}],"predecessor-version":[{"id":793,"href":"https:\/\/www.ub.edu\/ipoa\/wp-json\/wp\/v2\/pages\/789\/revisions\/793"}],"up":[{"embeddable":true,"href":"https:\/\/www.ub.edu\/ipoa\/wp-json\/wp\/v2\/pages\/115"}],"wp:attachment":[{"href":"https:\/\/www.ub.edu\/ipoa\/wp-json\/wp\/v2\/media?parent=789"}],"curies":[{"name":"wp","href":"https:\/\/api.w.org\/{rel}","templated":true}]}}