{"id":863,"date":"2021-07-12T17:52:30","date_gmt":"2021-07-12T15:52:30","guid":{"rendered":"https:\/\/www.ub.edu\/ipoa\/?page_id=54"},"modified":"2021-07-30T11:38:09","modified_gmt":"2021-07-30T09:38:09","slug":"presentacion","status":"publish","type":"page","link":"https:\/\/www.ub.edu\/ipoa\/es\/presentacion\/","title":{"rendered":"Presentaci\u00f3n"},"content":{"rendered":"\n<div class=\"wp-block-image\"><figure class=\"aligncenter size-large is-resized\"><img loading=\"lazy\" decoding=\"async\" src=\"https:\/\/www.ub.edu\/ipoa\/wp-content\/uploads\/2021\/07\/IPOApresen-1024x768.jpg\" alt=\"\" class=\"wp-image-78\" width=\"768\" height=\"576\" srcset=\"https:\/\/www.ub.edu\/ipoa\/wp-content\/uploads\/2021\/07\/IPOApresen-1024x768.jpg 1024w, https:\/\/www.ub.edu\/ipoa\/wp-content\/uploads\/2021\/07\/IPOApresen-300x225.jpg 300w, https:\/\/www.ub.edu\/ipoa\/wp-content\/uploads\/2021\/07\/IPOApresen-768x576.jpg 768w, https:\/\/www.ub.edu\/ipoa\/wp-content\/uploads\/2021\/07\/IPOApresen.jpg 1280w\" sizes=\"(max-width: 768px) 100vw, 768px\" \/><\/figure><\/div>\n\n\n\n<p>La existencia en nuestro \u00e1mbito universitario de un instituto universitario de estudios del Pr\u00f3ximo Oriente antiguo se justifica por la propia naturaleza de estos estudios altamente especializados, hasta niveles muy minoritarios y extremadamente complejos y, por otro lado, con unas exigencias muy elevadas de formaci\u00f3n ling\u00fc\u00edstica y cultural. El Instituto pretende abrir nuevos planes de curaci\u00f3n e investigaci\u00f3n en campos de gran trascendencia en la historia de la cultura y que hoy generan un gran inter\u00e9s social. Estos estudios se presentan como complemento y especializaci\u00f3n cient\u00edfica natural de los planes acad\u00e9micos de los departamentos de filolog\u00eda sem\u00edtica, filolog\u00eda cl\u00e1sica, historia antigua, ling\u00fc\u00edstica y filosof\u00eda te\u00f3rica.<\/p>\n\n\n\n<p>El <em>Institu<\/em>t <em>Universitari del Pr\u00f2xim Orient Antic<\/em> (IPOA) pretende ser el punto de convergencia de una investigaci\u00f3n interdepartamental e interuniversitaria que prevea la legislaci\u00f3n vigente y los estatutos de las universidades promotoras, y que adem\u00e1s ofrezca una serie de ense\u00f1anzas, plenamente desarrolladas en cuanto a contenidos y m\u00e9todos, aunque por su naturaleza compleja, minoritaria o nueva no tienen cabida en nuestro sistema acad\u00e9mico y que son , sin embargo, indispensable. Junto con esta tarea estrictamente de investigaci\u00f3n, se pretende cumplir una funci\u00f3n social y acad\u00e9mica no aplazable.<\/p>\n\n\n\n<p>En atenci\u00f3n a estos motivos y tras superar el procedimiento de instancias administrativas y controles previsto por la Ley de Reforma Universitaria (11\/1983), el Instituto fue creado oficialmente por Decreto de la Presidencia de la Generalitat de Catalunya de 24 de noviembre de 1993.<\/p>\n","protected":false},"excerpt":{"rendered":"<p>La existencia en nuestro \u00e1mbito universitario de un instituto universitario de estudios del Pr\u00f3ximo Oriente antiguo se justifica por la propia naturaleza de estos estudios altamente especializados, hasta niveles muy minoritarios y extremadamente complejos y, [&hellip;]<\/p>\n","protected":false},"author":1,"featured_media":0,"parent":0,"menu_order":0,"comment_status":"closed","ping_status":"closed","template":"","meta":{"footnotes":""},"_links":{"self":[{"href":"https:\/\/www.ub.edu\/ipoa\/wp-json\/wp\/v2\/pages\/863"}],"collection":[{"href":"https:\/\/www.ub.edu\/ipoa\/wp-json\/wp\/v2\/pages"}],"about":[{"href":"https:\/\/www.ub.edu\/ipoa\/wp-json\/wp\/v2\/types\/page"}],"author":[{"embeddable":true,"href":"https:\/\/www.ub.edu\/ipoa\/wp-json\/wp\/v2\/users\/1"}],"replies":[{"embeddable":true,"href":"https:\/\/www.ub.edu\/ipoa\/wp-json\/wp\/v2\/comments?post=863"}],"version-history":[{"count":4,"href":"https:\/\/www.ub.edu\/ipoa\/wp-json\/wp\/v2\/pages\/863\/revisions"}],"predecessor-version":[{"id":987,"href":"https:\/\/www.ub.edu\/ipoa\/wp-json\/wp\/v2\/pages\/863\/revisions\/987"}],"wp:attachment":[{"href":"https:\/\/www.ub.edu\/ipoa\/wp-json\/wp\/v2\/media?parent=863"}],"curies":[{"name":"wp","href":"https:\/\/api.w.org\/{rel}","templated":true}]}}