{"id":918,"date":"2021-07-28T18:41:49","date_gmt":"2021-07-28T16:41:49","guid":{"rendered":"https:\/\/www.ub.edu\/ipoa\/?page_id=918"},"modified":"2025-12-18T12:40:29","modified_gmt":"2025-12-18T11:40:29","slug":"aula-orientalis-en","status":"publish","type":"page","link":"https:\/\/www.ub.edu\/ipoa\/en\/aula-orientalis-en\/","title":{"rendered":"Aula Orientalis"},"content":{"rendered":"\n<div class=\"wp-block-media-text alignwide is-stacked-on-mobile is-image-fill has-luminous-vivid-amber-background-color has-background\"><figure class=\"wp-block-media-text__media\" style=\"background-image:url(https:\/\/www.ub.edu\/ipoa\/wp-content\/uploads\/2021\/07\/AULAORIENTALIS-1-1024x768.jpg);background-position:50% 50%\"><img loading=\"lazy\" decoding=\"async\" width=\"1024\" height=\"768\" src=\"https:\/\/www.ub.edu\/ipoa\/wp-content\/uploads\/2021\/07\/AULAORIENTALIS-1-1024x768.jpg\" alt=\"\" class=\"wp-image-75 size-full\" srcset=\"https:\/\/www.ub.edu\/ipoa\/wp-content\/uploads\/2021\/07\/AULAORIENTALIS-1-1024x768.jpg 1024w, https:\/\/www.ub.edu\/ipoa\/wp-content\/uploads\/2021\/07\/AULAORIENTALIS-1-300x225.jpg 300w, https:\/\/www.ub.edu\/ipoa\/wp-content\/uploads\/2021\/07\/AULAORIENTALIS-1-768x576.jpg 768w, https:\/\/www.ub.edu\/ipoa\/wp-content\/uploads\/2021\/07\/AULAORIENTALIS-1-1536x1152.jpg 1536w, https:\/\/www.ub.edu\/ipoa\/wp-content\/uploads\/2021\/07\/AULAORIENTALIS-1.jpg 2048w\" sizes=\"(max-width: 1024px) 100vw, 1024px\" \/><\/figure><div class=\"wp-block-media-text__content\">\n<h2 class=\"wp-block-heading has-background\" style=\"background-color:#f3c562\">Revista de estudios del Pr\u00f3ximo Oriente Antiguo<\/h2>\n<\/div><\/div>\n\n\n\n<div class=\"wp-block-columns is-layout-flex wp-container-core-columns-layout-1 wp-block-columns-is-layout-flex\">\n<div class=\"wp-block-column is-layout-flow wp-block-column-is-layout-flow\" style=\"flex-basis:66.66%\">\n<h2 class=\"wp-block-heading\"><\/h2>\n\n\n\n<p><\/p>\n\n\n\n<p><\/p>\n\n\n\n<p>Published by the Institut Universitari del Pr\u00f2xim Orient Antic de la Universitat de Barcelona (IPOA).<\/p>\n\n\n\n<p>ISSN (print edition): 0212-5730<br>ISSN (online edition): 2938-4966<\/p>\n\n\n\n<p><em>Aula Orientalis<\/em> is covered by the Web of Science <em>Arts and Humanities Citation Index <\/em>(Thomson-Reuters-ISI),&nbsp;<em>SCOPUS <\/em>(Elsevier), <em>European Reference Index for the Humanities and Social Sciences<\/em> (ERIH PLUS) and <em>Periodicals Archive Online <\/em>(ProQuest). <\/p>\n\n\n\n<p>Originals submitted for publication undergo a process of double-blind peer-review. The two reviewers are subject experts who do not belong to the journal\u2019s Editorial Board. Acceptance depends on their positive evaluation.<\/p>\n\n\n\n<p><a href=\"https:\/\/www.ub.edu\/ipoa\/wp-content\/uploads\/2022\/06\/Publication-guidelines.pdf\" target=\"_blank\" rel=\"noreferrer noopener\">Publication guidelines<\/a><\/p>\n\n\n\n<p><strong>Honorary Director:<\/strong>&nbsp;Gregorio del Olmo&nbsp;Lete (Universitat de Barcelona &#8211; IPOA.)<br><strong>Director:<\/strong>&nbsp;Adelina&nbsp;Millet&nbsp;Alb\u00e0 (Universitat de Barcelona &#8211; IPOA.)<br><strong>Editorial Board:<\/strong>  Ignasi-Xavier Adiego (Universitat de Barcelona), Francisco F. del R\u00edo (Universidad Complutense de Madrid), Manuel Molina (CSIC, Madrid), Juan C. Oliva (Universidad de Castilla-La Mancha), Joaqu\u00edn Sanmart\u00edn (Universitat de Barcelona), Juan-Pablo Vita (CSIC, Madrid).<br><strong>Advisory Board: <\/strong>Alberto Bernab\u00e9 (Universidad Complutense de Madrid), Barbara B\u00f6ck (CSIC, Madrid), Alberto Cantera (Freie Universit\u00e4t Berl\u00edn), Josep Cervell\u00f3 (Universitat Aut\u00f2noma de Barcelona), Dominique Charpin (Coll\u00e8ge de France, Par\u00eds), Llu\u00eds Feliu Mateu (Universitat de Barcelona); Daniel Fleming (New York University), Jos\u00e9 M. Gal\u00e1n (CSIC, Madrid), Ignacio M\u00e1rquez Rowe (CSIC, Madrid), Juan-Pedro Monferrer (Universidad de C\u00f3rdoba), Josep Padr\u00f3 (Universitat de Barcelona), \u00c9ric Pirart (Universit\u00e9 de Li\u00e8ge), A. Roccati (Universit\u00e0 di Torino), Gonzalo Rubio (Pennsylvania State University), Josef Tropper (Humboldt Universit\u00e4t, Berlin), Pascal Vernus (EPHE, Par\u00eds).                       <\/p>\n\n\n\n<p><strong>Editorial assistance:<\/strong>  Susana Soler Polo (Universitat de Barcelona).<br><br><strong>Editorial address:<\/strong><br>Manuscripts and books for review and exchange, are to be sent to Dr. Adelina Millet Alb\u00e0, IPOA, Universitat de Barcelona, Gran Via de les Corts Catalanes 585, 08007 Barcelona (Spain), T. 34\/934035697; e-mail: <a href=\"mailto:amillet@ub.edu\">amillet@ub.edu<\/a>. <\/p>\n\n\n\n<p><strong>Commercial address:<\/strong><br>for subscriptions and orders please write to <em>IPOA, Universitat de Barcelona, (Espa\u00f1a), T. 0034 934035697 (<a href=\"http:\/\/www.ub.edu\/ipoa\/aula-orientalis\/\" target=\"_blank\" rel=\"noreferrer noopener\">www.ub.edu\/ipoa\/aula-orientalis\/<\/a>, <a href=\"mailto:ipoa@ub.edu\" target=\"_blank\" rel=\"noreferrer noopener\">ipoa@ub.edu<\/a>)<\/em>.<em><br><br>Subscription rates: 70 \u20ac; separate number: 40 \u20ac<\/em><\/p>\n\n\n\n<div class=\"wp-block-group is-layout-flow wp-block-group-is-layout-flow\"><div class=\"wp-block-group__inner-container\"><\/div><\/div>\n<\/div>\n\n\n\n<div class=\"wp-block-column is-layout-flow wp-block-column-is-layout-flow\" style=\"flex-basis:33.33%\">\n<blockquote class=\"wp-block-quote has-text-align-center\">\n<p>Open Access<\/p>\n\n\n\n<p class=\"has-black-color has-text-color has-link-color has-medium-font-size wp-elements-c4d5feab9adacb270e50e15397fc8f02\">Aula Orientalis<\/p>\n\n\n\n<p><\/p>\n<cite> <a href=\"https:\/\/www.ub.edu\/ipoa\/en\/aula-orientalis-en\/\">Aula Orientalis Revista de Estudios del Pr\u00f3ximo Oriente Antiguo<\/a> \u00a9 1983 by <a href=\"https:\/\/orcid.org\/0000-0003-2131-1978\">Adelina Millet Alb\u00e0<\/a> is licensed under <a href=\"https:\/\/creativecommons.org\/licenses\/by-sa\/4.0\/\">CC BY-SA 4.0<\/a><img decoding=\"async\" src=\"https:\/\/mirrors.creativecommons.org\/presskit\/icons\/cc.svg\" alt=\"\"><img decoding=\"async\" src=\"https:\/\/mirrors.creativecommons.org\/presskit\/icons\/by.svg\" alt=\"\"><img decoding=\"async\" src=\"https:\/\/mirrors.creativecommons.org\/presskit\/icons\/sa.svg\" alt=\"\"><\/cite><\/blockquote>\n\n\n\n<ul>\n<li>1983: <a href=\"https:\/\/www.ub.edu\/ipoa\/aula-orientalis-1-1983-vol-11\/\">vol. 1,1;<\/a>  <a href=\"https:\/\/www.ub.edu\/ipoa\/aula-orientalis\/au-or-1983-1-2\/\">vol. 1,2<\/a><\/li>\n\n\n\n<li>1984: <a href=\"https:\/\/www.ub.edu\/ipoa\/aula-orientalis\/au-or-1984-2-1\/\">vol. 2,1;<\/a>  <a href=\"https:\/\/www.ub.edu\/ipoa\/aula-orientalis\/au-or-1984-22\/\">vol. 2,2<\/a><\/li>\n\n\n\n<li>1985: <a href=\"https:\/\/www.ub.edu\/ipoa\/aula-orientalis\/au-or-1985\/\">vol. 3, 1-2<\/a><\/li>\n\n\n\n<li>1986: <a href=\"https:\/\/www.ub.edu\/ipoa\/aula-orientalis\/au-or-1986-4-1-2\/\">vol. 4, 1-2<\/a><\/li>\n\n\n\n<li>1987: <a href=\"https:\/\/www.ub.edu\/ipoa\/aula-orientalis\/au-or-1987-51\/\">vol. 5,1;<\/a>  <a href=\"https:\/\/www.ub.edu\/ipoa\/aula-orientalis\/au-or-1987-52\/\">vol. 5,2<\/a><\/li>\n\n\n\n<li>1988: <a href=\"https:\/\/www.ub.edu\/ipoa\/aula-orientalis\/au-or-1988-61\/\">vol. 6,1; <\/a> <a href=\"https:\/\/www.ub.edu\/ipoa\/aula-orientalis\/au-or-1988-62\/\">vol. 6,2<\/a><\/li>\n\n\n\n<li>1989: <a href=\"https:\/\/www.ub.edu\/ipoa\/aula-orientalis\/au-or-1989-71\/\">vol. 7,1; <\/a> <a href=\"https:\/\/www.ub.edu\/ipoa\/aula-orientalis\/au-or-1989-72\/\">vol. 7,2<\/a><\/li>\n\n\n\n<li>1990: <a href=\"https:\/\/www.ub.edu\/ipoa\/aula-orientalis\/au-or-1990-81\/\">vol. 8,1;<\/a>  <a href=\"https:\/\/www.ub.edu\/ipoa\/aula-orientalis\/au-or-1990-82\/\">vol. 8,2<\/a><\/li>\n\n\n\n<li>1991: <a href=\"https:\/\/www.ub.edu\/ipoa\/aula-orientalis\/au-or-1991-9-1-2\/\">vol. 9, 1-2<\/a><\/li>\n\n\n\n<li>1992: <a href=\"https:\/\/www.ub.edu\/ipoa\/aula-orientalis\/au-or-1992-101\/\">vol. 10,1;<\/a>  <a href=\"https:\/\/www.ub.edu\/ipoa\/aula-orientalis\/au-or-1992-102\/\">vol. 10,2<\/a><\/li>\n\n\n\n<li>1993: <a href=\"https:\/\/www.ub.edu\/ipoa\/aula-orientalis\/au-or-1993-111\/\">vol. 11,1;<\/a>  <a href=\"https:\/\/www.ub.edu\/ipoa\/aula-orientalis\/au-or-1993-112\/\">vol. 11,2<\/a><\/li>\n\n\n\n<li>1994: <a href=\"https:\/\/www.ub.edu\/ipoa\/aula-orientalis\/au-or-1994-121\/\">vol. 12,1;<\/a>  <a href=\"https:\/\/www.ub.edu\/ipoa\/aula-orientalis\/au-or-1994-122\/\">vol. 12,2<\/a><\/li>\n\n\n\n<li>1995: <a href=\"https:\/\/www.ub.edu\/ipoa\/aula-orientalis\/au-or-1995-131\/\">vol. 13,1;<\/a>  <a href=\"https:\/\/www.ub.edu\/ipoa\/aula-orientalis\/au-or-1995-132\/\">vol. 13,2<\/a><\/li>\n\n\n\n<li>1996: <a href=\"https:\/\/www.ub.edu\/ipoa\/aula-orientalis\/au-or-1996-141\/\">vol. 14,1;<\/a>  <a href=\"https:\/\/www.ub.edu\/ipoa\/aula-orientalis\/au-or-1996-142\/\">vol. 14,2<\/a><\/li>\n\n\n\n<li>1997: <a href=\"https:\/\/www.ub.edu\/ipoa\/aula-orientalis\/au-or-1997-15-1-2\/\">vol. 15,1-2<\/a><\/li>\n\n\n\n<li>1998: <a href=\"https:\/\/www.ub.edu\/ipoa\/aula-orientalis\/au-or-1998-161\/\">vol. 16,1;<\/a>  <a href=\"https:\/\/www.ub.edu\/ipoa\/aula-orientalis\/au-or-1998-162\/\">vol. 16,2<\/a><\/li>\n\n\n\n<li>1999-2000: <a href=\"https:\/\/www.ub.edu\/ipoa\/aula-orientalis\/au-or-1999-2000-17-18\/\">vol. 17\/18<\/a><\/li>\n\n\n\n<li>2001: <a href=\"https:\/\/www.ub.edu\/ipoa\/aula-orientalis\/au-or-2001-191\/\">vol. 19,1;<\/a>  <a href=\"https:\/\/www.ub.edu\/ipoa\/aula-orientalis\/au-or-2001-192\/\">vol. 19,2<\/a><\/li>\n\n\n\n<li>2002: <a href=\"https:\/\/www.ub.edu\/ipoa\/aula-orientalis\/au-or-2002-20-1-2\/\">vol. 20, 1-2<\/a><\/li>\n\n\n\n<li>2003: <a href=\"https:\/\/www.ub.edu\/ipoa\/aula-orientalis\/au-or-2003-211\/\">vol. 21,1;<\/a>  <a href=\"https:\/\/www.ub.edu\/ipoa\/aula-orientalis\/au-or-2003-212\/\">vol. 21,2<\/a><\/li>\n\n\n\n<li>2004: <a href=\"https:\/\/www.ub.edu\/ipoa\/aula-orientalis\/au-or-2004-221\/\">vol. 22,1;<\/a>  <a href=\"https:\/\/www.ub.edu\/ipoa\/aula-orientalis\/au-or-2004-222\/\">vol. 22,2<\/a><\/li>\n\n\n\n<li>2005: <a href=\"https:\/\/www.ub.edu\/ipoa\/aula-orientalis\/au-or-2005-23-1-2\/\">vol. 23, 1-2<\/a><\/li>\n\n\n\n<li>2006: <a href=\"https:\/\/www.ub.edu\/ipoa\/aula-orientalis\/au-or-2006-241\/\">vol. 24,1;<\/a>  <a href=\"https:\/\/www.ub.edu\/ipoa\/aula-orientalis\/au-or-2006-242\/\">vol. 24,2<\/a><\/li>\n\n\n\n<li>2007: <a href=\"https:\/\/www.ub.edu\/ipoa\/aula-orientalis\/au-or-2007-25\/\">vol. 25,1;<\/a> <a href=\"https:\/\/www.ub.edu\/ipoa\/aula-orientalis\/au-or-2007-252\/\"> vol. 25,2<\/a><\/li>\n\n\n\n<li>2008: <a href=\"https:\/\/www.ub.edu\/ipoa\/aula-orientalis\/au-or-2009-261\/\">vol. 26,1;<\/a>  <a href=\"https:\/\/www.ub.edu\/ipoa\/aula-orientalis\/au-or-2008-262\/\">vol. 26,2<\/a><\/li>\n\n\n\n<li>2009: <a href=\"https:\/\/www.ub.edu\/ipoa\/aula-orientalis\/au-or-2009-271\/\">vol. 27,1;<\/a> <a href=\"https:\/\/www.ub.edu\/ipoa\/aula-orientalis\/au-or-2009-272\/\"> vol. 27,2<\/a><\/li>\n\n\n\n<li>2010: <a href=\"https:\/\/www.ub.edu\/ipoa\/aula-orientalis\/au-or-2010-281\/\">vol. 28,1;<\/a>  <a href=\"https:\/\/www.ub.edu\/ipoa\/aula-orientalis\/au-or-2010-282\/\">vol. 28,2<\/a><\/li>\n\n\n\n<li>2011: <a href=\"https:\/\/www.ub.edu\/ipoa\/aula-orientalis\/au-or-2011-291\/\">vol. 29,1;<\/a>  <a href=\"https:\/\/www.ub.edu\/ipoa\/aula-orientalis\/au-or-2011-292\/\">vol. 29,2<\/a><\/li>\n\n\n\n<li>2012: <a href=\"https:\/\/www.ub.edu\/ipoa\/aula-orientalis\/au-or-2012-301\/\">vol. 30,1;<\/a> <a href=\"https:\/\/www.ub.edu\/ipoa\/aula-orientalis\/au-or-2012-302\/\"> vol. 30,2<\/a><\/li>\n\n\n\n<li>2013: <a href=\"https:\/\/www.ub.edu\/ipoa\/aula-orientalis\/au-or-2013-311\/\">vol. 31,1;<\/a>  <a href=\"https:\/\/www.ub.edu\/ipoa\/aula-orientalis\/au-or-2013-312\/\">vol. 31,2<\/a><\/li>\n\n\n\n<li>2014: <a href=\"https:\/\/www.ub.edu\/ipoa\/aula-orientalis\/au-or-2014-321\/\">vol. 32,1;<\/a>  <a href=\"https:\/\/www.ub.edu\/ipoa\/aula-orientalis\/au-or-2014-322\/\">vol. 32,2<\/a><\/li>\n\n\n\n<li>2015: <a href=\"https:\/\/www.ub.edu\/ipoa\/aula-orientalis\/au-or-2015-331\/\">vol. 33,1;<\/a>  <a href=\"https:\/\/www.ub.edu\/ipoa\/aula-orientalis\/au-or-2015-332\/\">vol. 33,2<\/a><\/li>\n\n\n\n<li>2016: <a href=\"https:\/\/www.ub.edu\/ipoa\/aula-orientalis\/au-or-2016-341\/\">vol. 34,1;<\/a>  <a href=\"https:\/\/www.ub.edu\/ipoa\/aula-orientalis\/au-or-2016-342\/\">vol. 34,2<\/a><\/li>\n\n\n\n<li>2017: <a href=\"https:\/\/www.ub.edu\/ipoa\/aula-orientalis\/au-or-2017-351\/\">vol. 35,1;<\/a>  <a href=\"https:\/\/www.ub.edu\/ipoa\/aula-orientalis\/au-or-2017-352\/\">vol. 35,2<\/a><\/li>\n\n\n\n<li>2018: <a href=\"https:\/\/www.ub.edu\/ipoa\/aula-orientalis\/au-or-2018-361\/\">vol. 36,1;<\/a>  <a href=\"https:\/\/www.ub.edu\/ipoa\/aula-orientalis\/au-or-2018-362\/\">vol. 36,2<\/a><\/li>\n\n\n\n<li>2019: <a href=\"https:\/\/www.ub.edu\/ipoa\/aula-orientalis\/au-or-2019-371\/\">vol. 37,1;<\/a>  <a href=\"https:\/\/www.ub.edu\/ipoa\/aula-orientalis\/au-or-2019-372\/\">vol. 37,2<\/a><\/li>\n\n\n\n<li>2020: <a href=\"https:\/\/www.ub.edu\/ipoa\/aula-orientalis\/au-or-2020-381\/\">vol. 38,1;<\/a>  <a href=\"https:\/\/www.ub.edu\/ipoa\/aula-orientalis\/au-or-2020-382\/\">vol. 38,2<\/a><\/li>\n\n\n\n<li>2021: <a href=\"https:\/\/www.ub.edu\/ipoa\/aula-orientalis\/au-or-2021-391\/\">vol. 39,1;<\/a>  <a href=\"https:\/\/www.ub.edu\/ipoa\/aula-orientalis\/au-or-2021-392\/\">vol. 39,2<\/a><\/li>\n\n\n\n<li>2022: <a href=\"https:\/\/www.ub.edu\/ipoa\/aula-orientalis\/au-or-2022-401\/\" data-type=\"URL\" data-id=\"https:\/\/www.ub.edu\/ipoa\/aula-orientalis\/au-or-2022-401\/\">vol. 40,1;<\/a>  <a rel=\"noreferrer noopener\" href=\"https:\/\/www.ub.edu\/ipoa\/aula-orientalis\/au-or-2022-402\/\" target=\"_blank\">vol. 40,2<\/a><\/li>\n\n\n\n<li>2023: <a href=\"https:\/\/www.ub.edu\/ipoa\/aula-orientalis\/au-or-2023-411\/\" target=\"_blank\" rel=\"noreferrer noopener\">vol. 41,1<\/a>;  <a href=\"https:\/\/www.ub.edu\/ipoa\/aula-orientalis\/au-or-2023-412\/\" data-type=\"link\" data-id=\"https:\/\/www.ub.edu\/ipoa\/aula-orientalis\/au-or-2023-412\/\">vol. 41,2<\/a><\/li>\n\n\n\n<li>2024: <a href=\"https:\/\/www.ub.edu\/ipoa\/aula-orientalis\/au-or-2024-421\/\">vol. 42,1<\/a>;  <a href=\"https:\/\/www.ub.edu\/ipoa\/aula-orientalis\/au-or-2024-422\/\">vol. 42,2<\/a><\/li>\n\n\n\n<li>2025: <a href=\"https:\/\/www.ub.edu\/ipoa\/aula-orientalis\/au-or-2025-431\/\">vol. 43,1;<\/a>  <a href=\"https:\/\/www.ub.edu\/ipoa\/aula-orientalis\/au-or-2025-432\/\">vol. 43,2<\/a><\/li>\n<\/ul>\n<\/div>\n<\/div>\n\n\n\n<div class=\"wp-block-group is-layout-flow wp-block-group-is-layout-flow\"><div class=\"wp-block-group__inner-container\"><\/div><\/div>\n\n\n\n<p><\/p>\n","protected":false},"excerpt":{"rendered":"<p>Revista de estudios del Pr\u00f3ximo Oriente Antiguo Published by the Institut Universitari del Pr\u00f2xim Orient Antic de la Universitat de Barcelona (IPOA). ISSN (print edition): 0212-5730ISSN (online edition): 2938-4966 Aula Orientalis is covered by the [&hellip;]<\/p>\n","protected":false},"author":1,"featured_media":0,"parent":0,"menu_order":0,"comment_status":"closed","ping_status":"closed","template":"page-templates\/fullwidth.php","meta":{"footnotes":""},"_links":{"self":[{"href":"https:\/\/www.ub.edu\/ipoa\/wp-json\/wp\/v2\/pages\/918"}],"collection":[{"href":"https:\/\/www.ub.edu\/ipoa\/wp-json\/wp\/v2\/pages"}],"about":[{"href":"https:\/\/www.ub.edu\/ipoa\/wp-json\/wp\/v2\/types\/page"}],"author":[{"embeddable":true,"href":"https:\/\/www.ub.edu\/ipoa\/wp-json\/wp\/v2\/users\/1"}],"replies":[{"embeddable":true,"href":"https:\/\/www.ub.edu\/ipoa\/wp-json\/wp\/v2\/comments?post=918"}],"version-history":[{"count":70,"href":"https:\/\/www.ub.edu\/ipoa\/wp-json\/wp\/v2\/pages\/918\/revisions"}],"predecessor-version":[{"id":2627,"href":"https:\/\/www.ub.edu\/ipoa\/wp-json\/wp\/v2\/pages\/918\/revisions\/2627"}],"wp:attachment":[{"href":"https:\/\/www.ub.edu\/ipoa\/wp-json\/wp\/v2\/media?parent=918"}],"curies":[{"name":"wp","href":"https:\/\/api.w.org\/{rel}","templated":true}]}}