{"id":937,"date":"2021-07-28T21:36:56","date_gmt":"2021-07-28T19:36:56","guid":{"rendered":"https:\/\/www.ub.edu\/ipoa\/?page_id=937"},"modified":"2021-10-04T11:58:59","modified_gmt":"2021-10-04T09:58:59","slug":"research","status":"publish","type":"page","link":"https:\/\/www.ub.edu\/ipoa\/en\/research\/","title":{"rendered":"Research"},"content":{"rendered":"\n<div class=\"wp-block-media-text alignwide has-media-on-the-right is-stacked-on-mobile is-image-fill\"><figure class=\"wp-block-media-text__media\" style=\"background-image:url(https:\/\/www.ub.edu\/ipoa\/wp-content\/uploads\/2021\/07\/RecercaIPOA-768x1024.jpg);background-position:43% 56.99999999999999%\"><img loading=\"lazy\" decoding=\"async\" width=\"768\" height=\"1024\" src=\"https:\/\/www.ub.edu\/ipoa\/wp-content\/uploads\/2021\/07\/RecercaIPOA-768x1024.jpg\" alt=\"\" class=\"wp-image-84 size-full\" srcset=\"https:\/\/www.ub.edu\/ipoa\/wp-content\/uploads\/2021\/07\/RecercaIPOA-768x1024.jpg 768w, https:\/\/www.ub.edu\/ipoa\/wp-content\/uploads\/2021\/07\/RecercaIPOA-225x300.jpg 225w, https:\/\/www.ub.edu\/ipoa\/wp-content\/uploads\/2021\/07\/RecercaIPOA-1152x1536.jpg 1152w, https:\/\/www.ub.edu\/ipoa\/wp-content\/uploads\/2021\/07\/RecercaIPOA.jpg 1536w\" sizes=\"(max-width: 768px) 100vw, 768px\" \/><\/figure><div class=\"wp-block-media-text__content\">\n<h2 class=\"has-text-align-center wp-block-heading\"><strong><span style=\"color:#d1872e\" class=\"has-inline-color\">\u00c0rees de recerca de l&#8217;Institut Universitari del Pr\u00f2xim Orient Antic<\/span><\/strong><\/h2>\n<\/div><\/div>\n\n\n\n<div style=\"height:50px\" aria-hidden=\"true\" class=\"wp-block-spacer\"><\/div>\n\n\n\n<p><\/p>\n\n\n\n<div class=\"wp-block-buttons is-content-justification-center is-layout-flex wp-block-buttons-is-layout-flex\">\n<div class=\"wp-block-button\"><a class=\"wp-block-button__link\" href=\"https:\/\/www.ub.edu\/ipoa\/recerca\/assiriologia\/\">Assiriologia<\/a><\/div>\n\n\n\n<div class=\"wp-block-button is-style-outline\"><a class=\"wp-block-button__link\" href=\"https:\/\/www.ub.edu\/ipoa\/egiptologia\/\">Egiptologia<\/a><\/div>\n\n\n\n<div class=\"wp-block-button is-style-fill\"><a class=\"wp-block-button__link\" href=\"https:\/\/www.ub.edu\/ipoa\/recerca\/linguistica-amaziga\/\">Ling\u00fc\u00edstica amaziga<\/a><\/div>\n\n\n\n<div class=\"wp-block-button is-style-outline\"><a class=\"wp-block-button__link\" href=\"https:\/\/www.ub.edu\/ipoa\/recerca\/linguistica-anatolica\/\">Ling\u00fc\u00edstica anat\u00f2lica<\/a><\/div>\n\n\n\n<div class=\"wp-block-button is-style-fill\"><a class=\"wp-block-button__link\" href=\"https:\/\/www.oxirrinc.com\/en\/el-proyecto\/la-universidad-de-barcelona-y-oxirrinco\/\">Missi\u00f3 Arqueol\u00f2gica a Oxirrinc<\/a><\/div>\n\n\n\n<div class=\"wp-block-button is-style-outline\"><a class=\"wp-block-button__link\" href=\"https:\/\/www.ub.edu\/ipoa\/recerca\/onomastica\/\">Onom\u00e0stica amorrea<\/a><\/div>\n\n\n\n<div class=\"wp-block-button is-style-fill\"><a class=\"wp-block-button__link\" href=\"https:\/\/www.ub.edu\/ipoa\/recerca\/semitistica\/\">Semit\u00edstica<\/a><\/div>\n<\/div>\n\n\n\n<p><\/p>\n","protected":false},"excerpt":{"rendered":"<p>\u00c0rees de recerca de l&#8217;Institut Universitari del Pr\u00f2xim Orient Antic<\/p>\n","protected":false},"author":1,"featured_media":84,"parent":0,"menu_order":0,"comment_status":"closed","ping_status":"closed","template":"page-templates\/fullwidth.php","meta":{"footnotes":""},"_links":{"self":[{"href":"https:\/\/www.ub.edu\/ipoa\/wp-json\/wp\/v2\/pages\/937"}],"collection":[{"href":"https:\/\/www.ub.edu\/ipoa\/wp-json\/wp\/v2\/pages"}],"about":[{"href":"https:\/\/www.ub.edu\/ipoa\/wp-json\/wp\/v2\/types\/page"}],"author":[{"embeddable":true,"href":"https:\/\/www.ub.edu\/ipoa\/wp-json\/wp\/v2\/users\/1"}],"replies":[{"embeddable":true,"href":"https:\/\/www.ub.edu\/ipoa\/wp-json\/wp\/v2\/comments?post=937"}],"version-history":[{"count":3,"href":"https:\/\/www.ub.edu\/ipoa\/wp-json\/wp\/v2\/pages\/937\/revisions"}],"predecessor-version":[{"id":1986,"href":"https:\/\/www.ub.edu\/ipoa\/wp-json\/wp\/v2\/pages\/937\/revisions\/1986"}],"wp:featuredmedia":[{"embeddable":true,"href":"https:\/\/www.ub.edu\/ipoa\/wp-json\/wp\/v2\/media\/84"}],"wp:attachment":[{"href":"https:\/\/www.ub.edu\/ipoa\/wp-json\/wp\/v2\/media?parent=937"}],"curies":[{"name":"wp","href":"https:\/\/api.w.org\/{rel}","templated":true}]}}