{"id":940,"date":"2021-07-28T21:37:48","date_gmt":"2021-07-28T19:37:48","guid":{"rendered":"https:\/\/www.ub.edu\/ipoa\/?page_id=940"},"modified":"2021-07-30T11:40:18","modified_gmt":"2021-07-30T09:40:18","slug":"presentation","status":"publish","type":"page","link":"https:\/\/www.ub.edu\/ipoa\/en\/presentation\/","title":{"rendered":"Presentation"},"content":{"rendered":"\n<div class=\"wp-block-image\"><figure class=\"aligncenter size-large is-resized\"><img loading=\"lazy\" decoding=\"async\" src=\"https:\/\/www.ub.edu\/ipoa\/wp-content\/uploads\/2021\/07\/IPOApresen-1024x768.jpg\" alt=\"\" class=\"wp-image-78\" width=\"768\" height=\"576\" srcset=\"https:\/\/www.ub.edu\/ipoa\/wp-content\/uploads\/2021\/07\/IPOApresen-1024x768.jpg 1024w, https:\/\/www.ub.edu\/ipoa\/wp-content\/uploads\/2021\/07\/IPOApresen-300x225.jpg 300w, https:\/\/www.ub.edu\/ipoa\/wp-content\/uploads\/2021\/07\/IPOApresen-768x576.jpg 768w, https:\/\/www.ub.edu\/ipoa\/wp-content\/uploads\/2021\/07\/IPOApresen.jpg 1280w\" sizes=\"(max-width: 768px) 100vw, 768px\" \/><\/figure><\/div>\n\n\n\n<p>L&#8217;exist\u00e8ncia en el nostre \u00e0mbit universitari d&#8217;un Institut Universtari d&#8217;Estudis del Pr\u00f2xim Orient Antic ve justificada per la naturalesa mateixa d&#8217;aquests estudis, altament especialitzats, fins a nivells molt minoritaris, i extremadament complexos i, d&#8217;altra banda, amb unes exigencies de formaci\u00f3 ling\u00fc\u00edstica i cultural molt alta. L&#8217;Institut pret\u00e9n obrir nous plans d&#8217;estudis i investigaci\u00f3 en camps de gran significaci\u00f3 en la hist\u00f2ria de la cultura i que avui generen un gran inter\u00e8s social. Aquests estudis es presenten com el complement i l&#8217;especialitzaci\u00f3 cient\u00edfica natural dels plans academics dels departaments de filologia sem\u00edtica, filologia cl\u00e0ssica, hist\u00f2ria antiga, ling\u00fc\u00edstica i filosofia teor\u00e8tica.<\/p>\n\n\n\n<p>L&#8217;Institut Universitari del Pr\u00f2xim Orient Antic (IPOA) pret\u00e9n ser el punt de converg\u00e8ncia d&#8217;una recerca interdepartamental i interuniversitari que preveu la legislaci\u00f3 vigent i els mateixos estatuts de les universitats promotores, i oferir tamb\u00e9 una s\u00e8rie d&#8217;ensenyaments, plenament desenvolupats pel que fa als continguts i als m\u00e8todes, tot i que pel seu caire complex, minoritari o nou no tenen cabuda en el nostre ordenament acad\u00e8mic i que s\u00f3n, tanmateix, indispensables. Juntament amb aquesta tasca estrictament investigadora es pret\u00e9n complir una funci\u00f3 social i acad\u00e8mica inajornable.<\/p>\n\n\n\n<p>En atenci\u00f3 a aquests motius i despr\u00e9s de superar el tr\u00e0mit d&#8217;inst\u00e0ncies administratives i controls previst per la Llei de Reforma Universit\u00e0ria (11\/1983), l&#8217;Institut fou oficialment creat per Decret de la Presid\u00e8ncia de la Generalitat de Catalunya de 24 de novembre de 1993.<\/p>\n","protected":false},"excerpt":{"rendered":"<p>L&#8217;exist\u00e8ncia en el nostre \u00e0mbit universitari d&#8217;un Institut Universtari d&#8217;Estudis del Pr\u00f2xim Orient Antic ve justificada per la naturalesa mateixa d&#8217;aquests estudis, altament especialitzats, fins a nivells molt minoritaris, i extremadament complexos i, d&#8217;altra banda, [&hellip;]<\/p>\n","protected":false},"author":1,"featured_media":0,"parent":0,"menu_order":0,"comment_status":"closed","ping_status":"closed","template":"","meta":{"footnotes":""},"_links":{"self":[{"href":"https:\/\/www.ub.edu\/ipoa\/wp-json\/wp\/v2\/pages\/940"}],"collection":[{"href":"https:\/\/www.ub.edu\/ipoa\/wp-json\/wp\/v2\/pages"}],"about":[{"href":"https:\/\/www.ub.edu\/ipoa\/wp-json\/wp\/v2\/types\/page"}],"author":[{"embeddable":true,"href":"https:\/\/www.ub.edu\/ipoa\/wp-json\/wp\/v2\/users\/1"}],"replies":[{"embeddable":true,"href":"https:\/\/www.ub.edu\/ipoa\/wp-json\/wp\/v2\/comments?post=940"}],"version-history":[{"count":3,"href":"https:\/\/www.ub.edu\/ipoa\/wp-json\/wp\/v2\/pages\/940\/revisions"}],"predecessor-version":[{"id":989,"href":"https:\/\/www.ub.edu\/ipoa\/wp-json\/wp\/v2\/pages\/940\/revisions\/989"}],"wp:attachment":[{"href":"https:\/\/www.ub.edu\/ipoa\/wp-json\/wp\/v2\/media?parent=940"}],"curies":[{"name":"wp","href":"https:\/\/api.w.org\/{rel}","templated":true}]}}