{"id":789,"date":"2024-09-11T19:31:27","date_gmt":"2024-09-11T17:31:27","guid":{"rendered":"https:\/\/www.ub.edu\/ircvmdivulga\/?page_id=789"},"modified":"2024-10-18T10:54:04","modified_gmt":"2024-10-18T08:54:04","slug":"miscel%c2%b7lania","status":"publish","type":"page","link":"https:\/\/www.ub.edu\/ircvmdivulga\/divulgacio\/audiovisual\/miscel%c2%b7lania\/","title":{"rendered":"Miscel\u00b7l\u00e0nia"},"content":{"rendered":"\n<h3 class=\"wp-block-heading has-text-align-center\" style=\"font-size:clamp(30.232px, 1.89rem + ((1vw - 3.2px) * 2.372), 53px);\">Lliurament dels Premis IRCVM-ARDIT en Cultures Medievals 2023<\/h3>\n\n\n\n<div class=\"wp-block-group spacer-xl has-global-padding is-layout-constrained wp-block-group-is-layout-constrained\">\n<div style=\"height:100px\" aria-hidden=\"true\" class=\"wp-block-spacer\"><\/div>\n<\/div>\n\n\n\n<figure class=\"wp-block-embed is-type-video is-provider-youtube wp-block-embed-youtube wp-embed-aspect-16-9 wp-has-aspect-ratio\" style=\"margin-top:0;margin-right:0;margin-bottom:0;margin-left:0\"><div class=\"wp-block-embed__wrapper\">\n<iframe loading=\"lazy\" title=\"Lliurament dels Premis IRCVM-ARDIT en Cultures Medievals 2023\" width=\"500\" height=\"281\" src=\"https:\/\/www.youtube.com\/embed\/TucCGazTLc4?feature=oembed\" frameborder=\"0\" allow=\"accelerometer; autoplay; clipboard-write; encrypted-media; gyroscope; picture-in-picture; web-share\" referrerpolicy=\"strict-origin-when-cross-origin\" allowfullscreen><\/iframe>\n<\/div><\/figure>\n\n\n\n<div class=\"wp-block-group spacer-xl has-global-padding is-layout-constrained wp-block-group-is-layout-constrained\">\n<div style=\"height:100px\" aria-hidden=\"true\" class=\"wp-block-spacer\"><\/div>\n<\/div>\n\n\n\n<div class=\"wp-block-group spacer-l has-global-padding is-layout-constrained wp-block-group-is-layout-constrained\">\n<div style=\"height:100px\" aria-hidden=\"true\" class=\"wp-block-spacer\"><\/div>\n<\/div>\n\n\n\n<h3 class=\"wp-block-heading has-text-align-center\" style=\"font-size:clamp(30.232px, 1.89rem + ((1vw - 3.2px) * 2.372), 53px);\">Parcel\u00b7les i camins Te\u0300cniques GIS<\/h3>\n\n\n\n<div class=\"wp-block-group spacer-xl has-global-padding is-layout-constrained wp-block-group-is-layout-constrained\">\n<div style=\"height:100px\" aria-hidden=\"true\" class=\"wp-block-spacer\"><\/div>\n<\/div>\n\n\n\n<figure class=\"wp-block-embed is-type-video is-provider-youtube wp-block-embed-youtube wp-embed-aspect-16-9 wp-has-aspect-ratio\" style=\"margin-top:0;margin-right:0;margin-bottom:0;margin-left:0\"><div class=\"wp-block-embed__wrapper\">\n<iframe loading=\"lazy\" title=\"Parcel\u00b7les i camins Te\u0300cniques GIS\" width=\"500\" height=\"281\" src=\"https:\/\/www.youtube.com\/embed\/6a1FtQq4THM?feature=oembed\" frameborder=\"0\" allow=\"accelerometer; autoplay; clipboard-write; encrypted-media; gyroscope; picture-in-picture; web-share\" referrerpolicy=\"strict-origin-when-cross-origin\" allowfullscreen><\/iframe>\n<\/div><\/figure>\n\n\n\n<div class=\"wp-block-group spacer-xl has-global-padding is-layout-constrained wp-block-group-is-layout-constrained\">\n<div style=\"height:100px\" aria-hidden=\"true\" class=\"wp-block-spacer\"><\/div>\n<\/div>\n\n\n\n<div class=\"wp-block-group spacer-l has-global-padding is-layout-constrained wp-block-group-is-layout-constrained\">\n<div style=\"height:100px\" aria-hidden=\"true\" class=\"wp-block-spacer\"><\/div>\n<\/div>\n\n\n\n<h3 class=\"wp-block-heading has-text-align-center\" style=\"font-size:clamp(30.232px, 1.89rem + ((1vw - 3.2px) * 2.372), 53px);\">Acte oficial de presentaci\u00f3 de la p\u00e0gina web de l&#8217;Institut<\/h3>\n\n\n\n<div class=\"wp-block-group spacer-xl has-global-padding is-layout-constrained wp-block-group-is-layout-constrained\">\n<div style=\"height:100px\" aria-hidden=\"true\" class=\"wp-block-spacer\"><\/div>\n<\/div>\n\n\n\n<figure class=\"wp-block-embed is-type-video is-provider-youtube wp-block-embed-youtube wp-embed-aspect-16-9 wp-has-aspect-ratio\" style=\"margin-top:0;margin-right:0;margin-bottom:0;margin-left:0\"><div class=\"wp-block-embed__wrapper\">\n<iframe loading=\"lazy\" title=\"Acte oficial de presentaci\u00f3 de la p\u00e0gina web de l&#039;Institut\" width=\"500\" height=\"281\" src=\"https:\/\/www.youtube.com\/embed\/ZFhsld54Fzw?feature=oembed\" frameborder=\"0\" allow=\"accelerometer; autoplay; clipboard-write; encrypted-media; gyroscope; picture-in-picture; web-share\" referrerpolicy=\"strict-origin-when-cross-origin\" allowfullscreen><\/iframe>\n<\/div><\/figure>\n\n\n\n<div class=\"wp-block-group spacer-xl has-global-padding is-layout-constrained wp-block-group-is-layout-constrained\">\n<div style=\"height:100px\" aria-hidden=\"true\" class=\"wp-block-spacer\"><\/div>\n<\/div>\n\n\n\n<div class=\"wp-block-group spacer-l has-global-padding is-layout-constrained wp-block-group-is-layout-constrained\">\n<div style=\"height:100px\" aria-hidden=\"true\" class=\"wp-block-spacer\"><\/div>\n<\/div>\n\n\n\n<h3 class=\"wp-block-heading has-text-align-center\" style=\"font-size:clamp(30.232px, 1.89rem + ((1vw - 3.2px) * 2.372), 53px);\">The last song of the troubadours<\/h3>\n\n\n\n<div class=\"wp-block-group spacer-xl has-global-padding is-layout-constrained wp-block-group-is-layout-constrained\">\n<div style=\"height:100px\" aria-hidden=\"true\" class=\"wp-block-spacer\"><\/div>\n<\/div>\n\n\n\n<figure class=\"wp-block-embed is-type-video is-provider-youtube wp-block-embed-youtube wp-embed-aspect-16-9 wp-has-aspect-ratio\" style=\"margin-top:0;margin-right:0;margin-bottom:0;margin-left:0\"><div class=\"wp-block-embed__wrapper\">\n<iframe loading=\"lazy\" title=\"The last song of the troubadours\" width=\"500\" height=\"281\" src=\"https:\/\/www.youtube.com\/embed\/q5maVYmp8ZQ?feature=oembed\" frameborder=\"0\" allow=\"accelerometer; autoplay; clipboard-write; encrypted-media; gyroscope; picture-in-picture; web-share\" referrerpolicy=\"strict-origin-when-cross-origin\" allowfullscreen><\/iframe>\n<\/div><\/figure>\n\n\n\n<div class=\"wp-block-group spacer-xl has-global-padding is-layout-constrained wp-block-group-is-layout-constrained\">\n<div style=\"height:100px\" aria-hidden=\"true\" class=\"wp-block-spacer\"><\/div>\n<\/div>\n\n\n\n<div class=\"wp-block-group spacer-l has-global-padding is-layout-constrained wp-block-group-is-layout-constrained\">\n<div style=\"height:100px\" aria-hidden=\"true\" class=\"wp-block-spacer\"><\/div>\n<\/div>\n\n\n\n<h3 class=\"wp-block-heading has-text-align-center\" style=\"font-size:clamp(30.232px, 1.89rem + ((1vw - 3.2px) * 2.372), 53px);\">Presentaci\u00f3 del llibre \u2018Els Catalans a la Mediterr\u00e0nia medieval\u2019<\/h3>\n\n\n\n<div class=\"wp-block-group spacer-xl has-global-padding is-layout-constrained wp-block-group-is-layout-constrained\">\n<div style=\"height:100px\" aria-hidden=\"true\" class=\"wp-block-spacer\"><\/div>\n<\/div>\n\n\n\n<figure class=\"wp-block-embed is-type-video is-provider-youtube wp-block-embed-youtube wp-embed-aspect-16-9 wp-has-aspect-ratio\" style=\"margin-top:0;margin-right:0;margin-bottom:0;margin-left:0\"><div class=\"wp-block-embed__wrapper\">\n<iframe loading=\"lazy\" title=\"Presentaci\u00f3 del llibre &quot;Els Catalans a la Mediterr\u00e0nia medieval&quot;\" width=\"500\" height=\"281\" src=\"https:\/\/www.youtube.com\/embed\/rYkxBwsyiX0?feature=oembed\" frameborder=\"0\" allow=\"accelerometer; autoplay; clipboard-write; encrypted-media; gyroscope; picture-in-picture; web-share\" referrerpolicy=\"strict-origin-when-cross-origin\" allowfullscreen><\/iframe>\n<\/div><\/figure>\n\n\n\n<div class=\"wp-block-group spacer-xl has-global-padding is-layout-constrained wp-block-group-is-layout-constrained\">\n<div style=\"height:100px\" aria-hidden=\"true\" class=\"wp-block-spacer\"><\/div>\n<\/div>\n\n\n\n<div class=\"wp-block-group spacer-l has-global-padding is-layout-constrained wp-block-group-is-layout-constrained\">\n<div style=\"height:100px\" aria-hidden=\"true\" class=\"wp-block-spacer\"><\/div>\n<\/div>\n\n\n\n<h3 class=\"wp-block-heading has-text-align-center\" style=\"font-size:clamp(30.232px, 1.89rem + ((1vw - 3.2px) * 2.372), 53px);\">Presentaci\u00f3 del llibre \u2018Catalunya i l\u2019Europa septentrional a l\u2019entorn de 1400\u2019<\/h3>\n\n\n\n<div class=\"wp-block-group spacer-xl has-global-padding is-layout-constrained wp-block-group-is-layout-constrained\">\n<div style=\"height:100px\" aria-hidden=\"true\" class=\"wp-block-spacer\"><\/div>\n<\/div>\n\n\n\n<figure class=\"wp-block-embed is-type-video is-provider-youtube wp-block-embed-youtube wp-embed-aspect-16-9 wp-has-aspect-ratio\" style=\"margin-top:0;margin-right:0;margin-bottom:0;margin-left:0\"><div class=\"wp-block-embed__wrapper\">\n<iframe loading=\"lazy\" title=\"Presentaci\u00f3 del llibre \u201cCatalunya i l\u2019Europa septentrional a l\u2019entorn de 1400\u201d\" width=\"500\" height=\"281\" src=\"https:\/\/www.youtube.com\/embed\/O1TJqgkx4Ss?feature=oembed\" frameborder=\"0\" allow=\"accelerometer; autoplay; clipboard-write; encrypted-media; gyroscope; picture-in-picture; web-share\" referrerpolicy=\"strict-origin-when-cross-origin\" allowfullscreen><\/iframe>\n<\/div><figcaption class=\"wp-element-caption\">Presentaci\u00f3 del llibre de Mireia Comas-Via<\/figcaption><\/figure>\n\n\n\n<div class=\"wp-block-group spacer-xl has-global-padding is-layout-constrained wp-block-group-is-layout-constrained\">\n<div style=\"height:100px\" aria-hidden=\"true\" class=\"wp-block-spacer\"><\/div>\n<\/div>\n\n\n\n<div class=\"wp-block-group spacer-l has-global-padding is-layout-constrained wp-block-group-is-layout-constrained\">\n<div style=\"height:100px\" aria-hidden=\"true\" class=\"wp-block-spacer\"><\/div>\n<\/div>\n\n\n\n<h3 class=\"wp-block-heading has-text-align-center\" style=\"font-size:clamp(30.232px, 1.89rem + ((1vw - 3.2px) * 2.372), 53px);\">Presentaci\u00f3 del llibre \u2018Entre la solitud i la llibertat. V\u00eddues barcelonines a finals de l\u2019Edat Mitjana\u2019<\/h3>\n\n\n\n<div class=\"wp-block-group spacer-xl has-global-padding is-layout-constrained wp-block-group-is-layout-constrained\">\n<div style=\"height:100px\" aria-hidden=\"true\" class=\"wp-block-spacer\"><\/div>\n<\/div>\n\n\n\n<figure class=\"wp-block-embed is-type-video is-provider-youtube wp-block-embed-youtube wp-embed-aspect-16-9 wp-has-aspect-ratio\" style=\"margin-top:0;margin-right:0;margin-bottom:0;margin-left:0\"><div class=\"wp-block-embed__wrapper\">\n<iframe loading=\"lazy\" title=\"The last song of the troubadours\" width=\"500\" height=\"281\" src=\"https:\/\/www.youtube.com\/embed\/q5maVYmp8ZQ?feature=oembed\" frameborder=\"0\" allow=\"accelerometer; autoplay; clipboard-write; encrypted-media; gyroscope; picture-in-picture; web-share\" referrerpolicy=\"strict-origin-when-cross-origin\" allowfullscreen><\/iframe>\n<\/div><\/figure>\n\n\n\n<div class=\"wp-block-group spacer-xl has-global-padding is-layout-constrained wp-block-group-is-layout-constrained\">\n<div style=\"height:100px\" aria-hidden=\"true\" class=\"wp-block-spacer\"><\/div>\n<\/div>\n\n\n\n<h3 class=\"wp-block-heading has-text-align-center\" style=\"font-size:clamp(30.232px, 1.89rem + ((1vw - 3.2px) * 2.372), 53px);\">Lectura de textos per Sant Jordi IRCVM 2020<\/h3>\n\n\n\n<div class=\"wp-block-group spacer-xl has-global-padding is-layout-constrained wp-block-group-is-layout-constrained\">\n<div style=\"height:100px\" aria-hidden=\"true\" class=\"wp-block-spacer\"><\/div>\n<\/div>\n\n\n\n<figure class=\"wp-block-embed is-type-video is-provider-youtube wp-block-embed-youtube wp-embed-aspect-16-9 wp-has-aspect-ratio\" style=\"margin-top:0;margin-right:0;margin-bottom:0;margin-left:0\"><div class=\"wp-block-embed__wrapper\">\n<iframe loading=\"lazy\" title=\"Sant Jordi IRCVM 2020\" width=\"500\" height=\"281\" src=\"https:\/\/www.youtube.com\/embed\/yL8HAXHJpTQ?feature=oembed\" frameborder=\"0\" allow=\"accelerometer; autoplay; clipboard-write; encrypted-media; gyroscope; picture-in-picture; web-share\" referrerpolicy=\"strict-origin-when-cross-origin\" allowfullscreen><\/iframe>\n<\/div><\/figure>\n\n\n\n<div class=\"wp-block-group spacer-xl has-global-padding is-layout-constrained wp-block-group-is-layout-constrained\">\n<div style=\"height:100px\" aria-hidden=\"true\" class=\"wp-block-spacer\"><\/div>\n<\/div>\n\n\n\n<div class=\"wp-block-group spacer-l has-global-padding is-layout-constrained wp-block-group-is-layout-constrained\">\n<div style=\"height:100px\" aria-hidden=\"true\" class=\"wp-block-spacer\"><\/div>\n<\/div>\n\n\n\n<h3 class=\"wp-block-heading has-text-align-center\" style=\"font-size:clamp(30.232px, 1.89rem + ((1vw - 3.2px) * 2.372), 53px);\">Sant Jordi 2021. Els sons de l\u2019edat mitjana<\/h3>\n\n\n\n<div class=\"wp-block-group spacer-xl has-global-padding is-layout-constrained wp-block-group-is-layout-constrained\">\n<div style=\"height:100px\" aria-hidden=\"true\" class=\"wp-block-spacer\"><\/div>\n<\/div>\n\n\n\n<figure class=\"wp-block-embed is-type-video is-provider-youtube wp-block-embed-youtube wp-embed-aspect-16-9 wp-has-aspect-ratio\" style=\"margin-top:0;margin-right:0;margin-bottom:0;margin-left:0\"><div class=\"wp-block-embed__wrapper\">\n<iframe loading=\"lazy\" title=\"IRCVM Sant Jordi 2021. Els sons de l&#039;edat mitjana\" width=\"500\" height=\"281\" src=\"https:\/\/www.youtube.com\/embed\/cyQWXb2uyKc?feature=oembed\" frameborder=\"0\" allow=\"accelerometer; autoplay; clipboard-write; encrypted-media; gyroscope; picture-in-picture; web-share\" referrerpolicy=\"strict-origin-when-cross-origin\" allowfullscreen><\/iframe>\n<\/div><figcaption class=\"wp-element-caption\">Presentaci\u00f3 del llibre de Mireia Comas-Via<\/figcaption><\/figure>\n\n\n\n<div class=\"wp-block-group spacer-xl has-global-padding is-layout-constrained wp-block-group-is-layout-constrained\">\n<div style=\"height:100px\" aria-hidden=\"true\" class=\"wp-block-spacer\"><\/div>\n<\/div>\n\n\n\n<div class=\"wp-block-group spacer-l has-global-padding is-layout-constrained wp-block-group-is-layout-constrained\">\n<div style=\"height:100px\" aria-hidden=\"true\" class=\"wp-block-spacer\"><\/div>\n<\/div>\n\n\n\n<h3 class=\"wp-block-heading has-text-align-center\" style=\"font-size:clamp(30.232px, 1.89rem + ((1vw - 3.2px) * 2.372), 53px);\">Lectura de textos per Sant Jordi IRCVM 2022<\/h3>\n\n\n\n<div class=\"wp-block-group spacer-xl has-global-padding is-layout-constrained wp-block-group-is-layout-constrained\">\n<div style=\"height:100px\" aria-hidden=\"true\" class=\"wp-block-spacer\"><\/div>\n<\/div>\n\n\n\n<figure class=\"wp-block-embed is-type-video is-provider-youtube wp-block-embed-youtube wp-embed-aspect-16-9 wp-has-aspect-ratio\" style=\"margin-top:0;margin-right:0;margin-bottom:0;margin-left:0\"><div class=\"wp-block-embed__wrapper\">\n<iframe loading=\"lazy\" title=\"Sant Jordi IRCVM 2022\" width=\"500\" height=\"281\" src=\"https:\/\/www.youtube.com\/embed\/jzxWOUr1d6k?feature=oembed\" frameborder=\"0\" allow=\"accelerometer; autoplay; clipboard-write; encrypted-media; gyroscope; picture-in-picture; web-share\" referrerpolicy=\"strict-origin-when-cross-origin\" allowfullscreen><\/iframe>\n<\/div><\/figure>\n\n\n\n<div class=\"wp-block-group spacer-xl has-global-padding is-layout-constrained wp-block-group-is-layout-constrained\">\n<div style=\"height:100px\" aria-hidden=\"true\" class=\"wp-block-spacer\"><\/div>\n<\/div>\n\n\n<div class=\"ghost-button-container-always-centered\"><a class=\"ghost-button\" href=\"https:\/\/www.ub.edu\/ircvmdivulga\/divulgacio\/audiovisual\/\" title=\"Go to Audiovisual\">Torna enrere<\/a><\/div>\n","protected":false},"excerpt":{"rendered":"<p>Lliurament dels Premis IRCVM-ARDIT en Cultures Medievals 2023 Parcel\u00b7les i camins Te\u0300cniques GIS Acte oficial de presentaci\u00f3 de la p\u00e0gina web de l&#8217;Institut The last song of the troubadours Presentaci\u00f3 del llibre \u2018Els Catalans a la Mediterr\u00e0nia medieval\u2019 Presentaci\u00f3 del llibre \u2018Catalunya i l\u2019Europa septentrional a l\u2019entorn de 1400\u2019 Presentaci\u00f3 del llibre \u2018Entre la solitud [&hellip;]<\/p>\n","protected":false},"author":1,"featured_media":0,"parent":407,"menu_order":0,"comment_status":"closed","ping_status":"closed","template":"wp-custom-template-videos","meta":{"inline_featured_image":false,"footnotes":""},"class_list":["post-789","page","type-page","status-publish","hentry"],"_links":{"self":[{"href":"https:\/\/www.ub.edu\/ircvmdivulga\/wp-json\/wp\/v2\/pages\/789","targetHints":{"allow":["GET"]}}],"collection":[{"href":"https:\/\/www.ub.edu\/ircvmdivulga\/wp-json\/wp\/v2\/pages"}],"about":[{"href":"https:\/\/www.ub.edu\/ircvmdivulga\/wp-json\/wp\/v2\/types\/page"}],"author":[{"embeddable":true,"href":"https:\/\/www.ub.edu\/ircvmdivulga\/wp-json\/wp\/v2\/users\/1"}],"replies":[{"embeddable":true,"href":"https:\/\/www.ub.edu\/ircvmdivulga\/wp-json\/wp\/v2\/comments?post=789"}],"version-history":[{"count":5,"href":"https:\/\/www.ub.edu\/ircvmdivulga\/wp-json\/wp\/v2\/pages\/789\/revisions"}],"predecessor-version":[{"id":1606,"href":"https:\/\/www.ub.edu\/ircvmdivulga\/wp-json\/wp\/v2\/pages\/789\/revisions\/1606"}],"up":[{"embeddable":true,"href":"https:\/\/www.ub.edu\/ircvmdivulga\/wp-json\/wp\/v2\/pages\/407"}],"wp:attachment":[{"href":"https:\/\/www.ub.edu\/ircvmdivulga\/wp-json\/wp\/v2\/media?parent=789"}],"curies":[{"name":"wp","href":"https:\/\/api.w.org\/{rel}","templated":true}]}}