{"id":633,"date":"2021-02-11T11:52:35","date_gmt":"2021-02-11T11:52:35","guid":{"rendered":"https:\/\/www.ub.edu\/irea\/?page_id=633"},"modified":"2021-04-02T16:07:36","modified_gmt":"2021-04-02T16:07:36","slug":"collaborative-fellows","status":"publish","type":"page","link":"https:\/\/www.ub.edu\/irea\/work-with-us\/collaborative-fellows\/","title":{"rendered":"Collaborative Fellows"},"content":{"rendered":"<h2>Collaborative Fellows<\/h2>\n<p>&nbsp;<\/p>\n<h3>AQR-Institutions<\/h3>\n<p>-Center for Research in Economic Policy: University of P\u00e9cs, Max Planck Institute of Economics<br \/>\n-Unit for Science, Technology and Innovation Studies: University of Tampere<br \/>\n-Institute of Regional and Environmental Economy: Vienna University of Economics and Business<br \/>\n-Science &#038; Technology Policy Research Institute: University of Sussex, University of Tartu<br \/>\n-Institute for Economic and Cultural Geography: Leibniz University of Hannover<br \/>\n-The South and East European Development Centre: University of Thessaly, Urban and Regional Research Centre of Utrecht<br \/>\n-Higher School of Economics: The State University Moscow<br \/>\n-Robert Schuman Centre: European University Institute<br \/>\n-Centre d\u00b4Etudes Prospectives et d\u00b4Informations Internationales<br \/>\n-The Halle Institute for Economic Research, Dpt of Economics: European University Institute<br \/>\n-Instituto Flores de Lemus: Universidad Carlos III<br \/>\n-Department of Applied Economics: University of Cambridge, University of Economics in Bratislava, Cardiff University, Politecnico di Milano<br \/>\n-BEST, Dep de Estructura e Historia Econ\u00f3mica y Econom\u00eda P\u00fablica: Universidad de Zaragoza<br \/>\n-Dpt d\u2019Economia Aplicad: Universitat Jaume I<br \/>\n-Dpt d\u2019Economia Aplicada II: Universitat de Valencia <\/p>\n<p>&nbsp;<\/p>\n<h3>GiM-Fellows<\/h3>\n<p>-Mildred Warner (Cornell University)<br \/>\n-Marc Esteve (University College London)<br \/>\n-Francisco Gonz\u00e1lez (Universidad de Granada)<br \/>\n-Andr\u00e9s Tadeo-Picazo (Universitat de Val\u00e8ncia)<br \/>\n-Trevor Borwn (Ohio State University)<br \/>\n-Raymond Gradus (Free University, Amsterdam)<br \/>\n-Tommaso Valletti (Imperial Collage)<br \/>\n-Javier Campos (Universidad de las Palmas de Gran Canaria)<br \/>\n-Ricardo Flores-Fillol (Universitat Rovira i Virgili)<br \/>\n-Richard Geddes (Cornell University)<br \/>\n-Pere Suau (Cranfield University)<br \/>\n-Vladimir Bilotkach (Newcastle University)<br \/>\n-Jos\u00e9 Ignacio Castillo (Universidad de Sevilla).<\/p>\n<h3>GiM-Institutions<\/h3>\n<p>Cornell Program of Infrastrucuture Policy (CPIP-Cornell), dir. Richard Geddes.<\/p>\n<p>&nbsp;<\/p>\n<h3>Risk-Fellows<\/h3>\n<p><a href=\"http:\/\/www.ub.edu\/riskcenter\/affiliates\/\" target=\"_blank\" rel=\"noopener\"> See list of affiliates <\/a><\/p>\n<h3>Risk-Institutions<\/h3>\n<p>-American Statistical Association<br \/>\n-Asociaci\u00f3n Espa\u00f1ola de Finanzas<br \/>\n-European Group of Risk and Insurance Economists<br \/>\n-American Risk and Insurance Association<br \/>\n-Instituto de Actuarios Espa\u00f1oles<br \/>\n-Societat Catalana d\u2019Estad\u00edstica i Societat Catalana de Matem\u00e0tiques.<br \/>\n-Col\u00b7legi d\u2019Actuaris de Catalunya<br \/>\n-Societat Catalana d\u2019Economia<br \/>\n-International Actuarial Association<br \/>\n-Universit\u00e9 Catholique de Louvain<br \/>\n-Universita di Roma-La Sapienza<br \/>\n-City University of London<br \/>\n-University of Copenhagen<br \/>\n-University of Wisconsin-Madison<br \/>\n-Universit\u00e9 du Qu\u00e9bec \u00e0 Montr\u00e9al.<\/p>\n","protected":false},"excerpt":{"rendered":"<p>Collaborative Fellows &nbsp; AQR-Institutions -Center for Research in Economic Policy: University of P\u00e9cs, Max Planck Institute of Economics -Unit for Science, Technology and Innovation Studies: University of Tampere -Institute of Regional and Environmental Economy: Vienna University of Economics and Business -Science &#038; Technology Policy Research Institute: University of Sussex, University&#8230;<\/p>\n","protected":false},"author":1,"featured_media":0,"parent":350,"menu_order":2,"comment_status":"closed","ping_status":"closed","template":"","meta":[],"_links":{"self":[{"href":"https:\/\/www.ub.edu\/irea\/wp-json\/wp\/v2\/pages\/633"}],"collection":[{"href":"https:\/\/www.ub.edu\/irea\/wp-json\/wp\/v2\/pages"}],"about":[{"href":"https:\/\/www.ub.edu\/irea\/wp-json\/wp\/v2\/types\/page"}],"author":[{"embeddable":true,"href":"https:\/\/www.ub.edu\/irea\/wp-json\/wp\/v2\/users\/1"}],"replies":[{"embeddable":true,"href":"https:\/\/www.ub.edu\/irea\/wp-json\/wp\/v2\/comments?post=633"}],"version-history":[{"count":11,"href":"https:\/\/www.ub.edu\/irea\/wp-json\/wp\/v2\/pages\/633\/revisions"}],"predecessor-version":[{"id":853,"href":"https:\/\/www.ub.edu\/irea\/wp-json\/wp\/v2\/pages\/633\/revisions\/853"}],"up":[{"embeddable":true,"href":"https:\/\/www.ub.edu\/irea\/wp-json\/wp\/v2\/pages\/350"}],"wp:attachment":[{"href":"https:\/\/www.ub.edu\/irea\/wp-json\/wp\/v2\/media?parent=633"}],"curies":[{"name":"wp","href":"https:\/\/api.w.org\/{rel}","templated":true}]}}