{"id":6,"date":"2022-06-15T13:32:13","date_gmt":"2022-06-15T12:32:13","guid":{"rendered":"https:\/\/www.ub.edu\/justrag\/?page_id=6"},"modified":"2022-07-22T15:03:09","modified_gmt":"2022-07-22T14:03:09","slug":"researchers","status":"publish","type":"page","link":"https:\/\/www.ub.edu\/justrag\/researchers\/","title":{"rendered":"Researchers"},"content":{"rendered":"\n<hr class=\"wp-block-separator has-text-color has-alpha-channel-opacity has-background\" style=\"background-color:#8a6d3b;color:#8a6d3b\"\/>\n\n\n\n<h2 class=\"has-text-align-center\">Members of the research team<\/h2>\n\n\n\n<hr class=\"wp-block-separator has-alpha-channel-opacity is-style-dots\"\/>\n\n\n\n<div class=\"wp-container-4 wp-block-columns\">\n<div class=\"wp-container-2 wp-block-column\"><div class=\"wp-block-image\">\n<figure class=\"wp-duotone-000000-ffffff-1 aligncenter\"><img loading=\"lazy\" width=\"300\" height=\"300\" src=\"https:\/\/www.ub.edu\/justrag\/wp-content\/uploads\/2022\/07\/sven-3.png\" alt=\"\" class=\"wp-image-135\" srcset=\"https:\/\/www.ub.edu\/justrag\/wp-content\/uploads\/2022\/07\/sven-3.png 300w, https:\/\/www.ub.edu\/justrag\/wp-content\/uploads\/2022\/07\/sven-3-150x150.png 150w\" sizes=\"(max-width: 300px) 100vw, 300px\" \/><\/figure><\/div><\/div>\n\n\n\n<div class=\"wp-container-3 wp-block-column\">\n<h2><a rel=\"noreferrer noopener\" href=\"http:\/\/www.ub.edu\/grc_logos\/sven-rosenkranz\" data-type=\"URL\" data-id=\"http:\/\/www.ub.edu\/grc_logos\/sven-rosenkranz\" target=\"_blank\">Sven Rosenkranz<\/a><\/h2>\n\n\n\n<p>Principal investigator of the project. <br>ICREA Research Professor.<br>Department of Philosophy of the University of Barcelona, C\/ Montalegre, 6-8, 4th floor. 08001, Barcelona.&nbsp;<br><br>Contact: rosenkranz.sven@gmail.com<\/p>\n\n\n\n<p>Curriculum Vitae: <a rel=\"noreferrer noopener\" href=\"http:\/\/www.ub.edu\/grc_logos\/files_pp\/user137\/1641924901-ICREA%20CV%202021.pdf\" target=\"_blank\">download file<\/a><\/p>\n<\/div>\n<\/div>\n\n\n\n<hr class=\"wp-block-separator has-alpha-channel-opacity is-style-dots\"\/>\n\n\n\n<div class=\"wp-container-9 wp-block-columns\">\n<div class=\"wp-container-7 wp-block-column\">\n<div class=\"wp-container-6 wp-block-group\"><div class=\"wp-block-group__inner-container\"><div class=\"wp-block-image\">\n<figure class=\"wp-duotone-000000-ffffff-5 aligncenter\"><img loading=\"lazy\" width=\"300\" height=\"300\" src=\"https:\/\/www.ub.edu\/justrag\/wp-content\/uploads\/2022\/07\/niccolo.png\" alt=\"\" class=\"wp-image-151\" srcset=\"https:\/\/www.ub.edu\/justrag\/wp-content\/uploads\/2022\/07\/niccolo.png 300w, https:\/\/www.ub.edu\/justrag\/wp-content\/uploads\/2022\/07\/niccolo-150x150.png 150w\" sizes=\"(max-width: 300px) 100vw, 300px\" \/><\/figure><\/div><\/div><\/div>\n<\/div>\n\n\n\n<div class=\"wp-container-8 wp-block-column\">\n<h2><a href=\"http:\/\/www.ub.edu\/grc_logos\/niccolo-rossi\" target=\"_blank\" rel=\"noreferrer noopener\">Niccol\u00f2 Rossi<\/a><\/h2>\n\n\n\n<p>FPI PhD student at <a href=\"http:\/\/www.ub.edu\/grc_logos\/\" data-type=\"URL\" data-id=\"http:\/\/www.ub.edu\/grc_logos\/\" target=\"_blank\" rel=\"noreferrer noopener\">LOGOS<\/a>.<br>Departament of Philosophy of the University of Barcelona, C\/ Montalegre, 6-8, 4th floor. 08001, Barcelona.&nbsp;<br><br>Contact: niccolo.rossi@ub.edu<\/p>\n\n\n\n<p>Curriculum Vitae: <a rel=\"noreferrer noopener\" href=\"http:\/\/www.ub.edu\/grc_logos\/files_pp\/user491\/1657275623-CV_Niccolo%CC%80%20Rossi_July%202022.pdf\" target=\"_blank\">download file<\/a><\/p>\n<\/div>\n<\/div>\n\n\n\n<hr class=\"wp-block-separator has-alpha-channel-opacity is-style-dots\"\/>\n\n\n\n<h2 class=\"has-text-align-center\">Key collaborators<\/h2>\n\n\n\n<hr class=\"wp-block-separator has-alpha-channel-opacity is-style-dots\"\/>\n\n\n\n<div class=\"wp-container-13 wp-block-columns\">\n<div class=\"wp-container-11 wp-block-column\"><div class=\"wp-block-image\">\n<figure class=\"wp-duotone-000000-ffffff-10 aligncenter\"><img loading=\"lazy\" width=\"300\" height=\"300\" src=\"https:\/\/www.ub.edu\/justrag\/wp-content\/uploads\/2022\/07\/Julien_Dutant-3.png\" alt=\"\" class=\"wp-image-142\" srcset=\"https:\/\/www.ub.edu\/justrag\/wp-content\/uploads\/2022\/07\/Julien_Dutant-3.png 300w, https:\/\/www.ub.edu\/justrag\/wp-content\/uploads\/2022\/07\/Julien_Dutant-3-150x150.png 150w\" sizes=\"(max-width: 300px) 100vw, 300px\" \/><\/figure><\/div><\/div>\n\n\n\n<div class=\"wp-container-12 wp-block-column\">\n<h2><a href=\"https:\/\/www.kcl.ac.uk\/people\/julien-dutant\" data-type=\"URL\" data-id=\"https:\/\/www.kcl.ac.uk\/people\/julien-dutant\" target=\"_blank\" rel=\"noreferrer noopener\">Julien Dutant<\/a><\/h2>\n\n\n\n<p>Lecturer in Philosophy at King&#8217;s College London.<br>Department of Philosophy, Strand Campus,King\u2019s College London, London, UK WC2R 2LS.<br><br>Contact: julien.dutant@kcl.ac.uk<\/p>\n\n\n\n<p>Curriculum Vitae: <a rel=\"noreferrer noopener\" href=\"http:\/\/julien.dutant.free.fr\/docs\/cv.pdf\" target=\"_blank\">download file<\/a><\/p>\n\n\n\n<p>Website: <a href=\"http:\/\/julien.dutant.free.fr\/en\/\" target=\"_blank\" rel=\"noreferrer noopener\">http:\/\/julien.dutant.free.fr\/en\/<\/a><\/p>\n<\/div>\n<\/div>\n\n\n\n<hr class=\"wp-block-separator has-alpha-channel-opacity is-style-dots\"\/>\n\n\n\n<div class=\"wp-container-16 wp-block-columns\">\n<div class=\"wp-container-14 wp-block-column\"><div class=\"wp-block-image\">\n<figure class=\"aligncenter size-full\"><img loading=\"lazy\" width=\"300\" height=\"300\" src=\"https:\/\/www.ub.edu\/justrag\/wp-content\/uploads\/2022\/07\/patrick.jpg\" alt=\"\" class=\"wp-image-269\" srcset=\"https:\/\/www.ub.edu\/justrag\/wp-content\/uploads\/2022\/07\/patrick.jpg 300w, https:\/\/www.ub.edu\/justrag\/wp-content\/uploads\/2022\/07\/patrick-150x150.jpg 150w\" sizes=\"(max-width: 300px) 100vw, 300px\" \/><\/figure><\/div><\/div>\n\n\n\n<div class=\"wp-container-15 wp-block-column\">\n<h2><a href=\"https:\/\/www.st-andrews.ac.uk\/philosophy\/people\/pmg2\" target=\"_blank\" rel=\"noreferrer noopener\">Patrick Greenough<\/a><\/h2>\n\n\n\n<p>Senior Lecturer &nbsp;in Philosophy.<br>Department of Philosophy, University of St Andrews. Edgecliffe, The Scores, St Andrews.<br><br>Contact: pmg2@st-andrews.ac.uk<\/p>\n\n\n\n<p>Website: <a rel=\"noreferrer noopener\" href=\"https:\/\/patrickgreenough.net\/wp\/\" target=\"_blank\">https:\/\/patrickgreenough.net\/wp\/<\/a><\/p>\n<\/div>\n<\/div>\n\n\n\n<hr class=\"wp-block-separator has-alpha-channel-opacity is-style-dots\"\/>\n\n\n\n<div class=\"wp-container-20 wp-block-columns\">\n<div class=\"wp-container-18 wp-block-column\"><div class=\"wp-block-image\">\n<figure class=\"wp-duotone-000000-ffffff-17 aligncenter size-full\"><img loading=\"lazy\" width=\"298\" height=\"303\" src=\"https:\/\/www.ub.edu\/justrag\/wp-content\/uploads\/2022\/07\/maria.png\" alt=\"\" class=\"wp-image-274\" srcset=\"https:\/\/www.ub.edu\/justrag\/wp-content\/uploads\/2022\/07\/maria.png 298w, https:\/\/www.ub.edu\/justrag\/wp-content\/uploads\/2022\/07\/maria-295x300.png 295w\" sizes=\"(max-width: 298px) 100vw, 298px\" \/><\/figure><\/div><\/div>\n\n\n\n<div class=\"wp-container-19 wp-block-column\">\n<h2><a href=\"https:\/\/researchportal.helsinki.fi\/en\/persons\/maria-lasonen-aarnio\" data-type=\"URL\" data-id=\"https:\/\/researchportal.helsinki.fi\/en\/persons\/maria-lasonen-aarnio\" target=\"_blank\" rel=\"noreferrer noopener\">Maria Lasonen-Aarnio<\/a><\/h2>\n\n\n\n<p>Professor of Theoretical Philosophy at the University of Helsinki. <br>Mets\u00e4talo, Unioninkatu 40, Room A505<br>Post: PL 24, FI-00014 University of Helsinki.<br><br>Contact: maria.lasonen@helsinki.fi<\/p>\n\n\n\n<p>Curriculum Vitae: <a href=\"https:\/\/marialasonen.com\/cv\/\" data-type=\"URL\" data-id=\"https:\/\/marialasonen.com\/cv\/\" target=\"_blank\" rel=\"noreferrer noopener\">read here<\/a><\/p>\n\n\n\n<p>Website: <a href=\"https:\/\/marialasonen.com\/\" target=\"_blank\" rel=\"noreferrer noopener\">https:\/\/marialasonen.com\/<\/a><\/p>\n<\/div>\n<\/div>\n\n\n\n<hr class=\"wp-block-separator has-alpha-channel-opacity is-style-dots\"\/>\n\n\n\n<div class=\"wp-container-24 wp-block-columns\">\n<div class=\"wp-container-22 wp-block-column\"><div class=\"wp-block-image\">\n<figure class=\"wp-duotone-000000-ffffff-21 aligncenter size-full\"><img loading=\"lazy\" width=\"300\" height=\"300\" src=\"https:\/\/www.ub.edu\/justrag\/wp-content\/uploads\/2022\/07\/descarga-1.jpg\" alt=\"\" class=\"wp-image-146\" srcset=\"https:\/\/www.ub.edu\/justrag\/wp-content\/uploads\/2022\/07\/descarga-1.jpg 300w, https:\/\/www.ub.edu\/justrag\/wp-content\/uploads\/2022\/07\/descarga-1-150x150.jpg 150w\" sizes=\"(max-width: 300px) 100vw, 300px\" \/><\/figure><\/div><\/div>\n\n\n\n<div class=\"wp-container-23 wp-block-column\">\n<h2><a rel=\"noreferrer noopener\" href=\"https:\/\/www.kcl.ac.uk\/people\/clayton-littlejohn\" data-type=\"URL\" data-id=\"https:\/\/www.kcl.ac.uk\/people\/clayton-littlejohn\" target=\"_blank\">Clayton Littlejohn<\/a><\/h2>\n\n\n\n<p>Professor of Philosophy at King&#8217;s College London.<br>Department of Philosophy, Strand Campus,King\u2019s College London, London, UK WC2R 2LS.<br><br>Contact: clayton.littlejohn@kcl.ac.uk<\/p>\n\n\n\n<p>Curriculum Vitae: <a href=\"https:\/\/www.dropbox.com\/s\/2scbmfs2mxgs02c\/Littlejohn%20CV%20April%202018.pdf?dl=0\" target=\"_blank\" rel=\"noreferrer noopener\">download file<\/a><\/p>\n\n\n\n<p>Website: <a rel=\"noreferrer noopener\" href=\"https:\/\/claytonlittlejohn.com\/research\/\" target=\"_blank\">https:\/\/claytonlittlejohn.com\/research\/<\/a><\/p>\n<\/div>\n<\/div>\n\n\n\n<hr class=\"wp-block-separator has-alpha-channel-opacity is-style-dots\"\/>\n\n\n\n<div class=\"wp-container-28 wp-block-columns\">\n<div class=\"wp-container-26 wp-block-column\"><div class=\"wp-block-image\">\n<figure class=\"wp-duotone-000000-ffffff-25 aligncenter size-full\"><img loading=\"lazy\" width=\"300\" height=\"300\" src=\"https:\/\/www.ub.edu\/justrag\/wp-content\/uploads\/2022\/07\/Ozgun_A-2.jpg-2.jpg\" alt=\"\" class=\"wp-image-304\" srcset=\"https:\/\/www.ub.edu\/justrag\/wp-content\/uploads\/2022\/07\/Ozgun_A-2.jpg-2.jpg 300w, https:\/\/www.ub.edu\/justrag\/wp-content\/uploads\/2022\/07\/Ozgun_A-2.jpg-2-150x150.jpg 150w\" sizes=\"(max-width: 300px) 100vw, 300px\" \/><\/figure><\/div><\/div>\n\n\n\n<div class=\"wp-container-27 wp-block-column\">\n<h2><a href=\"https:\/\/www.illc.uva.nl\/People\/person\/4034\/Dr-Ayb%C3%BCke-%C3%96zg%C3%BCn\" data-type=\"URL\" data-id=\"https:\/\/www.illc.uva.nl\/People\/person\/4034\/Dr-Ayb%C3%BCke-%C3%96zg%C3%BCn\" target=\"_blank\" rel=\"noreferrer noopener\">Ayb\u00fcke \u00d6zg\u00fcn<\/a><\/h2>\n\n\n\n<p>Assistant Professor in Responsible and Ethical AI.<br>Department of Philosophy and Institute for Logic, Language and Computation, University of Amsterdam. P.O. Box 94242, 1090 GE Amsterdam.<\/p>\n\n\n\n<p>Contact: A.Ozgun@uva.nl<\/p>\n\n\n\n<p>Curriculum Vitae: <a href=\"https:\/\/drive.google.com\/file\/d\/1p8nYFR6nvoiDT4SrFyBDmUpZBl6BW1ke\/view\" data-type=\"URL\" data-id=\"https:\/\/drive.google.com\/file\/d\/1p8nYFR6nvoiDT4SrFyBDmUpZBl6BW1ke\/view\" target=\"_blank\" rel=\"noreferrer noopener\">download file<\/a><\/p>\n\n\n\n<p>Website: <a href=\"https:\/\/sites.google.com\/site\/ozgunaybuke\/\" target=\"_blank\" rel=\"noreferrer noopener\">https:\/\/sites.google.com\/site\/ozgunaybuke\/<\/a><\/p>\n<\/div>\n<\/div>\n\n\n\n<hr class=\"wp-block-separator has-alpha-channel-opacity is-style-dots\"\/>\n","protected":false},"excerpt":{"rendered":"<p>Members of the research team Sven Rosenkranz Principal investigator of the project. ICREA Research Professor.Department of Philosophy of the University of Barcelona, C\/ Montalegre, 6-8, 4th floor. 08001, Barcelona.&nbsp; Contact: rosenkranz.sven@gmail.com Curriculum Vitae: download file Niccol\u00f2 Rossi FPI PhD student at LOGOS.Departament of Philosophy of the University of Barcelona, C\/ Montalegre, 6-8, 4th floor. 08001,&hellip;<\/p>\n","protected":false},"author":1,"featured_media":0,"parent":0,"menu_order":0,"comment_status":"closed","ping_status":"closed","template":"","meta":[],"_links":{"self":[{"href":"https:\/\/www.ub.edu\/justrag\/wp-json\/wp\/v2\/pages\/6"}],"collection":[{"href":"https:\/\/www.ub.edu\/justrag\/wp-json\/wp\/v2\/pages"}],"about":[{"href":"https:\/\/www.ub.edu\/justrag\/wp-json\/wp\/v2\/types\/page"}],"author":[{"embeddable":true,"href":"https:\/\/www.ub.edu\/justrag\/wp-json\/wp\/v2\/users\/1"}],"replies":[{"embeddable":true,"href":"https:\/\/www.ub.edu\/justrag\/wp-json\/wp\/v2\/comments?post=6"}],"version-history":[{"count":74,"href":"https:\/\/www.ub.edu\/justrag\/wp-json\/wp\/v2\/pages\/6\/revisions"}],"predecessor-version":[{"id":351,"href":"https:\/\/www.ub.edu\/justrag\/wp-json\/wp\/v2\/pages\/6\/revisions\/351"}],"wp:attachment":[{"href":"https:\/\/www.ub.edu\/justrag\/wp-json\/wp\/v2\/media?parent=6"}],"curies":[{"name":"wp","href":"https:\/\/api.w.org\/{rel}","templated":true}]}}