{"id":4,"date":"2021-09-29T07:13:48","date_gmt":"2021-09-29T07:13:48","guid":{"rendered":"http:\/\/www.ub.edu\/lamub\/psp\/hestia-front\/"},"modified":"2024-05-15T13:14:19","modified_gmt":"2024-05-15T13:14:19","slug":"hestia-front","status":"publish","type":"page","link":"https:\/\/www.ub.edu\/lamub\/psp\/","title":{"rendered":"Inici"},"content":{"rendered":"\t\t<div data-elementor-type=\"wp-page\" data-elementor-id=\"4\" class=\"elementor elementor-4\">\n\t\t\t\t\t\t<section class=\"elementor-section elementor-top-section elementor-element elementor-element-3ff62a9 elementor-section-boxed elementor-section-height-default elementor-section-height-default\" data-id=\"3ff62a9\" data-element_type=\"section\" data-e-type=\"section\">\n\t\t\t\t\t\t<div class=\"elementor-container elementor-column-gap-default\">\n\t\t\t\t\t<div class=\"elementor-column elementor-col-100 elementor-top-column elementor-element elementor-element-1f62ff2\" data-id=\"1f62ff2\" data-element_type=\"column\" data-e-type=\"column\">\n\t\t\t<div class=\"elementor-widget-wrap elementor-element-populated\">\n\t\t\t\t\t\t<div class=\"elementor-element elementor-element-586bfb9 elementor-widget elementor-widget-text-editor\" data-id=\"586bfb9\" data-element_type=\"widget\" data-e-type=\"widget\" data-widget_type=\"text-editor.default\">\n\t\t\t\t<div class=\"elementor-widget-container\">\n\t\t\t\t\t\t\t\t\t<blockquote><p style=\"font-size: 22px; line-height: 2;\"><strong>El projecte se centra en l&#8217;estudi dels espais de poder a la Catalunya medieval i moderna a trav\u00e9s de dos jaciments arqueol\u00f2gics emblem\u00e0tics: el Monestir femen\u00ed hospitaler de Santa Maria d\u2019Alguaire i el Palau Reial de Valldaura. Aquesta investigaci\u00f3 combina l&#8217;arqueologia amb l&#8217;an\u00e0lisi de textos escrits i l&#8217;estudi del paisatge.<\/strong><\/p><\/blockquote><p style=\"font-size: 20px; line-height: 2;\"><strong> Dades del projecte<\/strong><\/p><ul><li style=\"font-size: 18px; line-height: 2;\"><strong>T\u00edtol:<\/strong> Priores, senyors i pr\u00ednceps. Els espais de poder a la Catalunya medieval i moderna.<\/li><li style=\"font-size: 18px; line-height: 2;\"><strong>Codi: <\/strong>ARQ001SOL-127-2022.<\/li><li style=\"font-size: 18px; line-height: 2;\"><strong>Institucions finan\u00e7adores:<\/strong> Departament de Cultura de la Generalitat de Catalunya, Ajuntament d\u2019Alguaire, Institut d\u2019Arquitectura Avan\u00e7ada de Catalunya (IAAC), Universitat de Barcelona.<\/li><li style=\"font-size: 18px; line-height: 2;\"><strong>Entitats col\u00b7laboradores:<\/strong> Institut de Recerca en Cultures Medievals (IRCVM), Laboratori d\u2019Arqueologia Medieval (LAMUB).<\/li><li style=\"font-size: 18px; line-height: 2;\"><strong>Investigadora Principal:<\/strong> Maria Soler Sala.<\/li><\/ul><p style=\"font-size: 20px; line-height: 2;\"><strong> Breu descripci\u00f3<\/strong><\/p><p style=\"font-size: 18px; line-height: 2;\">L\u2019estudi dels espais de poder i la seva empremta sobre el territori constitueix una l\u00ednia de recerca que s\u2019interessa no nom\u00e9s pels llocs de domini en si mateixos, sin\u00f3 tamb\u00e9 pel seu impacte sobre l\u2019economia i la societat. L\u2019an\u00e0lisi arqueol\u00f2gica de les estructures de poder ens permet comprendre-les des de la perspectiva de l\u2019espai viscut, per\u00f2 tamb\u00e9 des de les relacions establertes amb el paisatge hist\u00f2ric, ent\u00e8s com a porta d\u2019entrada a la complexitat del passat.<\/p><p style=\"font-size: 18px; line-height: 2;\">El projecte preveu la realitzaci\u00f3 de diverses campanyes d\u2019excavaci\u00f3 arqueol\u00f2gica en dos espais de poder territorial, econ\u00f2mic o espiritual rellevants: el Monestir femen\u00ed hospitaler de Santa Maria d\u2019Alguaire (el Segri\u00e0) i el Palau Reial de Valldaura (Vall\u00e8s Occidental). Ho fem en el marc d\u2019una recerca de vocaci\u00f3 transdisciplinar, que aposta per l\u2019\u00fas de les tecnologies i el di\u00e0leg entre fonts (arqueol\u00f2giques, textos escrits i territori) en la construcci\u00f3 del coneixement hist\u00f2ric.<\/p><p style=\"font-size: 20px; line-height: 2;\"><strong> Objectius de la recerca<\/strong><\/p><ul><li style=\"font-size: 18px; line-height: 2;\">Estudiar els espais de poder a la Catalunya medieval i moderna, tot incorporant el registre arqueol\u00f2gic en la reflexi\u00f3 sobre la naturalesa i la materialitat del poder.<\/li><li style=\"font-size: 18px; line-height: 2;\">Analitzar els processos constructius, l\u2019evoluci\u00f3 arquitect\u00f2nica i les superposicions protagonitzats pels espais de domini en la cronologia d\u2019estudi.<\/li><li style=\"font-size: 18px; line-height: 2;\">Con\u00e8ixer l\u2019impacte territorial dels centres de poder: implantaci\u00f3, gesti\u00f3 patrimonial i xarxes de relaci\u00f3 o connexi\u00f3.<\/li><li style=\"font-size: 18px; line-height: 2;\">Integrar la perspectiva de g\u00e8nere a l\u2019arqueologia dels espais de poder, especialment en el cas de de les senyories mon\u00e0stiques femenines.<\/li><li style=\"font-size: 18px; line-height: 2;\">Retornar a la societat els resultats del projecte en col\u00b7laboraci\u00f3 amb les institucions i agents del territori.<\/li><\/ul><p style=\"font-size: 20px; line-height: 2;\"><b>Per assolir aquests objectius ens proposem:<\/b><\/p><ul><li style=\"font-size: 18px; line-height: 2;\">Cercar informaci\u00f3 sobre els espais de poder a la Catalunya medieval i moderna, en base a les dades que ens aporta el registre arqueol\u00f2gic, els textos escrits i l\u2019estudi del territori.<\/li><li style=\"font-size: 18px; line-height: 2;\">Realitzar intervencions arqueol\u00f2giques al Monestir femen\u00ed hospitaler de Santa Maria d\u2019Alguaire (el Segri\u00e0) i al Palau Reial de Valldaura (Vall\u00e8s Occidental).<\/li><li style=\"font-size: 18px; line-height: 2;\">Cercar, buidar i registrar la informaci\u00f3 extreta de les fonts textuals vinculades als espais de poder anteriorment esmentats.<\/li><li style=\"font-size: 18px; line-height: 2;\">Utilitzar t\u00e8cniques de representaci\u00f3 i an\u00e0lisi amb SIG en l\u2019estudi de l\u2019impacte de dites construccions sobre el territori i el paisatge.<\/li><li style=\"font-size: 18px; line-height: 2;\">Revisar els materials i mem\u00f2ries d\u2019excavaci\u00f3 arqueol\u00f2gica relacionats territorialment o cronol\u00f2gica amb els espais de poder estudiats.<\/li><li style=\"font-size: 18px; line-height: 2;\">Difondre i posar en valor els resultats del projecte a trav\u00e9s d\u2019actuacions de difusi\u00f3 cient\u00edfica i divulgativa.<\/li><\/ul>\t\t\t\t\t\t\t\t<\/div>\n\t\t\t\t<\/div>\n\t\t\t\t\t<\/div>\n\t\t<\/div>\n\t\t\t\t\t<\/div>\n\t\t<\/section>\n\t\t\t\t<\/div>\n\t\t","protected":false},"excerpt":{"rendered":"<p>El projecte se centra en l&#8217;estudi dels espais de poder a la Catalunya medieval i moderna a trav\u00e9s de dos jaciments arqueol\u00f2gics emblem\u00e0tics: el Monestir femen\u00ed hospitaler de Santa Maria d\u2019Alguaire i el Palau Reial de Valldaura. Aquesta investigaci\u00f3 combina l&#8217;arqueologia amb l&#8217;an\u00e0lisi de textos escrits i l&#8217;estudi del paisatge. [&hellip;]<\/p>\n","protected":false},"author":1,"featured_media":101,"parent":0,"menu_order":0,"comment_status":"closed","ping_status":"closed","template":"","meta":{"footnotes":""},"class_list":["post-4","page","type-page","status-publish","has-post-thumbnail","hentry"],"_links":{"self":[{"href":"https:\/\/www.ub.edu\/lamub\/psp\/wp-json\/wp\/v2\/pages\/4","targetHints":{"allow":["GET"]}}],"collection":[{"href":"https:\/\/www.ub.edu\/lamub\/psp\/wp-json\/wp\/v2\/pages"}],"about":[{"href":"https:\/\/www.ub.edu\/lamub\/psp\/wp-json\/wp\/v2\/types\/page"}],"author":[{"embeddable":true,"href":"https:\/\/www.ub.edu\/lamub\/psp\/wp-json\/wp\/v2\/users\/1"}],"replies":[{"embeddable":true,"href":"https:\/\/www.ub.edu\/lamub\/psp\/wp-json\/wp\/v2\/comments?post=4"}],"version-history":[{"count":76,"href":"https:\/\/www.ub.edu\/lamub\/psp\/wp-json\/wp\/v2\/pages\/4\/revisions"}],"predecessor-version":[{"id":684,"href":"https:\/\/www.ub.edu\/lamub\/psp\/wp-json\/wp\/v2\/pages\/4\/revisions\/684"}],"wp:featuredmedia":[{"embeddable":true,"href":"https:\/\/www.ub.edu\/lamub\/psp\/wp-json\/wp\/v2\/media\/101"}],"wp:attachment":[{"href":"https:\/\/www.ub.edu\/lamub\/psp\/wp-json\/wp\/v2\/media?parent=4"}],"curies":[{"name":"wp","href":"https:\/\/api.w.org\/{rel}","templated":true}]}}