{"id":2538,"date":"2026-05-06T07:51:47","date_gmt":"2026-05-06T07:51:47","guid":{"rendered":"https:\/\/www.ub.edu\/lamub\/?page_id=2538"},"modified":"2026-05-06T08:07:55","modified_gmt":"2026-05-06T08:07:55","slug":"ito","status":"publish","type":"page","link":"https:\/\/www.ub.edu\/lamub\/arxiu-de-projectes\/ito\/","title":{"rendered":"In Territorio Orritense"},"content":{"rendered":"\t\t<div data-elementor-type=\"wp-page\" data-elementor-id=\"2538\" class=\"elementor elementor-2538\">\n\t\t\t\t\t\t<section class=\"elementor-section elementor-top-section elementor-element elementor-element-4b266bd elementor-section-boxed elementor-section-height-default elementor-section-height-default\" data-id=\"4b266bd\" data-element_type=\"section\" data-e-type=\"section\">\n\t\t\t\t\t\t<div class=\"elementor-container elementor-column-gap-default\">\n\t\t\t\t\t<div class=\"elementor-column elementor-col-100 elementor-top-column elementor-element elementor-element-e8a4c64\" data-id=\"e8a4c64\" data-element_type=\"column\" data-e-type=\"column\">\n\t\t\t<div class=\"elementor-widget-wrap elementor-element-populated\">\n\t\t\t\t\t\t<div class=\"elementor-element elementor-element-f5d9e1c elementor-widget elementor-widget-text-editor\" data-id=\"f5d9e1c\" data-element_type=\"widget\" data-e-type=\"widget\" data-widget_type=\"text-editor.default\">\n\t\t\t\t<div class=\"elementor-widget-container\">\n\t\t\t\t\t\t\t\t\t<p align=\"left\"><span style=\"font-family: Liberation Serif, serif;\"><span style=\"font-size: large;\"><b>Dades del projecte:<\/b><\/span><\/span><\/p><ul><li><p align=\"left\"><span style=\"font-family: Liberation Serif, serif;\"><span style=\"font-size: large;\"><b>T\u00edtol:<\/b>\u00a0\u00ab<i>In territorio Orritense<\/i>\u00bb. L&#8217;evoluci\u00f3 del poblament prepirinenc de l&#8217;antiguitat tardana al m\u00f3n medieval (s. V-XI)<\/span><\/span><\/p><\/li><li><p align=\"left\"><span style=\"font-family: Liberation Serif, serif;\"><span style=\"font-size: large;\"><b>Codi:<\/b>\u00a0ARQ001SOL-129-2022<\/span><\/span><\/p><\/li><li><p align=\"left\"><span style=\"font-family: Liberation Serif, serif;\"><span style=\"font-size: large;\"><b>IPs<\/b>: Xavier Costa-Badia i Walter Alegr\u00eda Tejedor <\/span><\/span><\/p><\/li><li><p align=\"left\"><span style=\"font-family: Liberation Serif, serif;\"><span style=\"font-size: large;\"><b>Convocat\u00f2ria<\/b>: Projectes quadriennals de recerca en mat\u00e8ria d&#8217;arqueologia i paleontologia per al per\u00edode 2022-2025. <\/span><\/span><\/p><\/li><li><p align=\"left\"><span style=\"font-family: Liberation Serif, serif;\"><span style=\"font-size: large;\"><b>Instituci\u00f3 promotora:<\/b>\u00a0Museu de la Conca Dell\u00e0 (Ajuntament d\u2019Isona i Conca Dell\u00e0)<\/span><\/span><\/p><\/li><li><p align=\"left\"><span style=\"font-family: Liberation Serif, serif;\"><span style=\"font-size: large;\"><b>Entitats col\u00b7laboradores:<\/b>\u00a0Universitat de Barcelona, Ajuntament de Tremp, Ajuntament de Talarn i Fundaci\u00f3 Catalunya \u2013 La Pedrera. <\/span><\/span><\/p><\/li><\/ul><p align=\"left\"><\/p>\t\t\t\t\t\t\t\t<\/div>\n\t\t\t\t<\/div>\n\t\t\t\t\t<\/div>\n\t\t<\/div>\n\t\t\t\t\t<\/div>\n\t\t<\/section>\n\t\t\t\t<section class=\"elementor-section elementor-top-section elementor-element elementor-element-a0f3d2b elementor-section-boxed elementor-section-height-default elementor-section-height-default\" data-id=\"a0f3d2b\" data-element_type=\"section\" data-e-type=\"section\">\n\t\t\t\t\t\t<div class=\"elementor-container elementor-column-gap-default\">\n\t\t\t\t\t<div class=\"elementor-column elementor-col-100 elementor-top-column elementor-element elementor-element-58f1ffe\" data-id=\"58f1ffe\" data-element_type=\"column\" data-e-type=\"column\">\n\t\t\t<div class=\"elementor-widget-wrap elementor-element-populated\">\n\t\t\t\t\t\t<div class=\"elementor-element elementor-element-692a2fc elementor-widget elementor-widget-image\" data-id=\"692a2fc\" data-element_type=\"widget\" data-e-type=\"widget\" data-widget_type=\"image.default\">\n\t\t\t\t<div class=\"elementor-widget-container\">\n\t\t\t\t\t\t\t\t\t\t\t\t<figure class=\"wp-caption\">\n\t\t\t\t\t\t\t\t\t\t\t<a href=\"https:\/\/www.ub.edu\/lamub\/wp-content\/uploads\/2026\/04\/orritense_fig1-scaled.jpg\" data-elementor-open-lightbox=\"yes\" data-elementor-lightbox-title=\"orritense_fig1\" data-e-action-hash=\"#elementor-action%3Aaction%3Dlightbox%26settings%3DeyJpZCI6MjU0MCwidXJsIjoiaHR0cHM6XC9cL3d3dy51Yi5lZHVcL2xhbXViXC93cC1jb250ZW50XC91cGxvYWRzXC8yMDI2XC8wNFwvb3JyaXRlbnNlX2ZpZzEtc2NhbGVkLmpwZyJ9\">\n\t\t\t\t\t\t\t<img decoding=\"async\" src=\"https:\/\/www.ub.edu\/lamub\/wp-content\/uploads\/elementor\/thumbs\/orritense_fig1-scaled-rmfpn2brcsvk0gcxbhuwujf8uzdzczs53owvqdhua0.jpg\" title=\"orritense_fig1\" alt=\"orritense_fig1\" loading=\"lazy\" \/>\t\t\t\t\t\t\t\t<\/a>\n\t\t\t\t\t\t\t\t\t\t\t<figcaption class=\"widget-image-caption wp-caption-text\">Fig 1: Ortofotogrametria del conjunt eclesi\u00e0stic de Santa Cec\u00edlia dels Altimiris<\/figcaption>\n\t\t\t\t\t\t\t\t\t\t<\/figure>\n\t\t\t\t\t\t\t\t\t<\/div>\n\t\t\t\t<\/div>\n\t\t\t\t\t<\/div>\n\t\t<\/div>\n\t\t\t\t\t<\/div>\n\t\t<\/section>\n\t\t\t\t<section class=\"elementor-section elementor-top-section elementor-element elementor-element-d4fd7fe elementor-section-boxed elementor-section-height-default elementor-section-height-default\" data-id=\"d4fd7fe\" data-element_type=\"section\" data-e-type=\"section\">\n\t\t\t\t\t\t<div class=\"elementor-container elementor-column-gap-default\">\n\t\t\t\t\t<div class=\"elementor-column elementor-col-100 elementor-top-column elementor-element elementor-element-bf9ea83\" data-id=\"bf9ea83\" data-element_type=\"column\" data-e-type=\"column\">\n\t\t\t<div class=\"elementor-widget-wrap elementor-element-populated\">\n\t\t\t\t\t\t<div class=\"elementor-element elementor-element-f6ac73f elementor-widget elementor-widget-text-editor\" data-id=\"f6ac73f\" data-element_type=\"widget\" data-e-type=\"widget\" data-widget_type=\"text-editor.default\">\n\t\t\t\t<div class=\"elementor-widget-container\">\n\t\t\t\t\t\t\t\t\t<p align=\"left\"><span style=\"font-family: Liberation Serif, serif;\"><span style=\"font-size: large;\"><b>Plantejament cient\u00edfic i objectius generals <\/b><\/span><\/span><\/p><p align=\"left\"><span style=\"font-family: Liberation Serif, serif;\"><span style=\"font-size: large;\">Aquest projecte t\u00e9 com a objectiu principal analitzar els canvis esdevinguts en el poblament, les formes d\u2019h\u00e0bitat, l\u2019explotaci\u00f3 dels recursos i l\u2019ordenaci\u00f3 del territori entre la desaparici\u00f3 del model rom\u00e0 i la irrupci\u00f3 del model feudal al Prepirineu catal\u00e0. Per fer-ho, se centra en un espai especialment significatiu, el <i>territorium<\/i> d\u2019Orrit, una demarcaci\u00f3 d\u2019origen antic, documentada des de l\u2019any 522, que probablement s\u2019estenia entre la Noguera Ribagor\u00e7ana, la Noguera Pallaresa, el Montsec i la serra de Sant Gerv\u00e0s. Aquesta \u00e0rea, caracteritzada tant per l\u2019abund\u00e0ncia de fonts escrites per als segles IX i X com per la pres\u00e8ncia de diversos jaciments de cronologia tardoantiga i altmedieval ja objecte d\u2019intervencions arqueol\u00f2giques, constitueix un marc idoni per estudiar de manera hol\u00edstica la transformaci\u00f3 del paisatge entre el segle V, moment de crisi del sistema de la vil\u00b7la romana, i el segle XI, quan culmina el proc\u00e9s de feudalitzaci\u00f3. Finalment, el projecte pret\u00e9n tamb\u00e9 aprofundir en la caracteritzaci\u00f3 socioecon\u00f2mica de les comunitats que habitaven aquests espais de mitja muntanya, on l\u2019agricultura no podia constituir l\u2019\u00fanica base econ\u00f2mica i s\u2019havia de combinar necess\u00e0riament amb la ramaderia i l\u2019explotaci\u00f3 d\u2019altres recursos naturals.<\/span><\/span><\/p>\t\t\t\t\t\t\t\t<\/div>\n\t\t\t\t<\/div>\n\t\t\t\t\t<\/div>\n\t\t<\/div>\n\t\t\t\t\t<\/div>\n\t\t<\/section>\n\t\t\t\t<section class=\"elementor-section elementor-top-section elementor-element elementor-element-60d8444 elementor-section-boxed elementor-section-height-default elementor-section-height-default\" data-id=\"60d8444\" data-element_type=\"section\" data-e-type=\"section\">\n\t\t\t\t\t\t<div class=\"elementor-container elementor-column-gap-default\">\n\t\t\t\t\t<div class=\"elementor-column elementor-col-100 elementor-top-column elementor-element elementor-element-5087a15\" data-id=\"5087a15\" data-element_type=\"column\" data-e-type=\"column\">\n\t\t\t<div class=\"elementor-widget-wrap elementor-element-populated\">\n\t\t\t\t\t\t<div class=\"elementor-element elementor-element-36f304e elementor-widget elementor-widget-image\" data-id=\"36f304e\" data-element_type=\"widget\" data-e-type=\"widget\" data-widget_type=\"image.default\">\n\t\t\t\t<div class=\"elementor-widget-container\">\n\t\t\t\t\t\t\t\t\t\t\t\t<figure class=\"wp-caption\">\n\t\t\t\t\t\t\t\t\t\t\t<a href=\"https:\/\/www.ub.edu\/lamub\/wp-content\/uploads\/2026\/04\/orritense_fig2-scaled.jpg\" data-elementor-open-lightbox=\"yes\" data-elementor-lightbox-title=\"orritense_fig2\" data-e-action-hash=\"#elementor-action%3Aaction%3Dlightbox%26settings%3DeyJpZCI6MjU0MSwidXJsIjoiaHR0cHM6XC9cL3d3dy51Yi5lZHVcL2xhbXViXC93cC1jb250ZW50XC91cGxvYWRzXC8yMDI2XC8wNFwvb3JyaXRlbnNlX2ZpZzItc2NhbGVkLmpwZyJ9\">\n\t\t\t\t\t\t\t<img decoding=\"async\" src=\"https:\/\/www.ub.edu\/lamub\/wp-content\/uploads\/elementor\/thumbs\/orritense_fig2-scaled-rmfpn9ugvh5ulc203l3xehixm2cx2klzsq4rkl6ow8.jpg\" title=\"orritense_fig2\" alt=\"orritense_fig2\" loading=\"lazy\" \/>\t\t\t\t\t\t\t\t<\/a>\n\t\t\t\t\t\t\t\t\t\t\t<figcaption class=\"widget-image-caption wp-caption-text\">Fig 2: Vista d\u2019un dels conjunts de tombes excavades a la roca de Sant Mart\u00ed de les Tombetes<\/figcaption>\n\t\t\t\t\t\t\t\t\t\t<\/figure>\n\t\t\t\t\t\t\t\t\t<\/div>\n\t\t\t\t<\/div>\n\t\t\t\t\t<\/div>\n\t\t<\/div>\n\t\t\t\t\t<\/div>\n\t\t<\/section>\n\t\t\t\t<section class=\"elementor-section elementor-top-section elementor-element elementor-element-1a85546 elementor-section-boxed elementor-section-height-default elementor-section-height-default\" data-id=\"1a85546\" data-element_type=\"section\" data-e-type=\"section\">\n\t\t\t\t\t\t<div class=\"elementor-container elementor-column-gap-default\">\n\t\t\t\t\t<div class=\"elementor-column elementor-col-100 elementor-top-column elementor-element elementor-element-34a64c7\" data-id=\"34a64c7\" data-element_type=\"column\" data-e-type=\"column\">\n\t\t\t<div class=\"elementor-widget-wrap elementor-element-populated\">\n\t\t\t\t\t\t<div class=\"elementor-element elementor-element-4f28519 elementor-widget elementor-widget-text-editor\" data-id=\"4f28519\" data-element_type=\"widget\" data-e-type=\"widget\" data-widget_type=\"text-editor.default\">\n\t\t\t\t<div class=\"elementor-widget-container\">\n\t\t\t\t\t\t\t\t\t<p align=\"left\"><span style=\"font-family: Liberation Serif, serif;\"><span style=\"font-size: large;\"><b>Objectius espec\u00edfics<\/b><\/span><\/span><\/p><p align=\"left\"><span style=\"font-family: Liberation Serif, serif;\"><span style=\"font-size: large;\">Tenint en compte el seu plantejament, el projecte \u00ab<i>In Territorio Orritense<\/i>\u00bb contempla els seg\u00fcents objectius espec\u00edfics: <\/span><\/span><\/p><ol><li><p align=\"left\"><span style=\"font-family: Liberation Serif, serif;\"><span style=\"font-size: large;\">Prosseguir amb la recuperaci\u00f3 d\u2019informaci\u00f3 arqueol\u00f2gica dels jaciments d\u2019Els Altimiris, Sant Mart\u00ed de les Tombetes, Vilavella del Castellet i el Castell d\u2019Orrit, amb l\u2019objectiu l d\u2019aprofundir en el seu coneixement global i en la interpretaci\u00f3 de les seves estructures.<\/span><\/span><\/p><\/li><li><p align=\"left\"><span style=\"font-family: Liberation Serif, serif;\"><span style=\"font-size: large;\">Identificar i caracteritzar mitjan\u00e7ant prospeccions nous jaciments, com Els Sabarissos, que puguin ser d\u2019inter\u00e8s per aprofundir en el coneixement del territori i de les cronologies objecte d\u2019estudi. <\/span><\/span><\/p><\/li><li><p align=\"left\"><span style=\"font-family: Liberation Serif, serif;\"><span style=\"font-size: large;\">Definir, caracteritzar i situar des d\u2019una perspectiva cronol\u00f2gica i espacial els diversos models d\u2019h\u00e0bitat que es desenvoluparen a la zona estudiada entre els segles V i XI, aix\u00ed com la cultura material que tenen associada.<\/span><\/span><\/p><\/li><li><p align=\"left\"><span style=\"font-family: Liberation Serif, serif;\"><span style=\"font-size: large;\">Explorar i analitzar la documentaci\u00f3 d\u2019arxiu relativa al territori estudiat, amb l\u2019objectiu de comprendre\u2019n millor l\u2019organitzaci\u00f3 social i pol\u00edtica, especialment a partir de la conquesta carol\u00edngia. <\/span><\/span><\/p><\/li><li><p align=\"left\"><span style=\"font-family: Liberation Serif, serif;\"><span style=\"font-size: large;\">Contextualitzar els jaciments intervinguts des d\u2019una perspectiva de paisatge, atenent les relacions d\u2019interdepend\u00e8ncia que establiren \u2013i, en alguns casos, segueixen mantenint\u2013 amb els elements naturals i antr\u00f2pics del seu entorn.<\/span><\/span><\/p><\/li><li><p align=\"left\"><span style=\"font-family: Liberation Serif, serif;\"><span style=\"font-size: large;\">Establir les din\u00e0miques de consum i les relacions internes entre els jaciments estudiats, aix\u00ed com les connexions externes amb altres regions, a partir de l\u2019an\u00e0lisi de la cultura material, incloent-hi t\u00e8cniques arqueom\u00e8triques. <\/span><\/span><\/p><\/li><li><p align=\"left\"><span style=\"font-family: Liberation Serif, serif;\"><span style=\"font-size: large;\">Aprofundir en l\u2019estudi de la ramaderia en \u00e8poca tardoantiga i altmedieval en zones de mitja muntanya, posant els resultats en relaci\u00f3 amb els obtinguts per altres equips de recerca en \u00e0rees d\u2019alta muntanya properes.<\/span><\/span><\/p><\/li><li><p align=\"left\"><span style=\"font-family: Liberation Serif, serif;\"><span style=\"font-size: large;\">Tractar i analitzar la informaci\u00f3 generada al llarg del proc\u00e9s de recerca, amb l\u2019objectiu d\u2019aportar coneixements s\u00f2lids sobre l\u2019evoluci\u00f3 del poblament i la construcci\u00f3 del paisatge hist\u00f2ric en \u00e0mbits de mitja muntanya.<\/span><\/span><\/p><\/li><li><p align=\"left\"><span style=\"font-family: Liberation Serif, serif;\"><span style=\"font-size: large;\">Garantir la preservaci\u00f3 de les estructures i materials documentats als jaciments, aix\u00ed com preveure\u2019n la muse\u00eftzaci\u00f3 quan es consideri oport\u00fa. <\/span><\/span><\/p><\/li><li><p align=\"left\"><span style=\"font-family: Liberation Serif, serif;\"><span style=\"font-size: large;\">Difondre i posar en valor els resultats del projecte mitjan\u00e7ant diverses actuacions i plataformes, adre\u00e7ades tant a la comunitat cient\u00edfica com al p\u00fablic general.<\/span><\/span><\/p><\/li><\/ol>\t\t\t\t\t\t\t\t<\/div>\n\t\t\t\t<\/div>\n\t\t\t\t\t<\/div>\n\t\t<\/div>\n\t\t\t\t\t<\/div>\n\t\t<\/section>\n\t\t\t\t<section class=\"elementor-section elementor-top-section elementor-element elementor-element-e5c27f6 elementor-section-boxed elementor-section-height-default elementor-section-height-default\" data-id=\"e5c27f6\" data-element_type=\"section\" data-e-type=\"section\">\n\t\t\t\t\t\t<div class=\"elementor-container elementor-column-gap-default\">\n\t\t\t\t\t<div class=\"elementor-column elementor-col-100 elementor-top-column elementor-element elementor-element-602fc99\" data-id=\"602fc99\" data-element_type=\"column\" data-e-type=\"column\">\n\t\t\t<div class=\"elementor-widget-wrap elementor-element-populated\">\n\t\t\t\t\t\t<div class=\"elementor-element elementor-element-f0e6d82 elementor-widget elementor-widget-image\" data-id=\"f0e6d82\" data-element_type=\"widget\" data-e-type=\"widget\" data-widget_type=\"image.default\">\n\t\t\t\t<div class=\"elementor-widget-container\">\n\t\t\t\t\t\t\t\t\t\t\t\t<figure class=\"wp-caption\">\n\t\t\t\t\t\t\t\t\t\t\t<a href=\"https:\/\/www.ub.edu\/lamub\/wp-content\/uploads\/2026\/04\/orritense_fig3.jpg\" data-elementor-open-lightbox=\"yes\" data-elementor-lightbox-title=\"orritense_fig3\" data-e-action-hash=\"#elementor-action%3Aaction%3Dlightbox%26settings%3DeyJpZCI6MjU0MiwidXJsIjoiaHR0cHM6XC9cL3d3dy51Yi5lZHVcL2xhbXViXC93cC1jb250ZW50XC91cGxvYWRzXC8yMDI2XC8wNFwvb3JyaXRlbnNlX2ZpZzMuanBnIn0%3D\">\n\t\t\t\t\t\t\t<img decoding=\"async\" src=\"https:\/\/www.ub.edu\/lamub\/wp-content\/uploads\/elementor\/thumbs\/orritense_fig3-rmfpngfc7beuulsg15ybdxv5rrghkgc45mp5xiwxoo.jpg\" title=\"orritense_fig3\" alt=\"orritense_fig3\" loading=\"lazy\" \/>\t\t\t\t\t\t\t\t<\/a>\n\t\t\t\t\t\t\t\t\t\t\t<figcaption class=\"widget-image-caption wp-caption-text\">Fig. 3: Ortofotogrametria general del sector 500 al final de la campanya de l\u2019any 2021<\/figcaption>\n\t\t\t\t\t\t\t\t\t\t<\/figure>\n\t\t\t\t\t\t\t\t\t<\/div>\n\t\t\t\t<\/div>\n\t\t\t\t\t<\/div>\n\t\t<\/div>\n\t\t\t\t\t<\/div>\n\t\t<\/section>\n\t\t\t\t<section class=\"elementor-section elementor-top-section elementor-element elementor-element-14f7429 elementor-section-boxed elementor-section-height-default elementor-section-height-default\" data-id=\"14f7429\" data-element_type=\"section\" data-e-type=\"section\">\n\t\t\t\t\t\t<div class=\"elementor-container elementor-column-gap-default\">\n\t\t\t\t\t<div class=\"elementor-column elementor-col-100 elementor-top-column elementor-element elementor-element-4894c2b\" data-id=\"4894c2b\" data-element_type=\"column\" data-e-type=\"column\">\n\t\t\t<div class=\"elementor-widget-wrap elementor-element-populated\">\n\t\t\t\t\t\t<div class=\"elementor-element elementor-element-cca977b elementor-widget elementor-widget-image\" data-id=\"cca977b\" data-element_type=\"widget\" data-e-type=\"widget\" data-widget_type=\"image.default\">\n\t\t\t\t<div class=\"elementor-widget-container\">\n\t\t\t\t\t\t\t\t\t\t\t\t<figure class=\"wp-caption\">\n\t\t\t\t\t\t\t\t\t\t\t<a href=\"https:\/\/www.ub.edu\/lamub\/wp-content\/uploads\/2026\/04\/orritense_fig4.jpg\" data-elementor-open-lightbox=\"yes\" data-elementor-lightbox-title=\"orritense_fig4\" data-e-action-hash=\"#elementor-action%3Aaction%3Dlightbox%26settings%3DeyJpZCI6MjU0MywidXJsIjoiaHR0cHM6XC9cL3d3dy51Yi5lZHVcL2xhbXViXC93cC1jb250ZW50XC91cGxvYWRzXC8yMDI2XC8wNFwvb3JyaXRlbnNlX2ZpZzQuanBnIn0%3D\">\n\t\t\t\t\t\t\t<img decoding=\"async\" src=\"https:\/\/www.ub.edu\/lamub\/wp-content\/uploads\/elementor\/thumbs\/orritense_fig4-rmfpnl4j5hlagnlm9pzg8eogqotbmxuru9ylbwpytk.jpg\" title=\"orritense_fig4\" alt=\"orritense_fig4\" loading=\"lazy\" \/>\t\t\t\t\t\t\t\t<\/a>\n\t\t\t\t\t\t\t\t\t\t\t<figcaption class=\"widget-image-caption wp-caption-text\">Fig 4: Torre del Castell d\u2019Orrit vista des del Sud-Oest (Autoria: Aina Mu\u00f1oz)<\/figcaption>\n\t\t\t\t\t\t\t\t\t\t<\/figure>\n\t\t\t\t\t\t\t\t\t<\/div>\n\t\t\t\t<\/div>\n\t\t\t\t\t<\/div>\n\t\t<\/div>\n\t\t\t\t\t<\/div>\n\t\t<\/section>\n\t\t\t\t<section class=\"elementor-section elementor-top-section elementor-element elementor-element-c0cff27 elementor-section-boxed elementor-section-height-default elementor-section-height-default\" data-id=\"c0cff27\" data-element_type=\"section\" data-e-type=\"section\">\n\t\t\t\t\t\t<div class=\"elementor-container elementor-column-gap-default\">\n\t\t\t\t\t<div class=\"elementor-column elementor-col-100 elementor-top-column elementor-element elementor-element-c293dd3\" data-id=\"c293dd3\" data-element_type=\"column\" data-e-type=\"column\">\n\t\t\t<div class=\"elementor-widget-wrap elementor-element-populated\">\n\t\t\t\t\t\t<div class=\"elementor-element elementor-element-4268684 elementor-widget elementor-widget-text-editor\" data-id=\"4268684\" data-element_type=\"widget\" data-e-type=\"widget\" data-widget_type=\"text-editor.default\">\n\t\t\t\t<div class=\"elementor-widget-container\">\n\t\t\t\t\t\t\t\t\t<p align=\"left\"><span style=\"font-family: Liberation Serif, serif;\"><span style=\"font-size: large;\"><b>Condicionants per a la seva execuci\u00f3 <\/b><\/span><\/span><\/p><p align=\"left\"><span style=\"font-family: Liberation Serif, serif;\"><span style=\"font-size: large;\">El projecte \u00ab<i>In Territorio Orritense<\/i>\u00bb va ser aprovat per la Direcci\u00f3 General del Patrimoni Cultural el 21 de juny de 2022, en el marc de la convocat\u00f2ria CLT\/17\/2022 de projectes quadriennals de recerca en mat\u00e8ria d\u2019arqueologia i paleontologia per al per\u00edode 2022-2025. Aix\u00ed mateix, el 2 de novembre de 2022, l\u2019Oficina de Suport a la Iniciativa Cultural (OSIC) li va concedir per a la seva execuci\u00f3 un total de 113.112,90\u20ac, com a part de la l\u00ednia de subvencions destinada a donar suport als projectes quadriennals esmentats. No obstant aix\u00f2, per causes alienes a l\u2019equip de recerca, relacionades amb la capacitat de la instituci\u00f3 promotora per gestionar el finan\u00e7ament concedit, no va ser possible acceptar l\u2019ajut. <\/span><\/span><\/p><p align=\"left\"><span style=\"font-family: Liberation Serif, serif;\"><span style=\"font-size: large;\">Aquesta circumst\u00e0ncia va deixar el projecte sense la major part del seu finan\u00e7ament, fet que ha condicionat de forma evident la seva execuci\u00f3 i ha impedit desenvolupar la totalitat de les intervencions i accions previstes inicialment. Aix\u00ed i tot, gr\u00e0cies a la implicaci\u00f3 dels membres de l\u2019equip i al suport de les institucions col\u00b7laboradores, el projecte ha seguit endavant. En aquest sentit, s\u2019han dut a terme cinc campanyes d\u2019excavaci\u00f3 arqueol\u00f2gica, s\u2019ha aprofundit en l\u2019estudi arqueom\u00e8tric dels materials recuperats i, fins i tot, s\u2019ha obert una nova l\u00ednia de recerca \u2013no prevista en el projecte inicial\u2013 centrada en l\u2019evoluci\u00f3 hist\u00f2rica del paisatge a la zona estudiada a partir d\u2019an\u00e0lisis palinol\u00f2giques efectuades als estanys de Basturs. <\/span><\/span><\/p>\t\t\t\t\t\t\t\t<\/div>\n\t\t\t\t<\/div>\n\t\t\t\t\t<\/div>\n\t\t<\/div>\n\t\t\t\t\t<\/div>\n\t\t<\/section>\n\t\t\t\t<section class=\"elementor-section elementor-top-section elementor-element elementor-element-b6be1fd elementor-section-boxed elementor-section-height-default elementor-section-height-default\" data-id=\"b6be1fd\" data-element_type=\"section\" data-e-type=\"section\">\n\t\t\t\t\t\t<div class=\"elementor-container elementor-column-gap-default\">\n\t\t\t\t\t<div class=\"elementor-column elementor-col-100 elementor-top-column elementor-element elementor-element-c96261b\" data-id=\"c96261b\" data-element_type=\"column\" data-e-type=\"column\">\n\t\t\t<div class=\"elementor-widget-wrap elementor-element-populated\">\n\t\t\t\t\t\t<div class=\"elementor-element elementor-element-8658542 elementor-widget elementor-widget-image\" data-id=\"8658542\" data-element_type=\"widget\" data-e-type=\"widget\" data-widget_type=\"image.default\">\n\t\t\t\t<div class=\"elementor-widget-container\">\n\t\t\t\t\t\t\t\t\t\t\t\t<figure class=\"wp-caption\">\n\t\t\t\t\t\t\t\t\t\t\t<a href=\"https:\/\/www.ub.edu\/lamub\/wp-content\/uploads\/2026\/04\/orritense_fig5.jpg\" data-elementor-open-lightbox=\"yes\" data-elementor-lightbox-title=\"orritense_fig5\" data-e-action-hash=\"#elementor-action%3Aaction%3Dlightbox%26settings%3DeyJpZCI6MjU0NCwidXJsIjoiaHR0cHM6XC9cL3d3dy51Yi5lZHVcL2xhbXViXC93cC1jb250ZW50XC91cGxvYWRzXC8yMDI2XC8wNFwvb3JyaXRlbnNlX2ZpZzUuanBnIn0%3D\">\n\t\t\t\t\t\t\t<img decoding=\"async\" src=\"https:\/\/www.ub.edu\/lamub\/wp-content\/uploads\/elementor\/thumbs\/orritense_fig5-rmfpnovvwtqfr3g5nrlyidqb48ashq9p6skj90ke4o.jpg\" title=\"orritense_fig5\" alt=\"orritense_fig5\" loading=\"lazy\" \/>\t\t\t\t\t\t\t\t<\/a>\n\t\t\t\t\t\t\t\t\t\t\t<figcaption class=\"widget-image-caption wp-caption-text\">Fig. 5: Proc\u00e9s d\u2019extracci\u00f3 de la mostra de sediments de l\u2019Estany Gran de Basturs<\/figcaption>\n\t\t\t\t\t\t\t\t\t\t<\/figure>\n\t\t\t\t\t\t\t\t\t<\/div>\n\t\t\t\t<\/div>\n\t\t\t\t\t<\/div>\n\t\t<\/div>\n\t\t\t\t\t<\/div>\n\t\t<\/section>\n\t\t\t\t<\/div>\n\t\t","protected":false},"excerpt":{"rendered":"<p>Dades del projecte: T\u00edtol:\u00a0\u00abIn territorio Orritense\u00bb. L&#8217;evoluci\u00f3 del poblament prepirinenc de l&#8217;antiguitat tardana al m\u00f3n medieval (s. V-XI) Codi:\u00a0ARQ001SOL-129-2022 IPs: Xavier Costa-Badia i Walter Alegr\u00eda Tejedor Convocat\u00f2ria: Projectes quadriennals de recerca en mat\u00e8ria d&#8217;arqueologia i paleontologia per al per\u00edode 2022-2025. Instituci\u00f3 promotora:\u00a0Museu de la Conca Dell\u00e0 (Ajuntament d\u2019Isona i Conca [&hellip;]<\/p>\n","protected":false},"author":1,"featured_media":2543,"parent":2598,"menu_order":0,"comment_status":"closed","ping_status":"closed","template":"","meta":{"footnotes":""},"class_list":["post-2538","page","type-page","status-publish","has-post-thumbnail","hentry"],"_links":{"self":[{"href":"https:\/\/www.ub.edu\/lamub\/wp-json\/wp\/v2\/pages\/2538","targetHints":{"allow":["GET"]}}],"collection":[{"href":"https:\/\/www.ub.edu\/lamub\/wp-json\/wp\/v2\/pages"}],"about":[{"href":"https:\/\/www.ub.edu\/lamub\/wp-json\/wp\/v2\/types\/page"}],"author":[{"embeddable":true,"href":"https:\/\/www.ub.edu\/lamub\/wp-json\/wp\/v2\/users\/1"}],"replies":[{"embeddable":true,"href":"https:\/\/www.ub.edu\/lamub\/wp-json\/wp\/v2\/comments?post=2538"}],"version-history":[{"count":39,"href":"https:\/\/www.ub.edu\/lamub\/wp-json\/wp\/v2\/pages\/2538\/revisions"}],"predecessor-version":[{"id":2597,"href":"https:\/\/www.ub.edu\/lamub\/wp-json\/wp\/v2\/pages\/2538\/revisions\/2597"}],"up":[{"embeddable":true,"href":"https:\/\/www.ub.edu\/lamub\/wp-json\/wp\/v2\/pages\/2598"}],"wp:featuredmedia":[{"embeddable":true,"href":"https:\/\/www.ub.edu\/lamub\/wp-json\/wp\/v2\/media\/2543"}],"wp:attachment":[{"href":"https:\/\/www.ub.edu\/lamub\/wp-json\/wp\/v2\/media?parent=2538"}],"curies":[{"name":"wp","href":"https:\/\/api.w.org\/{rel}","templated":true}]}}