{"id":361,"date":"2021-09-30T09:59:11","date_gmt":"2021-09-30T09:59:11","guid":{"rendered":"http:\/\/www.ub.edu\/lamub\/?page_id=361"},"modified":"2021-10-06T15:02:12","modified_gmt":"2021-10-06T15:02:12","slug":"cmun_eng","status":"publish","type":"page","link":"https:\/\/www.ub.edu\/lamub\/en\/archive\/cmun_eng\/","title":{"rendered":"Mountain communities in High Middle Ages"},"content":{"rendered":"\t\t<div data-elementor-type=\"wp-page\" data-elementor-id=\"361\" class=\"elementor elementor-361\">\n\t\t\t\t\t\t<section class=\"elementor-section elementor-top-section elementor-element elementor-element-56dc8090 elementor-section-full_width elementor-section-height-default elementor-section-height-default\" data-id=\"56dc8090\" data-element_type=\"section\">\n\t\t\t\t\t\t<div class=\"elementor-container elementor-column-gap-default\">\n\t\t\t\t\t<div class=\"elementor-column elementor-col-100 elementor-top-column elementor-element elementor-element-5e4a923b\" data-id=\"5e4a923b\" data-element_type=\"column\">\n\t\t\t<div class=\"elementor-widget-wrap elementor-element-populated\">\n\t\t\t\t\t\t<div class=\"elementor-element elementor-element-4704de2 elementor-widget elementor-widget-text-editor\" data-id=\"4704de2\" data-element_type=\"widget\" data-widget_type=\"text-editor.default\">\n\t\t\t\t<div class=\"elementor-widget-container\">\n\t\t\t\t\t\t\t<p><em> Mountain communities in High Middle Ages: Catalan Pyrenees and Pre-Pyrenees (5th-9th centuries) <\/em> is a project awarded by the Generalitat de Catalunya in the field of archaeological research. The idea was born in the Els Altimiris site, located on the northern slope of the Montsec d\u2019Ares mountain range, a place where we have been excavating since 2004 in successive summer campaigns. Its chronology (late 5th century &#8211; early ninth century) has led us to consider the occupational reality of mountain areas in this period that we can call protomedieval.<\/p>\t\t\t\t\t\t<\/div>\n\t\t\t\t<\/div>\n\t\t\t\t<div class=\"elementor-element elementor-element-984fd89 elementor-widget elementor-widget-image\" data-id=\"984fd89\" data-element_type=\"widget\" data-widget_type=\"image.default\">\n\t\t\t\t<div class=\"elementor-widget-container\">\n\t\t\t\t\t\t\t\t\t\t\t\t\t<img fetchpriority=\"high\" decoding=\"async\" width=\"750\" height=\"563\" src=\"https:\/\/www.ub.edu\/lamub\/wp-content\/uploads\/2021\/10\/cmunt_altimiris-1024x768.jpg\" class=\"attachment-large size-large wp-image-500\" alt=\"\" srcset=\"https:\/\/www.ub.edu\/lamub\/wp-content\/uploads\/2021\/10\/cmunt_altimiris-1024x768.jpg 1024w, https:\/\/www.ub.edu\/lamub\/wp-content\/uploads\/2021\/10\/cmunt_altimiris-300x225.jpg 300w, https:\/\/www.ub.edu\/lamub\/wp-content\/uploads\/2021\/10\/cmunt_altimiris-768x576.jpg 768w, https:\/\/www.ub.edu\/lamub\/wp-content\/uploads\/2021\/10\/cmunt_altimiris.jpg 1200w\" sizes=\"(max-width: 750px) 100vw, 750px\" \/>\t\t\t\t\t\t\t\t\t\t\t\t\t<\/div>\n\t\t\t\t<\/div>\n\t\t\t\t<div class=\"elementor-element elementor-element-1c26d8d2 elementor-widget elementor-widget-text-editor\" data-id=\"1c26d8d2\" data-element_type=\"widget\" data-widget_type=\"text-editor.default\">\n\t\t\t\t<div class=\"elementor-widget-container\">\n\t\t\t\t\t\t\t<p><!-- - wp: heading ---><\/p><p><strong>Our goals can be summarized in: <\/strong><\/p><p><!-- - \/ wp: paragraph ---><\/p><p><!-- - wp: list {\"ordered\": true} ---><\/p><ol><li>Characterize and define archaeologically, the so-called high settlements, specifically those located in mountainous areas and differentiate them from others located in coastal and flat areas.<\/li><li>Analyze the process of ruralization that occurs in the transition from Late Antiquity to the High Middle Ages, define the phases and typify the material evidence that corresponds to this process.<\/li><li>Investigate the presence or absence of local elites with the capacity to organize a new model, establish nesting hierarchies, if possible, and define the process of consolidating them.<\/li><li>Define the role of the Church, especially in its regular aspect, assess its presence on the territory and understand its origin. Identify its physical characteristics through the archaeological record and contrast it with the Benedictine model that will be implemented in the area from the ninth century.<\/li><\/ol><ol><\/ol><p><!-- - \/ wp: list ---><\/p><p><!-- - wp: paragraph ---><\/p><p><strong> <\/strong><\/p><p><strong> From a methodological point of view we propose to carry out different actions that we can summarize in: <\/strong><\/p><p><!-- - \/ wp: paragraph ---><\/p><p><!-- - wp: list {\"ordered\": true} ---><\/p><ol><li>Visual archaeological surveys and archaeological surveys when deemed appropriate.<\/li><li>Extensive archaeological interventions in the sites of Els Altimiris and Sant Mart\u00ed dels Tombetes.<\/li><li>Review texts and documents that can provide us with data of interest for our research.<\/li><li>Analyze the ceramic materials recovered in the interventions and surveys to characterize the phases of occupation and establish contacts between different areas. Define technotypologically and chronologically these materials.<\/li><li>Implement the analysis based on Geographic Information Systems in order to establish patterns of settlement, exchange and consolidation of the ecclesiastical structure.<\/li><li>Carry out various analyzes on materials and samples obtained in the surveys and excavations carried out.<\/li><li>Review memories and materials of previous actions in sites located in mountain areas of similar chronology.<\/li><\/ol><p><!-- - \/ wp: list ---><\/p><p><!-- - wp: paragraph ---><\/p><p>From a spatial point of view, our research focuses on the areas we have been working on in recent years. Mainly the Montsec mountain range, the Conca de Tremp, the Boumort mountain range and the Alt Pallars. We have also incorporated three more areas that are being the subject of doctoral theses and that, due to their characteristics, are related to our project. These are the Alt Urgell, the Vall del Cardener and the Baix Montseny.<\/p><p><\/p><p><!-- - \/ wp: paragraph ---><\/p><p><!-- - wp: paragraph ---><\/p><p><strong> The team is structured in three interrelated areas: <\/strong><\/p><p><!-- - \/ wp: paragraph ---><\/p><p><!-- - wp: list {\"ordered\": true} ---><\/p><ol><li>Archeology: Planning and execution of archaeological and prospecting campaigns. Materials analysis, restoration of materials and structures. Interpretation of the archaeological record. Marta Sancho i Planas, Walter Alegr\u00eda Tejedor, Isabel Hidalgo Su\u00e1rez, Silvia Mar\u00edn Ortega, Jordina Sales Carbonell and Margarita Fern\u00e1ndez Mier.<\/li><li>Documentation: Collection of bibliographic and documentary data. Definition of historical frameworks and rural environments. Pau Castell Granados, Rosa Lluch Bramon, Mireia Comas Via, Carme Muntaner Alsina.<\/li><li>Computer science: Computerization and data analysis, interpretive proposals and generation of specific cartography. Maria Soler Sala, Jordi de Bol\u00f2s Masclans, Borja T\u00e0pia Ferreiro, Marc Ferrer Fern\u00e1ndez.<\/li><\/ol><p><!-- - \/ wp: list ---><\/p>\t\t\t\t\t\t<\/div>\n\t\t\t\t<\/div>\n\t\t\t\t<div class=\"elementor-element elementor-element-00a6b9e elementor-widget elementor-widget-spacer\" data-id=\"00a6b9e\" data-element_type=\"widget\" data-widget_type=\"spacer.default\">\n\t\t\t\t<div class=\"elementor-widget-container\">\n\t\t\t\t\t<div class=\"elementor-spacer\">\n\t\t\t<div class=\"elementor-spacer-inner\"><\/div>\n\t\t<\/div>\n\t\t\t\t<\/div>\n\t\t\t\t<\/div>\n\t\t\t\t\t<\/div>\n\t\t<\/div>\n\t\t\t\t\t<\/div>\n\t\t<\/section>\n\t\t\t\t<\/div>\n\t\t","protected":false},"excerpt":{"rendered":"<p>Mountain communities in High Middle Ages: Catalan Pyrenees and Pre-Pyrenees (5th-9th centuries) is a project awarded by the Generalitat de Catalunya in the field of archaeological research. The idea was born in the Els Altimiris site, located on the northern slope of the Montsec d\u2019Ares mountain range, a place where [&hellip;]<\/p>\n","protected":false},"author":1,"featured_media":242,"parent":169,"menu_order":0,"comment_status":"closed","ping_status":"closed","template":"","meta":{"footnotes":""},"class_list":["post-361","page","type-page","status-publish","has-post-thumbnail","hentry"],"_links":{"self":[{"href":"https:\/\/www.ub.edu\/lamub\/wp-json\/wp\/v2\/pages\/361","targetHints":{"allow":["GET"]}}],"collection":[{"href":"https:\/\/www.ub.edu\/lamub\/wp-json\/wp\/v2\/pages"}],"about":[{"href":"https:\/\/www.ub.edu\/lamub\/wp-json\/wp\/v2\/types\/page"}],"author":[{"embeddable":true,"href":"https:\/\/www.ub.edu\/lamub\/wp-json\/wp\/v2\/users\/1"}],"replies":[{"embeddable":true,"href":"https:\/\/www.ub.edu\/lamub\/wp-json\/wp\/v2\/comments?post=361"}],"version-history":[{"count":22,"href":"https:\/\/www.ub.edu\/lamub\/wp-json\/wp\/v2\/pages\/361\/revisions"}],"predecessor-version":[{"id":521,"href":"https:\/\/www.ub.edu\/lamub\/wp-json\/wp\/v2\/pages\/361\/revisions\/521"}],"up":[{"embeddable":true,"href":"https:\/\/www.ub.edu\/lamub\/wp-json\/wp\/v2\/pages\/169"}],"wp:featuredmedia":[{"embeddable":true,"href":"https:\/\/www.ub.edu\/lamub\/wp-json\/wp\/v2\/media\/242"}],"wp:attachment":[{"href":"https:\/\/www.ub.edu\/lamub\/wp-json\/wp\/v2\/media?parent=361"}],"curies":[{"name":"wp","href":"https:\/\/api.w.org\/{rel}","templated":true}]}}