{"id":89,"date":"2021-09-29T09:12:16","date_gmt":"2021-09-29T09:12:16","guid":{"rendered":"http:\/\/www.ub.edu\/lamub\/?page_id=89"},"modified":"2026-04-27T10:26:51","modified_gmt":"2026-04-27T10:26:51","slug":"arxiu","status":"publish","type":"page","link":"https:\/\/www.ub.edu\/lamub\/arxiu\/","title":{"rendered":"Arxiu de projectes"},"content":{"rendered":"\t\t<div data-elementor-type=\"wp-page\" data-elementor-id=\"89\" class=\"elementor elementor-89\">\n\t\t\t\t\t\t<section class=\"elementor-section elementor-top-section elementor-element elementor-element-4db17a2 elementor-section-boxed elementor-section-height-default elementor-section-height-default\" data-id=\"4db17a2\" data-element_type=\"section\" data-e-type=\"section\">\n\t\t\t\t\t\t<div class=\"elementor-container elementor-column-gap-default\">\n\t\t\t\t\t<div class=\"elementor-column elementor-col-100 elementor-top-column elementor-element elementor-element-e666eca\" data-id=\"e666eca\" data-element_type=\"column\" data-e-type=\"column\">\n\t\t\t<div class=\"elementor-widget-wrap elementor-element-populated\">\n\t\t\t\t\t\t<div class=\"elementor-element elementor-element-c111c64 elementor-widget elementor-widget-spacer\" data-id=\"c111c64\" data-element_type=\"widget\" data-e-type=\"widget\" data-widget_type=\"spacer.default\">\n\t\t\t\t<div class=\"elementor-widget-container\">\n\t\t\t\t\t\t\t<div class=\"elementor-spacer\">\n\t\t\t<div class=\"elementor-spacer-inner\"><\/div>\n\t\t<\/div>\n\t\t\t\t\t\t<\/div>\n\t\t\t\t<\/div>\n\t\t\t\t\t<\/div>\n\t\t<\/div>\n\t\t\t\t\t<\/div>\n\t\t<\/section>\n\t\t\t\t<section class=\"elementor-section elementor-top-section elementor-element elementor-element-f01a4cc elementor-section-full_width elementor-section-height-default elementor-section-height-default\" data-id=\"f01a4cc\" data-element_type=\"section\" data-e-type=\"section\">\n\t\t\t\t\t\t<div class=\"elementor-container elementor-column-gap-default\">\n\t\t\t\t\t<div class=\"elementor-column elementor-col-50 elementor-top-column elementor-element elementor-element-277a88e\" data-id=\"277a88e\" data-element_type=\"column\" data-e-type=\"column\">\n\t\t\t<div class=\"elementor-widget-wrap elementor-element-populated\">\n\t\t\t\t\t\t<div class=\"elementor-element elementor-element-0f1737a elementor-widget elementor-widget-image\" data-id=\"0f1737a\" data-element_type=\"widget\" data-e-type=\"widget\" data-widget_type=\"image.default\">\n\t\t\t\t<div class=\"elementor-widget-container\">\n\t\t\t\t\t\t\t\t\t\t\t\t<figure class=\"wp-caption\">\n\t\t\t\t\t\t\t\t\t\t<img fetchpriority=\"high\" decoding=\"async\" width=\"640\" height=\"480\" src=\"https:\/\/www.ub.edu\/lamub\/wp-content\/uploads\/2026\/04\/PortadesPSP.jpg\" class=\"attachment-large size-large wp-image-2665\" alt=\"\" srcset=\"https:\/\/www.ub.edu\/lamub\/wp-content\/uploads\/2026\/04\/PortadesPSP.jpg 640w, https:\/\/www.ub.edu\/lamub\/wp-content\/uploads\/2026\/04\/PortadesPSP-300x225.jpg 300w\" sizes=\"(max-width: 640px) 100vw, 640px\" \/>\t\t\t\t\t\t\t\t\t\t\t<figcaption class=\"widget-image-caption wp-caption-text\">El projecte se centra en l'estudi dels espais de poder a la Catalunya medieval i moderna a trav\u00e9s de dos jaciments arqueol\u00f2gics emblem\u00e0tics: el Monestir femen\u00ed hospitaler de Santa Maria d\u2019Alguaire i el Palau Reial de Valldaura. Aquesta investigaci\u00f3 combina l'arqueologia amb l'an\u00e0lisi de textos escrits i l'estudi del paisatge.<\/figcaption>\n\t\t\t\t\t\t\t\t\t\t<\/figure>\n\t\t\t\t\t\t\t\t\t<\/div>\n\t\t\t\t<\/div>\n\t\t\t\t\t<\/div>\n\t\t<\/div>\n\t\t\t\t<div class=\"elementor-column elementor-col-50 elementor-top-column elementor-element elementor-element-04d4491\" data-id=\"04d4491\" data-element_type=\"column\" data-e-type=\"column\">\n\t\t\t<div class=\"elementor-widget-wrap elementor-element-populated\">\n\t\t\t\t\t\t<div class=\"elementor-element elementor-element-3cab43b elementor-widget elementor-widget-image\" data-id=\"3cab43b\" data-element_type=\"widget\" data-e-type=\"widget\" data-widget_type=\"image.default\">\n\t\t\t\t<div class=\"elementor-widget-container\">\n\t\t\t\t\t\t\t\t\t\t\t\t<figure class=\"wp-caption\">\n\t\t\t\t\t\t\t\t\t\t<img decoding=\"async\" width=\"640\" height=\"480\" src=\"https:\/\/www.ub.edu\/lamub\/wp-content\/uploads\/2024\/05\/PortadaProjecteMVIVA.png\" class=\"attachment-large size-large wp-image-705\" alt=\"\" srcset=\"https:\/\/www.ub.edu\/lamub\/wp-content\/uploads\/2024\/05\/PortadaProjecteMVIVA.png 640w, https:\/\/www.ub.edu\/lamub\/wp-content\/uploads\/2024\/05\/PortadaProjecteMVIVA-300x225.png 300w\" sizes=\"(max-width: 640px) 100vw, 640px\" \/>\t\t\t\t\t\t\t\t\t\t\t<figcaption class=\"widget-image-caption wp-caption-text\">L'idea neix de la reflexi\u00f3 en el jaciment de Els Altimiris, situat en la vessant nord de la serra del Montsec d\u2019Ares amb una cronologia (finals del s. V \u2013 inicis del s. IX), que ens ha portat a plantejar la realitat ocupacional de les zones de muntanya en aquest per\u00edode que podem anomenar protomedieval.\u200b<\/figcaption>\n\t\t\t\t\t\t\t\t\t\t<\/figure>\n\t\t\t\t\t\t\t\t\t<\/div>\n\t\t\t\t<\/div>\n\t\t\t\t\t<\/div>\n\t\t<\/div>\n\t\t\t\t\t<\/div>\n\t\t<\/section>\n\t\t\t\t<section class=\"elementor-section elementor-top-section elementor-element elementor-element-44b3bab elementor-section-boxed elementor-section-height-default elementor-section-height-default\" data-id=\"44b3bab\" data-element_type=\"section\" data-e-type=\"section\">\n\t\t\t\t\t\t<div class=\"elementor-container elementor-column-gap-default\">\n\t\t\t\t\t<div class=\"elementor-column elementor-col-100 elementor-top-column elementor-element elementor-element-ad3e065\" data-id=\"ad3e065\" data-element_type=\"column\" data-e-type=\"column\">\n\t\t\t<div class=\"elementor-widget-wrap elementor-element-populated\">\n\t\t\t\t\t\t<div class=\"elementor-element elementor-element-f193589 elementor-widget elementor-widget-spacer\" data-id=\"f193589\" data-element_type=\"widget\" data-e-type=\"widget\" data-widget_type=\"spacer.default\">\n\t\t\t\t<div class=\"elementor-widget-container\">\n\t\t\t\t\t\t\t<div class=\"elementor-spacer\">\n\t\t\t<div class=\"elementor-spacer-inner\"><\/div>\n\t\t<\/div>\n\t\t\t\t\t\t<\/div>\n\t\t\t\t<\/div>\n\t\t\t\t\t<\/div>\n\t\t<\/div>\n\t\t\t\t\t<\/div>\n\t\t<\/section>\n\t\t\t\t<section class=\"elementor-section elementor-top-section elementor-element elementor-element-b44bf96 elementor-section-full_width elementor-section-height-default elementor-section-height-default\" data-id=\"b44bf96\" data-element_type=\"section\" data-e-type=\"section\">\n\t\t\t\t\t\t<div class=\"elementor-container elementor-column-gap-default\">\n\t\t\t\t\t<div class=\"elementor-column elementor-col-50 elementor-top-column elementor-element elementor-element-ac7b827\" data-id=\"ac7b827\" data-element_type=\"column\" data-e-type=\"column\">\n\t\t\t<div class=\"elementor-widget-wrap elementor-element-populated\">\n\t\t\t\t\t\t<div class=\"elementor-element elementor-element-5c9ed6e elementor-widget elementor-widget-image\" data-id=\"5c9ed6e\" data-element_type=\"widget\" data-e-type=\"widget\" data-widget_type=\"image.default\">\n\t\t\t\t<div class=\"elementor-widget-container\">\n\t\t\t\t\t\t\t\t\t\t\t\t<figure class=\"wp-caption\">\n\t\t\t\t\t\t\t\t\t\t\t<a href=\"http:\/\/www.ub.edu\/lamub\/arxiu\/cmun\/\">\n\t\t\t\t\t\t\t<img decoding=\"async\" width=\"750\" height=\"312\" src=\"https:\/\/www.ub.edu\/lamub\/wp-content\/uploads\/2021\/09\/PortadaProjecteCMunt.jpg\" class=\"attachment-large size-large wp-image-313\" alt=\"\" srcset=\"https:\/\/www.ub.edu\/lamub\/wp-content\/uploads\/2021\/09\/PortadaProjecteCMunt.jpg 961w, https:\/\/www.ub.edu\/lamub\/wp-content\/uploads\/2021\/09\/PortadaProjecteCMunt-300x125.jpg 300w, https:\/\/www.ub.edu\/lamub\/wp-content\/uploads\/2021\/09\/PortadaProjecteCMunt-768x320.jpg 768w\" sizes=\"(max-width: 750px) 100vw, 750px\" \/>\t\t\t\t\t\t\t\t<\/a>\n\t\t\t\t\t\t\t\t\t\t\t<figcaption class=\"widget-image-caption wp-caption-text\">El projecte t\u00e9 com a objectiu analitzar els canvis en el poblament, l\u2019explotaci\u00f3 de recursos i l\u2019evoluci\u00f3 del paisatge hist\u00f2ric esdevinguts a la zona del Prepirineu catal\u00e0 durant la tardoantiguitat i l\u2019\u00e8poca medieval. Per a la seva realitzaci\u00f3 combinarem les intervencions arqueol\u00f2giques amb l\u2019\u00fas de tecnologies avan\u00e7ades de prospecci\u00f3 i la fonts documentals.<\/figcaption>\n\t\t\t\t\t\t\t\t\t\t<\/figure>\n\t\t\t\t\t\t\t\t\t<\/div>\n\t\t\t\t<\/div>\n\t\t\t\t\t<\/div>\n\t\t<\/div>\n\t\t\t\t<div class=\"elementor-column elementor-col-50 elementor-top-column elementor-element elementor-element-3598836\" data-id=\"3598836\" data-element_type=\"column\" data-e-type=\"column\">\n\t\t\t<div class=\"elementor-widget-wrap elementor-element-populated\">\n\t\t\t\t\t\t<div class=\"elementor-element elementor-element-ca0538d elementor-widget elementor-widget-image\" data-id=\"ca0538d\" data-element_type=\"widget\" data-e-type=\"widget\" data-widget_type=\"image.default\">\n\t\t\t\t<div class=\"elementor-widget-container\">\n\t\t\t\t\t\t\t\t\t\t\t\t<figure class=\"wp-caption\">\n\t\t\t\t\t\t\t\t\t\t<img loading=\"lazy\" decoding=\"async\" width=\"640\" height=\"480\" src=\"https:\/\/www.ub.edu\/lamub\/wp-content\/uploads\/2022\/01\/PortadaProjecteCastells.png\" class=\"attachment-large size-large wp-image-626\" alt=\"\" srcset=\"https:\/\/www.ub.edu\/lamub\/wp-content\/uploads\/2022\/01\/PortadaProjecteCastells.png 640w, https:\/\/www.ub.edu\/lamub\/wp-content\/uploads\/2022\/01\/PortadaProjecteCastells-300x225.png 300w\" sizes=\"(max-width: 640px) 100vw, 640px\" \/>\t\t\t\t\t\t\t\t\t\t\t<figcaption class=\"widget-image-caption wp-caption-text\">El projecte t\u00e9 com a objectiu estudiar els espais de poder a la Catalunya medieval i moderna a trav\u00e9s de dos jaciments arqueol\u00f2gics singulars: el Monestir femen\u00ed hospitaler de Santa Maria d\u2019Alguaire i el Palau Reial de Valldaura. Ho fem a trav\u00e9s de l\u2019arqueologia, per\u00f2 tamb\u00e9 mitjan\u00e7ant l\u2019estudi dels textos escrits i l\u2019an\u00e0lisi del paisatge.<\/figcaption>\n\t\t\t\t\t\t\t\t\t\t<\/figure>\n\t\t\t\t\t\t\t\t\t<\/div>\n\t\t\t\t<\/div>\n\t\t\t\t\t<\/div>\n\t\t<\/div>\n\t\t\t\t\t<\/div>\n\t\t<\/section>\n\t\t\t\t<section class=\"elementor-section elementor-top-section elementor-element elementor-element-d254706 elementor-section-boxed elementor-section-height-default elementor-section-height-default\" data-id=\"d254706\" data-element_type=\"section\" data-e-type=\"section\">\n\t\t\t\t\t\t<div class=\"elementor-container elementor-column-gap-default\">\n\t\t\t\t\t<div class=\"elementor-column elementor-col-100 elementor-top-column elementor-element elementor-element-2c5fc11\" data-id=\"2c5fc11\" data-element_type=\"column\" data-e-type=\"column\">\n\t\t\t<div class=\"elementor-widget-wrap elementor-element-populated\">\n\t\t\t\t\t\t<div class=\"elementor-element elementor-element-eb7d4ad elementor-widget elementor-widget-spacer\" data-id=\"eb7d4ad\" data-element_type=\"widget\" data-e-type=\"widget\" data-widget_type=\"spacer.default\">\n\t\t\t\t<div class=\"elementor-widget-container\">\n\t\t\t\t\t\t\t<div class=\"elementor-spacer\">\n\t\t\t<div class=\"elementor-spacer-inner\"><\/div>\n\t\t<\/div>\n\t\t\t\t\t\t<\/div>\n\t\t\t\t<\/div>\n\t\t\t\t\t<\/div>\n\t\t<\/div>\n\t\t\t\t\t<\/div>\n\t\t<\/section>\n\t\t\t\t<\/div>\n\t\t","protected":false},"excerpt":{"rendered":"<p>El projecte se centra en l&#8217;estudi dels espais de poder a la Catalunya medieval i moderna a trav\u00e9s de dos jaciments arqueol\u00f2gics emblem\u00e0tics: el Monestir femen\u00ed hospitaler de Santa Maria d\u2019Alguaire i el Palau Reial de Valldaura. Aquesta investigaci\u00f3 combina l&#8217;arqueologia amb l&#8217;an\u00e0lisi de textos escrits i l&#8217;estudi del paisatge. [&hellip;]<\/p>\n","protected":false},"author":1,"featured_media":242,"parent":0,"menu_order":0,"comment_status":"closed","ping_status":"closed","template":"page-templates\/template-fullwidth.php","meta":{"footnotes":""},"class_list":["post-89","page","type-page","status-publish","has-post-thumbnail","hentry"],"_links":{"self":[{"href":"https:\/\/www.ub.edu\/lamub\/wp-json\/wp\/v2\/pages\/89","targetHints":{"allow":["GET"]}}],"collection":[{"href":"https:\/\/www.ub.edu\/lamub\/wp-json\/wp\/v2\/pages"}],"about":[{"href":"https:\/\/www.ub.edu\/lamub\/wp-json\/wp\/v2\/types\/page"}],"author":[{"embeddable":true,"href":"https:\/\/www.ub.edu\/lamub\/wp-json\/wp\/v2\/users\/1"}],"replies":[{"embeddable":true,"href":"https:\/\/www.ub.edu\/lamub\/wp-json\/wp\/v2\/comments?post=89"}],"version-history":[{"count":73,"href":"https:\/\/www.ub.edu\/lamub\/wp-json\/wp\/v2\/pages\/89\/revisions"}],"predecessor-version":[{"id":2681,"href":"https:\/\/www.ub.edu\/lamub\/wp-json\/wp\/v2\/pages\/89\/revisions\/2681"}],"wp:featuredmedia":[{"embeddable":true,"href":"https:\/\/www.ub.edu\/lamub\/wp-json\/wp\/v2\/media\/242"}],"wp:attachment":[{"href":"https:\/\/www.ub.edu\/lamub\/wp-json\/wp\/v2\/media?parent=89"}],"curies":[{"name":"wp","href":"https:\/\/api.w.org\/{rel}","templated":true}]}}