{"id":1326,"date":"2022-03-16T10:45:06","date_gmt":"2022-03-16T09:45:06","guid":{"rendered":"https:\/\/www.ub.edu\/larcher\/art-rupestre-virtual\/"},"modified":"2022-06-30T11:26:50","modified_gmt":"2022-06-30T09:26:50","slug":"art-rupestre-virtual","status":"publish","type":"page","link":"https:\/\/www.ub.edu\/larcher\/ca\/art-rupestre-virtual\/","title":{"rendered":"Art rupestre virtual"},"content":{"rendered":"<p>[et_pb_section fb_built=&#8221;1&#8243; _builder_version=&#8221;4.16&#8243; _module_preset=&#8221;default&#8221; background_color=&#8221;rgba(63,56,56,0.24)&#8221; background_image=&#8221;https:\/\/www.ub.edu\/larcher\/wp-content\/uploads\/tortosilla-4.jpg&#8221; background_blend=&#8221;multiply&#8221; custom_padding=&#8221;||18px|||&#8221; da_disable_devices=&#8221;off|off|off&#8221; global_colors_info=&#8221;{}&#8221; da_is_popup=&#8221;off&#8221; da_exit_intent=&#8221;off&#8221; da_has_close=&#8221;on&#8221; da_alt_close=&#8221;off&#8221; da_dark_close=&#8221;off&#8221; da_not_modal=&#8221;on&#8221; da_is_singular=&#8221;off&#8221; da_with_loader=&#8221;off&#8221; da_has_shadow=&#8221;on&#8221;][et_pb_row _builder_version=&#8221;4.16&#8243; _module_preset=&#8221;default&#8221; custom_margin=&#8221;-100px||||false|false&#8221; custom_margin_tablet=&#8221;&#8221; custom_margin_phone=&#8221;-50px||||false|false&#8221; custom_margin_last_edited=&#8221;on|phone&#8221; custom_padding=&#8221;||11px|||&#8221; global_colors_info=&#8221;{}&#8221;][et_pb_column type=&#8221;4_4&#8243; _builder_version=&#8221;4.16&#8243; _module_preset=&#8221;default&#8221; global_colors_info=&#8221;{}&#8221;][et_pb_image src=&#8221;https:\/\/www.ub.edu\/larcher\/wp-content\/uploads\/\/icono-virtual-1.svg&#8221; alt=&#8221;Art rupestre virtual&#8221; title_text=&#8221;Art rupestre virtual&#8221; disabled_on=&#8221;on|on|off&#8221; _builder_version=&#8221;4.17.4&#8243; _module_preset=&#8221;default&#8221; width=&#8221;15%&#8221; module_alignment=&#8221;center&#8221; hover_enabled=&#8221;0&#8243; global_colors_info=&#8221;{}&#8221; sticky_enabled=&#8221;0&#8243;][\/et_pb_image][et_pb_text _builder_version=&#8221;4.17.4&#8243; _module_preset=&#8221;default&#8221; text_font=&#8221;Montserrat|800|||||||&#8221; text_text_color=&#8221;#eaa04f&#8221; text_font_size=&#8221;32px&#8221; header_font=&#8221;|800|||||||&#8221; header_text_color=&#8221;#eaa04f&#8221; header_font_size=&#8221;32px&#8221; header_line_height=&#8221;1.1em&#8221; custom_margin=&#8221;||16px|||&#8221; text_font_size_tablet=&#8221;&#8221; text_font_size_phone=&#8221;&#8221; text_font_size_last_edited=&#8221;on|phone&#8221; global_colors_info=&#8221;{}&#8221;]<\/p>\n<h1 style=\"text-align: center;\">Art rupestre virtual<\/h1>\n<p>[\/et_pb_text][et_pb_divider color=&#8221;#eaa04f&#8221; divider_weight=&#8221;2px&#8221; _builder_version=&#8221;4.16&#8243; _module_preset=&#8221;default&#8221; width=&#8221;7%&#8221; width_tablet=&#8221;100px&#8221; width_phone=&#8221;50px&#8221; width_last_edited=&#8221;on|tablet&#8221; module_alignment=&#8221;center&#8221; custom_margin=&#8221;-12px||0px||false|false&#8221; global_colors_info=&#8221;{}&#8221;][\/et_pb_divider][\/et_pb_column][\/et_pb_row][\/et_pb_section][et_pb_section fb_built=&#8221;1&#8243; _builder_version=&#8221;4.16&#8243; _module_preset=&#8221;default&#8221; background_color=&#8221;#ede2d4&#8243; min_height=&#8221;534.8px&#8221; custom_padding=&#8221;||8px|||&#8221; da_disable_devices=&#8221;off|off|off&#8221; global_colors_info=&#8221;{}&#8221; da_is_popup=&#8221;off&#8221; da_exit_intent=&#8221;off&#8221; da_has_close=&#8221;on&#8221; da_alt_close=&#8221;off&#8221; da_dark_close=&#8221;off&#8221; da_not_modal=&#8221;on&#8221; da_is_singular=&#8221;off&#8221; da_with_loader=&#8221;off&#8221; da_has_shadow=&#8221;on&#8221;][et_pb_row column_structure=&#8221;1_3,2_3&#8243; use_custom_gutter=&#8221;on&#8221; gutter_width=&#8221;1&#8243; _builder_version=&#8221;4.16&#8243; _module_preset=&#8221;default&#8221; width=&#8221;63%&#8221; module_alignment=&#8221;center&#8221; custom_padding=&#8221;||4px|||&#8221; global_colors_info=&#8221;{}&#8221;][et_pb_column type=&#8221;1_3&#8243; _builder_version=&#8221;4.16&#8243; _module_preset=&#8221;default&#8221; global_colors_info=&#8221;{}&#8221;][et_pb_text _builder_version=&#8221;4.16&#8243; _module_preset=&#8221;default&#8221; text_font=&#8221;Noto Serif||||||||&#8221; text_font_size=&#8221;18px&#8221; text_line_height=&#8221;1.1em&#8221; header_text_color=&#8221;#000000&#8243; header_font_size=&#8221;18px&#8221; header_line_height=&#8221;0.8em&#8221; header_3_font_size=&#8221;29px&#8221; width=&#8221;100%&#8221; locked=&#8221;off&#8221; global_colors_info=&#8221;{}&#8221;]<\/p>\n<h3><strong>Projectes 3D i 4D<\/strong><\/h3>\n<p>Des de <strong>LArcHer<\/strong> volem proporcionar un portal d&#8217;acc\u00e9s virtual a l&#8217;art prehist\u00f2ric que permeti gaudir d&#8217;aquest art en totes les seves dimensions<\/p>\n<p><span> <\/span><\/p>\n<p>&nbsp;<\/p>\n<p>[\/et_pb_text][\/et_pb_column][et_pb_column type=&#8221;2_3&#8243; _builder_version=&#8221;4.16&#8243; _module_preset=&#8221;default&#8221; global_colors_info=&#8221;{}&#8221;][et_pb_image src=&#8221;https:\/\/www.ub.edu\/larcher\/wp-content\/uploads\/mock-up-alta.png&#8221; title_text=&#8221;mock-up-alta&#8221; _builder_version=&#8221;4.16&#8243; _module_preset=&#8221;default&#8221; global_colors_info=&#8221;{}&#8221;][\/et_pb_image][\/et_pb_column][\/et_pb_row][\/et_pb_section][et_pb_section fb_built=&#8221;1&#8243; _builder_version=&#8221;4.16&#8243; _module_preset=&#8221;default&#8221; background_color=&#8221;#ede2d4&#8243; custom_padding=&#8221;1px|||||&#8221; da_disable_devices=&#8221;off|off|off&#8221; global_colors_info=&#8221;{}&#8221; da_is_popup=&#8221;off&#8221; da_exit_intent=&#8221;off&#8221; da_has_close=&#8221;on&#8221; da_alt_close=&#8221;off&#8221; da_dark_close=&#8221;off&#8221; da_not_modal=&#8221;on&#8221; da_is_singular=&#8221;off&#8221; da_with_loader=&#8221;off&#8221; da_has_shadow=&#8221;on&#8221;][et_pb_row _builder_version=&#8221;4.16&#8243; _module_preset=&#8221;default&#8221; min_height=&#8221;119px&#8221; custom_margin=&#8221;0px||0px||false|false&#8221; custom_padding=&#8221;0px||0px||false|false&#8221; global_colors_info=&#8221;{}&#8221;][et_pb_column type=&#8221;4_4&#8243; _builder_version=&#8221;4.16&#8243; _module_preset=&#8221;default&#8221; global_colors_info=&#8221;{}&#8221;][et_pb_image src=&#8221;https:\/\/www.ub.edu\/larcher\/wp-content\/uploads\/2021\/05\/logo360-1.svg&#8221; title_text=&#8221;logo360&#8243; _builder_version=&#8221;4.16&#8243; _module_preset=&#8221;default&#8221; width=&#8221;22%&#8221; module_alignment=&#8221;center&#8221; custom_margin=&#8221;11px||||false|false&#8221; global_colors_info=&#8221;{}&#8221;][\/et_pb_image][\/et_pb_column][\/et_pb_row][et_pb_row column_structure=&#8221;1_3,1_3,1_3&#8243; _builder_version=&#8221;4.16&#8243; _module_preset=&#8221;default&#8221; custom_padding=&#8221;47px|||||&#8221; global_colors_info=&#8221;{}&#8221;][et_pb_column type=&#8221;1_3&#8243; _builder_version=&#8221;4.16&#8243; _module_preset=&#8221;default&#8221; global_colors_info=&#8221;{}&#8221;][et_pb_button button_url=&#8221;https:\/\/sketchfab.com\/3d-models\/abrigo-de-tortosilla-7c693dd346a748629cec03b2df16745b&#8221; url_new_window=&#8221;on&#8221; button_text=&#8221;Abrigo de Tortosilla&#8221; button_alignment=&#8221;center&#8221; _builder_version=&#8221;4.16&#8243; _module_preset=&#8221;default&#8221; custom_button=&#8221;on&#8221; button_text_size=&#8221;16px&#8221; button_border_width=&#8221;0px&#8221; button_border_radius=&#8221;34px&#8221; custom_margin=&#8221;0px||||false|false&#8221; custom_padding=&#8221;9px|9%|9px|9%|true|true&#8221; global_colors_info=&#8221;{}&#8221;][\/et_pb_button][\/et_pb_column][et_pb_column type=&#8221;1_3&#8243; _builder_version=&#8221;4.16&#8243; _module_preset=&#8221;default&#8221; global_colors_info=&#8221;{}&#8221;][et_pb_button button_url=&#8221;https:\/\/sketchfab.com\/3d-models\/abrigo-del-sordo-24612e427c68439ea75e776700f66577&#8243; url_new_window=&#8221;on&#8221; button_text=&#8221;Abrigo del sordo&#8221; button_alignment=&#8221;center&#8221; _builder_version=&#8221;4.16&#8243; _module_preset=&#8221;default&#8221; custom_button=&#8221;on&#8221; button_text_size=&#8221;16px&#8221; button_border_width=&#8221;0px&#8221; button_border_radius=&#8221;34px&#8221; custom_margin=&#8221;0px||||false|false&#8221; custom_padding=&#8221;9px|9%|9px|9%|true|true&#8221; locked=&#8221;off&#8221; global_colors_info=&#8221;{}&#8221;][\/et_pb_button][\/et_pb_column][et_pb_column type=&#8221;1_3&#8243; _builder_version=&#8221;4.16&#8243; _module_preset=&#8221;default&#8221; global_colors_info=&#8221;{}&#8221;][et_pb_button button_url=&#8221;http:\/\/turismevilafranca.es\/4D\/&#8221; url_new_window=&#8221;on&#8221; button_text=&#8221;Abrigo de la covatina&#8221; button_alignment=&#8221;center&#8221; _builder_version=&#8221;4.16&#8243; _module_preset=&#8221;default&#8221; custom_button=&#8221;on&#8221; button_text_size=&#8221;16px&#8221; button_border_width=&#8221;0px&#8221; button_border_radius=&#8221;34px&#8221; custom_margin=&#8221;0px||||false|false&#8221; custom_padding=&#8221;9px|9%|9px|9%|true|true&#8221; locked=&#8221;off&#8221; global_colors_info=&#8221;{}&#8221;][\/et_pb_button][\/et_pb_column][\/et_pb_row][\/et_pb_section][et_pb_section fb_built=&#8221;1&#8243; fullwidth=&#8221;on&#8221; _builder_version=&#8221;4.16&#8243; _module_preset=&#8221;default&#8221; da_disable_devices=&#8221;off|off|off&#8221; global_colors_info=&#8221;{}&#8221; da_is_popup=&#8221;off&#8221; da_exit_intent=&#8221;off&#8221; da_has_close=&#8221;on&#8221; da_alt_close=&#8221;off&#8221; da_dark_close=&#8221;off&#8221; da_not_modal=&#8221;on&#8221; da_is_singular=&#8221;off&#8221; da_with_loader=&#8221;off&#8221; da_has_shadow=&#8221;on&#8221;][\/et_pb_section]<\/p>\n","protected":false},"excerpt":{"rendered":"<p>El projecte LArcHer t\u00e9 com a objectiu liderar una nova manera d&#8217;entendre, de manera integral, un dels conjunts d&#8217;art prehist\u00f2ric m\u00e9s extraordinaris d&#8217;Europa, declarat Patrimoni de la Humanitat per la UNESCO en 1998: l&#8217;art rupestre Llevant\u00ed.<\/p>\n","protected":false},"author":2,"featured_media":488,"parent":0,"menu_order":0,"comment_status":"closed","ping_status":"closed","template":"","meta":{"_et_pb_use_builder":"on","_et_pb_old_content":"","_et_gb_content_width":""},"yoast_head":"<!-- This site is optimized with the Yoast SEO plugin v19.6.1 - https:\/\/yoast.com\/wordpress\/plugins\/seo\/ -->\n<title>Art rupestre virtual - LArcHer<\/title>\n<meta name=\"description\" content=\"El projecte LArcHer t\u00e9 com a objectiu liderar una nova manera d&#039;entendre, de manera integral, un dels conjunts d&#039;art prehist\u00f2ric m\u00e9s extraordinaris d&#039;Europa, declarat Patrimoni de la Humanitat per la UNESCO en 1998: l&#039;art rupestre Llevant\u00ed.\" \/>\n<meta name=\"robots\" content=\"index, follow, max-snippet:-1, max-image-preview:large, max-video-preview:-1\" \/>\n<link rel=\"canonical\" href=\"https:\/\/www.ub.edu\/larcher\/arte-rupestre-virtual\/\" \/>\n<meta property=\"og:locale\" content=\"ca_ES\" \/>\n<meta property=\"og:type\" content=\"article\" \/>\n<meta property=\"og:title\" content=\"Art rupestre virtual - LArcHer\" \/>\n<meta property=\"og:description\" content=\"El projecte LArcHer t\u00e9 com a objectiu liderar una nova manera d&#039;entendre, de manera integral, un dels conjunts d&#039;art prehist\u00f2ric m\u00e9s extraordinaris d&#039;Europa, declarat Patrimoni de la Humanitat per la UNESCO en 1998: l&#039;art rupestre Llevant\u00ed.\" \/>\n<meta property=\"og:url\" content=\"https:\/\/www.ub.edu\/larcher\/arte-rupestre-virtual\/\" \/>\n<meta property=\"og:site_name\" content=\"LArcHer\" \/>\n<meta property=\"article:modified_time\" content=\"2022-06-30T09:26:50+00:00\" \/>\n<meta property=\"og:image\" content=\"https:\/\/www.ub.edu\/larcher\/wp-content\/uploads\/logo-pagina.jpg\" \/>\n\t<meta property=\"og:image:width\" content=\"500\" \/>\n\t<meta property=\"og:image:height\" content=\"309\" \/>\n\t<meta property=\"og:image:type\" content=\"image\/jpeg\" \/>\n<meta name=\"twitter:card\" content=\"summary\" \/>\n<meta name=\"twitter:label1\" content=\"Temps estimat de lectura\" \/>\n\t<meta name=\"twitter:data1\" content=\"5 minuts\" \/>\n<script type=\"application\/ld+json\" class=\"yoast-schema-graph\">{\"@context\":\"https:\/\/schema.org\",\"@graph\":[{\"@type\":\"WebPage\",\"@id\":\"https:\/\/www.ub.edu\/larcher\/arte-rupestre-virtual\/\",\"url\":\"https:\/\/www.ub.edu\/larcher\/arte-rupestre-virtual\/\",\"name\":\"Art rupestre virtual - LArcHer\",\"isPartOf\":{\"@id\":\"https:\/\/www.ub.edu\/larcher\/#website\"},\"datePublished\":\"2022-03-16T09:45:06+00:00\",\"dateModified\":\"2022-06-30T09:26:50+00:00\",\"description\":\"El projecte LArcHer t\u00e9 com a objectiu liderar una nova manera d'entendre, de manera integral, un dels conjunts d'art prehist\u00f2ric m\u00e9s extraordinaris d'Europa, declarat Patrimoni de la Humanitat per la UNESCO en 1998: l'art rupestre Llevant\u00ed.\",\"breadcrumb\":{\"@id\":\"https:\/\/www.ub.edu\/larcher\/arte-rupestre-virtual\/#breadcrumb\"},\"inLanguage\":\"ca\",\"potentialAction\":[{\"@type\":\"ReadAction\",\"target\":[\"https:\/\/www.ub.edu\/larcher\/arte-rupestre-virtual\/\"]}]},{\"@type\":\"BreadcrumbList\",\"@id\":\"https:\/\/www.ub.edu\/larcher\/arte-rupestre-virtual\/#breadcrumb\",\"itemListElement\":[{\"@type\":\"ListItem\",\"position\":1,\"name\":\"Portada\",\"item\":\"https:\/\/www.ub.edu\/larcher\/\"},{\"@type\":\"ListItem\",\"position\":2,\"name\":\"Art rupestre virtual\"}]},{\"@type\":\"WebSite\",\"@id\":\"https:\/\/www.ub.edu\/larcher\/#website\",\"url\":\"https:\/\/www.ub.edu\/larcher\/\",\"name\":\"LArcHer\",\"description\":\"Levantine Rock art Archaeology Heritage\",\"potentialAction\":[{\"@type\":\"SearchAction\",\"target\":{\"@type\":\"EntryPoint\",\"urlTemplate\":\"https:\/\/www.ub.edu\/larcher\/?s={search_term_string}\"},\"query-input\":\"required name=search_term_string\"}],\"inLanguage\":\"ca\"}]}<\/script>\n<!-- \/ Yoast SEO plugin. -->","yoast_head_json":{"title":"Art rupestre virtual - LArcHer","description":"El projecte LArcHer t\u00e9 com a objectiu liderar una nova manera d'entendre, de manera integral, un dels conjunts d'art prehist\u00f2ric m\u00e9s extraordinaris d'Europa, declarat Patrimoni de la Humanitat per la UNESCO en 1998: l'art rupestre Llevant\u00ed.","robots":{"index":"index","follow":"follow","max-snippet":"max-snippet:-1","max-image-preview":"max-image-preview:large","max-video-preview":"max-video-preview:-1"},"canonical":"https:\/\/www.ub.edu\/larcher\/arte-rupestre-virtual\/","og_locale":"ca_ES","og_type":"article","og_title":"Art rupestre virtual - LArcHer","og_description":"El projecte LArcHer t\u00e9 com a objectiu liderar una nova manera d'entendre, de manera integral, un dels conjunts d'art prehist\u00f2ric m\u00e9s extraordinaris d'Europa, declarat Patrimoni de la Humanitat per la UNESCO en 1998: l'art rupestre Llevant\u00ed.","og_url":"https:\/\/www.ub.edu\/larcher\/arte-rupestre-virtual\/","og_site_name":"LArcHer","article_modified_time":"2022-06-30T09:26:50+00:00","og_image":[{"width":500,"height":309,"url":"https:\/\/www.ub.edu\/larcher\/wp-content\/uploads\/logo-pagina.jpg","type":"image\/jpeg"}],"twitter_card":"summary","twitter_misc":{"Temps estimat de lectura":"5 minuts"},"schema":{"@context":"https:\/\/schema.org","@graph":[{"@type":"WebPage","@id":"https:\/\/www.ub.edu\/larcher\/arte-rupestre-virtual\/","url":"https:\/\/www.ub.edu\/larcher\/arte-rupestre-virtual\/","name":"Art rupestre virtual - LArcHer","isPartOf":{"@id":"https:\/\/www.ub.edu\/larcher\/#website"},"datePublished":"2022-03-16T09:45:06+00:00","dateModified":"2022-06-30T09:26:50+00:00","description":"El projecte LArcHer t\u00e9 com a objectiu liderar una nova manera d'entendre, de manera integral, un dels conjunts d'art prehist\u00f2ric m\u00e9s extraordinaris d'Europa, declarat Patrimoni de la Humanitat per la UNESCO en 1998: l'art rupestre Llevant\u00ed.","breadcrumb":{"@id":"https:\/\/www.ub.edu\/larcher\/arte-rupestre-virtual\/#breadcrumb"},"inLanguage":"ca","potentialAction":[{"@type":"ReadAction","target":["https:\/\/www.ub.edu\/larcher\/arte-rupestre-virtual\/"]}]},{"@type":"BreadcrumbList","@id":"https:\/\/www.ub.edu\/larcher\/arte-rupestre-virtual\/#breadcrumb","itemListElement":[{"@type":"ListItem","position":1,"name":"Portada","item":"https:\/\/www.ub.edu\/larcher\/"},{"@type":"ListItem","position":2,"name":"Art rupestre virtual"}]},{"@type":"WebSite","@id":"https:\/\/www.ub.edu\/larcher\/#website","url":"https:\/\/www.ub.edu\/larcher\/","name":"LArcHer","description":"Levantine Rock art Archaeology Heritage","potentialAction":[{"@type":"SearchAction","target":{"@type":"EntryPoint","urlTemplate":"https:\/\/www.ub.edu\/larcher\/?s={search_term_string}"},"query-input":"required name=search_term_string"}],"inLanguage":"ca"}]}},"_links":{"self":[{"href":"https:\/\/www.ub.edu\/larcher\/ca\/wp-json\/wp\/v2\/pages\/1326"}],"collection":[{"href":"https:\/\/www.ub.edu\/larcher\/ca\/wp-json\/wp\/v2\/pages"}],"about":[{"href":"https:\/\/www.ub.edu\/larcher\/ca\/wp-json\/wp\/v2\/types\/page"}],"author":[{"embeddable":true,"href":"https:\/\/www.ub.edu\/larcher\/ca\/wp-json\/wp\/v2\/users\/2"}],"replies":[{"embeddable":true,"href":"https:\/\/www.ub.edu\/larcher\/ca\/wp-json\/wp\/v2\/comments?post=1326"}],"version-history":[{"count":8,"href":"https:\/\/www.ub.edu\/larcher\/ca\/wp-json\/wp\/v2\/pages\/1326\/revisions"}],"predecessor-version":[{"id":2385,"href":"https:\/\/www.ub.edu\/larcher\/ca\/wp-json\/wp\/v2\/pages\/1326\/revisions\/2385"}],"wp:featuredmedia":[{"embeddable":true,"href":"https:\/\/www.ub.edu\/larcher\/ca\/wp-json\/wp\/v2\/media\/488"}],"wp:attachment":[{"href":"https:\/\/www.ub.edu\/larcher\/ca\/wp-json\/wp\/v2\/media?parent=1326"}],"curies":[{"name":"wp","href":"https:\/\/api.w.org\/{rel}","templated":true}]}}