{"id":1332,"date":"2022-03-16T10:53:29","date_gmt":"2022-03-16T09:53:29","guid":{"rendered":"https:\/\/www.ub.edu\/larcher\/contacte\/"},"modified":"2022-06-29T18:41:28","modified_gmt":"2022-06-29T16:41:28","slug":"contacte","status":"publish","type":"page","link":"https:\/\/www.ub.edu\/larcher\/ca\/contacte\/","title":{"rendered":"Contacte"},"content":{"rendered":"<p>[et_pb_section fb_built=&#8221;1&#8243; custom_padding_last_edited=&#8221;on|phone&#8221; disabled_on=&#8221;off|off|off&#8221; _builder_version=&#8221;4.16&#8243; _module_preset=&#8221;default&#8221; background_color=&#8221;rgba(63,56,56,0.24)&#8221; background_image=&#8221;https:\/\/www.ub.edu\/larcher\/wp-content\/uploads\/equipo.jpg&#8221; background_blend=&#8221;multiply&#8221; custom_margin_tablet=&#8221;&#8221; custom_margin_phone=&#8221;&#8221; custom_margin_last_edited=&#8221;on|phone&#8221; custom_padding=&#8221;80px||15px||false|false&#8221; custom_padding_tablet=&#8221;&#8221; custom_padding_phone=&#8221;250px||0px||false|false&#8221; global_colors_info=&#8221;{}&#8221; da_is_popup=&#8221;off&#8221; da_exit_intent=&#8221;off&#8221; da_has_close=&#8221;on&#8221; da_alt_close=&#8221;off&#8221; da_dark_close=&#8221;off&#8221; da_not_modal=&#8221;on&#8221; da_is_singular=&#8221;off&#8221; da_with_loader=&#8221;off&#8221; da_has_shadow=&#8221;on&#8221; da_disable_devices=&#8221;off|off|off&#8221;][et_pb_row _builder_version=&#8221;4.16&#8243; _module_preset=&#8221;default&#8221; custom_margin=&#8221;-140px|auto||auto|false|false&#8221; global_colors_info=&#8221;{}&#8221;][et_pb_column type=&#8221;4_4&#8243; _builder_version=&#8221;4.16&#8243; _module_preset=&#8221;default&#8221; global_colors_info=&#8221;{}&#8221;][et_pb_image src=&#8221;https:\/\/www.ub.edu\/larcher\/wp-content\/uploads\/\/icono-pagina.svg&#8221; title_text=&#8221;Equipo&#8221; align=&#8221;center&#8221; disabled_on=&#8221;on|on|off&#8221; _builder_version=&#8221;4.17.4&#8243; _module_preset=&#8221;default&#8221; width=&#8221;6%&#8221; hover_enabled=&#8221;0&#8243; global_colors_info=&#8221;{}&#8221; alt=&#8221;Equipo&#8221; sticky_enabled=&#8221;0&#8243;][\/et_pb_image][et_pb_text _builder_version=&#8221;4.16&#8243; _module_preset=&#8221;default&#8221; text_font=&#8221;Montserrat|800|||||||&#8221; text_text_color=&#8221;#eaa04f&#8221; text_font_size=&#8221;32px&#8221; text_orientation=&#8221;center&#8221; custom_margin_tablet=&#8221;&#8221; custom_margin_phone=&#8221;&#8221; custom_margin_last_edited=&#8221;on|phone&#8221; global_colors_info=&#8221;{}&#8221;]<\/p>\n<p>Contacte<\/p>\n<p>[\/et_pb_text][et_pb_divider color=&#8221;#eaa04f&#8221; divider_weight=&#8221;2px&#8221; _builder_version=&#8221;4.16&#8243; _module_preset=&#8221;default&#8221; width=&#8221;7%&#8221; width_tablet=&#8221;&#8221; width_phone=&#8221;20%&#8221; width_last_edited=&#8221;on|phone&#8221; module_alignment=&#8221;center&#8221; custom_margin=&#8221;-12px||0px||false|false&#8221; custom_margin_tablet=&#8221;&#8221; custom_margin_phone=&#8221;0px||0px||false|false&#8221; custom_margin_last_edited=&#8221;on|phone&#8221; global_colors_info=&#8221;{}&#8221;][\/et_pb_divider][\/et_pb_column][\/et_pb_row][\/et_pb_section][et_pb_section fb_built=&#8221;1&#8243; _builder_version=&#8221;4.16&#8243; _module_preset=&#8221;default&#8221; background_color=&#8221;#ede2d4&#8243; custom_padding=&#8221;27px||27px||true|&#8221; global_colors_info=&#8221;{}&#8221; da_is_popup=&#8221;off&#8221; da_exit_intent=&#8221;off&#8221; da_has_close=&#8221;on&#8221; da_alt_close=&#8221;off&#8221; da_dark_close=&#8221;off&#8221; da_not_modal=&#8221;on&#8221; da_is_singular=&#8221;off&#8221; da_with_loader=&#8221;off&#8221; da_has_shadow=&#8221;on&#8221; da_disable_devices=&#8221;off|off|off&#8221;][et_pb_row _builder_version=&#8221;4.16&#8243; _module_preset=&#8221;default&#8221; width=&#8221;70%&#8221; width_tablet=&#8221;&#8221; width_phone=&#8221;70%&#8221; width_last_edited=&#8221;on|phone&#8221; custom_padding=&#8221;||9px|||&#8221; global_colors_info=&#8221;{}&#8221;][et_pb_column type=&#8221;4_4&#8243; _builder_version=&#8221;4.16&#8243; _module_preset=&#8221;default&#8221; global_colors_info=&#8221;{}&#8221;][et_pb_text _builder_version=&#8221;4.16&#8243; _module_preset=&#8221;default&#8221; text_font=&#8221;Montserrat|800|||||||&#8221; text_text_color=&#8221;#e8585d&#8221; text_font_size=&#8221;32px&#8221; text_line_height=&#8221;1em&#8221; text_orientation=&#8221;center&#8221; text_font_size_tablet=&#8221;&#8221; text_font_size_phone=&#8221;25px&#8221; text_font_size_last_edited=&#8221;on|phone&#8221; locked=&#8221;off&#8221; global_colors_info=&#8221;{}&#8221;]<\/p>\n<p style=\"text-align: left;\">Contacte<\/p>\n<p>[\/et_pb_text][et_pb_divider divider_weight=&#8221;1px&#8221; divider_weight_tablet=&#8221;&#8221; divider_weight_phone=&#8221;&#8221; divider_weight_last_edited=&#8221;on|phone&#8221; _builder_version=&#8221;4.16&#8243; _module_preset=&#8221;default&#8221; width=&#8221;20%&#8221; module_alignment=&#8221;left&#8221; custom_margin=&#8221;-12px||0px||false|false&#8221; locked=&#8221;off&#8221; global_colors_info=&#8221;{}&#8221;][\/et_pb_divider][\/et_pb_column][\/et_pb_row][et_pb_row column_structure=&#8221;1_2,1_2&#8243; _builder_version=&#8221;4.16&#8243; _module_preset=&#8221;default&#8221; width=&#8221;70%&#8221; custom_padding=&#8221;13px|||||&#8221; global_colors_info=&#8221;{}&#8221;][et_pb_column type=&#8221;1_2&#8243; _builder_version=&#8221;4.16&#8243; _module_preset=&#8221;default&#8221; global_colors_info=&#8221;{}&#8221;][et_pb_text _builder_version=&#8221;4.16&#8243; _module_preset=&#8221;default&#8221; text_font=&#8221;Montserrat|800|||||||&#8221; text_font_size=&#8221;24px&#8221; global_colors_info=&#8221;{}&#8221;]<\/p>\n<p>In\u00e9s Domingo<\/p>\n<p>[\/et_pb_text][et_pb_text _builder_version=&#8221;4.16&#8243; _module_preset=&#8221;default&#8221; text_font=&#8221;Noto Serif||||||||&#8221; text_font_size=&#8221;17px&#8221; header_5_font=&#8221;Montserrat||||||||&#8221; header_5_line_height=&#8221;1.2em&#8221; global_colors_info=&#8221;{}&#8221;]<\/p>\n<p>ICREA Research Professor at Universitat de Barcelona<br \/>Vice-president of WAC (World Archaeological Congress)<br \/>Secci\u00f3 de Prehist\u00f2ria i Arqueologia<br \/>Seminari d&#8217;Estudis i Recerques Prehist\u00f2riques (SERP) Universitat de Barcelona<\/p>\n<p>&nbsp;<\/p>\n<h5>C\/ Montealegre, 6-8, 08001 Barcelona<br \/>Telf: <strong>+ 34 934037928<\/strong><\/h5>\n<p>[\/et_pb_text][et_pb_button button_url=&#8221;mailto:ines.domingo@ub.edu&#8221; url_new_window=&#8221;on&#8221; button_text=&#8221;MAIL&#8221; _builder_version=&#8221;4.16&#8243; _module_preset=&#8221;default&#8221; custom_button=&#8221;on&#8221; button_text_color=&#8221;#FFFFFF&#8221; button_bg_color=&#8221;#E8585D&#8221; button_border_color=&#8221;RGBA(0,0,0,0)&#8221; button_font=&#8221;Poppins|700|||||||&#8221; button_use_icon=&#8221;off&#8221; custom_padding=&#8221;10px|30px|10px|30px|true|true&#8221; global_colors_info=&#8221;{}&#8221;][\/et_pb_button][\/et_pb_column][et_pb_column type=&#8221;1_2&#8243; _builder_version=&#8221;4.16&#8243; _module_preset=&#8221;default&#8221; global_colors_info=&#8221;{}&#8221;][et_pb_text _builder_version=&#8221;4.16&#8243; _module_preset=&#8221;default&#8221; text_font=&#8221;Montserrat|800|||||||&#8221; text_font_size=&#8221;24px&#8221; custom_margin_tablet=&#8221;15px||||false|false&#8221; custom_margin_phone=&#8221;15px||||false|false&#8221; custom_margin_last_edited=&#8221;on|phone&#8221; global_colors_info=&#8221;{}&#8221;]<\/p>\n<p>Didac Roman<\/p>\n<p>[\/et_pb_text][et_pb_text _builder_version=&#8221;4.16&#8243; _module_preset=&#8221;default&#8221; text_font=&#8221;Noto Serif||||||||&#8221; text_font_size=&#8221;17px&#8221; header_5_font=&#8221;Montserrat||||||||&#8221; header_5_line_height=&#8221;1.2em&#8221; global_colors_info=&#8221;{}&#8221;]<\/p>\n<p>GenT Distinguished Researcher<br \/>Pre-EINA Research Group<br \/>Departament d&#8217;Hist\u00f2ria, Geografia i Art Facultat de Ci\u00e8ncies Humanes i Socials Universitat Jaume I<\/p>\n<p>&nbsp;<\/p>\n<h5>Av. Sos Baynat, s\/n, 12071 Castell\u00f3 de la Plana<br \/>Telf: <strong>964 729 648<\/strong><\/h5>\n<p>[\/et_pb_text][et_pb_button button_url=&#8221;mailto:romand@uji.es&#8221; url_new_window=&#8221;on&#8221; button_text=&#8221;MAIL&#8221; _builder_version=&#8221;4.16&#8243; _module_preset=&#8221;default&#8221; custom_button=&#8221;on&#8221; button_text_color=&#8221;#FFFFFF&#8221; button_bg_color=&#8221;#E8585D&#8221; button_border_color=&#8221;RGBA(0,0,0,0)&#8221; button_font=&#8221;Poppins|700|||||||&#8221; button_use_icon=&#8221;off&#8221; custom_padding=&#8221;10px|30px|10px|30px|true|true&#8221; global_colors_info=&#8221;{}&#8221;][\/et_pb_button][\/et_pb_column][\/et_pb_row][\/et_pb_section]<\/p>\n","protected":false},"excerpt":{"rendered":"<p>El projecte LArcHer t\u00e9 com a objectiu liderar una nova manera d&#8217;entendre, de manera integral, un dels conjunts d&#8217;art prehist\u00f2ric m\u00e9s extraordinaris d&#8217;Europa, declarat Patrimoni de la Humanitat per la UNESCO en 1998: l&#8217;art rupestre Llevant\u00ed.<\/p>\n","protected":false},"author":2,"featured_media":488,"parent":0,"menu_order":0,"comment_status":"closed","ping_status":"closed","template":"","meta":{"_et_pb_use_builder":"on","_et_pb_old_content":"","_et_gb_content_width":""},"yoast_head":"<!-- This site is optimized with the Yoast SEO plugin v19.6.1 - https:\/\/yoast.com\/wordpress\/plugins\/seo\/ -->\n<title>Contacte - LArcHer<\/title>\n<meta name=\"description\" content=\"El projecte LArcHer t\u00e9 com a objectiu liderar una nova manera d&#039;entendre, de manera integral, un dels conjunts d&#039;art prehist\u00f2ric m\u00e9s extraordinaris d&#039;Europa, declarat Patrimoni de la Humanitat per la UNESCO en 1998: l&#039;art rupestre Llevant\u00ed.\" \/>\n<meta name=\"robots\" content=\"index, follow, max-snippet:-1, max-image-preview:large, max-video-preview:-1\" \/>\n<link rel=\"canonical\" href=\"https:\/\/www.ub.edu\/larcher\/contacto\/\" \/>\n<meta property=\"og:locale\" content=\"ca_ES\" \/>\n<meta property=\"og:type\" content=\"article\" \/>\n<meta property=\"og:title\" content=\"Contacte - LArcHer\" \/>\n<meta property=\"og:description\" content=\"El projecte LArcHer t\u00e9 com a objectiu liderar una nova manera d&#039;entendre, de manera integral, un dels conjunts d&#039;art prehist\u00f2ric m\u00e9s extraordinaris d&#039;Europa, declarat Patrimoni de la Humanitat per la UNESCO en 1998: l&#039;art rupestre Llevant\u00ed.\" \/>\n<meta property=\"og:url\" content=\"https:\/\/www.ub.edu\/larcher\/contacto\/\" \/>\n<meta property=\"og:site_name\" content=\"LArcHer\" \/>\n<meta property=\"article:modified_time\" content=\"2022-06-29T16:41:28+00:00\" \/>\n<meta property=\"og:image\" content=\"https:\/\/www.ub.edu\/larcher\/wp-content\/uploads\/logo-pagina.jpg\" \/>\n\t<meta property=\"og:image:width\" content=\"500\" \/>\n\t<meta property=\"og:image:height\" content=\"309\" \/>\n\t<meta property=\"og:image:type\" content=\"image\/jpeg\" \/>\n<meta name=\"twitter:card\" content=\"summary\" \/>\n<meta name=\"twitter:label1\" content=\"Temps estimat de lectura\" \/>\n\t<meta name=\"twitter:data1\" content=\"4 minuts\" \/>\n<script type=\"application\/ld+json\" class=\"yoast-schema-graph\">{\"@context\":\"https:\/\/schema.org\",\"@graph\":[{\"@type\":\"WebPage\",\"@id\":\"https:\/\/www.ub.edu\/larcher\/contacto\/\",\"url\":\"https:\/\/www.ub.edu\/larcher\/contacto\/\",\"name\":\"Contacte - LArcHer\",\"isPartOf\":{\"@id\":\"https:\/\/www.ub.edu\/larcher\/#website\"},\"datePublished\":\"2022-03-16T09:53:29+00:00\",\"dateModified\":\"2022-06-29T16:41:28+00:00\",\"description\":\"El projecte LArcHer t\u00e9 com a objectiu liderar una nova manera d'entendre, de manera integral, un dels conjunts d'art prehist\u00f2ric m\u00e9s extraordinaris d'Europa, declarat Patrimoni de la Humanitat per la UNESCO en 1998: l'art rupestre Llevant\u00ed.\",\"breadcrumb\":{\"@id\":\"https:\/\/www.ub.edu\/larcher\/contacto\/#breadcrumb\"},\"inLanguage\":\"ca\",\"potentialAction\":[{\"@type\":\"ReadAction\",\"target\":[\"https:\/\/www.ub.edu\/larcher\/contacto\/\"]}]},{\"@type\":\"BreadcrumbList\",\"@id\":\"https:\/\/www.ub.edu\/larcher\/contacto\/#breadcrumb\",\"itemListElement\":[{\"@type\":\"ListItem\",\"position\":1,\"name\":\"Portada\",\"item\":\"https:\/\/www.ub.edu\/larcher\/\"},{\"@type\":\"ListItem\",\"position\":2,\"name\":\"Contacte\"}]},{\"@type\":\"WebSite\",\"@id\":\"https:\/\/www.ub.edu\/larcher\/#website\",\"url\":\"https:\/\/www.ub.edu\/larcher\/\",\"name\":\"LArcHer\",\"description\":\"Levantine Rock art Archaeology Heritage\",\"potentialAction\":[{\"@type\":\"SearchAction\",\"target\":{\"@type\":\"EntryPoint\",\"urlTemplate\":\"https:\/\/www.ub.edu\/larcher\/?s={search_term_string}\"},\"query-input\":\"required name=search_term_string\"}],\"inLanguage\":\"ca\"}]}<\/script>\n<!-- \/ Yoast SEO plugin. -->","yoast_head_json":{"title":"Contacte - LArcHer","description":"El projecte LArcHer t\u00e9 com a objectiu liderar una nova manera d'entendre, de manera integral, un dels conjunts d'art prehist\u00f2ric m\u00e9s extraordinaris d'Europa, declarat Patrimoni de la Humanitat per la UNESCO en 1998: l'art rupestre Llevant\u00ed.","robots":{"index":"index","follow":"follow","max-snippet":"max-snippet:-1","max-image-preview":"max-image-preview:large","max-video-preview":"max-video-preview:-1"},"canonical":"https:\/\/www.ub.edu\/larcher\/contacto\/","og_locale":"ca_ES","og_type":"article","og_title":"Contacte - LArcHer","og_description":"El projecte LArcHer t\u00e9 com a objectiu liderar una nova manera d'entendre, de manera integral, un dels conjunts d'art prehist\u00f2ric m\u00e9s extraordinaris d'Europa, declarat Patrimoni de la Humanitat per la UNESCO en 1998: l'art rupestre Llevant\u00ed.","og_url":"https:\/\/www.ub.edu\/larcher\/contacto\/","og_site_name":"LArcHer","article_modified_time":"2022-06-29T16:41:28+00:00","og_image":[{"width":500,"height":309,"url":"https:\/\/www.ub.edu\/larcher\/wp-content\/uploads\/logo-pagina.jpg","type":"image\/jpeg"}],"twitter_card":"summary","twitter_misc":{"Temps estimat de lectura":"4 minuts"},"schema":{"@context":"https:\/\/schema.org","@graph":[{"@type":"WebPage","@id":"https:\/\/www.ub.edu\/larcher\/contacto\/","url":"https:\/\/www.ub.edu\/larcher\/contacto\/","name":"Contacte - LArcHer","isPartOf":{"@id":"https:\/\/www.ub.edu\/larcher\/#website"},"datePublished":"2022-03-16T09:53:29+00:00","dateModified":"2022-06-29T16:41:28+00:00","description":"El projecte LArcHer t\u00e9 com a objectiu liderar una nova manera d'entendre, de manera integral, un dels conjunts d'art prehist\u00f2ric m\u00e9s extraordinaris d'Europa, declarat Patrimoni de la Humanitat per la UNESCO en 1998: l'art rupestre Llevant\u00ed.","breadcrumb":{"@id":"https:\/\/www.ub.edu\/larcher\/contacto\/#breadcrumb"},"inLanguage":"ca","potentialAction":[{"@type":"ReadAction","target":["https:\/\/www.ub.edu\/larcher\/contacto\/"]}]},{"@type":"BreadcrumbList","@id":"https:\/\/www.ub.edu\/larcher\/contacto\/#breadcrumb","itemListElement":[{"@type":"ListItem","position":1,"name":"Portada","item":"https:\/\/www.ub.edu\/larcher\/"},{"@type":"ListItem","position":2,"name":"Contacte"}]},{"@type":"WebSite","@id":"https:\/\/www.ub.edu\/larcher\/#website","url":"https:\/\/www.ub.edu\/larcher\/","name":"LArcHer","description":"Levantine Rock art Archaeology Heritage","potentialAction":[{"@type":"SearchAction","target":{"@type":"EntryPoint","urlTemplate":"https:\/\/www.ub.edu\/larcher\/?s={search_term_string}"},"query-input":"required name=search_term_string"}],"inLanguage":"ca"}]}},"_links":{"self":[{"href":"https:\/\/www.ub.edu\/larcher\/ca\/wp-json\/wp\/v2\/pages\/1332"}],"collection":[{"href":"https:\/\/www.ub.edu\/larcher\/ca\/wp-json\/wp\/v2\/pages"}],"about":[{"href":"https:\/\/www.ub.edu\/larcher\/ca\/wp-json\/wp\/v2\/types\/page"}],"author":[{"embeddable":true,"href":"https:\/\/www.ub.edu\/larcher\/ca\/wp-json\/wp\/v2\/users\/2"}],"replies":[{"embeddable":true,"href":"https:\/\/www.ub.edu\/larcher\/ca\/wp-json\/wp\/v2\/comments?post=1332"}],"version-history":[{"count":5,"href":"https:\/\/www.ub.edu\/larcher\/ca\/wp-json\/wp\/v2\/pages\/1332\/revisions"}],"predecessor-version":[{"id":2368,"href":"https:\/\/www.ub.edu\/larcher\/ca\/wp-json\/wp\/v2\/pages\/1332\/revisions\/2368"}],"wp:featuredmedia":[{"embeddable":true,"href":"https:\/\/www.ub.edu\/larcher\/ca\/wp-json\/wp\/v2\/media\/488"}],"wp:attachment":[{"href":"https:\/\/www.ub.edu\/larcher\/ca\/wp-json\/wp\/v2\/media?parent=1332"}],"curies":[{"name":"wp","href":"https:\/\/api.w.org\/{rel}","templated":true}]}}