{"id":1336,"date":"2022-03-16T11:11:00","date_gmt":"2022-03-16T10:11:00","guid":{"rendered":"https:\/\/www.ub.edu\/larcher\/credits\/"},"modified":"2022-04-22T09:53:03","modified_gmt":"2022-04-22T07:53:03","slug":"credits","status":"publish","type":"page","link":"https:\/\/www.ub.edu\/larcher\/ca\/credits\/","title":{"rendered":"Cr\u00e8dits"},"content":{"rendered":"<p>[et_pb_section fb_built=&#8221;1&#8243; _builder_version=&#8221;4.16&#8243; _module_preset=&#8221;default&#8221; background_color=&#8221;rgba(63,56,56,0.24)&#8221; background_image=&#8221;https:\/\/www.ub.edu\/larcher\/wp-content\/uploads\/tortosilla-4.jpg&#8221; background_blend=&#8221;multiply&#8221; custom_padding=&#8221;||18px|||&#8221; global_colors_info=&#8221;{}&#8221; da_is_popup=&#8221;off&#8221; da_exit_intent=&#8221;off&#8221; da_has_close=&#8221;on&#8221; da_alt_close=&#8221;off&#8221; da_dark_close=&#8221;off&#8221; da_not_modal=&#8221;on&#8221; da_is_singular=&#8221;off&#8221; da_with_loader=&#8221;off&#8221; da_has_shadow=&#8221;on&#8221; da_disable_devices=&#8221;off|off|off&#8221;][et_pb_row _builder_version=&#8221;4.16&#8243; _module_preset=&#8221;default&#8221; custom_margin=&#8221;-100px||||false|false&#8221; custom_margin_tablet=&#8221;&#8221; custom_margin_phone=&#8221;-50px||||false|false&#8221; custom_margin_last_edited=&#8221;on|phone&#8221; custom_padding=&#8221;||11px|||&#8221; global_colors_info=&#8221;{}&#8221;][et_pb_column type=&#8221;4_4&#8243; _builder_version=&#8221;4.16&#8243; _module_preset=&#8221;default&#8221; global_colors_info=&#8221;{}&#8221;][et_pb_text admin_label=&#8221;Texto&#8221; _builder_version=&#8221;4.16&#8243; _module_preset=&#8221;default&#8221; text_font=&#8221;Montserrat|800|||||||&#8221; text_text_color=&#8221;#eaa04f&#8221; text_font_size=&#8221;32px&#8221; text_line_height=&#8221;1.1em&#8221; text_orientation=&#8221;center&#8221; text_font_size_tablet=&#8221;&#8221; text_font_size_phone=&#8221;28px&#8221; text_font_size_last_edited=&#8221;on|phone&#8221; global_colors_info=&#8221;{}&#8221;]<\/p>\n<p>Cr\u00e8dits<\/p>\n<p>[\/et_pb_text][et_pb_divider color=&#8221;#eaa04f&#8221; divider_weight=&#8221;2px&#8221; _builder_version=&#8221;4.16&#8243; _module_preset=&#8221;default&#8221; width=&#8221;7%&#8221; width_tablet=&#8221;100px&#8221; width_phone=&#8221;50px&#8221; width_last_edited=&#8221;on|tablet&#8221; module_alignment=&#8221;center&#8221; custom_margin=&#8221;-12px||0px||false|false&#8221; global_colors_info=&#8221;{}&#8221;][\/et_pb_divider][\/et_pb_column][\/et_pb_row][\/et_pb_section][et_pb_section fb_built=&#8221;1&#8243; _builder_version=&#8221;4.16&#8243; _module_preset=&#8221;default&#8221; background_color=&#8221;#ede2d4&#8243; min_height=&#8221;593.8px&#8221; custom_margin=&#8221;||0px||false|false&#8221; custom_padding=&#8221;||50px||false|false&#8221; global_colors_info=&#8221;{}&#8221; da_is_popup=&#8221;off&#8221; da_exit_intent=&#8221;off&#8221; da_has_close=&#8221;on&#8221; da_alt_close=&#8221;off&#8221; da_dark_close=&#8221;off&#8221; da_not_modal=&#8221;on&#8221; da_is_singular=&#8221;off&#8221; da_with_loader=&#8221;off&#8221; da_has_shadow=&#8221;on&#8221; da_disable_devices=&#8221;off|off|off&#8221;][et_pb_row use_custom_gutter=&#8221;on&#8221; gutter_width=&#8221;1&#8243; _builder_version=&#8221;4.16&#8243; _module_preset=&#8221;default&#8221; width=&#8221;63%&#8221; module_alignment=&#8221;center&#8221; custom_padding=&#8221;||4px|||&#8221; global_colors_info=&#8221;{}&#8221;][et_pb_column type=&#8221;4_4&#8243; _builder_version=&#8221;4.16&#8243; _module_preset=&#8221;default&#8221; global_colors_info=&#8221;{}&#8221;][et_pb_text _builder_version=&#8221;4.16&#8243; _module_preset=&#8221;default&#8221; text_font=&#8221;Noto Serif||||||||&#8221; text_font_size=&#8221;18px&#8221; text_line_height=&#8221;1.1em&#8221; header_text_color=&#8221;#000000&#8243; header_font_size=&#8221;18px&#8221; header_line_height=&#8221;0.8em&#8221; header_3_text_color=&#8221;#3f3738&#8243; header_3_font_size=&#8221;23px&#8221; width=&#8221;100%&#8221; hover_enabled=&#8221;0&#8243; locked=&#8221;off&#8221; global_colors_info=&#8221;{}&#8221; sticky_enabled=&#8221;0&#8243;]<\/p>\n<h3>Textos i imatges<\/h3>\n<p>[\/et_pb_text][et_pb_divider color=&#8221;#3f3738&#8243; _builder_version=&#8221;4.16&#8243; _module_preset=&#8221;default&#8221; global_colors_info=&#8221;{}&#8221;][\/et_pb_divider][et_pb_text _builder_version=&#8221;4.17.0&#8243; _module_preset=&#8221;default&#8221; hover_enabled=&#8221;0&#8243; global_colors_info=&#8221;{}&#8221; sticky_enabled=&#8221;0&#8243;]<\/p>\n<h1 style=\"text-align: center;\"><strong>In\u00e9s Domingo Sanz <\/strong>i<strong> D\u00eddac Rom\u00e1n Monroig<\/strong><\/h1>\n<p>[\/et_pb_text][\/et_pb_column][\/et_pb_row][et_pb_row column_structure=&#8221;1_3,1_3,1_3&#8243; make_equal=&#8221;on&#8221; _builder_version=&#8221;4.16&#8243; _module_preset=&#8221;default&#8221; max_width=&#8221;875px&#8221; custom_margin=&#8221;||30px||false|false&#8221; global_colors_info=&#8221;{}&#8221;][et_pb_column type=&#8221;1_3&#8243; _builder_version=&#8221;4.16&#8243; _module_preset=&#8221;default&#8221; global_colors_info=&#8221;{}&#8221;][et_pb_image src=&#8221;https:\/\/www.ub.edu\/larcher\/wp-content\/uploads\/Icrea-1.png&#8221; title_text=&#8221;Icrea&#8221; align=&#8221;right&#8221; align_tablet=&#8221;&#8221; align_phone=&#8221;center&#8221; align_last_edited=&#8221;on|phone&#8221; _builder_version=&#8221;4.16&#8243; _module_preset=&#8221;default&#8221; global_colors_info=&#8221;{}&#8221;][\/et_pb_image][\/et_pb_column][et_pb_column type=&#8221;1_3&#8243; _builder_version=&#8221;4.16&#8243; _module_preset=&#8221;default&#8221; global_colors_info=&#8221;{}&#8221;][et_pb_image src=&#8221;https:\/\/www.ub.edu\/larcher\/wp-content\/uploads\/UB-1.png&#8221; title_text=&#8221;UB&#8221; align=&#8221;center&#8221; _builder_version=&#8221;4.16&#8243; _module_preset=&#8221;default&#8221; global_colors_info=&#8221;{}&#8221;][\/et_pb_image][\/et_pb_column][et_pb_column type=&#8221;1_3&#8243; _builder_version=&#8221;4.16&#8243; _module_preset=&#8221;default&#8221; global_colors_info=&#8221;{}&#8221;][et_pb_image src=&#8221;https:\/\/www.ub.edu\/larcher\/wp-content\/uploads\/UJI-1.png&#8221; title_text=&#8221;UJI&#8221; align_tablet=&#8221;&#8221; align_phone=&#8221;center&#8221; align_last_edited=&#8221;on|phone&#8221; _builder_version=&#8221;4.16&#8243; _module_preset=&#8221;default&#8221; global_colors_info=&#8221;{}&#8221;][\/et_pb_image][\/et_pb_column][\/et_pb_row][et_pb_row use_custom_gutter=&#8221;on&#8221; gutter_width=&#8221;1&#8243; _builder_version=&#8221;4.16&#8243; _module_preset=&#8221;default&#8221; width=&#8221;63%&#8221; module_alignment=&#8221;center&#8221; custom_padding=&#8221;||4px|||&#8221; global_colors_info=&#8221;{}&#8221;][et_pb_column type=&#8221;4_4&#8243; _builder_version=&#8221;4.16&#8243; _module_preset=&#8221;default&#8221; global_colors_info=&#8221;{}&#8221;][et_pb_text _builder_version=&#8221;4.17.0&#8243; _module_preset=&#8221;default&#8221; text_font=&#8221;Noto Serif||||||||&#8221; text_font_size=&#8221;18px&#8221; text_line_height=&#8221;1.1em&#8221; header_text_color=&#8221;#000000&#8243; header_font_size=&#8221;18px&#8221; header_line_height=&#8221;0.8em&#8221; header_3_text_color=&#8221;#3f3738&#8243; header_3_font_size=&#8221;23px&#8221; width=&#8221;100%&#8221; min_height=&#8221;64px&#8221; hover_enabled=&#8221;0&#8243; locked=&#8221;off&#8221; global_colors_info=&#8221;{}&#8221; sticky_enabled=&#8221;0&#8243;]<\/p>\n<p>P\u00e0gina web finan\u00e7ada pel projecte \u00abHAR2016-80693\u00bb del <strong>Ministerio de Ciencia e <span class=\"Apple-tab-span\"> <\/span>Innovaci\u00f3n<\/strong>, pel projecte <strong>LArcHer<\/strong> \u00abERC Co-Grant 819404\u00bb i<strong> pel projecte <span class=\"Apple-tab-span\"> <\/span>CIDEGENT\/2018\/043 de la<\/strong> <strong>Generalitat Valenciana.<\/strong><\/p>\n<p>[\/et_pb_text][et_pb_divider color=&#8221;#3f3738&#8243; _builder_version=&#8221;4.16&#8243; _module_preset=&#8221;default&#8221; min_height=&#8221;36.2px&#8221; global_colors_info=&#8221;{}&#8221;][\/et_pb_divider][\/et_pb_column][\/et_pb_row][et_pb_row column_structure=&#8221;1_3,1_3,1_3&#8243; _builder_version=&#8221;4.16&#8243; _module_preset=&#8221;default&#8221; max_width=&#8221;1133px&#8221; min_height=&#8221;160px&#8221; custom_margin=&#8221;||30px||false|false&#8221; custom_padding=&#8221;0px|||||&#8221; global_colors_info=&#8221;{}&#8221;][et_pb_column type=&#8221;1_3&#8243; _builder_version=&#8221;4.16&#8243; _module_preset=&#8221;default&#8221; global_colors_info=&#8221;{}&#8221;][et_pb_image src=&#8221;https:\/\/www.ub.edu\/larcher\/wp-content\/uploads\/MINISTERIO-1.png&#8221; title_text=&#8221;MINISTERIO&#8221; align=&#8221;center&#8221; _builder_version=&#8221;4.16&#8243; _module_preset=&#8221;default&#8221; global_colors_info=&#8221;{}&#8221;][\/et_pb_image][\/et_pb_column][et_pb_column type=&#8221;1_3&#8243; _builder_version=&#8221;4.16&#8243; _module_preset=&#8221;default&#8221; global_colors_info=&#8221;{}&#8221;][et_pb_image src=&#8221;https:\/\/www.ub.edu\/larcher\/wp-content\/uploads\/ERC-1.png&#8221; title_text=&#8221;ERC&#8221; align=&#8221;center&#8221; _builder_version=&#8221;4.16&#8243; _module_preset=&#8221;default&#8221; max_width=&#8221;65%&#8221; global_colors_info=&#8221;{}&#8221;][\/et_pb_image][\/et_pb_column][et_pb_column type=&#8221;1_3&#8243; _builder_version=&#8221;4.16&#8243; _module_preset=&#8221;default&#8221; global_colors_info=&#8221;{}&#8221;][et_pb_image src=&#8221;https:\/\/www.ub.edu\/larcher\/wp-content\/uploads\/UE-1.png&#8221; title_text=&#8221;UE&#8221; align=&#8221;center&#8221; align_tablet=&#8221;&#8221; align_phone=&#8221;center&#8221; align_last_edited=&#8221;on|desktop&#8221; _builder_version=&#8221;4.16&#8243; _module_preset=&#8221;default&#8221; max_width=&#8221;48%&#8221; global_colors_info=&#8221;{}&#8221;][\/et_pb_image][\/et_pb_column][\/et_pb_row][et_pb_row use_custom_gutter=&#8221;on&#8221; gutter_width=&#8221;1&#8243; _builder_version=&#8221;4.16&#8243; _module_preset=&#8221;default&#8221; width=&#8221;63%&#8221; module_alignment=&#8221;center&#8221; custom_margin=&#8221;|auto|10px|auto||&#8221; custom_padding=&#8221;4px||4px|||&#8221; global_colors_info=&#8221;{}&#8221;][et_pb_column type=&#8221;4_4&#8243; _builder_version=&#8221;4.16&#8243; _module_preset=&#8221;default&#8221; global_colors_info=&#8221;{}&#8221;][et_pb_text _builder_version=&#8221;4.16&#8243; _module_preset=&#8221;default&#8221; text_font=&#8221;Noto Serif||||||||&#8221; text_font_size=&#8221;18px&#8221; text_line_height=&#8221;1.1em&#8221; header_text_color=&#8221;#000000&#8243; header_font_size=&#8221;18px&#8221; header_line_height=&#8221;0.8em&#8221; header_3_text_color=&#8221;#3f3738&#8243; header_3_font_size=&#8221;23px&#8221; width=&#8221;100%&#8221; hover_enabled=&#8221;0&#8243; locked=&#8221;off&#8221; global_colors_info=&#8221;{}&#8221; sticky_enabled=&#8221;0&#8243;]<\/p>\n<h3>Desenvolupament i disseny<\/h3>\n<p>[\/et_pb_text][et_pb_divider color=&#8221;#3f3738&#8243; _builder_version=&#8221;4.16&#8243; _module_preset=&#8221;default&#8221; global_colors_info=&#8221;{}&#8221;][\/et_pb_divider][\/et_pb_column][\/et_pb_row][et_pb_row _builder_version=&#8221;4.16&#8243; _module_preset=&#8221;default&#8221; max_width=&#8221;924px&#8221; min_height=&#8221;160px&#8221; custom_margin=&#8221;||30px||false|false&#8221; custom_padding=&#8221;0px|||||&#8221; locked=&#8221;off&#8221; global_colors_info=&#8221;{}&#8221;][et_pb_column type=&#8221;4_4&#8243; _builder_version=&#8221;4.16&#8243; _module_preset=&#8221;default&#8221; global_colors_info=&#8221;{}&#8221;][et_pb_image src=&#8221;https:\/\/www.ub.edu\/larcher\/wp-content\/uploads\/RS.png&#8221; title_text=&#8221;RS&#8221; align=&#8221;center&#8221; _builder_version=&#8221;4.16&#8243; _module_preset=&#8221;default&#8221; global_colors_info=&#8221;{}&#8221;][\/et_pb_image][\/et_pb_column][\/et_pb_row][\/et_pb_section]<\/p>\n","protected":false},"excerpt":{"rendered":"<p>El projecte LArcHer t\u00e9 com a objectiu liderar una nova manera d&#8217;entendre, de manera integral, un dels conjunts d&#8217;art prehist\u00f2ric m\u00e9s extraordinaris d&#8217;Europa, declarat Patrimoni de la Humanitat per la UNESCO en 1998: l&#8217;art rupestre Llevant\u00ed.<\/p>\n","protected":false},"author":2,"featured_media":488,"parent":0,"menu_order":0,"comment_status":"closed","ping_status":"closed","template":"","meta":{"_et_pb_use_builder":"on","_et_pb_old_content":"","_et_gb_content_width":""},"yoast_head":"<!-- This site is optimized with the Yoast SEO plugin v19.6.1 - https:\/\/yoast.com\/wordpress\/plugins\/seo\/ -->\n<title>Cr\u00e8dits - LArcHer<\/title>\n<meta name=\"description\" content=\"El projecte LArcHer t\u00e9 com a objectiu liderar una nova manera d&#039;entendre, de manera integral, un dels conjunts d&#039;art prehist\u00f2ric m\u00e9s extraordinaris d&#039;Europa, declarat Patrimoni de la Humanitat per la UNESCO en 1998: l&#039;art rupestre Llevant\u00ed.\" \/>\n<meta name=\"robots\" content=\"index, follow, max-snippet:-1, max-image-preview:large, max-video-preview:-1\" \/>\n<link rel=\"canonical\" href=\"https:\/\/www.ub.edu\/larcher\/creditos\/\" \/>\n<meta property=\"og:locale\" content=\"ca_ES\" \/>\n<meta property=\"og:type\" content=\"article\" \/>\n<meta property=\"og:title\" content=\"Cr\u00e8dits - LArcHer\" \/>\n<meta property=\"og:description\" content=\"El projecte LArcHer t\u00e9 com a objectiu liderar una nova manera d&#039;entendre, de manera integral, un dels conjunts d&#039;art prehist\u00f2ric m\u00e9s extraordinaris d&#039;Europa, declarat Patrimoni de la Humanitat per la UNESCO en 1998: l&#039;art rupestre Llevant\u00ed.\" \/>\n<meta property=\"og:url\" content=\"https:\/\/www.ub.edu\/larcher\/creditos\/\" \/>\n<meta property=\"og:site_name\" content=\"LArcHer\" \/>\n<meta property=\"article:modified_time\" content=\"2022-04-22T07:53:03+00:00\" \/>\n<meta property=\"og:image\" content=\"https:\/\/www.ub.edu\/larcher\/wp-content\/uploads\/logo-pagina.jpg\" \/>\n\t<meta property=\"og:image:width\" content=\"500\" \/>\n\t<meta property=\"og:image:height\" content=\"309\" \/>\n\t<meta property=\"og:image:type\" content=\"image\/jpeg\" \/>\n<meta name=\"twitter:card\" content=\"summary\" \/>\n<meta name=\"twitter:label1\" content=\"Temps estimat de lectura\" \/>\n\t<meta name=\"twitter:data1\" content=\"6 minuts\" \/>\n<script type=\"application\/ld+json\" class=\"yoast-schema-graph\">{\"@context\":\"https:\/\/schema.org\",\"@graph\":[{\"@type\":\"WebPage\",\"@id\":\"https:\/\/www.ub.edu\/larcher\/creditos\/\",\"url\":\"https:\/\/www.ub.edu\/larcher\/creditos\/\",\"name\":\"Cr\u00e8dits - LArcHer\",\"isPartOf\":{\"@id\":\"https:\/\/www.ub.edu\/larcher\/#website\"},\"datePublished\":\"2022-03-16T10:11:00+00:00\",\"dateModified\":\"2022-04-22T07:53:03+00:00\",\"description\":\"El projecte LArcHer t\u00e9 com a objectiu liderar una nova manera d'entendre, de manera integral, un dels conjunts d'art prehist\u00f2ric m\u00e9s extraordinaris d'Europa, declarat Patrimoni de la Humanitat per la UNESCO en 1998: l'art rupestre Llevant\u00ed.\",\"breadcrumb\":{\"@id\":\"https:\/\/www.ub.edu\/larcher\/creditos\/#breadcrumb\"},\"inLanguage\":\"ca\",\"potentialAction\":[{\"@type\":\"ReadAction\",\"target\":[\"https:\/\/www.ub.edu\/larcher\/creditos\/\"]}]},{\"@type\":\"BreadcrumbList\",\"@id\":\"https:\/\/www.ub.edu\/larcher\/creditos\/#breadcrumb\",\"itemListElement\":[{\"@type\":\"ListItem\",\"position\":1,\"name\":\"Portada\",\"item\":\"https:\/\/www.ub.edu\/larcher\/\"},{\"@type\":\"ListItem\",\"position\":2,\"name\":\"Cr\u00e8dits\"}]},{\"@type\":\"WebSite\",\"@id\":\"https:\/\/www.ub.edu\/larcher\/#website\",\"url\":\"https:\/\/www.ub.edu\/larcher\/\",\"name\":\"LArcHer\",\"description\":\"Levantine Rock art Archaeology Heritage\",\"potentialAction\":[{\"@type\":\"SearchAction\",\"target\":{\"@type\":\"EntryPoint\",\"urlTemplate\":\"https:\/\/www.ub.edu\/larcher\/?s={search_term_string}\"},\"query-input\":\"required name=search_term_string\"}],\"inLanguage\":\"ca\"}]}<\/script>\n<!-- \/ Yoast SEO plugin. -->","yoast_head_json":{"title":"Cr\u00e8dits - LArcHer","description":"El projecte LArcHer t\u00e9 com a objectiu liderar una nova manera d'entendre, de manera integral, un dels conjunts d'art prehist\u00f2ric m\u00e9s extraordinaris d'Europa, declarat Patrimoni de la Humanitat per la UNESCO en 1998: l'art rupestre Llevant\u00ed.","robots":{"index":"index","follow":"follow","max-snippet":"max-snippet:-1","max-image-preview":"max-image-preview:large","max-video-preview":"max-video-preview:-1"},"canonical":"https:\/\/www.ub.edu\/larcher\/creditos\/","og_locale":"ca_ES","og_type":"article","og_title":"Cr\u00e8dits - LArcHer","og_description":"El projecte LArcHer t\u00e9 com a objectiu liderar una nova manera d'entendre, de manera integral, un dels conjunts d'art prehist\u00f2ric m\u00e9s extraordinaris d'Europa, declarat Patrimoni de la Humanitat per la UNESCO en 1998: l'art rupestre Llevant\u00ed.","og_url":"https:\/\/www.ub.edu\/larcher\/creditos\/","og_site_name":"LArcHer","article_modified_time":"2022-04-22T07:53:03+00:00","og_image":[{"width":500,"height":309,"url":"https:\/\/www.ub.edu\/larcher\/wp-content\/uploads\/logo-pagina.jpg","type":"image\/jpeg"}],"twitter_card":"summary","twitter_misc":{"Temps estimat de lectura":"6 minuts"},"schema":{"@context":"https:\/\/schema.org","@graph":[{"@type":"WebPage","@id":"https:\/\/www.ub.edu\/larcher\/creditos\/","url":"https:\/\/www.ub.edu\/larcher\/creditos\/","name":"Cr\u00e8dits - LArcHer","isPartOf":{"@id":"https:\/\/www.ub.edu\/larcher\/#website"},"datePublished":"2022-03-16T10:11:00+00:00","dateModified":"2022-04-22T07:53:03+00:00","description":"El projecte LArcHer t\u00e9 com a objectiu liderar una nova manera d'entendre, de manera integral, un dels conjunts d'art prehist\u00f2ric m\u00e9s extraordinaris d'Europa, declarat Patrimoni de la Humanitat per la UNESCO en 1998: l'art rupestre Llevant\u00ed.","breadcrumb":{"@id":"https:\/\/www.ub.edu\/larcher\/creditos\/#breadcrumb"},"inLanguage":"ca","potentialAction":[{"@type":"ReadAction","target":["https:\/\/www.ub.edu\/larcher\/creditos\/"]}]},{"@type":"BreadcrumbList","@id":"https:\/\/www.ub.edu\/larcher\/creditos\/#breadcrumb","itemListElement":[{"@type":"ListItem","position":1,"name":"Portada","item":"https:\/\/www.ub.edu\/larcher\/"},{"@type":"ListItem","position":2,"name":"Cr\u00e8dits"}]},{"@type":"WebSite","@id":"https:\/\/www.ub.edu\/larcher\/#website","url":"https:\/\/www.ub.edu\/larcher\/","name":"LArcHer","description":"Levantine Rock art Archaeology Heritage","potentialAction":[{"@type":"SearchAction","target":{"@type":"EntryPoint","urlTemplate":"https:\/\/www.ub.edu\/larcher\/?s={search_term_string}"},"query-input":"required name=search_term_string"}],"inLanguage":"ca"}]}},"_links":{"self":[{"href":"https:\/\/www.ub.edu\/larcher\/ca\/wp-json\/wp\/v2\/pages\/1336"}],"collection":[{"href":"https:\/\/www.ub.edu\/larcher\/ca\/wp-json\/wp\/v2\/pages"}],"about":[{"href":"https:\/\/www.ub.edu\/larcher\/ca\/wp-json\/wp\/v2\/types\/page"}],"author":[{"embeddable":true,"href":"https:\/\/www.ub.edu\/larcher\/ca\/wp-json\/wp\/v2\/users\/2"}],"replies":[{"embeddable":true,"href":"https:\/\/www.ub.edu\/larcher\/ca\/wp-json\/wp\/v2\/comments?post=1336"}],"version-history":[{"count":9,"href":"https:\/\/www.ub.edu\/larcher\/ca\/wp-json\/wp\/v2\/pages\/1336\/revisions"}],"predecessor-version":[{"id":1915,"href":"https:\/\/www.ub.edu\/larcher\/ca\/wp-json\/wp\/v2\/pages\/1336\/revisions\/1915"}],"wp:featuredmedia":[{"embeddable":true,"href":"https:\/\/www.ub.edu\/larcher\/ca\/wp-json\/wp\/v2\/media\/488"}],"wp:attachment":[{"href":"https:\/\/www.ub.edu\/larcher\/ca\/wp-json\/wp\/v2\/media?parent=1336"}],"curies":[{"name":"wp","href":"https:\/\/api.w.org\/{rel}","templated":true}]}}