{"id":1383,"date":"2022-03-17T13:23:44","date_gmt":"2022-03-17T12:23:44","guid":{"rendered":"https:\/\/www.ub.edu\/larcher\/erc-project\/"},"modified":"2022-06-15T12:19:23","modified_gmt":"2022-06-15T10:19:23","slug":"erc-project","status":"publish","type":"page","link":"https:\/\/www.ub.edu\/larcher\/ca\/erc-project\/","title":{"rendered":"ERC Project"},"content":{"rendered":"<p>[et_pb_section fb_built=&#8221;1&#8243; _builder_version=&#8221;4.16&#8243; _module_preset=&#8221;default&#8221; background_color=&#8221;rgba(63,56,56,0.24)&#8221; background_image=&#8221;https:\/\/www.ub.edu\/larcher\/wp-content\/uploads\/erc-project-1.jpg&#8221; background_blend=&#8221;multiply&#8221; width=&#8221;99.6%&#8221; da_disable_devices=&#8221;off|off|off&#8221; global_colors_info=&#8221;{}&#8221; da_is_popup=&#8221;off&#8221; da_exit_intent=&#8221;off&#8221; da_has_close=&#8221;on&#8221; da_alt_close=&#8221;off&#8221; da_dark_close=&#8221;off&#8221; da_not_modal=&#8221;on&#8221; da_is_singular=&#8221;off&#8221; da_with_loader=&#8221;off&#8221; da_has_shadow=&#8221;on&#8221;][et_pb_row _builder_version=&#8221;4.16&#8243; _module_preset=&#8221;default&#8221; global_colors_info=&#8221;{}&#8221;][et_pb_column type=&#8221;4_4&#8243; _builder_version=&#8221;4.16&#8243; _module_preset=&#8221;default&#8221; global_colors_info=&#8221;{}&#8221;][et_pb_text _builder_version=&#8221;4.17.4&#8243; _module_preset=&#8221;default&#8221; text_font=&#8221;Montserrat|800|||||||&#8221; text_text_color=&#8221;#eaa04f&#8221; text_font_size=&#8221;32px&#8221; header_font=&#8221;|800|||||||&#8221; header_text_color=&#8221;#eaa04f&#8221; header_line_height=&#8221;1.1em&#8221; text_font_size_tablet=&#8221;&#8221; text_font_size_phone=&#8221;&#8221; text_font_size_last_edited=&#8221;on|phone&#8221; global_colors_info=&#8221;{}&#8221; theme_builder_area=&#8221;post_content&#8221;]<\/p>\n<h1>ERC Project<\/h1>\n<p>[\/et_pb_text][et_pb_divider color=&#8221;#eaa04f&#8221; divider_weight=&#8221;2px&#8221; _builder_version=&#8221;4.16&#8243; _module_preset=&#8221;default&#8221; width=&#8221;7%&#8221; max_width=&#8221;33%&#8221; module_alignment=&#8221;left&#8221; custom_margin=&#8221;-12px||0px||false|false&#8221; global_colors_info=&#8221;{}&#8221;][\/et_pb_divider][\/et_pb_column][\/et_pb_row][\/et_pb_section][et_pb_section fb_built=&#8221;1&#8243; _builder_version=&#8221;4.16&#8243; _module_preset=&#8221;default&#8221; background_color=&#8221;#ede2d4&#8243; custom_padding=&#8221;||3px|||&#8221; da_disable_devices=&#8221;off|off|off&#8221; global_colors_info=&#8221;{}&#8221; da_is_popup=&#8221;off&#8221; da_exit_intent=&#8221;off&#8221; da_has_close=&#8221;on&#8221; da_alt_close=&#8221;off&#8221; da_dark_close=&#8221;off&#8221; da_not_modal=&#8221;on&#8221; da_is_singular=&#8221;off&#8221; da_with_loader=&#8221;off&#8221; da_has_shadow=&#8221;on&#8221;][et_pb_row column_structure=&#8221;1_2,1_2&#8243; _builder_version=&#8221;4.16&#8243; _module_preset=&#8221;default&#8221; global_colors_info=&#8221;{}&#8221;][et_pb_column type=&#8221;1_2&#8243; _builder_version=&#8221;4.16&#8243; _module_preset=&#8221;default&#8221; global_colors_info=&#8221;{}&#8221;][et_pb_text _builder_version=&#8221;4.16&#8243; _module_preset=&#8221;default&#8221; text_font=&#8221;Noto Serif||||||||&#8221; text_font_size=&#8221;24px&#8221; text_line_height=&#8221;1.3em&#8221; width=&#8221;100%&#8221; custom_margin=&#8221;|0px|0px|0px|false|false&#8221; custom_margin_tablet=&#8221;&#8221; custom_margin_phone=&#8221;-20px||||false|false&#8221; custom_margin_last_edited=&#8221;on|phone&#8221; custom_padding=&#8221;||0px|0px|false|false&#8221; text_font_size_tablet=&#8221;&#8221; text_font_size_phone=&#8221;21px&#8221; text_font_size_last_edited=&#8221;on|phone&#8221; global_colors_info=&#8221;{}&#8221;]<\/p>\n<p>El projecte LArcHer t\u00e9 com a objectiu liderar una nova manera d&#8217;entendre, de forma integral, un dels conjunts d&#8217;<b>art prehist\u00f2ric<\/b> m\u00e9s extraordinaris d&#8217;Europa, declarat Patrimoni de la Humanitat per la UNESCO en 1998: l&#8217;<b>art rupestre Llevant\u00ed<\/b>.<\/p>\n<p>[\/et_pb_text][et_pb_text _builder_version=&#8221;4.16&#8243; _module_preset=&#8221;default&#8221; text_font_size=&#8221;18px&#8221; custom_margin=&#8221;40px||0px||false|false&#8221; custom_margin_tablet=&#8221;&#8221; custom_margin_phone=&#8221;&#8221; custom_margin_last_edited=&#8221;on|phone&#8221; custom_padding=&#8221;||||false|false&#8221; global_colors_info=&#8221;{}&#8221;]<\/p>\n<div>\n<p class=\"LO-normal\"><span lang=\"ES-TRAD\">La naturalesa innovadora del projecte resideix en la combinaci\u00f3 d&#8217;un <b>enfocament interdisciplinari i multiescalar<\/b> (que va del microan\u00e0lisi a les perspectives del paisatge) per a aconseguir una visi\u00f3 integral d&#8217;aquest art. Tamb\u00e9 pret\u00e9n unir les difer\u00e8ncies existents entre les aproximacions cient\u00edfiques i patrimonials per a entendre millor els valors i les amenaces que afecten aquesta tradici\u00f3 i canviar la manera d&#8217;entendre, cuidar, utilitzar i gestionar aquest <b>llegat mil\u00b7lenari.<\/b><\/span><\/p>\n<\/div>\n<p>[\/et_pb_text][\/et_pb_column][et_pb_column type=&#8221;1_2&#8243; _builder_version=&#8221;4.16&#8243; _module_preset=&#8221;default&#8221; global_colors_info=&#8221;{}&#8221;][et_pb_image src=&#8221;https:\/\/www.ub.edu\/larcher\/wp-content\/uploads\/foto-erc.png&#8221; alt=&#8221;Proyecto LArcHer | ERC Project&#8221; title_text=&#8221;Proyecto LArcHer | ERC Project&#8221; _builder_version=&#8221;4.16&#8243; _module_preset=&#8221;default&#8221; global_colors_info=&#8221;{}&#8221;][\/et_pb_image][\/et_pb_column][\/et_pb_row][et_pb_row _builder_version=&#8221;4.16&#8243; _module_preset=&#8221;default&#8221; global_colors_info=&#8221;{}&#8221;][et_pb_column type=&#8221;4_4&#8243; _builder_version=&#8221;4.16&#8243; _module_preset=&#8221;default&#8221; global_colors_info=&#8221;{}&#8221;][et_pb_image src=&#8221;https:\/\/www.ub.edu\/larcher\/wp-content\/uploads\/logos2.jpg&#8221; title_text=&#8221;logos2&#8243; align=&#8221;center&#8221; _builder_version=&#8221;4.16&#8243; _module_preset=&#8221;default&#8221; width=&#8221;92%&#8221; custom_margin=&#8221;-25px||-14px|||&#8221; global_colors_info=&#8221;{}&#8221;][\/et_pb_image][\/et_pb_column][\/et_pb_row][et_pb_row disabled_on=&#8221;on|on|off&#8221; _builder_version=&#8221;4.16&#8243; _module_preset=&#8221;default&#8221; min_height=&#8221;556.2px&#8221; custom_padding=&#8221;17px||0px|||&#8221; global_colors_info=&#8221;{}&#8221;][et_pb_column type=&#8221;4_4&#8243; _builder_version=&#8221;4.16&#8243; _module_preset=&#8221;default&#8221; global_colors_info=&#8221;{}&#8221;][et_pb_text _builder_version=&#8221;4.16&#8243; _module_preset=&#8221;default&#8221; text_font=&#8221;Montserrat|700|||||||&#8221; text_text_color=&#8221;#e8585d&#8221; custom_margin=&#8221;||4px|||&#8221; custom_padding=&#8221;0px|||||&#8221; global_colors_info=&#8221;{}&#8221;]<\/p>\n<div>\n<p class=\"LO-normal\"><span lang=\"ES-TRAD\">ELS OBJECTIUS S\u00d3N:<\/span><span lang=\"ES-TRAD\"><o:p><\/o:p><\/span><\/p>\n<\/div>\n<p>[\/et_pb_text][et_pb_text _builder_version=&#8221;4.16&#8243; _module_preset=&#8221;default&#8221; text_text_color=&#8221;#FFFFFF&#8221; text_font_size=&#8221;20px&#8221; background_color=&#8221;#e8585d&#8221; custom_margin=&#8221;||2px|||&#8221; custom_padding=&#8221;50px|100px|50px|108px|false|false&#8221; global_colors_info=&#8221;{}&#8221;]<\/p>\n<div>\n<p class=\"LO-normal\"><span lang=\"ES-TRAD\">Utilitzar coneixements i m\u00e8todes interdisciplinaris per a redefinir l\u2019ARL (\u00e9s a dir, noves t\u00e8cniques de dataci\u00f3 per a afinar la <b>cronologia <\/b>i nous m\u00e8todes anal\u00edtics per a comprendre el proc\u00e9s creatiu).<o:p><\/o:p><\/span><\/p>\n<\/div>\n<p>[\/et_pb_text][et_pb_text _builder_version=&#8221;4.16&#8243; _module_preset=&#8221;default&#8221; text_text_color=&#8221;#FFFFFF&#8221; text_font_size=&#8221;20px&#8221; background_color=&#8221;#d54144&#8243; min_height=&#8221;167.6px&#8221; custom_margin=&#8221;||2px|||&#8221; custom_padding=&#8221;50px|100px|50px|108px|false|false&#8221; locked=&#8221;off&#8221; global_colors_info=&#8221;{}&#8221;]<\/p>\n<div>\n<p class=\"LO-normal\"><span lang=\"ES-TRAD\">Utilitzar l\u2019ARL com un referent per a plantejar <b>noves preguntes d&#8217;inter\u00e9s global sobre l&#8217;evoluci\u00f3 del pensament creatiu i la cognici\u00f3 humana<\/b> (\u00e9s a dir, el moment i les raons que impulsen el naixement de l&#8217;antropocentrisme i les narratives visuals en la hist\u00f2ria de l&#8217;art prehist\u00f2ric).<o:p><\/o:p><\/span><\/p>\n<\/div>\n<p>[\/et_pb_text][et_pb_text _builder_version=&#8221;4.16&#8243; _module_preset=&#8221;default&#8221; text_text_color=&#8221;#FFFFFF&#8221; text_font_size=&#8221;20px&#8221; background_color=&#8221;#e8585d&#8221; custom_margin=&#8221;||-2px|||&#8221; custom_padding=&#8221;50px|100px|50px|108px|false|false&#8221; locked=&#8221;off&#8221; global_colors_info=&#8221;{}&#8221;]<\/p>\n<div>\n<p class=\"LO-normal\"><span lang=\"ES-TRAD\">Desenvolupar noves l\u00ednies de recerca per a establir <b>objectius complementaris entre Ci\u00e8ncia i el Patrimoni<\/b> i definir bones pr\u00e0ctiques per a la conservaci\u00f3 i gesti\u00f3 de l&#8217;art rupestre a l&#8217;aire lliure.<o:p><\/o:p><\/span><\/p>\n<\/div>\n<p>[\/et_pb_text][\/et_pb_column][\/et_pb_row][et_pb_row disabled_on=&#8221;off|off|on&#8221; _builder_version=&#8221;4.16&#8243; _module_preset=&#8221;default&#8221; width=&#8221;100%&#8221; custom_padding=&#8221;||0px|||&#8221; global_colors_info=&#8221;{}&#8221;][et_pb_column type=&#8221;4_4&#8243; _builder_version=&#8221;4.16&#8243; _module_preset=&#8221;default&#8221; global_colors_info=&#8221;{}&#8221;][et_pb_text _builder_version=&#8221;4.16&#8243; _module_preset=&#8221;default&#8221; text_font=&#8221;Montserrat|700|||||||&#8221; text_text_color=&#8221;#e8585d&#8221; custom_margin=&#8221;||4px|30px|false|false&#8221; custom_padding=&#8221;0px|||||&#8221; global_colors_info=&#8221;{}&#8221;]<\/p>\n<div>\n<p class=\"LO-normal\"><span lang=\"ES-TRAD\">ELS OBJECTIUS S\u00d3N:<\/span><span lang=\"ES-TRAD\"><o:p><\/o:p><\/span><\/p>\n<\/div>\n<p>[\/et_pb_text][et_pb_text _builder_version=&#8221;4.16&#8243; _module_preset=&#8221;default&#8221; text_text_color=&#8221;#FFFFFF&#8221; text_font_size=&#8221;20px&#8221; background_color=&#8221;#e8585d&#8221; custom_margin=&#8221;||2px|||&#8221; custom_padding=&#8221;40px|30px|40px|30px|true|true&#8221; global_colors_info=&#8221;{}&#8221;]<\/p>\n<div>\n<p class=\"LO-normal\"><span lang=\"ES-TRAD\">Utilitzar coneixements i m\u00e8todes interdisciplinaris per a redefinir l\u2019ARL (\u00e9s a dir, noves t\u00e8cniques de dataci\u00f3 per a afinar la <b>cronologia <\/b>i nous m\u00e8todes anal\u00edtics per a comprendre el proc\u00e9s creatiu).<o:p><\/o:p><\/span><\/p>\n<\/div>\n<p>[\/et_pb_text][et_pb_text _builder_version=&#8221;4.16&#8243; _module_preset=&#8221;default&#8221; text_text_color=&#8221;#FFFFFF&#8221; text_font_size=&#8221;20px&#8221; background_color=&#8221;#d54144&#8243; min_height=&#8221;167.6px&#8221; custom_margin=&#8221;||2px|||&#8221; custom_padding=&#8221;40px|30px|40px|30px|true|true&#8221; locked=&#8221;off&#8221; global_colors_info=&#8221;{}&#8221;]<\/p>\n<div>\n<p class=\"LO-normal\"><span lang=\"ES-TRAD\">Utilitzar l\u2019ARL com un referent per a plantejar <b>noves preguntes d&#8217;inter\u00e9s global sobre l&#8217;evoluci\u00f3 del pensament creatiu i la cognici\u00f3 humana<\/b> (\u00e9s a dir, el moment i les raons que impulsen el naixement de l&#8217;antropocentrisme i les narratives visuals en la hist\u00f2ria de l&#8217;art prehist\u00f2ric).<o:p><\/o:p><\/span><\/p>\n<\/div>\n<p>[\/et_pb_text][et_pb_text _builder_version=&#8221;4.16&#8243; _module_preset=&#8221;default&#8221; text_text_color=&#8221;#FFFFFF&#8221; text_font_size=&#8221;20px&#8221; background_color=&#8221;#e8585d&#8221; custom_margin=&#8221;||-2px|||&#8221; custom_padding=&#8221;40px|30px|40px|30px|true|true&#8221; locked=&#8221;off&#8221; global_colors_info=&#8221;{}&#8221;]<\/p>\n<div>\n<p class=\"LO-normal\"><span lang=\"ES-TRAD\">Desenvolupar noves l\u00ednies de recerca per a establir <b>objectius complementaris entre Ci\u00e8ncia i el Patrimoni<\/b> i definir bones pr\u00e0ctiques per a la conservaci\u00f3 i gesti\u00f3 de l&#8217;art rupestre a l&#8217;aire lliure.<o:p><\/o:p><\/span><\/p>\n<\/div>\n<p>[\/et_pb_text][\/et_pb_column][\/et_pb_row][\/et_pb_section][et_pb_section fb_built=&#8221;1&#8243; _builder_version=&#8221;4.16&#8243; _module_preset=&#8221;default&#8221; custom_padding=&#8221;0px|||||&#8221; da_disable_devices=&#8221;off|off|off&#8221; global_colors_info=&#8221;{}&#8221; da_is_popup=&#8221;off&#8221; da_exit_intent=&#8221;off&#8221; da_has_close=&#8221;on&#8221; da_alt_close=&#8221;off&#8221; da_dark_close=&#8221;off&#8221; da_not_modal=&#8221;on&#8221; da_is_singular=&#8221;off&#8221; da_with_loader=&#8221;off&#8221; da_has_shadow=&#8221;on&#8221;][et_pb_row column_structure=&#8221;1_2,1_2&#8243; _builder_version=&#8221;4.16&#8243; _module_preset=&#8221;default&#8221; background_color=&#8221;#FFFFFF&#8221; global_colors_info=&#8221;{}&#8221;][et_pb_column type=&#8221;1_2&#8243; _builder_version=&#8221;4.16&#8243; _module_preset=&#8221;default&#8221; global_colors_info=&#8221;{}&#8221;][et_pb_image src=&#8221;https:\/\/www.ub.edu\/larcher\/wp-content\/uploads\/ercfoto2.png&#8221; title_text=&#8221;Proyecto LArcHer | ERC Project&#8221; _builder_version=&#8221;4.16&#8243; _module_preset=&#8221;default&#8221; background_color=&#8221;#FFFFFF&#8221; custom_margin=&#8221;30px||||false|false&#8221; global_colors_info=&#8221;{}&#8221;][\/et_pb_image][\/et_pb_column][et_pb_column type=&#8221;1_2&#8243; _builder_version=&#8221;4.16&#8243; _module_preset=&#8221;default&#8221; global_colors_info=&#8221;{}&#8221;][et_pb_text _builder_version=&#8221;4.16&#8243; _module_preset=&#8221;default&#8221; custom_margin=&#8221;30px||||false|false&#8221; global_colors_info=&#8221;{}&#8221;]<\/p>\n<div>\n<p class=\"LO-normal\"><b><span lang=\"ES-TRAD\">CLAUS DEL PROJECTE<\/span><\/b><span lang=\"ES-TRAD\"><o:p><\/o:p><\/span><\/p>\n<\/div>\n<p>[\/et_pb_text][et_pb_text _builder_version=&#8221;4.16&#8243; _module_preset=&#8221;default&#8221; text_font_size=&#8221;23px&#8221; custom_margin=&#8221;-28px||||false|false&#8221; global_colors_info=&#8221;{}&#8221;]<\/p>\n<div>\n<p class=\"LO-normal\"><b><span lang=\"ES-TRAD\">Registre i an\u00e0lisi sistem\u00e0tica<o:p><\/o:p><\/span><\/b><\/p>\n<\/div>\n<p>[\/et_pb_text][et_pb_text _builder_version=&#8221;4.16&#8243; _module_preset=&#8221;default&#8221; text_font=&#8221;Noto Serif||||||||&#8221; text_font_size=&#8221;21px&#8221; text_line_height=&#8221;1.3em&#8221; custom_padding=&#8221;|50px|||false|false&#8221; global_colors_info=&#8221;{}&#8221;]<\/p>\n<div>\n<p class=\"LO-normal\"><span lang=\"ES-TRAD\">Distribu\u00eft per la Mediterr\u00e0nia Ib\u00e8rica, <b>l\u2019ARL \u00e9s l&#8217;\u00fanica tradici\u00f3 art\u00edstica europea amb un art figuratiu dominat per humans que participen en escenes narratives molt din\u00e0miques de ca\u00e7a, viol\u00e8ncia, guerra, danses, etc. <\/b>Aquestes escenes s\u00f3n \u00faniques per a explorar din\u00e0miques socials passades, comportament hum\u00e0 i pr\u00e0ctiques culturals. Com a tal, \u00e9s l&#8217;\u00fanic conjunt d&#8217;art rupestre europeu amb potencial per a respondre algunes de les noves preguntes plantejades per LArcHer.<o:p><\/o:p><\/span><\/p>\n<\/div>\n<p>&nbsp;<\/p>\n<p>[\/et_pb_text][et_pb_text _builder_version=&#8221;4.16&#8243; _module_preset=&#8221;default&#8221; custom_margin=&#8221;-46px||||false|false&#8221; custom_padding=&#8221;|55px|||false|false&#8221; global_colors_info=&#8221;{}&#8221;]<\/p>\n<div><span lang=\"ES-TRAD\">La clau de LArcHer \u00e9s el registre i an\u00e0lisi sistem\u00e0tica de l&#8217;art a trav\u00e9s de tecnologies digitals 3D, sistemes de gesti\u00f3 i emmagatzematge de dades, GIS, an\u00e0lisi fisicoqu\u00edmica de pigments i suports i an\u00e0lisi comparativa amb altres grans conjunts d&#8217;art amb desenvolupaments equivalents a nivell mundial.<\/span><\/div>\n<p>[\/et_pb_text][\/et_pb_column][\/et_pb_row][\/et_pb_section]<\/p>\n","protected":false},"excerpt":{"rendered":"<p>El proyecto LArcHer tiene como objetivo liderar una nueva manera de entender, de foma integral, uno de los conjuntos de arte prehist\u00f3rico m\u00e1s extraordinarios de Europa, declarado Patrimonio de la Humanidad por la UNESCO en 1998: el arte  rupestre Levantino.<\/p>\n","protected":false},"author":2,"featured_media":488,"parent":0,"menu_order":0,"comment_status":"closed","ping_status":"closed","template":"","meta":{"_et_pb_use_builder":"on","_et_pb_old_content":"","_et_gb_content_width":""},"yoast_head":"<!-- This site is optimized with the Yoast SEO plugin v19.6.1 - https:\/\/yoast.com\/wordpress\/plugins\/seo\/ -->\n<title>ERC Project - LArcHer<\/title>\n<meta name=\"description\" content=\"El proyecto LArcHer tiene como objetivo liderar una nueva manera de entender, de foma integral, uno de los conjuntos de arte prehist\u00f3rico m\u00e1s extraordinarios de Europa, declarado Patrimonio de la Humanidad por la UNESCO en 1998: el arte rupestre Levantino.\" \/>\n<meta name=\"robots\" content=\"index, follow, max-snippet:-1, max-image-preview:large, max-video-preview:-1\" \/>\n<link rel=\"canonical\" href=\"https:\/\/www.ub.edu\/larcher\/erc-project-larcher\/\" \/>\n<meta property=\"og:locale\" content=\"ca_ES\" \/>\n<meta property=\"og:type\" content=\"article\" \/>\n<meta property=\"og:title\" content=\"ERC Project - LArcHer\" \/>\n<meta property=\"og:description\" content=\"El proyecto LArcHer tiene como objetivo liderar una nueva manera de entender, de foma integral, uno de los conjuntos de arte prehist\u00f3rico m\u00e1s extraordinarios de Europa, declarado Patrimonio de la Humanidad por la UNESCO en 1998: el arte rupestre Levantino.\" \/>\n<meta property=\"og:url\" content=\"https:\/\/www.ub.edu\/larcher\/erc-project-larcher\/\" \/>\n<meta property=\"og:site_name\" content=\"LArcHer\" \/>\n<meta property=\"article:modified_time\" content=\"2022-06-15T10:19:23+00:00\" \/>\n<meta property=\"og:image\" content=\"https:\/\/www.ub.edu\/larcher\/wp-content\/uploads\/logo-pagina.jpg\" \/>\n\t<meta property=\"og:image:width\" content=\"500\" \/>\n\t<meta property=\"og:image:height\" content=\"309\" \/>\n\t<meta property=\"og:image:type\" content=\"image\/jpeg\" \/>\n<meta name=\"twitter:card\" content=\"summary\" \/>\n<meta name=\"twitter:label1\" content=\"Temps estimat de lectura\" \/>\n\t<meta name=\"twitter:data1\" content=\"8 minuts\" \/>\n<script type=\"application\/ld+json\" class=\"yoast-schema-graph\">{\"@context\":\"https:\/\/schema.org\",\"@graph\":[{\"@type\":\"WebPage\",\"@id\":\"https:\/\/www.ub.edu\/larcher\/erc-project-larcher\/\",\"url\":\"https:\/\/www.ub.edu\/larcher\/erc-project-larcher\/\",\"name\":\"ERC Project - LArcHer\",\"isPartOf\":{\"@id\":\"https:\/\/www.ub.edu\/larcher\/#website\"},\"datePublished\":\"2022-03-17T12:23:44+00:00\",\"dateModified\":\"2022-06-15T10:19:23+00:00\",\"description\":\"El proyecto LArcHer tiene como objetivo liderar una nueva manera de entender, de foma integral, uno de los conjuntos de arte prehist\u00f3rico m\u00e1s extraordinarios de Europa, declarado Patrimonio de la Humanidad por la UNESCO en 1998: el arte rupestre Levantino.\",\"breadcrumb\":{\"@id\":\"https:\/\/www.ub.edu\/larcher\/erc-project-larcher\/#breadcrumb\"},\"inLanguage\":\"ca\",\"potentialAction\":[{\"@type\":\"ReadAction\",\"target\":[\"https:\/\/www.ub.edu\/larcher\/erc-project-larcher\/\"]}]},{\"@type\":\"BreadcrumbList\",\"@id\":\"https:\/\/www.ub.edu\/larcher\/erc-project-larcher\/#breadcrumb\",\"itemListElement\":[{\"@type\":\"ListItem\",\"position\":1,\"name\":\"Portada\",\"item\":\"https:\/\/www.ub.edu\/larcher\/\"},{\"@type\":\"ListItem\",\"position\":2,\"name\":\"ERC Project\"}]},{\"@type\":\"WebSite\",\"@id\":\"https:\/\/www.ub.edu\/larcher\/#website\",\"url\":\"https:\/\/www.ub.edu\/larcher\/\",\"name\":\"LArcHer\",\"description\":\"Levantine Rock art Archaeology Heritage\",\"potentialAction\":[{\"@type\":\"SearchAction\",\"target\":{\"@type\":\"EntryPoint\",\"urlTemplate\":\"https:\/\/www.ub.edu\/larcher\/?s={search_term_string}\"},\"query-input\":\"required name=search_term_string\"}],\"inLanguage\":\"ca\"}]}<\/script>\n<!-- \/ Yoast SEO plugin. -->","yoast_head_json":{"title":"ERC Project - LArcHer","description":"El proyecto LArcHer tiene como objetivo liderar una nueva manera de entender, de foma integral, uno de los conjuntos de arte prehist\u00f3rico m\u00e1s extraordinarios de Europa, declarado Patrimonio de la Humanidad por la UNESCO en 1998: el arte rupestre Levantino.","robots":{"index":"index","follow":"follow","max-snippet":"max-snippet:-1","max-image-preview":"max-image-preview:large","max-video-preview":"max-video-preview:-1"},"canonical":"https:\/\/www.ub.edu\/larcher\/erc-project-larcher\/","og_locale":"ca_ES","og_type":"article","og_title":"ERC Project - LArcHer","og_description":"El proyecto LArcHer tiene como objetivo liderar una nueva manera de entender, de foma integral, uno de los conjuntos de arte prehist\u00f3rico m\u00e1s extraordinarios de Europa, declarado Patrimonio de la Humanidad por la UNESCO en 1998: el arte rupestre Levantino.","og_url":"https:\/\/www.ub.edu\/larcher\/erc-project-larcher\/","og_site_name":"LArcHer","article_modified_time":"2022-06-15T10:19:23+00:00","og_image":[{"width":500,"height":309,"url":"https:\/\/www.ub.edu\/larcher\/wp-content\/uploads\/logo-pagina.jpg","type":"image\/jpeg"}],"twitter_card":"summary","twitter_misc":{"Temps estimat de lectura":"8 minuts"},"schema":{"@context":"https:\/\/schema.org","@graph":[{"@type":"WebPage","@id":"https:\/\/www.ub.edu\/larcher\/erc-project-larcher\/","url":"https:\/\/www.ub.edu\/larcher\/erc-project-larcher\/","name":"ERC Project - LArcHer","isPartOf":{"@id":"https:\/\/www.ub.edu\/larcher\/#website"},"datePublished":"2022-03-17T12:23:44+00:00","dateModified":"2022-06-15T10:19:23+00:00","description":"El proyecto LArcHer tiene como objetivo liderar una nueva manera de entender, de foma integral, uno de los conjuntos de arte prehist\u00f3rico m\u00e1s extraordinarios de Europa, declarado Patrimonio de la Humanidad por la UNESCO en 1998: el arte rupestre Levantino.","breadcrumb":{"@id":"https:\/\/www.ub.edu\/larcher\/erc-project-larcher\/#breadcrumb"},"inLanguage":"ca","potentialAction":[{"@type":"ReadAction","target":["https:\/\/www.ub.edu\/larcher\/erc-project-larcher\/"]}]},{"@type":"BreadcrumbList","@id":"https:\/\/www.ub.edu\/larcher\/erc-project-larcher\/#breadcrumb","itemListElement":[{"@type":"ListItem","position":1,"name":"Portada","item":"https:\/\/www.ub.edu\/larcher\/"},{"@type":"ListItem","position":2,"name":"ERC Project"}]},{"@type":"WebSite","@id":"https:\/\/www.ub.edu\/larcher\/#website","url":"https:\/\/www.ub.edu\/larcher\/","name":"LArcHer","description":"Levantine Rock art Archaeology Heritage","potentialAction":[{"@type":"SearchAction","target":{"@type":"EntryPoint","urlTemplate":"https:\/\/www.ub.edu\/larcher\/?s={search_term_string}"},"query-input":"required name=search_term_string"}],"inLanguage":"ca"}]}},"_links":{"self":[{"href":"https:\/\/www.ub.edu\/larcher\/ca\/wp-json\/wp\/v2\/pages\/1383"}],"collection":[{"href":"https:\/\/www.ub.edu\/larcher\/ca\/wp-json\/wp\/v2\/pages"}],"about":[{"href":"https:\/\/www.ub.edu\/larcher\/ca\/wp-json\/wp\/v2\/types\/page"}],"author":[{"embeddable":true,"href":"https:\/\/www.ub.edu\/larcher\/ca\/wp-json\/wp\/v2\/users\/2"}],"replies":[{"embeddable":true,"href":"https:\/\/www.ub.edu\/larcher\/ca\/wp-json\/wp\/v2\/comments?post=1383"}],"version-history":[{"count":5,"href":"https:\/\/www.ub.edu\/larcher\/ca\/wp-json\/wp\/v2\/pages\/1383\/revisions"}],"predecessor-version":[{"id":2216,"href":"https:\/\/www.ub.edu\/larcher\/ca\/wp-json\/wp\/v2\/pages\/1383\/revisions\/2216"}],"wp:featuredmedia":[{"embeddable":true,"href":"https:\/\/www.ub.edu\/larcher\/ca\/wp-json\/wp\/v2\/media\/488"}],"wp:attachment":[{"href":"https:\/\/www.ub.edu\/larcher\/ca\/wp-json\/wp\/v2\/media?parent=1383"}],"curies":[{"name":"wp","href":"https:\/\/api.w.org\/{rel}","templated":true}]}}