{"id":15693,"date":"2023-10-19T10:04:55","date_gmt":"2023-10-19T10:04:55","guid":{"rendered":"https:\/\/www.ub.edu\/lfa\/?page_id=15693"},"modified":"2025-02-24T12:19:26","modified_gmt":"2025-02-24T12:19:26","slug":"inici","status":"publish","type":"page","link":"https:\/\/www.ub.edu\/lfa\/","title":{"rendered":"Inici"},"content":{"rendered":"<p>[vc_row type=&#8221;full_width_section&#8221;][vc_column width=&#8221;1\/1&#8243;][rev_slider_vc alias=&#8221;slider-11-11&#8243;][\/vc_column][\/vc_row][vc_row bg_color=&#8221;#fbfbfb&#8221; top_padding=&#8221;40&#8243; bottom_padding=&#8221;20&#8243; bg_position=&#8221;left top&#8221;][vc_column text_align=&#8221;center&#8221; width=&#8221;1\/4&#8243;]<a href=\"https:\/\/www.ub.edu\/lfa\/grup-recerca-grep\/\" target=\"_self\" class=\"button color-1 medium \" style=\"border-radius: 2px;\">GREP<\/a>[\/vc_column][vc_column text_align=&#8221;center&#8221; width=&#8221;1\/4&#8243;]<a href=\"https:\/\/www.ub.edu\/lfa\/membres\/\" target=\"_self\" class=\"button color-1 medium \" style=\"border-radius: 2px;\">MEMBRES<\/a>[\/vc_column][vc_column text_align=&#8221;center&#8221; width=&#8221;1\/4&#8243;]<a href=\"https:\/\/www.ub.edu\/lfa\/revista-phonica\/\" target=\"_self\" class=\"button color-1 medium \" style=\"border-radius: 2px;\">REVISTA PHONICA<\/a>[\/vc_column][vc_column text_align=&#8221;center&#8221; width=&#8221;1\/4&#8243;]<a href=\"https:\/\/www.ub.edu\/lfa\/script\/\" target=\"_self\" class=\"button color-1 medium \" style=\"border-radius: 2px;\">AMH-APH<\/a>[\/vc_column][\/vc_row][vc_row bg_color=&#8221;#fbfbfb&#8221; text_align=&#8221;center&#8221; top_padding=&#8221;10&#8243; bottom_padding=&#8221;40&#8243; bg_position=&#8221;left top&#8221;][vc_column text_align=&#8221;center&#8221; width=&#8221;1\/4&#8243;]<a href=\"https:\/\/www.ub.edu\/lfa\/videos_pronuncia\/\" target=\"_self\" class=\"button color-1 medium \" style=\"border-radius: 2px;\">V\u00cdDEOS DE PRON\u00daNCIA<\/a>[\/vc_column][vc_column text_align=&#8221;center&#8221; width=&#8221;1\/4&#8243;]<a href=\"https:\/\/www.ub.edu\/lfa\/com-fem-un-discurs-oral-eficac\/\" target=\"_self\" class=\"button color-1 medium \" style=\"border-radius: 2px;\">V\u00cdDEOS DE DISCURS ORAL<\/a>[\/vc_column][vc_column text_align=&#8221;center&#8221; width=&#8221;1\/4&#8243;]<a href=\"https:\/\/www.ub.edu\/lfa\/#\" target=\"_self\" class=\"button color-1 medium \" style=\"border-radius: 2px;\">BIBLIOTECA PHONICA<\/a>[\/vc_column][vc_column width=&#8221;1\/4&#8243;]<a href=\"https:\/\/www.ub.edu\/lfa\/tesis-doctorals\/\" target=\"_self\" class=\"button color-1 medium \" style=\"border-radius: 2px;\">TESIS DOCTORALS<\/a>[\/vc_column][\/vc_row][vc_row bg_color=&#8221;#fbfbfb&#8221; top_padding=&#8221;100&#8243; bottom_padding=&#8221;100&#8243; bg_position=&#8221;left top&#8221;][vc_column width=&#8221;1\/2&#8243;]<h1 class=\"headline font-inherit fontsize-xl fontweight-inherit lh-inherit align-left transform-inherit \" style=\"margin: 0 0 20px 0; color: #b9c965;\">Es publica el v\u00eddeo de presentaci\u00f3 del GREP<\/h1>[vc_column_text]<span data-olk-copy-source=\"MessageBody\">En col\u00b7laboraci\u00f3 amb l&#8217;Institut de Recerca en Educaci\u00f3 (IRE), la Facultat d&#8217;Educaci\u00f3 de la Universitat de Barcelona ha treballat en la creaci\u00f3 de v\u00eddeos per a la presentaci\u00f3 dels grups de recerca de la Facultat. La Dra. Dolors Font-Rotch\u00e9s i el Dr. Francisco J. Cantero han participat en el v\u00eddeo del Grup de Recerca en Entonaci\u00f3 i Parla (GREP), com a coordinadora i fundador del grup, respectivament.\u00a0<\/span>En el v\u00eddeo, expliquen els or\u00edgens del GREP, a l&#8217;entorn del Laboratori de Fon\u00e8tica Aplicada (LFA), les l\u00ednies de recerca i els projectes actuals que s&#8217;hi desenvolupen.[\/vc_column_text]<a href=\"https:\/\/www.ub.edu\/lfa\/noticies\/\" target=\"_self\" class=\"button button-appear color-5 medium \" style=\"border-radius: 2px;\"><span>M\u00c9S INFORMACI\u00d3<i class='fa fa-chevron-right'><\/i><\/span><\/a>[\/vc_column][vc_column width=&#8221;1\/2&#8243;][vc_empty_space height=&#8221;65px&#8221;]<div class=\"video-embed  wpb_content_element\"><iframe loading=\"lazy\" title=\"Grup de Recerca en Entonaci\u00f3 i Parla (GREP)\" width=\"1161\" height=\"653\" src=\"https:\/\/www.youtube.com\/embed\/-UQYIAdlztQ?feature=oembed\" frameborder=\"0\" allow=\"accelerometer; autoplay; clipboard-write; encrypted-media; gyroscope; picture-in-picture; web-share\" referrerpolicy=\"strict-origin-when-cross-origin\" allowfullscreen><\/iframe><\/div>[\/vc_column][\/vc_row][vc_row type=&#8221;full_width_section&#8221;][vc_column width=&#8221;1\/1&#8243;][rev_slider_vc alias=&#8221;slider-11-1&#8243;][\/vc_column][\/vc_row]<\/p>\n","protected":false},"excerpt":{"rendered":"<p>[vc_row type=&#8221;full_width_section&#8221;][vc_column width=&#8221;1\/1&#8243;][rev_slider_vc alias=&#8221;slider-11-11&#8243;][\/vc_column][\/vc_row][vc_row bg_color=&#8221;#fbfbfb&#8221; top_padding=&#8221;40&#8243; bottom_padding=&#8221;20&#8243; bg_position=&#8221;left top&#8221;][vc_column text_align=&#8221;center&#8221; width=&#8221;1\/4&#8243;][\/vc_column][vc_column text_align=&#8221;center&#8221; width=&#8221;1\/4&#8243;][\/vc_column][vc_column text_align=&#8221;center&#8221; width=&#8221;1\/4&#8243;][\/vc_column][vc_column text_align=&#8221;center&#8221; width=&#8221;1\/4&#8243;][\/vc_column][\/vc_row][vc_row bg_color=&#8221;#fbfbfb&#8221; text_align=&#8221;center&#8221; top_padding=&#8221;10&#8243; bottom_padding=&#8221;40&#8243; bg_position=&#8221;left top&#8221;][vc_column text_align=&#8221;center&#8221; width=&#8221;1\/4&#8243;][\/vc_column][vc_column text_align=&#8221;center&#8221; width=&#8221;1\/4&#8243;][\/vc_column][vc_column text_align=&#8221;center&#8221; width=&#8221;1\/4&#8243;][\/vc_column][vc_column width=&#8221;1\/4&#8243;][\/vc_column][\/vc_row][vc_row bg_color=&#8221;#fbfbfb&#8221; top_padding=&#8221;100&#8243; bottom_padding=&#8221;100&#8243; bg_position=&#8221;left top&#8221;][vc_column width=&#8221;1\/2&#8243;][vc_column_text]En col\u00b7laboraci\u00f3 amb l&#8217;Institut de Recerca en Educaci\u00f3 (IRE), la Facultat d&#8217;Educaci\u00f3 de la Universitat de Barcelona ha treballat en la creaci\u00f3 de v\u00eddeos per a la presentaci\u00f3 dels grups de recerca de la Facultat. La Dra. Dolors Font-Rotch\u00e9s i el Dr. Francisco J. Cantero han participat en el v\u00eddeo del Grup de Recerca en Entonaci\u00f3 i Parla (GREP), com a coordinadora i fundador del grup, respectivament.\u00a0En el v\u00eddeo, expliquen els or\u00edgens del GREP, a l&#8217;entorn del Laboratori de Fon\u00e8tica Aplicada (LFA), les l\u00ednies de recerca i els projectes actuals que s&#8217;hi desenvolupen.[\/vc_column_text][\/vc_column][vc_column width=&#8221;1\/2&#8243;][vc_empty_space height=&#8221;65px&#8221;][\/vc_column][\/vc_row][vc_row type=&#8221;full_width_section&#8221;][vc_column width=&#8221;1\/1&#8243;][rev_slider_vc alias=&#8221;slider-11-1&#8243;][\/vc_column][\/vc_row]<\/p>\n","protected":false},"author":1,"featured_media":0,"parent":0,"menu_order":0,"comment_status":"open","ping_status":"closed","template":"","meta":{"footnotes":""},"class_list":["post-15693","page","type-page","status-publish","hentry"],"_links":{"self":[{"href":"https:\/\/www.ub.edu\/lfa\/wp-json\/wp\/v2\/pages\/15693","targetHints":{"allow":["GET"]}}],"collection":[{"href":"https:\/\/www.ub.edu\/lfa\/wp-json\/wp\/v2\/pages"}],"about":[{"href":"https:\/\/www.ub.edu\/lfa\/wp-json\/wp\/v2\/types\/page"}],"author":[{"embeddable":true,"href":"https:\/\/www.ub.edu\/lfa\/wp-json\/wp\/v2\/users\/1"}],"replies":[{"embeddable":true,"href":"https:\/\/www.ub.edu\/lfa\/wp-json\/wp\/v2\/comments?post=15693"}],"version-history":[{"count":73,"href":"https:\/\/www.ub.edu\/lfa\/wp-json\/wp\/v2\/pages\/15693\/revisions"}],"predecessor-version":[{"id":16636,"href":"https:\/\/www.ub.edu\/lfa\/wp-json\/wp\/v2\/pages\/15693\/revisions\/16636"}],"wp:attachment":[{"href":"https:\/\/www.ub.edu\/lfa\/wp-json\/wp\/v2\/media?parent=15693"}],"curies":[{"name":"wp","href":"https:\/\/api.w.org\/{rel}","templated":true}]}}