{"id":15924,"date":"2024-02-02T14:30:39","date_gmt":"2024-02-02T14:30:39","guid":{"rendered":"https:\/\/www.ub.edu\/lfa\/?page_id=15924"},"modified":"2024-06-05T13:01:11","modified_gmt":"2024-06-05T13:01:11","slug":"tesis-doctorals","status":"publish","type":"page","link":"https:\/\/www.ub.edu\/lfa\/tesis-doctorals\/","title":{"rendered":"Tesis Doctorals"},"content":{"rendered":"<p>[vc_row bg_image=&#8221;15686&#8243; bg_color=&#8221;#f9f9f9&#8243; top_padding=&#8221;90&#8243; bottom_padding=&#8221;90&#8243;][vc_column width=&#8221;1\/1&#8243;]<h1 class=\"headline font-special fontsize-xxxl fontweight-inherit lh-inherit align-center transform-uppercase \" style=\"margin: 0; color: #ffffff;\">Tesis Doctorals<\/h1>[\/vc_column][\/vc_row][vc_row bg_color=&#8221;#333333&#8243; top_padding=&#8221;100&#8243;][vc_column text_color=&#8221;light&#8221; width=&#8221;1\/1&#8243;]<h2 class=\"headline font-special fontsize-m fontweight-800 lh-inherit align-left transform-uppercase \" style=\"margin: 0 0 20px 0; color: #ffffff;\">Tesis en curs<\/h2><div class=\"divider divider5\" style='margin:2px 0 20px 0 !important;'><\/div>[vc_column_text]Pau Sitj\u00e0 M\u00e0rquez (en prep.). Caracteritzaci\u00f3 de l\u2019entonaci\u00f3 del catal\u00e0 parlat per italians. Dir. Dolors Font-Rotch\u00e9s[\/vc_column_text]<div class=\"divider divider5\" style='margin:2px 0 20px 0 !important;'><\/div>[vc_column_text]Shaohua Sun (en prep.) Rasgos pros\u00f3dicos de alegria y tristez en el espanyol L2 hablado por inmigrantes sinohablantes en la Comunidad de Madrid. Dr. Cristina Herrero, Miguel Mateo Ruiz.[\/vc_column_text]<div class=\"divider divider5\" style='margin:2px 0 20px 0 !important;'><\/div>[vc_column_text]Weronika Urbanik (en prep.). La entonaci\u00f3n del espanyol hablado por polacos. Dir. Dolors Font-Rotch\u00e9s[\/vc_column_text][vc_empty_space height=&#8221;52px&#8221;][\/vc_column][\/vc_row][vc_row top_padding=&#8221;100&#8243; bottom_padding=&#8221;100&#8243; bg_position=&#8221;center center&#8221;][vc_column width=&#8221;1\/1&#8243;]<h2 class=\"headline font-special fontsize-m fontweight-800 lh-inherit align-left transform-uppercase \" style=\"margin: 0 0 20px 0; color: #333333;\">Tesis defensades<\/h2>[vc_column_text]Perez Mora, Viviana (2024). <em>La entonaci\u00f3n del espa\u00f1ol de Chile<\/em>. [Tesi doctoral, Universitat de Barcelona]. Dir. Francisco J. Cantero Serena.[\/vc_column_text]<div class=\"divider divider5\" style='margin:2px 0 20px 0 !important;'><\/div>[vc_column_text]Cao, Yongfa (2023). <em>\u00a0Caracterizaci\u00f3n ac\u00fastica del vocalismo del espa\u00f1ol hablado por chinos<\/em>. [Tesi doctoral, Universitat de Barcelona]. Dir. Dolors Font-Rotch\u00e9s, Agn\u00e8s Rius-Escud\u00e9.[\/vc_column_text]<div class=\"divider divider5\" style='margin:2px 0 20px 0 !important;'><\/div>[vc_column_text]Sena Mendes, Raquel (2023). <em>La entonaci\u00f3n del portugu\u00e9s de Brasil. Patrones mel\u00f3dicos y m\u00e1rgenes de dispersi\u00f3n.<\/em> [Tesi doctoral, Universitat de Barcelona]. Dir. Dolors Font-Rotch\u00e9s, Miguel Mateo Ruiz.[\/vc_column_text]<div class=\"divider divider5\" style='margin:2px 0 20px 0 !important;'><\/div>[vc_column_text]Zhao, Tianshu (2023). <em><a href=\"http:\/\/hdl.handle.net\/10803\/689035\">Rasgos mel\u00f3dicos de la entonaci\u00f3n del espa\u00f1ol hablado por chinos<\/a><\/em><em>.<\/em> [Tesi doctoral, Universitat de Barcelona]. Dir. Dolors Font-Rotch\u00e9s, Agn\u00e8s Rius-Escud\u00e9.[\/vc_column_text]<div class=\"divider divider5\" style='margin:2px 0 20px 0 !important;'><\/div>[vc_column_text]Martorell Morales, Laura (2023). <em><a href=\"http:\/\/hdl.handle.net\/10803\/689021\">La entonaci\u00f3n del espa\u00f1ol hablado por suecos. <\/a><\/em>[Tesi doctoral, Universitat de Barcelona]. Universitat de Barcelona. Dir. Dolors Font-Rotch\u00e9s[\/vc_column_text]<div class=\"divider divider5\" style='margin:2px 0 20px 0 !important;'><\/div>[vc_column_text]Duchi Zaruma, Jos\u00e9 Antonio (2022).\u00a0 <em><a href=\"http:\/\/hdl.handle.net\/10803\/688625\">Ense\u00f1anza aprendizaje de la lengua kichwa desde los saberes y conocimientos de la cultura a trav\u00e9s de la oralidad en la UNAE<\/a><\/em>. [Tesi doctoral, Universitat de Barcelona]. Dir. Francisco J. Cantero Serena, Alicia Sola.[\/vc_column_text]<div class=\"divider divider5\" style='margin:2px 0 20px 0 !important;'><\/div>[vc_column_text]Garm\u00e1tina, Zoya (2022).\u00a0 <em><a href=\"http:\/\/hdl.handle.net\/10803\/687440\">La entonaci\u00f3n del espa\u00f1ol hablado por rusohablantes<\/a><\/em>. [Tesi Doctoral, Universitat de Barcelona]. Dir. Francisco J. Cantero Serena, Empar Dev\u00eds.[\/vc_column_text]<div class=\"divider divider5\" style='margin:2px 0 20px 0 !important;'><\/div>[vc_column_text]Herrero Fern\u00e1ndez, Cristina (2021).\u00a0 <em>Rasgos mel\u00f3dicos de (des)cortes\u00eda en el espa\u00f1ol hablado por inmigrantes sinohablantes en la Comunidad de Madrid percepci\u00f3n y producci\u00f3n de (des)cortes\u00eda (in)voluntaria<\/em>. [Tesi doctoral no publicada]. Universitad de Nebrija. Dir. Margarita Planelles, Empar Dev\u00eds, Susana Mart\u00edn Leralta.[\/vc_column_text]<div class=\"divider divider5\" style='margin:2px 0 20px 0 !important;'><\/div>[vc_column_text]Leite Ara\u00fajo, Monique (2021).\u00a0 <em><a href=\"http:\/\/hdl.handle.net\/10803\/671597\">Enfoque Oral y desarrollo de la competencia f\u00f3nica de estudiantes universitarios brasile\u00f1os de Letras-Espa\u00f1ol<\/a><\/em>. [Tesi Doctoral, Universitat de Barcelona]. Dir. Francisco J. Cantero Serena.[\/vc_column_text]<div class=\"divider divider5\" style='margin:2px 0 20px 0 !important;'><\/div>[vc_column_text]Zambrana Toledo, Nidia (2019).\u00a0 <em>Avalia\u00e7\u00e3o do desempe\u00f1o motor da fala e da praxias orais em crian\u00e7as de 8 a 11 anos e 11 meses de idade.<\/em> [Tesi doctoral no publicada].<em> Universidade Federal de S\u00e3o Paulo<\/em>. Dir. Clara Regina Brand\u00e3o de Avila, Dolors Font-Rotch\u00e9s.[\/vc_column_text]<div class=\"divider divider5\" style='margin:2px 0 20px 0 !important;'><\/div>[vc_column_text]Ester Subias, Gl\u00f2ria (2017). <em><a href=\"http:\/\/hdl.handle.net\/10803\/460877\">Percepci\u00f3 de la parla i parla infantil<\/a><\/em>. [Tesi Doctoral, Universitat de Barcelona]. Dir. Francisco J. Cantero Serena, Adoraci\u00f3 Hermoso.[\/vc_column_text]<div class=\"divider divider5\" style='margin:2px 0 20px 0 !important;'><\/div>[vc_column_text]Recio Pineda, Sara (2017).\u00a0 <em><a href=\"http:\/\/hdl.handle.net\/10803\/454820\">Prosodia y comprensi\u00f3n lectora en educaci\u00f3n primaria<\/a><\/em>.\u00a0 [Tesi Doctoral, Universitat de Barcelona]. Dir. Francisco J. Cantero Serena, Jose Torregrosa Azor.[\/vc_column_text]<div class=\"divider divider5\" style='margin:2px 0 20px 0 !important;'><\/div>[vc_column_text]Ortiz de Pinedo S\u00e1nchez, N\u00faria (2017). <em><a href=\"http:\/\/hdl.handle.net\/10803\/454817\">An\u00e1lisis ac\u00fastico de las vibrantes del espa\u00f1ol en habla espont\u00e0nia<\/a><\/em>. [Tesi Doctoral, Universitat de Barcelona]. Dir. Francisco J. Cantero Serena.[\/vc_column_text]<div class=\"divider divider5\" style='margin:2px 0 20px 0 !important;'><\/div>[vc_column_text]Sola Prado, Alicia (2016). <em><a href=\"http:\/\/hdl.handle.net\/10803\/393964\">Caracterizaci\u00f3n ac\u00fastica de las aproximantes [\u00df, \u2202, \u03b3] en el habla espont\u00e1nea del espa\u00f1ol peninsular<\/a><\/em>. [Tesi Doctoral, Universitat de Barcelona]. Dir. Francisco J. Cantero Serena.[\/vc_column_text]<div class=\"divider divider5\" style='margin:2px 0 20px 0 !important;'><\/div>[vc_column_text]Almeida Ferreira, Ricardo C\u00e9sar (2016). <em><a href=\"http:\/\/hdl.handle.net\/10803\/454677\">El pensamiento de profesores brasile\u00f1os de espa\u00f1ol. Un estudio de creencias acerca del curr\u00edculo de espa\u00f1ol como lengua extranjera en la ense\u00f1anza media<\/a><\/em>. [Tesi Doctoral, Universitat de Barcelona]. Dir. Francisco J. Cantero Serena.[\/vc_column_text]<div class=\"divider divider5\" style='margin:2px 0 20px 0 !important;'><\/div>[vc_column_text]Rius Escud\u00e9, Agn\u00e8s (2016).\u00a0 <em><a href=\"http:\/\/hdl.handle.net\/10803\/392660\">Les vocals del catal\u00e0 central en parla espont\u00e0nia<\/a><\/em>. [Tesi Doctoral, Universitat de Barcelona]. Dir. Dolors Font-Rotch\u00e9s.[\/vc_column_text]<div class=\"divider divider5\" style='margin:2px 0 20px 0 !important;'><\/div>[vc_column_text]Clarens Blanco, Immaculada (2015).<a href=\"http:\/\/hdl.handle.net\/10803\/294033\"> <em>La ense\u00f1anza de la lengua inglesa oral en ciclo superior de educaci\u00f3n primaria<\/em><\/a>. [Tesi Doctoral, Universitat de Barcelona]. Dir. Francisco J. Cantero Serena.[\/vc_column_text]<div class=\"divider divider5\" style='margin:2px 0 20px 0 !important;'><\/div>[vc_column_text]Mateo Ruiz, Miguel (2014).\u00a0 <em><a href=\"http:\/\/hdl.handle.net\/10803\/132583\">La entonaci\u00f3n del espa\u00f1ol meridional<\/a><\/em>. [Tesi Doctoral, Universitat de Barcelona]. Dir. Francisco J. Cantero Serena.[\/vc_column_text]<div class=\"divider divider5\" style='margin:2px 0 20px 0 !important;'><\/div>[vc_column_text]Fonseca de Oliveira, Aline (2013). \u00a0<em><a href=\"http:\/\/hdl.handle.net\/10803\/134929\">Caracterizaci\u00f3n de la entonaci\u00f3n del espa\u00f1ol hablado por brasile\u00f1os<\/a><\/em>. [Tesi Doctoral, Universitat de Barcelona]. Dir. Francisco J. Cantero Serena.[\/vc_column_text]<div class=\"divider divider5\" style='margin:2px 0 20px 0 !important;'><\/div>[vc_column_text]Bartol\u00ed Rigol, Marta (2012).\u00a0 <em><a href=\"http:\/\/hdl.handle.net\/10803\/134881\">La Pronunciaci\u00f3n por tareas en la clase de ELE<\/a><\/em>. [Tesi Doctoral, Universitat de Barcelona]. Dir. Francisco J. Cantero Serena.[\/vc_column_text]<div class=\"divider divider5\" style='margin:2px 0 20px 0 !important;'><\/div>[vc_column_text]Spalacci, Mireille (2012).\u00a0 <em><a href=\"https:\/\/www.educacion.gob.es\/teseo\/imprimirFicheroTesis.do?idFichero=XoYBqHn26WA%3D\">Enfoque oral y recursos digitales para un curso de franc\u00e9s como lengua extranjera.<\/a><\/em> [Tesi Doctoral, Universitat de Barcelona]. Dir. Francisco J. Cantero Serena.[\/vc_column_text]<div class=\"divider divider5\" style='margin:2px 0 20px 0 !important;'><\/div>[vc_column_text]Giralt Lorenz, Marta (2012). <em><a href=\"http:\/\/hdl.handle.net\/10803\/94136\">El enfoque oral en la iniciaci\u00f3n de la ense\u00f1anza\/aprendizaje y adquisici\u00f3n de la pronunciaci\u00f3n del espa\u00f1ol como lengua extranjera<\/a><\/em>. [Tesi Doctoral, Universitat de Barcelona]. Dir. Francisco J. Cantero Serena.[\/vc_column_text]<div class=\"divider divider5\" style='margin:2px 0 20px 0 !important;'><\/div>[vc_column_text]Baditzn\u00e9 P\u00e1lv\u00f6lgyi, Kata (2012). <em><a href=\"https:\/\/www.edicions.ub.edu\/revistes\/phonica-biblioteca\/15_Kata.pdf\">Spanish Intonation for Hungarian learners yes\/no questions<\/a><\/em>. [Tesi Doctoral, Universit\u00e0 E\u00f6tv\u00f6s Lor\u00e1nd (Hungary)]. <em>Biblioteca Phonica<\/em> <em>15<\/em>. Publicacions de la Universitat de Barcelona. Dir. L\u00e1szl\u00f3 Varga, Dolors Font-Rotch\u00e9s.[\/vc_column_text]<div class=\"divider divider5\" style='margin:2px 0 20px 0 !important;'><\/div>[vc_column_text]Alfonso Lozano, Ra\u00fal (2011).\u00a0 <em>El vocalismo del espa\u00f1ol en el habla espont\u00e1nea<\/em>. [Tesi doctoral no publicada]. Universitat de Barcelona. Dir. Francisco J. Cantero Serena.[\/vc_column_text]<div class=\"divider divider5\" style='margin:2px 0 20px 0 !important;'><\/div>[vc_column_text]Ballesteros Panizo, Mapi (2011).\u00a0 <em><a href=\"http:\/\/hdl.handle.net\/10803\/109963\">La entonaci\u00f3n del espa\u00f1ol del Norte<\/a><\/em>. [Tesi Doctoral, Universitat de Barcelona]. Dir. Francisco J. Cantero Serena.[\/vc_column_text]<div class=\"divider divider5\" style='margin:2px 0 20px 0 !important;'><\/div>[vc_column_text]Torregrosa Azor, Jos\u00e9 (2010). <em><a href=\"http:\/\/hdl.handle.net\/10803\/32037\">An\u00e1lisis multisist\u00e9mico de las part\u00edculas modales del alem\u00e1n<\/a><\/em>. [Tesi Doctoral, Universitat de Barcelona]. Dir. Francisco J. Cantero Serena.[\/vc_column_text]<div class=\"divider divider5\" style='margin:2px 0 20px 0 !important;'><\/div>[vc_column_text]Iglesias Xaman\u00ed, Montserrat (2010). <em><a href=\"http:\/\/hdl.handle.net\/10803\/1305\">L&#8217;avaluaci\u00f3 de la comunicaci\u00f3 oral en angl\u00e8s LE mitjan\u00e7ant l&#8217;\u00fas del portafolis en un context d&#8217;educaci\u00f3 superior.<\/a><\/em> [Tesi Doctoral, Universitat de Barcelona]. Dir. Francisco J. Cantero Serena.[\/vc_column_text]<div class=\"divider divider5\" style='margin:2px 0 20px 0 !important;'><\/div>[vc_column_text]Fajardo Salinas, M. Delia (2009).\u00a0 <em><a href=\"https:\/\/www.educacion.gob.es\/teseo\/imprimirFicheroTesis.do?idFichero=M60W2bNEVm4%3D\">La Educaci\u00f3n Intercultural Biling\u00fce (EIB) en Honduras teor\u00eda y did\u00e1ctica para una adquisici\u00f3n de la Competencia Intercultural.<\/a><\/em> [Tesi Doctoral, Universitat de Barcelona]. Dir. Francisco J. Cantero Serena.[\/vc_column_text]<div class=\"divider divider5\" style='margin:2px 0 20px 0 !important;'><\/div>[vc_column_text]Us\u00f3 Viciedo, L\u00eddia (2008). \u00a0<em><a href=\"http:\/\/hdl.handle.net\/10803\/1295\">Creencias de los profesores de E\/LE sobre la ense\u00f1anza\/aprendizaje de la pronunciaci\u00f3n<\/a><\/em>. [Tesi Doctoral, Universitat de Barcelona]. Dir. Francisco J. Cantero Serena.[\/vc_column_text]<div class=\"divider divider5\" style='margin:2px 0 20px 0 !important;'><\/div>[vc_column_text]Iruela Guerrero, Agust\u00edn (2005).\u00a0 <em>Adquisici\u00f3n f\u00f3nica y ense\u00f1anza de la pronunciaci\u00f3n<\/em>. [Tesi doctoral no publicada]. Universitat de Barcelona. Dir. Francisco J. Cantero Serena.[\/vc_column_text]<div class=\"divider divider5\" style='margin:2px 0 20px 0 !important;'><\/div>[vc_column_text]Font Rotch\u00e9s, Dolors (2005).\u00a0 <em><a href=\"http:\/\/hdl.handle.net\/10803\/1287\">L&#8217;entonaci\u00f3 del catal\u00e0. Patrons mel\u00f2dics, tonemes i marges de dispersi\u00f3<\/a><\/em>. [Tesi Doctoral, Universitat de Barcelona]. Dir. Francisco J. Cantero Serena.[\/vc_column_text]<div class=\"divider divider5\" style='margin:2px 0 20px 0 !important;'><\/div>[vc_column_text]Elgstr\u00f6m Misol, Edmon (2005).\u00a0 <em><a href=\"http:\/\/hdl.handle.net\/10803\/21798\">Adequaci\u00f3 del camp vocal dels mestres d&#8217;Educaci\u00f3 Musical<\/a><\/em>. [Tesi Doctoral, Universitat de Barcelona]. Dir. Francisco J. Cantero Serena.[\/vc_column_text]<div class=\"divider divider5\" style='margin:2px 0 20px 0 !important;'><\/div>[vc_column_text]Piquer Vives, Immaculada (2005).\u00a0 <em>Iniciaci\u00f3 a l&#8217;angl\u00e8s com a llengua estrangera a l&#8217;Educaci\u00f3 Infantil<\/em>. [Tesis Doctoral no publicada]. Universitat de Barcelona. Dir. Francisco J. Cantero Serena.[\/vc_column_text]<div class=\"divider divider5\" style='margin:2px 0 20px 0 !important;'><\/div>[vc_column_text]Liu, Yen Hui (2003).\u00a0 <em><a href=\"https:\/\/www.edicions.ub.edu\/revistes\/phonica-biblioteca\/esp_taiw\/esp_taiw.pdf\">La entonaci\u00f3n del espa\u00f1ol hablado por taiwaneses<\/a><\/em>. [Tesi Doctoral, Universitat de Barcelona]. <em>Biblioteca Phonica 1<\/em>. Publicacions de la Universitat de Barcelona. Dir. Francisco J. Cantero Serena.[\/vc_column_text]<div class=\"divider divider5\" style='margin:2px 0 20px 0 !important;'><\/div>[vc_column_text]F\u00e9rriz Mart\u00ednez, M. Carmen (2001).\u00a0 <em><a href=\"http:\/\/hdl.handle.net\/10803\/5253\">Fonolog\u00eda contrastiva del portugu\u00e9s y el castellano una caracterizaci\u00f3n de la interlengua f\u00f3nica de los castellanohablantes que aprenden portugu\u00e9s<\/a><\/em>. [Tesi Doctoral, Universitat Aut\u00f2noma de Barcelona]. Dir. Francisco J. Cantero.[\/vc_column_text]<div class=\"divider divider5\" style='margin:2px 0 20px 0 !important;'><\/div>[vc_column_text]Torres \u00c1guila, Jos\u00e9 Ram\u00f3n (2001). <a href=\"https:\/\/revistes.ub.edu\/index.php\/phonica\/article\/view\/11032\">\u00a0<em>Las actividades en los manuales de pronunciaci\u00f3n de ingl\u00e9s como lengua extranjera<\/em><\/a>. [Tesi Doctoral, Universitat de Barcelona]. Published in <em>Biblioteca Phonica<\/em> <em>6<\/em>, (2007). Dir. Francisco J. Cantero Serena.[\/vc_column_text]<div class=\"divider divider5\" style='margin:2px 0 20px 0 !important;'><\/div>[vc_column_text]Cort\u00e9s Moreno, Maximiano (1999).\u00a0 <em>Adquisici\u00f3n de la entonaci\u00f3n espa\u00f1ola por parte de hablantes nativos chinos<\/em>. [Tesi doctoral no publicada]. Universitat de Barcelona. Dir. Francisco J. Cantero Serena.[\/vc_column_text]<div class=\"divider divider5\" style='margin:2px 0 20px 0 !important;'><\/div>[vc_column_text]Cantero Serena, Francisco J. \u00a0(1995). <em><a href=\"http:\/\/hdl.handle.net\/2445\/183135\">Estructura de los modelos entonativos: interpretaci\u00f3n fonol\u00f3gica del acento y la entonaci\u00f3n en castellano<\/a><\/em>. [Tesi Doctoral, Universitat de Barcelona]. Dir. Eugenio Mart\u00ednez Celdr\u00e1n[\/vc_column_text][\/vc_column][\/vc_row]<\/p>\n","protected":false},"excerpt":{"rendered":"<p>[vc_row bg_image=&#8221;15686&#8243; bg_color=&#8221;#f9f9f9&#8243; top_padding=&#8221;90&#8243; bottom_padding=&#8221;90&#8243;][vc_column width=&#8221;1\/1&#8243;][\/vc_column][\/vc_row][vc_row bg_color=&#8221;#333333&#8243; top_padding=&#8221;100&#8243;][vc_column text_color=&#8221;light&#8221; width=&#8221;1\/1&#8243;][vc_column_text]Pau Sitj\u00e0 M\u00e0rquez (en prep.). Caracteritzaci\u00f3 de l\u2019entonaci\u00f3 del catal\u00e0 parlat per italians. Dir. Dolors Font-Rotch\u00e9s[\/vc_column_text][vc_column_text]Shaohua Sun (en prep.) Rasgos pros\u00f3dicos de alegria y tristez en el espanyol L2 hablado por inmigrantes sinohablantes en la Comunidad de Madrid. Dr. Cristina Herrero, Miguel Mateo Ruiz.[\/vc_column_text][vc_column_text]Weronika Urbanik (en prep.). La entonaci\u00f3n del espanyol hablado por polacos. Dir. Dolors Font-Rotch\u00e9s[\/vc_column_text][vc_empty_space height=&#8221;52px&#8221;][\/vc_column][\/vc_row][vc_row top_padding=&#8221;100&#8243; bottom_padding=&#8221;100&#8243; bg_position=&#8221;center center&#8221;][vc_column width=&#8221;1\/1&#8243;][vc_column_text]Perez Mora, Viviana (2024). La entonaci\u00f3n del espa\u00f1ol de Chile. [Tesi doctoral, Universitat de Barcelona]. Dir. Francisco J. Cantero Serena.[\/vc_column_text][vc_column_text]Cao, Yongfa (2023). \u00a0Caracterizaci\u00f3n ac\u00fastica del vocalismo del espa\u00f1ol hablado por chinos. [Tesi doctoral, Universitat de Barcelona]. Dir. Dolors Font-Rotch\u00e9s, Agn\u00e8s Rius-Escud\u00e9.[\/vc_column_text][vc_column_text]Sena Mendes, Raquel (2023). La entonaci\u00f3n del portugu\u00e9s de Brasil. Patrones mel\u00f3dicos y m\u00e1rgenes de dispersi\u00f3n. [Tesi doctoral, Universitat de Barcelona]. Dir. Dolors Font-Rotch\u00e9s, Miguel Mateo Ruiz.[\/vc_column_text][vc_column_text]Zhao, Tianshu (2023). Rasgos mel\u00f3dicos de la entonaci\u00f3n del espa\u00f1ol hablado por chinos. [Tesi doctoral, Universitat de Barcelona]. Dir. Dolors Font-Rotch\u00e9s, Agn\u00e8s Rius-Escud\u00e9.[\/vc_column_text][vc_column_text]Martorell Morales, Laura (2023). La entonaci\u00f3n del espa\u00f1ol hablado por suecos. [Tesi doctoral, Universitat de Barcelona]. Universitat de Barcelona. Dir. Dolors Font-Rotch\u00e9s[\/vc_column_text][vc_column_text]Duchi Zaruma, Jos\u00e9 Antonio (2022).\u00a0 Ense\u00f1anza aprendizaje de la lengua kichwa desde los saberes y conocimientos de la cultura a [&hellip;]<\/p>\n","protected":false},"author":1,"featured_media":0,"parent":0,"menu_order":0,"comment_status":"closed","ping_status":"closed","template":"","meta":{"footnotes":""},"class_list":["post-15924","page","type-page","status-publish","hentry"],"_links":{"self":[{"href":"https:\/\/www.ub.edu\/lfa\/wp-json\/wp\/v2\/pages\/15924","targetHints":{"allow":["GET"]}}],"collection":[{"href":"https:\/\/www.ub.edu\/lfa\/wp-json\/wp\/v2\/pages"}],"about":[{"href":"https:\/\/www.ub.edu\/lfa\/wp-json\/wp\/v2\/types\/page"}],"author":[{"embeddable":true,"href":"https:\/\/www.ub.edu\/lfa\/wp-json\/wp\/v2\/users\/1"}],"replies":[{"embeddable":true,"href":"https:\/\/www.ub.edu\/lfa\/wp-json\/wp\/v2\/comments?post=15924"}],"version-history":[{"count":13,"href":"https:\/\/www.ub.edu\/lfa\/wp-json\/wp\/v2\/pages\/15924\/revisions"}],"predecessor-version":[{"id":16470,"href":"https:\/\/www.ub.edu\/lfa\/wp-json\/wp\/v2\/pages\/15924\/revisions\/16470"}],"wp:attachment":[{"href":"https:\/\/www.ub.edu\/lfa\/wp-json\/wp\/v2\/media?parent=15924"}],"curies":[{"name":"wp","href":"https:\/\/api.w.org\/{rel}","templated":true}]}}