{"id":16282,"date":"2024-05-07T16:22:15","date_gmt":"2024-05-07T16:22:15","guid":{"rendered":"https:\/\/www.ub.edu\/lfa\/?page_id=16282"},"modified":"2024-06-25T14:42:16","modified_gmt":"2024-06-25T14:42:16","slug":"script","status":"publish","type":"page","link":"https:\/\/www.ub.edu\/lfa\/script\/","title":{"rendered":"Scripts i protocols"},"content":{"rendered":"<p>[vc_row bg_image=&#8221;15585&#8243; bg_color=&#8221;#f9f9f9&#8243; top_padding=&#8221;90&#8243; bottom_padding=&#8221;90&#8243;][vc_column width=&#8221;1\/1&#8243;]<h1 class=\"headline font-special fontsize-xxxl fontweight-inherit lh-inherit align-center transform-uppercase \" style=\"margin: 0;\">Scripts de Praat i protocols<\/h1>[\/vc_column][\/vc_row][vc_row text_align=&#8221;center&#8221; top_padding=&#8221;100&#8243; bottom_padding=&#8221;100&#8243; class=&#8221;app&#8221;][vc_column width=&#8221;1\/5&#8243;][\/vc_column][vc_column text_align=&#8221;center&#8221; width=&#8221;1\/5&#8243;]<div onclick=\"location.href='https:\/\/github.com\/mimatruiz\/Prosodic-Analysis-of-Speech-PRAAT';\" style=\"cursor:pointer;\"><div class=\"iconbox  wpb_content_element iconbox-style-4 icon-color-accent color-dark clearfix\"><div class=\"iconbox-icon\"><img src='https:\/\/www.ub.edu\/lfa\/wp-content\/uploads\/2024\/06\/amp-icon_green.png' class='iconimg' alt='Script de Praat d&#039;An\u00e0lisi Pros\u00f2dica de la Parla' \/><\/div><div class=\"iconbox-content\"><h3>Script de Praat d&#039;An\u00e0lisi Pros\u00f2dica de la Parla<\/h3><p>APP<\/p><\/div><\/div><\/div>[\/vc_column][vc_column text_align=&#8221;center&#8221; width=&#8221;1\/5&#8243;]<div class=\"iconbox  wpb_content_element iconbox-style-4 icon-color-accent color-dark clearfix\"><div class=\"iconbox-icon\"><img src='https:\/\/www.ub.edu\/lfa\/wp-content\/uploads\/2024\/06\/amp-icon_protocol_green.png' class='iconimg' alt='Protocol sobre An\u00e0lisi Pros\u00f2dica de la Parla' \/><\/div><div class=\"iconbox-content\"><h3>Protocol sobre An\u00e0lisi Pros\u00f2dica de la Parla<\/h3><p>APP<\/p><\/div><\/div>[\/vc_column][vc_column text_align=&#8221;center&#8221; width=&#8221;1\/5&#8243;]<div class=\"iconbox  wpb_content_element iconbox-style-4 icon-color-accent color-dark clearfix\"><div class=\"iconbox-icon\"><img src='https:\/\/www.ub.edu\/lfa\/wp-content\/uploads\/2024\/06\/amp-icon_video_green.png' class='iconimg' alt='V\u00eddeos sobre An\u00e0lisi Pros\u00f2dica de la Parla' \/><\/div><div class=\"iconbox-content\"><h3>V\u00eddeos sobre An\u00e0lisi Pros\u00f2dica de la Parla<\/h3><p>APP<\/p><\/div><\/div>[\/vc_column][vc_column width=&#8221;1\/5&#8243;][\/vc_column][\/vc_row][vc_row top_padding=&#8221;0&#8243; bottom_padding=&#8221;100&#8243; class=&#8221;amp&#8221;][vc_column width=&#8221;1\/5&#8243;][\/vc_column][vc_column width=&#8221;1\/5&#8243;]<div onclick=\"location.href='https:\/\/github.com\/mimatruiz\/Melodic-Analysis-of-Speech-PRAAT-';\" style=\"cursor:pointer;\"><div class=\"iconbox  wpb_content_element iconbox-style-4 icon-color-accent color-dark clearfix\"><div class=\"iconbox-icon\"><img src='https:\/\/www.ub.edu\/lfa\/wp-content\/uploads\/2024\/06\/amp-icon_blue.png' class='iconimg' alt='Script de Praat d&#039;An\u00e0lisi Mel\u00f2dica de la Parla' \/><\/div><div class=\"iconbox-content\"><h3>Script de Praat d&#039;An\u00e0lisi Mel\u00f2dica de la Parla<\/h3><p>APP<\/p><\/div><\/div><\/div>[\/vc_column][vc_column width=&#8221;1\/5&#8243;]<div class=\"iconbox  wpb_content_element iconbox-style-4 icon-color-accent color-dark clearfix\"><div class=\"iconbox-icon\"><img src='https:\/\/www.ub.edu\/lfa\/wp-content\/uploads\/2024\/06\/amp-icon_protocol_blue.png' class='iconimg' alt='Protocol sobre An\u00e0lisi Mel\u00f2dica de la Parla' \/><\/div><div class=\"iconbox-content\"><h3>Protocol sobre An\u00e0lisi Mel\u00f2dica de la Parla<\/h3><p>APP<\/p><\/div><\/div>[\/vc_column][vc_column width=&#8221;1\/5&#8243;]<div class=\"iconbox  wpb_content_element iconbox-style-4 icon-color-accent color-dark clearfix\"><div class=\"iconbox-icon\"><img src='https:\/\/www.ub.edu\/lfa\/wp-content\/uploads\/2024\/06\/amp-icon_video_blue.png' class='iconimg' alt='V\u00eddeos sobre An\u00e0lisi Mel\u00f2dica de la Parla' \/><\/div><div class=\"iconbox-content\"><h3>V\u00eddeos sobre An\u00e0lisi Mel\u00f2dica de la Parla<\/h3><p>APP<\/p><\/div><\/div>[\/vc_column][vc_column width=&#8221;1\/5&#8243;][\/vc_column][\/vc_row][vc_row bg_image=&#8221;15550&#8243; bg_color=&#8221;#acc218&#8243; text_color=&#8221;light&#8221; text_align=&#8221;center&#8221; top_padding=&#8221;90&#8243; bottom_padding=&#8221;90&#8243; bg_position=&#8221;left top&#8221;][vc_column width=&#8221;1\/1&#8243;]<h2 class=\"headline font-special fontsize-xl fontweight-700 lh-16 align-center transform-uppercase \" style=\"margin: 0 0 40px 0;\">VOLS AMPLIAR INFORMACI\u00d3?<\/h2>[vc_column_text]<a href=\"mailto:lab.fon.aplicada@ub.edu\" target=\"_self\" class=\"button color-6 large \" style=\"border-radius: 2px;\">Correu Electr\u00f2nic<\/a>[\/vc_column_text][\/vc_column][\/vc_row]<\/p>\n","protected":false},"excerpt":{"rendered":"<p>[vc_row bg_image=&#8221;15585&#8243; bg_color=&#8221;#f9f9f9&#8243; top_padding=&#8221;90&#8243; bottom_padding=&#8221;90&#8243;][vc_column width=&#8221;1\/1&#8243;][\/vc_column][\/vc_row][vc_row text_align=&#8221;center&#8221; top_padding=&#8221;100&#8243; bottom_padding=&#8221;100&#8243; class=&#8221;app&#8221;][vc_column width=&#8221;1\/5&#8243;][\/vc_column][vc_column text_align=&#8221;center&#8221; width=&#8221;1\/5&#8243;][\/vc_column][vc_column text_align=&#8221;center&#8221; width=&#8221;1\/5&#8243;][\/vc_column][vc_column text_align=&#8221;center&#8221; width=&#8221;1\/5&#8243;][\/vc_column][vc_column width=&#8221;1\/5&#8243;][\/vc_column][\/vc_row][vc_row top_padding=&#8221;0&#8243; bottom_padding=&#8221;100&#8243; class=&#8221;amp&#8221;][vc_column width=&#8221;1\/5&#8243;][\/vc_column][vc_column width=&#8221;1\/5&#8243;][\/vc_column][vc_column width=&#8221;1\/5&#8243;][\/vc_column][vc_column width=&#8221;1\/5&#8243;][\/vc_column][vc_column width=&#8221;1\/5&#8243;][\/vc_column][\/vc_row][vc_row bg_image=&#8221;15550&#8243; bg_color=&#8221;#acc218&#8243; text_color=&#8221;light&#8221; text_align=&#8221;center&#8221; top_padding=&#8221;90&#8243; bottom_padding=&#8221;90&#8243; bg_position=&#8221;left top&#8221;][vc_column width=&#8221;1\/1&#8243;][vc_column_text][\/vc_column_text][\/vc_column][\/vc_row]<\/p>\n","protected":false},"author":1,"featured_media":0,"parent":0,"menu_order":0,"comment_status":"closed","ping_status":"closed","template":"","meta":{"footnotes":""},"class_list":["post-16282","page","type-page","status-publish","hentry"],"_links":{"self":[{"href":"https:\/\/www.ub.edu\/lfa\/wp-json\/wp\/v2\/pages\/16282","targetHints":{"allow":["GET"]}}],"collection":[{"href":"https:\/\/www.ub.edu\/lfa\/wp-json\/wp\/v2\/pages"}],"about":[{"href":"https:\/\/www.ub.edu\/lfa\/wp-json\/wp\/v2\/types\/page"}],"author":[{"embeddable":true,"href":"https:\/\/www.ub.edu\/lfa\/wp-json\/wp\/v2\/users\/1"}],"replies":[{"embeddable":true,"href":"https:\/\/www.ub.edu\/lfa\/wp-json\/wp\/v2\/comments?post=16282"}],"version-history":[{"count":27,"href":"https:\/\/www.ub.edu\/lfa\/wp-json\/wp\/v2\/pages\/16282\/revisions"}],"predecessor-version":[{"id":16328,"href":"https:\/\/www.ub.edu\/lfa\/wp-json\/wp\/v2\/pages\/16282\/revisions\/16328"}],"wp:attachment":[{"href":"https:\/\/www.ub.edu\/lfa\/wp-json\/wp\/v2\/media?parent=16282"}],"curies":[{"name":"wp","href":"https:\/\/api.w.org\/{rel}","templated":true}]}}