{"id":16315,"date":"2024-05-22T07:51:06","date_gmt":"2024-05-22T07:51:06","guid":{"rendered":"https:\/\/www.ub.edu\/lfa\/?page_id=16315"},"modified":"2024-06-11T09:56:11","modified_gmt":"2024-06-11T09:56:11","slug":"com-fem-un-discurs-oral-eficac","status":"publish","type":"page","link":"https:\/\/www.ub.edu\/lfa\/com-fem-un-discurs-oral-eficac\/","title":{"rendered":"Com fem un discurs oral efica\u00e7?"},"content":{"rendered":"<p>[vc_row bg_image=&#8221;15682&#8243; top_padding=&#8221;90&#8243; bottom_padding=&#8221;90&#8243;][vc_column width=&#8221;1\/1&#8243;]<h1 class=\"headline font-special fontsize-xxxl fontweight-inherit lh-inherit align-center transform-uppercase \" style=\"margin: 0 0 0 0; color: #ffffff;\">COM FEM UN DISCURS ORAL EFICA\u00c7?<\/h1>[\/vc_column][\/vc_row][vc_row top_padding=&#8221;80&#8243; bottom_padding=&#8221;80&#8243; bg_position=&#8221;left top&#8221;][vc_column width=&#8221;1\/2&#8243;]<h1 class=\"headline font-special fontsize-m fontweight-800 lh-inherit align-left transform-inherit \" style=\"margin: 0 0 20px 0;\">Com fem un discurs oral efica\u00e7? Com l&#8217;organitzem?<\/h1>[vc_column_text]Refer\u00e8ncia bibliogr\u00e0fica:<br \/>\nFont-Rotch\u00e9s, D., Montan\u00e9, M. A., Rius-Escud\u00e9, A., i Torras, F. (2024). <em>Com fem un discurs oral efica\u00e7? Com l&#8217;organitzem?\u00a0<\/em>[V\u00eddeo]. Universitat de Barcelona. <a href=\"http:\/\/hdl.handle.net\/2445\/211747\" target=\"_blank\" rel=\"noopener\">http:\/\/hdl.handle.net\/2445\/211747<\/a>[\/vc_column_text][\/vc_column][vc_column width=&#8221;1\/2&#8243;]<div class=\"video-embed  wpb_content_element\"><iframe loading=\"lazy\" title=\"Com fem un discurs oral efica\u00e7? Com l&#039;organitzem? - #Educaci\u00f3UB\" width=\"1161\" height=\"653\" src=\"https:\/\/www.youtube.com\/embed\/wrDcY4IeJSM?feature=oembed\" frameborder=\"0\" allow=\"accelerometer; autoplay; clipboard-write; encrypted-media; gyroscope; picture-in-picture; web-share\" referrerpolicy=\"strict-origin-when-cross-origin\" allowfullscreen><\/iframe><\/div>[\/vc_column][\/vc_row][vc_row bg_color=&#8221;#333333&#8243; top_padding=&#8221;80&#8243; bottom_padding=&#8221;80&#8243; bg_position=&#8221;left top&#8221;][vc_column width=&#8221;1\/2&#8243;]<div class=\"video-embed  wpb_content_element\"><iframe loading=\"lazy\" title=\"Com fem un discurs oral efica\u00e7? Com hi incorporem el llenguatge no verbal? - #Educaci\u00f3UB\" width=\"1161\" height=\"653\" src=\"https:\/\/www.youtube.com\/embed\/WXVUKA2WDdE?feature=oembed\" frameborder=\"0\" allow=\"accelerometer; autoplay; clipboard-write; encrypted-media; gyroscope; picture-in-picture; web-share\" referrerpolicy=\"strict-origin-when-cross-origin\" allowfullscreen><\/iframe><\/div>[\/vc_column][vc_column text_color=&#8221;light&#8221; width=&#8221;1\/2&#8243;]<h1 class=\"headline font-special fontsize-m fontweight-800 lh-inherit align-left transform-inherit \" style=\"margin: 0 0 20px 0;\">Com fem un discurs oral efica\u00e7? Com hi incorporem el llenguatge no verbal?<\/h1>[vc_column_text]Refer\u00e8ncia bibliogr\u00e0fica:<br \/>\nFont-Rotch\u00e9s, D., Montan\u00e9, M. A., Rius-Escud\u00e9, A., i Torras, F. (2024). <em>Com fem un discurs oral efica\u00e7? Com hi incorporem el llenguatge no verbal? <\/em>[V\u00eddeo]. Universitat de Barcelona. <a href=\"http:\/\/hdl.handle.net\/2445\/212520\" target=\"_blank\" rel=\"noopener\">http:\/\/hdl.handle.net\/2445\/212520<\/a>[\/vc_column_text][\/vc_column][\/vc_row][vc_row top_padding=&#8221;80&#8243; bottom_padding=&#8221;80&#8243; bg_position=&#8221;left top&#8221;][vc_column width=&#8221;1\/2&#8243;]<h1 class=\"headline font-special fontsize-m fontweight-800 lh-inherit align-left transform-inherit \" style=\"margin: 0 0 20px 0;\">Com fem un discurs oral efica\u00e7? Com l&#8217;oralitzem?<\/h1>[vc_column_text]Refer\u00e8ncia bibliogr\u00e0fica:<br \/>\nFont-Rotch\u00e9s, D., Montan\u00e9, M. A., Rius-Escud\u00e9, A., i Torras, F. (2024). <em>Com fem un discurs oral efica\u00e7? Com l&#8217;oralitzem? <\/em>[V\u00eddeo]. Universitat de Barcelona. <a href=\"http:\/\/hdl.handle.net\/2445\/212500\" target=\"_blank\" rel=\"noopener\">http:\/\/hdl.handle.net\/2445\/212500<\/a>[\/vc_column_text][\/vc_column][vc_column width=&#8221;1\/2&#8243;]<div class=\"video-embed  wpb_content_element\"><iframe loading=\"lazy\" title=\"Com fem un discurs oral efica\u00e7? Com l&#039;oralitzem? \u2013 #Educaci\u00f3UB\" width=\"1161\" height=\"653\" src=\"https:\/\/www.youtube.com\/embed\/vL4OuxNWCVY?feature=oembed\" frameborder=\"0\" allow=\"accelerometer; autoplay; clipboard-write; encrypted-media; gyroscope; picture-in-picture; web-share\" referrerpolicy=\"strict-origin-when-cross-origin\" allowfullscreen><\/iframe><\/div>[\/vc_column][\/vc_row][vc_row bg_color=&#8221;#333333&#8243; top_padding=&#8221;80&#8243; bottom_padding=&#8221;80&#8243; bg_position=&#8221;left top&#8221;][vc_column width=&#8221;1\/2&#8243;]<div class=\"video-embed  wpb_content_element\"><iframe loading=\"lazy\" title=\"Com fem un discurs oral efica\u00e7? Com dissenyem el suport visual? \u2013 #Educaci\u00f3UB\" width=\"1161\" height=\"653\" src=\"https:\/\/www.youtube.com\/embed\/Lq9BbbS0WDg?feature=oembed\" frameborder=\"0\" allow=\"accelerometer; autoplay; clipboard-write; encrypted-media; gyroscope; picture-in-picture; web-share\" referrerpolicy=\"strict-origin-when-cross-origin\" allowfullscreen><\/iframe><\/div>[\/vc_column][vc_column text_color=&#8221;light&#8221; width=&#8221;1\/2&#8243;]<h1 class=\"headline font-special fontsize-m fontweight-800 lh-inherit align-left transform-inherit \" style=\"margin: 0 0 20px 0;\">Com fem un discurs oral efica\u00e7? Com dissenyem el suport visual?<\/h1>[vc_column_text]Refer\u00e8ncia bibliogr\u00e0fica:<br \/>\nFont-Rotch\u00e9s, D., Montan\u00e9, M. A., Rius-Escud\u00e9, A., i Torras, F. (2024). <em>Com fem un discurs oral efica\u00e7? Com dissenyem el suport visual? <\/em>[V\u00eddeo]. Universitat de Barcelona. <a href=\"http:\/\/hdl.handle.net\/2445\/212541\" target=\"_blank\" rel=\"noopener\">http:\/\/hdl.handle.net\/2445\/212541<\/a>[\/vc_column_text][\/vc_column][\/vc_row][vc_row bg_image=&#8221;15550&#8243; text_color=&#8221;light&#8221; text_align=&#8221;center&#8221; top_padding=&#8221;90&#8243; bottom_padding=&#8221;90&#8243; bg_position=&#8221;left top&#8221;][vc_column width=&#8221;1\/1&#8243;]<h2 class=\"headline font-special fontsize-xl fontweight-700 lh-16 align-center transform-uppercase \" style=\"margin: 0 0 40px 0;\">VOLS AMPLIAR INFORMACI\u00d3?<\/h2>[vc_column_text]<a href=\"mailto:lab.fon.aplicada@ub.edu\" target=\"_self\" class=\"button color-6 large \" style=\"border-radius: 2px;\">Correu Electr\u00f2nic<\/a>[\/vc_column_text][\/vc_column][\/vc_row]<\/p>\n","protected":false},"excerpt":{"rendered":"<p>[vc_row bg_image=&#8221;15682&#8243; top_padding=&#8221;90&#8243; bottom_padding=&#8221;90&#8243;][vc_column width=&#8221;1\/1&#8243;][\/vc_column][\/vc_row][vc_row top_padding=&#8221;80&#8243; bottom_padding=&#8221;80&#8243; bg_position=&#8221;left top&#8221;][vc_column width=&#8221;1\/2&#8243;][vc_column_text]Refer\u00e8ncia bibliogr\u00e0fica: Font-Rotch\u00e9s, D., Montan\u00e9, M. A., Rius-Escud\u00e9, A., i Torras, F. (2024). Com fem un discurs oral efica\u00e7? Com l&#8217;organitzem?\u00a0[V\u00eddeo]. Universitat de Barcelona. http:\/\/hdl.handle.net\/2445\/211747[\/vc_column_text][\/vc_column][vc_column width=&#8221;1\/2&#8243;][\/vc_column][\/vc_row][vc_row bg_color=&#8221;#333333&#8243; top_padding=&#8221;80&#8243; bottom_padding=&#8221;80&#8243; bg_position=&#8221;left top&#8221;][vc_column width=&#8221;1\/2&#8243;][\/vc_column][vc_column text_color=&#8221;light&#8221; width=&#8221;1\/2&#8243;][vc_column_text]Refer\u00e8ncia bibliogr\u00e0fica: Font-Rotch\u00e9s, D., Montan\u00e9, M. A., Rius-Escud\u00e9, A., i Torras, F. (2024). Com fem un discurs oral efica\u00e7? Com hi incorporem el llenguatge no verbal? [V\u00eddeo]. Universitat de Barcelona. http:\/\/hdl.handle.net\/2445\/212520[\/vc_column_text][\/vc_column][\/vc_row][vc_row top_padding=&#8221;80&#8243; bottom_padding=&#8221;80&#8243; bg_position=&#8221;left top&#8221;][vc_column width=&#8221;1\/2&#8243;][vc_column_text]Refer\u00e8ncia bibliogr\u00e0fica: Font-Rotch\u00e9s, D., Montan\u00e9, M. A., Rius-Escud\u00e9, A., i Torras, F. (2024). Com fem un discurs oral efica\u00e7? Com l&#8217;oralitzem? [V\u00eddeo]. Universitat de Barcelona. http:\/\/hdl.handle.net\/2445\/212500[\/vc_column_text][\/vc_column][vc_column width=&#8221;1\/2&#8243;][\/vc_column][\/vc_row][vc_row bg_color=&#8221;#333333&#8243; top_padding=&#8221;80&#8243; bottom_padding=&#8221;80&#8243; bg_position=&#8221;left top&#8221;][vc_column width=&#8221;1\/2&#8243;][\/vc_column][vc_column text_color=&#8221;light&#8221; width=&#8221;1\/2&#8243;][vc_column_text]Refer\u00e8ncia bibliogr\u00e0fica: Font-Rotch\u00e9s, D., Montan\u00e9, M. A., Rius-Escud\u00e9, A., i Torras, F. (2024). Com fem un discurs oral efica\u00e7? Com dissenyem el suport visual? [V\u00eddeo]. Universitat de Barcelona. http:\/\/hdl.handle.net\/2445\/212541[\/vc_column_text][\/vc_column][\/vc_row][vc_row bg_image=&#8221;15550&#8243; text_color=&#8221;light&#8221; text_align=&#8221;center&#8221; top_padding=&#8221;90&#8243; bottom_padding=&#8221;90&#8243; bg_position=&#8221;left top&#8221;][vc_column width=&#8221;1\/1&#8243;][vc_column_text][\/vc_column_text][\/vc_column][\/vc_row]<\/p>\n","protected":false},"author":3,"featured_media":0,"parent":0,"menu_order":0,"comment_status":"closed","ping_status":"closed","template":"","meta":{"footnotes":""},"class_list":["post-16315","page","type-page","status-publish","hentry"],"_links":{"self":[{"href":"https:\/\/www.ub.edu\/lfa\/wp-json\/wp\/v2\/pages\/16315","targetHints":{"allow":["GET"]}}],"collection":[{"href":"https:\/\/www.ub.edu\/lfa\/wp-json\/wp\/v2\/pages"}],"about":[{"href":"https:\/\/www.ub.edu\/lfa\/wp-json\/wp\/v2\/types\/page"}],"author":[{"embeddable":true,"href":"https:\/\/www.ub.edu\/lfa\/wp-json\/wp\/v2\/users\/3"}],"replies":[{"embeddable":true,"href":"https:\/\/www.ub.edu\/lfa\/wp-json\/wp\/v2\/comments?post=16315"}],"version-history":[{"count":7,"href":"https:\/\/www.ub.edu\/lfa\/wp-json\/wp\/v2\/pages\/16315\/revisions"}],"predecessor-version":[{"id":16534,"href":"https:\/\/www.ub.edu\/lfa\/wp-json\/wp\/v2\/pages\/16315\/revisions\/16534"}],"wp:attachment":[{"href":"https:\/\/www.ub.edu\/lfa\/wp-json\/wp\/v2\/media?parent=16315"}],"curies":[{"name":"wp","href":"https:\/\/api.w.org\/{rel}","templated":true}]}}