{"id":16389,"date":"2024-06-04T15:23:43","date_gmt":"2024-06-04T15:23:43","guid":{"rendered":"https:\/\/www.ub.edu\/lfa\/?page_id=16389"},"modified":"2024-06-04T16:16:17","modified_gmt":"2024-06-04T16:16:17","slug":"noticies","status":"publish","type":"page","link":"https:\/\/www.ub.edu\/lfa\/noticies\/","title":{"rendered":"Not\u00edcies"},"content":{"rendered":"<p>[vc_row bg_image=&#8221;15678&#8243; bg_color=&#8221;#f9f9f9&#8243; top_padding=&#8221;90&#8243; bottom_padding=&#8221;90&#8243;][vc_column width=&#8221;1\/1&#8243;]<h1 class=\"headline font-special fontsize-xxxl fontweight-inherit lh-inherit align-center transform-uppercase \" style=\"margin: 0; color: #ffffff;\">Not\u00edcies<\/h1>[\/vc_column][\/vc_row][vc_row top_padding=&#8221;100&#8243;][vc_column width=&#8221;1\/1&#8243;]<div class=\"blog-shortcode blog-page blog-medium\"><div class=\"blog-wrap\"><article id=\"post-16630\" class=\"clearfix post-16630 post type-post status-publish format-standard has-post-thumbnail hentry category-sin-categorizar\">\n    \n        <div class=\"entry-image\">\n        <a href=\"https:\/\/www.ub.edu\/lfa\/es-publica-el-video-de-presentacio-del-grep\/\" title=\"Permalink to Es publica el v\u00eddeo de presentaci\u00f3 del GREP\" rel=\"bookmark\">\n            <img loading=\"lazy\" decoding=\"async\" width=\"600\" height=\"400\" src=\"https:\/\/www.ub.edu\/lfa\/wp-content\/uploads\/2025\/02\/video_grep-600x400.jpg\" class=\"attachment-portfolio size-portfolio wp-post-image\" alt=\"\" \/>        <\/a>\n    <\/div>\n        \n    <div class=\"entry-wrap\">\n\n        <div class=\"entry-title\">\n        \t<h2><a href=\"https:\/\/www.ub.edu\/lfa\/es-publica-el-video-de-presentacio-del-grep\/\" title=\"Permalink to Es publica el v\u00eddeo de presentaci\u00f3 del GREP\" rel=\"bookmark\">Es publica el v\u00eddeo de presentaci\u00f3 del GREP<\/a><\/h2>\n        <\/div>\n\n        <div class=\"entry-content\">\n        \tEn col\u00b7laboraci\u00f3 amb l\u2019Institut de Recerca en Educaci\u00f3 (IRE), la Facultat d\u2019Educaci\u00f3 de la Universitat de Barcelona ha treballat en la creaci\u00f3 de v\u00eddeos per a la presentaci\u00f3 dels grups... <a class=\"read-more-link\" href=\"https:\/\/www.ub.edu\/lfa\/es-publica-el-video-de-presentacio-del-grep\/\">read more  &rarr;<\/a>        <\/div>\n\n        <div class=\"entry-meta\">\n            <ul>\n\t\t\n\t\t<li class=\"meta-date\">24 de febrer de 2025<\/li>\n\t\t\t\t<li class=\"meta-author\"><a href=\"https:\/\/www.ub.edu\/lfa\/author\/amor\/\" title=\"View all posts by Amor Montan\u00e9\">Amor Montan\u00e9<\/a><\/li>\n\t\t\t\t\t\t\t<li class=\"meta-category\"><a href=\"https:\/\/www.ub.edu\/lfa\/es\/category\/sin-categorizar\/\" rel=\"category tag\">Sin categorizar<\/a><\/li>\n\t\t<\/ul>\n        <\/div>\n\n    <\/div>\n\n<\/article><!-- #post -->\n\n<div class=\"clear\"><\/div><article id=\"post-16614\" class=\"clearfix post-16614 post type-post status-publish format-standard has-post-thumbnail hentry category-sin-categorizar\">\n    \n        <div class=\"entry-image\">\n        <a href=\"https:\/\/www.ub.edu\/lfa\/el-grep-participa-al-xv-workshop-sobre-la-prosodia-del-catala-a-palma\/\" title=\"Permalink to El GREP participa al XV Workshop sobre la Pros\u00f2dia del Catal\u00e0 a Palma\" rel=\"bookmark\">\n            <img loading=\"lazy\" decoding=\"async\" width=\"600\" height=\"400\" src=\"https:\/\/www.ub.edu\/lfa\/wp-content\/uploads\/2024\/09\/20240906_workshop_mallorca-600x400.jpg\" class=\"attachment-portfolio size-portfolio wp-post-image\" alt=\"\" \/>        <\/a>\n    <\/div>\n        \n    <div class=\"entry-wrap\">\n\n        <div class=\"entry-title\">\n        \t<h2><a href=\"https:\/\/www.ub.edu\/lfa\/el-grep-participa-al-xv-workshop-sobre-la-prosodia-del-catala-a-palma\/\" title=\"Permalink to El GREP participa al XV Workshop sobre la Pros\u00f2dia del Catal\u00e0 a Palma\" rel=\"bookmark\">El GREP participa al XV Workshop sobre la Pros\u00f2dia del Catal\u00e0 a Palma<\/a><\/h2>\n        <\/div>\n\n        <div class=\"entry-content\">\n        \tEl divendres 6 de setembre va tenir lloc el XV Workshop sobre la Pros\u00f2dia del Catal\u00e0 a Palma (Mallorca). El va organitzar la Universitat de les Illes Balears (UIB), amb... <a class=\"read-more-link\" href=\"https:\/\/www.ub.edu\/lfa\/el-grep-participa-al-xv-workshop-sobre-la-prosodia-del-catala-a-palma\/\">read more  &rarr;<\/a>        <\/div>\n\n        <div class=\"entry-meta\">\n            <ul>\n\t\t\n\t\t<li class=\"meta-date\">18 de setembre de 2024<\/li>\n\t\t\t\t<li class=\"meta-author\"><a href=\"https:\/\/www.ub.edu\/lfa\/author\/amor\/\" title=\"View all posts by Amor Montan\u00e9\">Amor Montan\u00e9<\/a><\/li>\n\t\t\t\t\t\t\t<li class=\"meta-category\"><a href=\"https:\/\/www.ub.edu\/lfa\/es\/category\/sin-categorizar\/\" rel=\"category tag\">Sin categorizar<\/a><\/li>\n\t\t<\/ul>\n        <\/div>\n\n    <\/div>\n\n<\/article><!-- #post -->\n\n<div class=\"clear\"><\/div><article id=\"post-16605\" class=\"clearfix post-16605 post type-post status-publish format-standard has-post-thumbnail hentry category-sin-categorizar\">\n    \n        <div class=\"entry-image\">\n        <a href=\"https:\/\/www.ub.edu\/lfa\/es-publica-el-capitol-el-vocalisme-del-catala-i-els-sons-adjacents\/\" title=\"Permalink to Es publica el cap\u00edtol \u00abEl vocalisme del catal\u00e0 i els sons adjacents\u00bb\" rel=\"bookmark\">\n            <img loading=\"lazy\" decoding=\"async\" width=\"600\" height=\"400\" src=\"https:\/\/www.ub.edu\/lfa\/wp-content\/uploads\/2024\/07\/Homenatge-a-Anna-M.-Fernandez-Planas-600x400.jpg\" class=\"attachment-portfolio size-portfolio wp-post-image\" alt=\"\" \/>        <\/a>\n    <\/div>\n        \n    <div class=\"entry-wrap\">\n\n        <div class=\"entry-title\">\n        \t<h2><a href=\"https:\/\/www.ub.edu\/lfa\/es-publica-el-capitol-el-vocalisme-del-catala-i-els-sons-adjacents\/\" title=\"Permalink to Es publica el cap\u00edtol \u00abEl vocalisme del catal\u00e0 i els sons adjacents\u00bb\" rel=\"bookmark\">Es publica el cap\u00edtol \u00abEl vocalisme del catal\u00e0 i els sons adjacents\u00bb<\/a><\/h2>\n        <\/div>\n\n        <div class=\"entry-content\">\n        \tDolors Font-Rotch\u00e9s i Agn\u00e8s Rius-Escud\u00e9 han publicat la investigaci\u00f3 \"El vocalisme del catal\u00e0 i els sons adjacents\" en el llibre d'homenatge a la Dra. Anna M. Fern\u00e1ndez-Planas (1968-2021), Avances metodol\u00f3gicos... <a class=\"read-more-link\" href=\"https:\/\/www.ub.edu\/lfa\/es-publica-el-capitol-el-vocalisme-del-catala-i-els-sons-adjacents\/\">read more  &rarr;<\/a>        <\/div>\n\n        <div class=\"entry-meta\">\n            <ul>\n\t\t\n\t\t<li class=\"meta-date\">25 de juliol de 2024<\/li>\n\t\t\t\t<li class=\"meta-author\"><a href=\"https:\/\/www.ub.edu\/lfa\/author\/amor\/\" title=\"View all posts by Amor Montan\u00e9\">Amor Montan\u00e9<\/a><\/li>\n\t\t\t\t\t\t\t<li class=\"meta-category\"><a href=\"https:\/\/www.ub.edu\/lfa\/es\/category\/sin-categorizar\/\" rel=\"category tag\">Sin categorizar<\/a><\/li>\n\t\t<\/ul>\n        <\/div>\n\n    <\/div>\n\n<\/article><!-- #post -->\n\n<div class=\"clear\"><\/div><article id=\"post-16482\" class=\"clearfix post-16482 post type-post status-publish format-standard has-post-thumbnail hentry category-sin-categorizar\">\n    \n        <div class=\"entry-image\">\n        <a href=\"https:\/\/www.ub.edu\/lfa\/viviana-perez-defensa-la-tesi-la-entonacion-del-espanol-de-chile\/\" title=\"Permalink to Viviana P\u00e9rez defensa la tesi \u00abLa entonaci\u00f3n del espa\u00f1ol de Chile\u00bb\" rel=\"bookmark\">\n            <img loading=\"lazy\" decoding=\"async\" width=\"600\" height=\"400\" src=\"https:\/\/www.ub.edu\/lfa\/wp-content\/uploads\/2024\/06\/66177ced-8b55-493e-a85b-dc892f0bf711-1-600x400.jpg\" class=\"attachment-portfolio size-portfolio wp-post-image\" alt=\"\" \/>        <\/a>\n    <\/div>\n        \n    <div class=\"entry-wrap\">\n\n        <div class=\"entry-title\">\n        \t<h2><a href=\"https:\/\/www.ub.edu\/lfa\/viviana-perez-defensa-la-tesi-la-entonacion-del-espanol-de-chile\/\" title=\"Permalink to Viviana P\u00e9rez defensa la tesi \u00abLa entonaci\u00f3n del espa\u00f1ol de Chile\u00bb\" rel=\"bookmark\">Viviana P\u00e9rez defensa la tesi \u00abLa entonaci\u00f3n del espa\u00f1ol de Chile\u00bb<\/a><\/h2>\n        <\/div>\n\n        <div class=\"entry-content\">\n        \tEl dijous 30 de maig, Viviana P\u00e9rez va defensar la tesi \"La entonaci\u00f3n del espa\u00f1ol de Chile\", dirigida pel Dr. Francisco J. Cantero. Va obtenir la qualificaci\u00f3 d'excel\u00b7lent cum laude.        <\/div>\n\n        <div class=\"entry-meta\">\n            <ul>\n\t\t\n\t\t<li class=\"meta-date\">18 de juliol de 2024<\/li>\n\t\t\t\t<li class=\"meta-author\"><a href=\"https:\/\/www.ub.edu\/lfa\/author\/amor\/\" title=\"View all posts by Amor Montan\u00e9\">Amor Montan\u00e9<\/a><\/li>\n\t\t\t\t\t\t\t<li class=\"meta-category\"><a href=\"https:\/\/www.ub.edu\/lfa\/es\/category\/sin-categorizar\/\" rel=\"category tag\">Sin categorizar<\/a><\/li>\n\t\t<\/ul>\n        <\/div>\n\n    <\/div>\n\n<\/article><!-- #post -->\n\n<div class=\"clear\"><\/div><article id=\"post-16402\" class=\"clearfix post-16402 post type-post status-publish format-standard has-post-thumbnail hentry category-sin-categorizar\">\n    \n        <div class=\"entry-image\">\n        <a href=\"https:\/\/www.ub.edu\/lfa\/iii-workshop-sobre-analisi-prosodica-de-la-parla-divendres-7-de-juny-de-2024\/\" title=\"Permalink to III Workshop sobre An\u00e0lisi Pros\u00f2dica de la Parla, divendres 7 de juny de 2024\" rel=\"bookmark\">\n            <img loading=\"lazy\" decoding=\"async\" width=\"600\" height=\"400\" src=\"https:\/\/www.ub.edu\/lfa\/wp-content\/uploads\/2024\/06\/Diapositiva1-600x400.jpg\" class=\"attachment-portfolio size-portfolio wp-post-image\" alt=\"\" \/>        <\/a>\n    <\/div>\n        \n    <div class=\"entry-wrap\">\n\n        <div class=\"entry-title\">\n        \t<h2><a href=\"https:\/\/www.ub.edu\/lfa\/iii-workshop-sobre-analisi-prosodica-de-la-parla-divendres-7-de-juny-de-2024\/\" title=\"Permalink to III Workshop sobre An\u00e0lisi Pros\u00f2dica de la Parla, divendres 7 de juny de 2024\" rel=\"bookmark\">III Workshop sobre An\u00e0lisi Pros\u00f2dica de la Parla, divendres 7 de juny de 2024<\/a><\/h2>\n        <\/div>\n\n        <div class=\"entry-content\">\n        \tDivendres, 7 de juny de 2024 Ed. Llevant, 1a planta, aula 140 (Campus Mundet) Organitza: GREP        <\/div>\n\n        <div class=\"entry-meta\">\n            <ul>\n\t\t\n\t\t<li class=\"meta-date\">4 de juny de 2024<\/li>\n\t\t\t\t<li class=\"meta-author\"><a href=\"https:\/\/www.ub.edu\/lfa\/author\/eneutra\/\" title=\"View all posts by Eneutra\">Eneutra<\/a><\/li>\n\t\t\t\t\t\t\t<li class=\"meta-category\"><a href=\"https:\/\/www.ub.edu\/lfa\/es\/category\/sin-categorizar\/\" rel=\"category tag\">Sin categorizar<\/a><\/li>\n\t\t<\/ul>\n        <\/div>\n\n    <\/div>\n\n<\/article><!-- #post -->\n\n<div class=\"clear\"><\/div><article id=\"post-16443\" class=\"clearfix post-16443 post type-post status-publish format-standard has-post-thumbnail hentry category-sin-categorizar\">\n    \n        <div class=\"entry-image\">\n        <a href=\"https:\/\/www.ub.edu\/lfa\/es-publiquen-els-videos-com-fem-un-discurs-oral-eficac\/\" title=\"Permalink to Es publiquen els v\u00eddeos \u00abCom fem un discurs oral efica\u00e7?\u00bb\" rel=\"bookmark\">\n            <img loading=\"lazy\" decoding=\"async\" width=\"600\" height=\"400\" src=\"https:\/\/www.ub.edu\/lfa\/wp-content\/uploads\/2024\/05\/portada_gral-600x400.png\" class=\"attachment-portfolio size-portfolio wp-post-image\" alt=\"\" \/>        <\/a>\n    <\/div>\n        \n    <div class=\"entry-wrap\">\n\n        <div class=\"entry-title\">\n        \t<h2><a href=\"https:\/\/www.ub.edu\/lfa\/es-publiquen-els-videos-com-fem-un-discurs-oral-eficac\/\" title=\"Permalink to Es publiquen els v\u00eddeos \u00abCom fem un discurs oral efica\u00e7?\u00bb\" rel=\"bookmark\">Es publiquen els v\u00eddeos \u00abCom fem un discurs oral efica\u00e7?\u00bb<\/a><\/h2>\n        <\/div>\n\n        <div class=\"entry-content\">\n        \tEl projecte ling\u00fc\u00edstic de la Facultat d\u2019Educaci\u00f3 ha impulsat la creaci\u00f3 de quatre v\u00eddeos amb el t\u00edtol \u00abCom fem un discurs oral efica\u00e7?\u00bb, elaborats per docents de la secci\u00f3 de... <a class=\"read-more-link\" href=\"https:\/\/www.ub.edu\/lfa\/es-publiquen-els-videos-com-fem-un-discurs-oral-eficac\/\">read more  &rarr;<\/a>        <\/div>\n\n        <div class=\"entry-meta\">\n            <ul>\n\t\t\n\t\t<li class=\"meta-date\">3 de juny de 2024<\/li>\n\t\t\t\t<li class=\"meta-author\"><a href=\"https:\/\/www.ub.edu\/lfa\/author\/amor\/\" title=\"View all posts by Amor Montan\u00e9\">Amor Montan\u00e9<\/a><\/li>\n\t\t\t\t\t\t\t<li class=\"meta-category\"><a href=\"https:\/\/www.ub.edu\/lfa\/es\/category\/sin-categorizar\/\" rel=\"category tag\">Sin categorizar<\/a><\/li>\n\t\t<\/ul>\n        <\/div>\n\n    <\/div>\n\n<\/article><!-- #post -->\n\n<div class=\"clear\"><\/div><article id=\"post-12003\" class=\"clearfix post-12003 post type-post status-publish format-standard has-post-thumbnail hentry category-sin-categorizar\">\n    \n        <div class=\"entry-image\">\n        <a href=\"https:\/\/www.ub.edu\/lfa\/el-dr-francisco-jose-cantero-publica-el-llibre-dimensiones-de-la-oralidad\/\" title=\"Permalink to El Dr. Francisco Jos\u00e9 Cantero publica el llibre Dimensiones de la oralidad. Ed. Universidad Alberto Hurtado (Chile)\" rel=\"bookmark\">\n            <img loading=\"lazy\" decoding=\"async\" width=\"600\" height=\"400\" src=\"https:\/\/www.ub.edu\/lfa\/wp-content\/uploads\/2014\/12\/dimensiones-de-la-oralidad-600x400.jpg\" class=\"attachment-portfolio size-portfolio wp-post-image\" alt=\"\" \/>        <\/a>\n    <\/div>\n        \n    <div class=\"entry-wrap\">\n\n        <div class=\"entry-title\">\n        \t<h2><a href=\"https:\/\/www.ub.edu\/lfa\/el-dr-francisco-jose-cantero-publica-el-llibre-dimensiones-de-la-oralidad\/\" title=\"Permalink to El Dr. Francisco Jos\u00e9 Cantero publica el llibre Dimensiones de la oralidad. Ed. Universidad Alberto Hurtado (Chile)\" rel=\"bookmark\">El Dr. Francisco Jos\u00e9 Cantero publica el llibre Dimensiones de la oralidad. Ed. Universidad Alberto Hurtado (Chile)<\/a><\/h2>\n        <\/div>\n\n        <div class=\"entry-content\">\n        \tAquest llibre \u00e9s un recorregut instructiu i fascinant al m\u00f3n de la sonoritat i audibilitat humana, que progressivament ens apropa a les complexitats d'all\u00f2 que anomenem oralitat. Mitjan\u00e7ant una exhaustiva... <a class=\"read-more-link\" href=\"https:\/\/www.ub.edu\/lfa\/el-dr-francisco-jose-cantero-publica-el-llibre-dimensiones-de-la-oralidad\/\">read more  &rarr;<\/a>        <\/div>\n\n        <div class=\"entry-meta\">\n            <ul>\n\t\t\n\t\t<li class=\"meta-date\">2 de febrer de 2014<\/li>\n\t\t\t\t<li class=\"meta-author\"><a href=\"https:\/\/www.ub.edu\/lfa\/author\/eneutra\/\" title=\"View all posts by Eneutra\">Eneutra<\/a><\/li>\n\t\t\t\t\t\t\t<li class=\"meta-category\"><a href=\"https:\/\/www.ub.edu\/lfa\/es\/category\/sin-categorizar\/\" rel=\"category tag\">Sin categorizar<\/a><\/li>\n\t\t<\/ul>\n        <\/div>\n\n    <\/div>\n\n<\/article><!-- #post -->\n\n<div class=\"clear\"><\/div><\/div><\/div>[\/vc_column][\/vc_row][vc_row bg_image=&#8221;15550&#8243; bg_color=&#8221;#acc218&#8243; text_color=&#8221;light&#8221; text_align=&#8221;center&#8221; top_padding=&#8221;90&#8243; bottom_padding=&#8221;90&#8243; bg_position=&#8221;left top&#8221;][vc_column width=&#8221;1\/1&#8243;]<h2 class=\"headline font-special fontsize-xl fontweight-700 lh-16 align-center transform-uppercase \" style=\"margin: 0 0 40px 0;\">VOLS AMPLIAR INFORMACI\u00d3?<\/h2>[vc_column_text]<a href=\"mailto:lab.fon.aplicada@ub.edu\" target=\"_self\" class=\"button color-6 large \" style=\"border-radius: 2px;\">Correu Electr\u00f2nic<\/a>[\/vc_column_text][\/vc_column][\/vc_row]<\/p>\n","protected":false},"excerpt":{"rendered":"<p>[vc_row bg_image=&#8221;15678&#8243; bg_color=&#8221;#f9f9f9&#8243; top_padding=&#8221;90&#8243; bottom_padding=&#8221;90&#8243;][vc_column width=&#8221;1\/1&#8243;][\/vc_column][\/vc_row][vc_row top_padding=&#8221;100&#8243;][vc_column width=&#8221;1\/1&#8243;][\/vc_column][\/vc_row][vc_row bg_image=&#8221;15550&#8243; bg_color=&#8221;#acc218&#8243; text_color=&#8221;light&#8221; text_align=&#8221;center&#8221; top_padding=&#8221;90&#8243; bottom_padding=&#8221;90&#8243; bg_position=&#8221;left top&#8221;][vc_column width=&#8221;1\/1&#8243;][vc_column_text][\/vc_column_text][\/vc_column][\/vc_row]<\/p>\n","protected":false},"author":1,"featured_media":0,"parent":0,"menu_order":0,"comment_status":"closed","ping_status":"closed","template":"","meta":{"footnotes":""},"class_list":["post-16389","page","type-page","status-publish","hentry"],"_links":{"self":[{"href":"https:\/\/www.ub.edu\/lfa\/wp-json\/wp\/v2\/pages\/16389","targetHints":{"allow":["GET"]}}],"collection":[{"href":"https:\/\/www.ub.edu\/lfa\/wp-json\/wp\/v2\/pages"}],"about":[{"href":"https:\/\/www.ub.edu\/lfa\/wp-json\/wp\/v2\/types\/page"}],"author":[{"embeddable":true,"href":"https:\/\/www.ub.edu\/lfa\/wp-json\/wp\/v2\/users\/1"}],"replies":[{"embeddable":true,"href":"https:\/\/www.ub.edu\/lfa\/wp-json\/wp\/v2\/comments?post=16389"}],"version-history":[{"count":5,"href":"https:\/\/www.ub.edu\/lfa\/wp-json\/wp\/v2\/pages\/16389\/revisions"}],"predecessor-version":[{"id":16440,"href":"https:\/\/www.ub.edu\/lfa\/wp-json\/wp\/v2\/pages\/16389\/revisions\/16440"}],"wp:attachment":[{"href":"https:\/\/www.ub.edu\/lfa\/wp-json\/wp\/v2\/media?parent=16389"}],"curies":[{"name":"wp","href":"https:\/\/api.w.org\/{rel}","templated":true}]}}