{"id":2,"date":"2025-07-31T11:03:54","date_gmt":"2025-07-31T09:03:54","guid":{"rendered":"https:\/\/www.ub.edu\/master-art-impres\/?page_id=2"},"modified":"2025-10-07T12:26:57","modified_gmt":"2025-10-07T10:26:57","slug":"presentacio","status":"publish","type":"page","link":"https:\/\/www.ub.edu\/master-art-impres\/presentacio\/","title":{"rendered":"Presentaci\u00f3"},"content":{"rendered":"\n<div class=\"wp-block-columns alignwide columns-6-3 reverse is-layout-flex wp-container-core-columns-is-layout-28f84493 wp-block-columns-is-layout-flex\">\n<div class=\"wp-block-column highlighted is-layout-flow wp-block-column-is-layout-flow\">\n<p class=\"has-x-large-font-size\">El&nbsp;<strong>M\u00e0ster Art Impr\u00e8s i Edici\u00f3 d\u2019Artista<\/strong>&nbsp;proporciona una formaci\u00f3 integral en el camp de l\u2019edici\u00f3 d\u2019artista, el llibre d\u2019artista i l\u2019autoedici\u00f3 contempor\u00e0nia. Aporta els coneixements, les eines i l\u2019enfocament cr\u00edtic necessari per a entendre el context dels nous plantejaments art\u00edstics relacionats amb el camp de l\u2019art impr\u00e8s.<\/p>\n\n\n\n<p class=\"has-x-large-font-size\">Des del rigor acad\u00e8mic i la perspectiva ampliada aportada per un grup de professionals de l\u2019art contemporani en actiu, el m\u00e0ster ofereix una visi\u00f3 innovadora sobre les arts impreses en la seva relaci\u00f3 amb les humanitats i els actuals debats de la cultura i la societat.<\/p>\n\n\n\n<p class=\"has-x-large-font-size\">Investigaci\u00f3 art\u00edstica, producci\u00f3, comissariat o noves tecnologies se sumen a una nova forma d\u2019entendre el fet gr\u00e0fic, on la reproductibilitat es configura com a una eina d\u2019experimentaci\u00f3 i creaci\u00f3 de sentit.<\/p>\n\n\n\n<p class=\"has-x-large-font-size\">El m\u00e0ster est\u00e0 dirigit pels professors de la Universitat de Barcelona Eloi Puig i Txuma S\u00e1nchez, amb una extensa experi\u00e8ncia en l&#8217;edici\u00f3 d&#8217;artista, la gr\u00e0fica contempor\u00e0nia i la producci\u00f3 art\u00edstica.<\/p>\n<\/div>\n\n\n\n<div class=\"wp-block-column is-layout-flow wp-block-column-is-layout-flow\">\n<figure class=\"wp-block-image aligncenter size-full is-resized\"><img loading=\"lazy\" decoding=\"async\" width=\"1440\" height=\"1920\" data-attachment-id=\"743\" data-permalink=\"https:\/\/www.ub.edu\/master-art-impres\/presentacio\/presentacio-2\/\" data-orig-file=\"https:\/\/www.ub.edu\/master-art-impres\/wp-content\/uploads\/2025\/10\/presentacio.jpg\" data-orig-size=\"1440,1920\" data-comments-opened=\"0\" data-image-meta=\"{&quot;aperture&quot;:&quot;0&quot;,&quot;credit&quot;:&quot;&quot;,&quot;camera&quot;:&quot;&quot;,&quot;caption&quot;:&quot;&quot;,&quot;created_timestamp&quot;:&quot;0&quot;,&quot;copyright&quot;:&quot;&quot;,&quot;focal_length&quot;:&quot;0&quot;,&quot;iso&quot;:&quot;0&quot;,&quot;shutter_speed&quot;:&quot;0&quot;,&quot;title&quot;:&quot;&quot;,&quot;orientation&quot;:&quot;0&quot;}\" data-image-title=\"presentacio\" data-image-description=\"\" data-image-caption=\"\" data-medium-file=\"https:\/\/www.ub.edu\/master-art-impres\/wp-content\/uploads\/2025\/10\/presentacio-225x300.jpg\" data-large-file=\"https:\/\/www.ub.edu\/master-art-impres\/wp-content\/uploads\/2025\/10\/presentacio-768x1024.jpg\" src=\"https:\/\/www.ub.edu\/master-art-impres\/wp-content\/uploads\/2025\/10\/presentacio.jpg\" alt=\"\" class=\"wp-image-743\" style=\"aspect-ratio:3\/4;object-fit:cover;width:500px\" srcset=\"https:\/\/www.ub.edu\/master-art-impres\/wp-content\/uploads\/2025\/10\/presentacio.jpg 1440w, https:\/\/www.ub.edu\/master-art-impres\/wp-content\/uploads\/2025\/10\/presentacio-225x300.jpg 225w, https:\/\/www.ub.edu\/master-art-impres\/wp-content\/uploads\/2025\/10\/presentacio-768x1024.jpg 768w, https:\/\/www.ub.edu\/master-art-impres\/wp-content\/uploads\/2025\/10\/presentacio-1152x1536.jpg 1152w\" sizes=\"auto, (max-width: 1440px) 100vw, 1440px\" \/><\/figure>\n<\/div>\n<\/div>\n\n\n\n<hr class=\"wp-block-separator has-alpha-channel-opacity is-style-wide\"\/>\n\n\n\n<div class=\"wp-block-columns alignwide is-layout-flex wp-container-core-columns-is-layout-28f84493 wp-block-columns-is-layout-flex\">\n<div class=\"wp-block-column is-layout-flow wp-block-column-is-layout-flow\">\n<h2 class=\"wp-block-heading has-x-large-font-size\">A qui va dirigit?<\/h2>\n<\/div>\n\n\n\n<div class=\"wp-block-column is-layout-flow wp-block-column-is-layout-flow\" style=\"flex-basis:66.66%\">\n<p>El m\u00e0ster va dirigit preferentment a titulats i professionals en els \u00e0mbits de les arts pl\u00e0stiques, el disseny i les arts visuals. Pel seu contingut, aquest postgrau pot ser d\u2019inter\u00e8s per a professionals de la hist\u00f2ria de l&#8217;art, la pedagogia, les arts en viu i l&#8217;audiovisual entre altres disciplines relacionades amb el fet gr\u00e0fic.&nbsp;Als alumnes llicenciats se\u2019ls lliurar\u00e0 un t\u00edtol de m\u00e0ster, i als professionals i alumnes sense titulaci\u00f3, se\u2019ls lliurar\u00e0 un diploma superior universitari.<\/p>\n<\/div>\n<\/div>\n\n\n\n<hr class=\"wp-block-separator has-alpha-channel-opacity is-style-wide\"\/>\n\n\n\n<div class=\"wp-block-columns alignwide is-layout-flex wp-container-core-columns-is-layout-28f84493 wp-block-columns-is-layout-flex\">\n<div class=\"wp-block-column is-layout-flow wp-block-column-is-layout-flow\">\n<h2 class=\"wp-block-heading has-x-large-font-size\">Metodologia<\/h2>\n<\/div>\n\n\n\n<div class=\"wp-block-column is-layout-flow wp-block-column-is-layout-flow\" style=\"flex-basis:66.66%\">\n<p>El m\u00e0ster pret\u00e9n desenvolupar una actitud pr\u00e0ctica i experimental amb els conceptes, procediments i t\u00e8cniques pr\u00f2pies de l\u2019art gr\u00e0fic a partir de l\u2019inter\u00e8s de cada alumne i del seu projecte personal.<\/p>\n\n\n\n<p>Es treballar\u00e0 amb l\u2019encreuament de llenguatges de diversa proced\u00e8ncia: conceptes art\u00edstics a partir de l\u2019art experimental de les \u00faltimes d\u00e8cades i marcs conceptuals provinents de la gr\u00e0fica expandida, la investigaci\u00f3 art\u00edstica o els processos col\u00b7laboratius, entre d&#8217;altres. Es desenvolupar\u00e0 un m\u00e8tode de treball teoricopr\u00e0ctic basat en el pensament en xarxa, mitjan\u00e7ant la interrelaci\u00f3 i interconnexi\u00f3 de conceptes, enfocaments i obres art\u00edstiques, enteses com un proc\u00e9s h\u00edbrid entre coneixements i experi\u00e8ncies.&nbsp;<\/p>\n\n\n\n<p>S\u2019aplicar\u00e0 un sistema de treball pr\u00e0ctic basat en l\u2019experimentaci\u00f3 directa amb la producci\u00f3 gr\u00e0fica que implicar\u00e0 tot el proc\u00e9s, des de la ideaci\u00f3 i investigaci\u00f3 fins a la distribuci\u00f3 final d&#8217;una obra o projecte. L&#8217;estructura acumulativa d\u2019experi\u00e8ncies aix\u00ed com l&#8217;exploraci\u00f3 de diferents visions sobre la gr\u00e0fica, permetr\u00e0 a l&#8217;alumnat visualitzar una extensa panor\u00e0mica de la creaci\u00f3 actual lligada a l&#8217;edici\u00f3.<\/p>\n<\/div>\n<\/div>\n\n\n\n<hr class=\"wp-block-separator has-alpha-channel-opacity is-style-wide\"\/>\n\n\n\n<div class=\"wp-block-columns alignwide is-layout-flex wp-container-core-columns-is-layout-28f84493 wp-block-columns-is-layout-flex\">\n<div class=\"wp-block-column is-layout-flow wp-block-column-is-layout-flow\">\n<h2 class=\"wp-block-heading has-x-large-font-size\">Idiomes<\/h2>\n<\/div>\n\n\n\n<div class=\"wp-block-column is-layout-flow wp-block-column-is-layout-flow\" style=\"flex-basis:66.66%\">\n<p>Les classes es realitzen habitualment en castell\u00e0, sense que aix\u00f2 vulgui dir que alguns professors no puguin donar certes explicacions addicionals en altres idiomes als alumnes que aix\u00ed ho requereixin. No es requereix, per\u00f2, cap acreditaci\u00f3 de domini del castell\u00e0. Ocasionalment, alguns professors poden fer servir altres idiomes com l\u2019angl\u00e8s o el catal\u00e0.<\/p>\n<\/div>\n<\/div>\n","protected":false},"excerpt":{"rendered":"<p>El&nbsp;M\u00e0ster Art Impr\u00e8s i Edici\u00f3 d\u2019Artista&nbsp;proporciona una formaci\u00f3 integral en el camp de l\u2019edici\u00f3 d\u2019artista, el llibre d\u2019artista i l\u2019autoedici\u00f3 contempor\u00e0nia. Aporta els coneixements, les eines i l\u2019enfocament cr\u00edtic necessari per a entendre el context dels nous plantejaments art\u00edstics relacionats amb el camp de l\u2019art impr\u00e8s. Des del rigor acad\u00e8mic i la perspectiva ampliada aportada [&hellip;]<\/p>\n","protected":false},"author":1,"featured_media":0,"parent":0,"menu_order":0,"comment_status":"closed","ping_status":"open","template":"","meta":{"inline_featured_image":false,"footnotes":""},"class_list":["post-2","page","type-page","status-publish","hentry"],"_links":{"self":[{"href":"https:\/\/www.ub.edu\/master-art-impres\/wp-json\/wp\/v2\/pages\/2","targetHints":{"allow":["GET"]}}],"collection":[{"href":"https:\/\/www.ub.edu\/master-art-impres\/wp-json\/wp\/v2\/pages"}],"about":[{"href":"https:\/\/www.ub.edu\/master-art-impres\/wp-json\/wp\/v2\/types\/page"}],"author":[{"embeddable":true,"href":"https:\/\/www.ub.edu\/master-art-impres\/wp-json\/wp\/v2\/users\/1"}],"replies":[{"embeddable":true,"href":"https:\/\/www.ub.edu\/master-art-impres\/wp-json\/wp\/v2\/comments?post=2"}],"version-history":[{"count":25,"href":"https:\/\/www.ub.edu\/master-art-impres\/wp-json\/wp\/v2\/pages\/2\/revisions"}],"predecessor-version":[{"id":744,"href":"https:\/\/www.ub.edu\/master-art-impres\/wp-json\/wp\/v2\/pages\/2\/revisions\/744"}],"wp:attachment":[{"href":"https:\/\/www.ub.edu\/master-art-impres\/wp-json\/wp\/v2\/media?parent=2"}],"curies":[{"name":"wp","href":"https:\/\/api.w.org\/{rel}","templated":true}]}}