{"id":3922,"date":"2022-03-20T15:41:49","date_gmt":"2022-03-20T14:41:49","guid":{"rendered":"https:\/\/www.ub.edu\/master_ambiental\/master\/"},"modified":"2022-03-20T20:32:28","modified_gmt":"2022-03-20T19:32:28","slug":"master","status":"publish","type":"page","link":"https:\/\/www.ub.edu\/master_ambiental\/master\/?lang=ca","title":{"rendered":"M\u00e0ster"},"content":{"rendered":"\t\t<div data-elementor-type=\"wp-page\" data-elementor-id=\"3922\" class=\"elementor elementor-3922 elementor-284\" data-elementor-post-type=\"page\">\n\t\t\t\t\t\t<section class=\"elementor-section elementor-top-section elementor-element elementor-element-fdc3d4f elementor-section-full_width qode_elementor_container_inner elementor-section-height-default elementor-section-height-default parallax_section_no\" data-id=\"fdc3d4f\" data-element_type=\"section\" data-e-type=\"section\">\n\t\t\t\t\t\t<div class=\"elementor-container elementor-column-gap-default\">\n\t\t\t\t\t<div class=\"elementor-column elementor-col-50 elementor-top-column elementor-element elementor-element-f777044\" data-id=\"f777044\" data-element_type=\"column\" data-e-type=\"column\">\n\t\t\t<div class=\"elementor-widget-wrap elementor-element-populated\">\n\t\t\t\t\t\t<div class=\"elementor-element elementor-element-4eb2778 elementor-widget elementor-widget-image\" data-id=\"4eb2778\" data-element_type=\"widget\" data-e-type=\"widget\" data-widget_type=\"image.default\">\n\t\t\t\t\t\t\t\t\t\t\t\t\t\t\t<img fetchpriority=\"high\" decoding=\"async\" width=\"500\" height=\"700\" src=\"https:\/\/www.ub.edu\/master_ambiental\/wp-content\/uploads\/2021\/10\/estructura_master.jpg\" class=\"attachment-full size-full wp-image-3853\" alt=\"\" srcset=\"https:\/\/www.ub.edu\/master_ambiental\/wp-content\/uploads\/2021\/10\/estructura_master.jpg 500w, https:\/\/www.ub.edu\/master_ambiental\/wp-content\/uploads\/2021\/10\/estructura_master-214x300.jpg 214w\" sizes=\"(max-width: 500px) 100vw, 500px\" \/>\t\t\t\t\t\t\t\t\t\t\t\t\t\t\t<\/div>\n\t\t\t\t\t<\/div>\n\t\t<\/div>\n\t\t\t\t<div class=\"elementor-column elementor-col-50 elementor-top-column elementor-element elementor-element-73de69e\" data-id=\"73de69e\" data-element_type=\"column\" data-e-type=\"column\">\n\t\t\t<div class=\"elementor-widget-wrap elementor-element-populated\">\n\t\t\t\t\t\t<div class=\"elementor-element elementor-element-25f02ce elementor-widget elementor-widget-heading\" data-id=\"25f02ce\" data-element_type=\"widget\" data-e-type=\"widget\" data-widget_type=\"heading.default\">\n\t\t\t\t\t<h2 class=\"elementor-heading-title elementor-size-default\">Estructura del M\u00e0ster<\/h2>\t\t\t\t<\/div>\n\t\t\t\t<div class=\"elementor-element elementor-element-4bde5e0 elementor-widget elementor-widget-spacer\" data-id=\"4bde5e0\" data-element_type=\"widget\" data-e-type=\"widget\" data-widget_type=\"spacer.default\">\n\t\t\t\t\t\t\t<div class=\"elementor-spacer\">\n\t\t\t<div class=\"elementor-spacer-inner\"><\/div>\n\t\t<\/div>\n\t\t\t\t\t\t<\/div>\n\t\t\t\t<div class=\"elementor-element elementor-element-fa02813 elementor-widget elementor-widget-text-editor\" data-id=\"fa02813\" data-element_type=\"widget\" data-e-type=\"widget\" data-widget_type=\"text-editor.default\">\n\t\t\t\t\t\t\t\t\t<p>El M\u00e0ster \u00e9s un programa interuniversitari en qu\u00e8 participen la Universitat de Barcelona i la Universitat Aut\u00f2noma de Barcelona i el qual est\u00e0 adscrit a les Facultats de Psicologia de les dues universitats.<\/p><p> <\/p><p >Es compon de dos postgraus de durada anual:<\/p>\t\t\t\t\t\t\t\t<\/div>\n\t\t\t\t<div class=\"elementor-element elementor-element-cb5ab8d elementor-widget elementor-widget-text-editor\" data-id=\"cb5ab8d\" data-element_type=\"widget\" data-e-type=\"widget\" data-widget_type=\"text-editor.default\">\n\t\t\t\t\t\t\t\t\t<p>Es poden cursar independentment i superats els continguts dels respectius programes, donen dret als corresponents diplomes de postgrau.<\/p>\t\t\t\t\t\t\t\t<\/div>\n\t\t\t\t<div class=\"elementor-element elementor-element-616902a elementor-widget elementor-widget-bridge_unordered_list\" data-id=\"616902a\" data-element_type=\"widget\" data-e-type=\"widget\" data-widget_type=\"bridge_unordered_list.default\">\n\t\t\t\t<div class=\"elementor-widget-container\">\n\t\t\t\t\t<div class='q_list circle'><ul>\n \t<li>Postgrau en An\u00e0lisi i Intervenci\u00f3 Socio-Ambiental: Entorns Urbans, Comunitat i Sostenibilitat (AISA)<\/li>\n \t<li>Postgrau en Gesti\u00f3 Ambiental a l'Empresa i l'Administraci\u00f3 P\u00fablica: Recursos, Comunicaci\u00f3 i Canvi (GAEAP)<\/li>\n<\/ul><\/div>\t\t\t\t<\/div>\n\t\t\t\t<\/div>\n\t\t\t\t<div class=\"elementor-element elementor-element-fa0f7cf elementor-widget elementor-widget-text-editor\" data-id=\"fa0f7cf\" data-element_type=\"widget\" data-e-type=\"widget\" data-widget_type=\"text-editor.default\">\n\t\t\t\t\t\t\t\t\t<p>Aquesta organitzaci\u00f3 modular fa possible atendre la demanda de diferents sectors d&#8217;estudiants oferint una doble opci\u00f3:<\/p>\t\t\t\t\t\t\t\t<\/div>\n\t\t\t\t<div class=\"elementor-element elementor-element-38d57f0 elementor-widget elementor-widget-bridge_unordered_list\" data-id=\"38d57f0\" data-element_type=\"widget\" data-e-type=\"widget\" data-widget_type=\"bridge_unordered_list.default\">\n\t\t\t\t<div class=\"elementor-widget-container\">\n\t\t\t\t\t<div class='q_list circle'><ul>\n \t<li>El t\u00edtol de M\u00e0ster a qui vulgui tenir una formaci\u00f3 integral en temes d\u201fIntervenci\u00f3 i Gesti\u00f3 Ambiental (1 bienni).<\/li>\n \t<li>Un dels dos diplomes de Postgrau a qui necessiti una formaci\u00f3 espec\u00edfica i de menys durada (1 curs).<\/li>\n<\/ul><\/div>\t\t\t\t<\/div>\n\t\t\t\t<\/div>\n\t\t\t\t\t<\/div>\n\t\t<\/div>\n\t\t\t\t\t<\/div>\n\t\t<\/section>\n\t\t\t\t<section class=\"elementor-section elementor-top-section elementor-element elementor-element-0f699d1 elementor-section-boxed elementor-section-height-default elementor-section-height-default parallax_section_no qode_elementor_container_no\" data-id=\"0f699d1\" data-element_type=\"section\" data-e-type=\"section\">\n\t\t\t\t\t\t<div class=\"elementor-container elementor-column-gap-default\">\n\t\t\t\t\t<div class=\"elementor-column elementor-col-100 elementor-top-column elementor-element elementor-element-78c6fe7\" data-id=\"78c6fe7\" data-element_type=\"column\" data-e-type=\"column\">\n\t\t\t<div class=\"elementor-widget-wrap\">\n\t\t\t\t\t\t\t<\/div>\n\t\t<\/div>\n\t\t\t\t\t<\/div>\n\t\t<\/section>\n\t\t\t\t<section class=\"elementor-section elementor-top-section elementor-element elementor-element-7502582 elementor-section-boxed elementor-section-height-default elementor-section-height-default parallax_section_no qode_elementor_container_no\" data-id=\"7502582\" data-element_type=\"section\" data-e-type=\"section\">\n\t\t\t\t\t\t<div class=\"elementor-container elementor-column-gap-default\">\n\t\t\t\t\t<div class=\"elementor-column elementor-col-33 elementor-top-column elementor-element elementor-element-0d1e8e3\" data-id=\"0d1e8e3\" data-element_type=\"column\" data-e-type=\"column\">\n\t\t\t<div class=\"elementor-widget-wrap elementor-element-populated\">\n\t\t\t\t\t\t<div class=\"elementor-element elementor-element-f42a305 elementor-widget elementor-widget-video\" data-id=\"f42a305\" data-element_type=\"widget\" data-e-type=\"widget\" data-settings=\"{&quot;video_type&quot;:&quot;hosted&quot;,&quot;controls&quot;:&quot;yes&quot;}\" data-widget_type=\"video.default\">\n\t\t\t\t\t\t\t<div class=\"e-hosted-video elementor-wrapper elementor-open-inline\">\n\t\t\t\t\t<video class=\"elementor-video\" src=\"https:\/\/www.ub.edu\/master_ambiental\/wp-content\/uploads\/videos\/sergi_video.mp4\" controls=\"\" preload=\"metadata\" controlsList=\"nodownload\" poster=\"https:\/\/www.ub.edu\/master_ambiental\/\/wp-content\/uploads\/2021\/10\/caratula-sergi.jpg\"><\/video>\n\t\t\t\t<\/div>\n\t\t\t\t\t\t<\/div>\n\t\t\t\t\t<\/div>\n\t\t<\/div>\n\t\t\t\t<div class=\"elementor-column elementor-col-33 elementor-top-column elementor-element elementor-element-b18a2e4\" data-id=\"b18a2e4\" data-element_type=\"column\" data-e-type=\"column\">\n\t\t\t<div class=\"elementor-widget-wrap elementor-element-populated\">\n\t\t\t\t\t\t<div class=\"elementor-element elementor-element-333191c elementor-widget elementor-widget-video\" data-id=\"333191c\" data-element_type=\"widget\" data-e-type=\"widget\" data-settings=\"{&quot;video_type&quot;:&quot;hosted&quot;,&quot;controls&quot;:&quot;yes&quot;}\" data-widget_type=\"video.default\">\n\t\t\t\t\t\t\t<div class=\"e-hosted-video elementor-wrapper elementor-open-inline\">\n\t\t\t\t\t<video class=\"elementor-video\" src=\"https:\/\/www.ub.edu\/master_ambiental\/wp-content\/uploads\/videos\/emilia_video.mp4\" controls=\"\" preload=\"metadata\" controlsList=\"nodownload\" poster=\"https:\/\/www.ub.edu\/master_ambiental\/\/wp-content\/uploads\/2021\/10\/caratula-emilia.jpg\"><\/video>\n\t\t\t\t<\/div>\n\t\t\t\t\t\t<\/div>\n\t\t\t\t\t<\/div>\n\t\t<\/div>\n\t\t\t\t<div class=\"elementor-column elementor-col-33 elementor-top-column elementor-element elementor-element-46229c5\" data-id=\"46229c5\" data-element_type=\"column\" data-e-type=\"column\">\n\t\t\t<div class=\"elementor-widget-wrap elementor-element-populated\">\n\t\t\t\t\t\t<div class=\"elementor-element elementor-element-15ccb65 elementor-widget elementor-widget-video\" data-id=\"15ccb65\" data-element_type=\"widget\" data-e-type=\"widget\" data-settings=\"{&quot;video_type&quot;:&quot;hosted&quot;,&quot;controls&quot;:&quot;yes&quot;}\" data-widget_type=\"video.default\">\n\t\t\t\t\t\t\t<div class=\"e-hosted-video elementor-wrapper elementor-open-inline\">\n\t\t\t\t\t<video class=\"elementor-video\" src=\"https:\/\/www.ub.edu\/master_ambiental\/wp-content\/uploads\/videos\/enric_video.mp4\" controls=\"\" preload=\"metadata\" controlsList=\"nodownload\" poster=\"https:\/\/www.ub.edu\/master_ambiental\/\/wp-content\/uploads\/2021\/10\/caratula-enric.jpg\"><\/video>\n\t\t\t\t<\/div>\n\t\t\t\t\t\t<\/div>\n\t\t\t\t\t<\/div>\n\t\t<\/div>\n\t\t\t\t\t<\/div>\n\t\t<\/section>\n\t\t\t\t<section class=\"elementor-section elementor-top-section elementor-element elementor-element-00ecca2 elementor-section-boxed elementor-section-height-default elementor-section-height-default parallax_section_no qode_elementor_container_no\" data-id=\"00ecca2\" data-element_type=\"section\" data-e-type=\"section\">\n\t\t\t\t\t\t<div class=\"elementor-container elementor-column-gap-default\">\n\t\t\t\t\t<div class=\"elementor-column elementor-col-33 elementor-top-column elementor-element elementor-element-b789146\" data-id=\"b789146\" data-element_type=\"column\" data-e-type=\"column\">\n\t\t\t<div class=\"elementor-widget-wrap elementor-element-populated\">\n\t\t\t\t\t\t<div class=\"elementor-element elementor-element-d19ee7f elementor-widget elementor-widget-bridge_pricing_list\" data-id=\"d19ee7f\" data-element_type=\"widget\" data-e-type=\"widget\" data-widget_type=\"bridge_pricing_list.default\">\n\t\t\t\t<div class=\"elementor-widget-container\">\n\t\t\t\t\t\n        <div class=\"qode_pricing_list\">\n            <ul class=\"qode_pricing_list_holder\">\n                <li class=\"qode_pricing_list_item clearfix\"><div class=\"qode_pricing_item_text\"><h6 class=\"qode_pricing_item_title\" style=\"\">M\u00f2dul 1<\/br><\/br><\/h6><p style=\"\">Conceptes b\u00e0sics per a la intervenci\u00f3 socioambiental i la sostenibilitat<\/p><\/div><div class=\"qode_pricing_item_price\"><div class=\"qode_pricing_item_price_inner\"><span style=\"font-size: 14px;\">10 ects<\/span><\/div><\/div><\/li><li class=\"qode_pricing_list_item clearfix\"><div class=\"qode_pricing_item_text\"><h6 class=\"qode_pricing_item_title\" style=\"\">M\u00f2dul 2<\/br><\/br><\/h6><p style=\"\">Contextos urbans, participaci\u00f3 i educaci\u00f3 per a la sostenibilitat<\/p><\/div><div class=\"qode_pricing_item_price\"><div class=\"qode_pricing_item_price_inner\"><span style=\"font-size: 14px;\">10 ects<\/span><\/div><\/div><\/li><li class=\"qode_pricing_list_item clearfix\"><div class=\"qode_pricing_item_text\"><h6 class=\"qode_pricing_item_title\" style=\"\">M\u00f2dul TM-A<\/br><\/br><\/h6><p style=\"\">Tecnometodol\u00f2gic per a l'an\u00e0lisi i la intervenci\u00f3<\/p><\/div><div class=\"qode_pricing_item_price\"><div class=\"qode_pricing_item_price_inner\"><span style=\"font-size: 14px;\">10 ects<\/span><\/div><\/div><\/li><li class=\"qode_pricing_list_item clearfix\"><div class=\"qode_pricing_item_text\"><h6 class=\"qode_pricing_item_title\" style=\"\">Preu<\/h6><p style=\"\"><\/p><\/div><div class=\"qode_pricing_item_price\"><div class=\"qode_pricing_item_price_inner\"><span style=\"font-size: 14px;\">2.400\u20ac + 70\u20ac taxes<\/span><\/div><\/div><\/li>            <\/ul> <!-- close ul.qode_pricing_list_holder -->\n        <\/div> <!-- close div.qode_pricing_list -->\n\n        \t\t\t\t<\/div>\n\t\t\t\t<\/div>\n\t\t\t\t\t<\/div>\n\t\t<\/div>\n\t\t\t\t<div class=\"elementor-column elementor-col-33 elementor-top-column elementor-element elementor-element-d1de74c\" data-id=\"d1de74c\" data-element_type=\"column\" data-e-type=\"column\">\n\t\t\t<div class=\"elementor-widget-wrap elementor-element-populated\">\n\t\t\t\t\t\t<div class=\"elementor-element elementor-element-afed8c1 elementor-widget elementor-widget-bridge_pricing_list\" data-id=\"afed8c1\" data-element_type=\"widget\" data-e-type=\"widget\" data-widget_type=\"bridge_pricing_list.default\">\n\t\t\t\t<div class=\"elementor-widget-container\">\n\t\t\t\t\t\n        <div class=\"qode_pricing_list\">\n            <ul class=\"qode_pricing_list_holder\">\n                <li class=\"qode_pricing_list_item clearfix\"><div class=\"qode_pricing_item_text\"><h6 class=\"qode_pricing_item_title\" style=\"\">M\u00f2dul 1<\/br><\/br><\/h6><p style=\"\">Gesti\u00f3 ambiental i sostenibilitat<\/br><\/br><\/p><\/div><div class=\"qode_pricing_item_price\"><div class=\"qode_pricing_item_price_inner\"><span style=\"font-size: 14px;\">10 ects<\/span><\/div><\/div><\/li><li class=\"qode_pricing_list_item clearfix\"><div class=\"qode_pricing_item_text\"><h6 class=\"qode_pricing_item_title\" style=\"\">M\u00f2dul 2<\/br><\/br><\/h6><p style=\"\">Conceptes i experi\u00e8ncies per a la GAEAP<\/br><\/br><\/p><\/div><div class=\"qode_pricing_item_price\"><div class=\"qode_pricing_item_price_inner\"><span style=\"font-size: 14px;\">10 ects<\/span><\/div><\/div><\/li><li class=\"qode_pricing_list_item clearfix\"><div class=\"qode_pricing_item_text\"><h6 class=\"qode_pricing_item_title\" style=\"\">M\u00f2dul TM-G<\/br><\/br><\/h6><p style=\"\">Tecnometodol\u00f2gic per a la gesti\u00f3 ambiental<\/p><\/div><div class=\"qode_pricing_item_price\"><div class=\"qode_pricing_item_price_inner\"><span style=\"font-size: 14px;\">10 ects<\/span><\/div><\/div><\/li><li class=\"qode_pricing_list_item clearfix\"><div class=\"qode_pricing_item_text\"><h6 class=\"qode_pricing_item_title\" style=\"\">Preu<\/h6><p style=\"\"><\/p><\/div><div class=\"qode_pricing_item_price\"><div class=\"qode_pricing_item_price_inner\"><span style=\"font-size: 14px;\">2.400\u20ac + 70\u20ac taxes<\/span><\/div><\/div><\/li>            <\/ul> <!-- close ul.qode_pricing_list_holder -->\n        <\/div> <!-- close div.qode_pricing_list -->\n\n        \t\t\t\t<\/div>\n\t\t\t\t<\/div>\n\t\t\t\t\t<\/div>\n\t\t<\/div>\n\t\t\t\t<div class=\"elementor-column elementor-col-33 elementor-top-column elementor-element elementor-element-f0a44f2\" data-id=\"f0a44f2\" data-element_type=\"column\" data-e-type=\"column\">\n\t\t\t<div class=\"elementor-widget-wrap elementor-element-populated\">\n\t\t\t\t\t\t<div class=\"elementor-element elementor-element-5b05cde elementor-widget elementor-widget-bridge_pricing_list\" data-id=\"5b05cde\" data-element_type=\"widget\" data-e-type=\"widget\" data-widget_type=\"bridge_pricing_list.default\">\n\t\t\t\t<div class=\"elementor-widget-container\">\n\t\t\t\t\t\n        <div class=\"qode_pricing_list\">\n            <ul class=\"qode_pricing_list_holder\">\n                <li class=\"qode_pricing_list_item clearfix\"><div class=\"qode_pricing_item_text\"><h6 class=\"qode_pricing_item_title\" style=\"\">Postgrado AISA<\/br><\/br><\/h6><p style=\"\">An\u00e0lisi i intervenci\u00f3 socioambiental<\/br><\/p><\/div><div class=\"qode_pricing_item_price\"><div class=\"qode_pricing_item_price_inner\"><span style=\"font-size: 14px;\">30 ects<\/span><\/div><\/div><\/li><li class=\"qode_pricing_list_item clearfix\"><div class=\"qode_pricing_item_text\"><h6 class=\"qode_pricing_item_title\" style=\"\">Postgrado GAEAP<\/br><\/br><\/h6><p style=\"\">Gesti\u00f3 ambiental a l'empresa i administraci\u00f3 p\u00fablica<\/br><\/br><\/p><\/div><div class=\"qode_pricing_item_price\"><div class=\"qode_pricing_item_price_inner\"><span style=\"font-size: 14px;\">30 ects<\/span><\/div><\/div><\/li><li class=\"qode_pricing_list_item clearfix\"><div class=\"qode_pricing_item_text\"><h6 class=\"qode_pricing_item_title\" style=\"\">M\u00f3dulo P + R<\/br><\/br><\/h6><p style=\"\">Practicum (5 ects) + Projecte Final de M\u00e0ster (10ects)<\/p><\/div><div class=\"qode_pricing_item_price\"><div class=\"qode_pricing_item_price_inner\"><span style=\"font-size: 14px;\">15 ects<\/span><\/div><\/div><\/li><li class=\"qode_pricing_list_item clearfix\"><div class=\"qode_pricing_item_text\"><h6 class=\"qode_pricing_item_title\" style=\"\">Preu<\/h6><p style=\"\"><\/p><\/div><div class=\"qode_pricing_item_price\"><div class=\"qode_pricing_item_price_inner\"><span style=\"font-size: 14px;\">6.000\u20ac + 210\u20ac taxes<\/span><\/div><\/div><\/li>            <\/ul> <!-- close ul.qode_pricing_list_holder -->\n        <\/div> <!-- close div.qode_pricing_list -->\n\n        \t\t\t\t<\/div>\n\t\t\t\t<\/div>\n\t\t\t\t\t<\/div>\n\t\t<\/div>\n\t\t\t\t\t<\/div>\n\t\t<\/section>\n\t\t\t\t<section class=\"elementor-section elementor-top-section elementor-element elementor-element-1f1bec5 elementor-section-boxed elementor-section-height-default elementor-section-height-default parallax_section_no qode_elementor_container_no\" data-id=\"1f1bec5\" data-element_type=\"section\" data-e-type=\"section\">\n\t\t\t\t\t\t<div class=\"elementor-container elementor-column-gap-default\">\n\t\t\t\t\t<div class=\"elementor-column elementor-col-100 elementor-top-column elementor-element elementor-element-b7d6a0b\" data-id=\"b7d6a0b\" data-element_type=\"column\" data-e-type=\"column\">\n\t\t\t<div class=\"elementor-widget-wrap elementor-element-populated\">\n\t\t\t\t\t\t<div class=\"elementor-element elementor-element-eed2083 elementor-widget elementor-widget-spacer\" data-id=\"eed2083\" data-element_type=\"widget\" data-e-type=\"widget\" data-widget_type=\"spacer.default\">\n\t\t\t\t\t\t\t<div class=\"elementor-spacer\">\n\t\t\t<div class=\"elementor-spacer-inner\"><\/div>\n\t\t<\/div>\n\t\t\t\t\t\t<\/div>\n\t\t\t\t\t<\/div>\n\t\t<\/div>\n\t\t\t\t\t<\/div>\n\t\t<\/section>\n\t\t\t\t<\/div>\n\t\t","protected":false},"excerpt":{"rendered":"<p>Estructura del M\u00e0ster El M\u00e0ster \u00e9s un programa interuniversitari en qu\u00e8 participen la Universitat de Barcelona i la Universitat Aut\u00f2noma de Barcelona i el qual est\u00e0 adscrit a les Facultats de Psicologia de les dues universitats. Es compon de dos postgraus de durada anual: Es&#8230;<\/p>\n","protected":false},"author":1,"featured_media":0,"parent":0,"menu_order":0,"comment_status":"closed","ping_status":"closed","template":"full_width.php","meta":{"footnotes":""},"class_list":["post-3922","page","type-page","status-publish","hentry"],"_links":{"self":[{"href":"https:\/\/www.ub.edu\/master_ambiental\/wp-json\/wp\/v2\/pages\/3922","targetHints":{"allow":["GET"]}}],"collection":[{"href":"https:\/\/www.ub.edu\/master_ambiental\/wp-json\/wp\/v2\/pages"}],"about":[{"href":"https:\/\/www.ub.edu\/master_ambiental\/wp-json\/wp\/v2\/types\/page"}],"author":[{"embeddable":true,"href":"https:\/\/www.ub.edu\/master_ambiental\/wp-json\/wp\/v2\/users\/1"}],"replies":[{"embeddable":true,"href":"https:\/\/www.ub.edu\/master_ambiental\/wp-json\/wp\/v2\/comments?post=3922"}],"version-history":[{"count":7,"href":"https:\/\/www.ub.edu\/master_ambiental\/wp-json\/wp\/v2\/pages\/3922\/revisions"}],"predecessor-version":[{"id":4013,"href":"https:\/\/www.ub.edu\/master_ambiental\/wp-json\/wp\/v2\/pages\/3922\/revisions\/4013"}],"wp:attachment":[{"href":"https:\/\/www.ub.edu\/master_ambiental\/wp-json\/wp\/v2\/media?parent=3922"}],"curies":[{"name":"wp","href":"https:\/\/api.w.org\/{rel}","templated":true}]}}