{"id":3708,"date":"2014-04-10T10:58:52","date_gmt":"2014-04-10T10:58:52","guid":{"rendered":"https:\/\/www.ub.edu\/masterae\/?page_id=3708"},"modified":"2024-04-23T11:29:26","modified_gmt":"2024-04-23T11:29:26","slug":"contacto-informacion","status":"publish","type":"page","link":"https:\/\/www.ub.edu\/masterae\/contacto-informacion\/","title":{"rendered":"Contacto"},"content":{"rendered":"<div class=\"clr  \" ><div class=\"wpb_row vc_row-fluid   \">\n\t<div class=\"vc_span12 wpb_column column_container  vcex-skin-default \" >\n\t\t\t\n\t<div class=\"wpb_gmaps_widget wpb_content_element\">\n\t\t<div class=\"wpb_wrapper\"><div class=\"wpb_map_wraper\"><iframe width=\"100%\" height=\"300\" frameborder=\"0\" scrolling=\"no\" marginheight=\"0\" marginwidth=\"0\" src=\"https:\/\/www.google.com\/maps\/embed?pb=!1m18!1m12!1m3!1d2993.4605326252567!2d2.119808!3d41.385804!2m3!1f0!2f0!3f0!3m2!1i1024!2i768!4f13.1!3m3!1m2!1s0x12a4985836879a07%3A0x41dacfc1418777fc!2sUniversidad+de+Barcelona+Facultad+de+Biologia!5e0!3m2!1ses!2ses!4v1432717086289&amp;t=m&amp;z=14&amp;output=embed\"><\/iframe><\/div>\n\t\t<\/div> \n\t<\/div> <hr class=\"vcex-spacing \" style=\"height: 40px\" \/>\n\t<\/div> \n<\/div><\/div><div class=\"clr  \" ><div class=\"wpb_row vc_row-fluid  container \">\n\t<div class=\"vc_span12 wpb_column column_container  vcex-skin-default \" >\n\t\t\t<div class=\"clr  \" ><div class=\"wpb_row vc_row-fluid   \">\n\t<div class=\"vc_span8 wpb_column column_container  vcex-skin-default \" >\n\t\t\t<div class=\"vc_text_separator wpb_content_element separator_align_left vc_text_separator_four\"  style=\"font-size: 18;font-weight: 200;\"><span  style=\"color: #4090d6;\">\u00bfTienes alguna duda?<\/span><\/div>\n\n\t<div class=\"wpb_text_column wpb_content_element \">\n\t\t<div class=\"wpb_wrapper\">\n\t\t\t<p>Si tienes cualquier duda sobre el curso, su estructura o para acceder a la realizaci\u00f3n del mismo ponte en contacto con nosotros a trav\u00e9s de nuestros datos de contacto o rellenando el siguiente formulario.<\/p>\n\n\t\t<\/div> \n\t<\/div> <hr class=\"vcex-spacing \" style=\"height: 30px\" \/><div role=\"form\" class=\"wpcf7\" id=\"wpcf7-f5519-o1\" lang=\"es-ES\" dir=\"ltr\">\n<div class=\"screen-reader-response\"><p role=\"status\" aria-live=\"polite\" aria-atomic=\"true\"><\/p> <ul><\/ul><\/div>\n<form action=\"\/masterae\/wp-json\/wp\/v2\/pages\/3708#wpcf7-f5519-o1\" method=\"post\" class=\"wpcf7-form init\" novalidate=\"novalidate\" data-status=\"init\">\n<div style=\"display: none;\">\n<input type=\"hidden\" name=\"_wpcf7\" value=\"5519\" \/>\n<input type=\"hidden\" name=\"_wpcf7_version\" value=\"5.6.4\" \/>\n<input type=\"hidden\" name=\"_wpcf7_locale\" value=\"es_ES\" \/>\n<input type=\"hidden\" name=\"_wpcf7_unit_tag\" value=\"wpcf7-f5519-o1\" \/>\n<input type=\"hidden\" name=\"_wpcf7_container_post\" value=\"0\" \/>\n<input type=\"hidden\" name=\"_wpcf7_posted_data_hash\" value=\"\" \/>\n<\/div>\n<p>Los campos marcados con asterisco * son obligatorios.<\/p>\n<p>Nombre *<br \/>\n    <span class=\"wpcf7-form-control-wrap\" data-name=\"your-name\"><input type=\"text\" name=\"your-name\" value=\"\" size=\"40\" class=\"wpcf7-form-control wpcf7-text wpcf7-validates-as-required\" aria-required=\"true\" aria-invalid=\"false\" \/><\/span> <\/p>\n<p>Apellidos *<br \/>\n    <span class=\"wpcf7-form-control-wrap\" data-name=\"your-surname\"><input type=\"text\" name=\"your-surname\" value=\"\" size=\"40\" class=\"wpcf7-form-control wpcf7-text wpcf7-validates-as-required\" aria-required=\"true\" aria-invalid=\"false\" \/><\/span> <\/p>\n<p>E-mail *<br \/>\n    <span class=\"wpcf7-form-control-wrap\" data-name=\"your-email\"><input type=\"email\" name=\"your-email\" value=\"\" size=\"40\" class=\"wpcf7-form-control wpcf7-text wpcf7-email wpcf7-validates-as-required wpcf7-validates-as-email\" aria-required=\"true\" aria-invalid=\"false\" \/><\/span> <\/p>\n<p>Tel\u00e9fono *<br \/>\n<span class=\"wpcf7-form-control-wrap\" data-name=\"your-tel\"><input type=\"tel\" name=\"your-tel\" value=\"\" size=\"40\" class=\"wpcf7-form-control wpcf7-text wpcf7-tel wpcf7-validates-as-required wpcf7-validates-as-tel\" aria-required=\"true\" aria-invalid=\"false\" \/><\/span><\/p>\n<p>Pa\u00eds *<br \/>\n<span class=\"wpcf7-form-control-wrap\" data-name=\"your-pais\"><input type=\"text\" name=\"your-pais\" value=\"\" size=\"40\" class=\"wpcf7-form-control wpcf7-text wpcf7-validates-as-required\" aria-required=\"true\" aria-invalid=\"false\" \/><\/span><\/p>\n<p>\u00bfC\u00f3mo nos has conocido?<br \/>\n   <span class=\"wpcf7-form-control-wrap\" data-name=\"menu-conocido\"><select name=\"menu-conocido\" class=\"wpcf7-form-control wpcf7-select wpcf7-validates-as-required\" aria-required=\"true\" aria-invalid=\"false\"><option value=\"\">---<\/option><option value=\"Evento\">Evento<\/option><option value=\"Ferias\">Ferias<\/option><option value=\"Buscador\">Buscador<\/option><option value=\"Folleto\">Folleto<\/option><option value=\"Portal\">Portal<\/option><option value=\"Por un amigo\">Por un amigo<\/option><option value=\"Revista especializada\">Revista especializada<\/option><option value=\"Otra p\u00e1gina web\">Otra p\u00e1gina web<\/option><option value=\"Otros\">Otros<\/option><\/select><\/span><\/p>\n<p>Tu mensaje<br \/>\n    <span class=\"wpcf7-form-control-wrap\" data-name=\"your-message\"><textarea name=\"your-message\" cols=\"40\" rows=\"10\" class=\"wpcf7-form-control wpcf7-textarea\" aria-invalid=\"false\"><\/textarea><\/span> <\/p>\n<p><input type=\"submit\" value=\"Enviar\" class=\"wpcf7-form-control has-spinner wpcf7-submit\" \/><\/p>\n<div class=\"wpcf7-response-output\" aria-hidden=\"true\"><\/div><\/form><\/div>\n\t<\/div> \n\n\t<div class=\"vc_span4 wpb_column column_container  vcex-skin-default \" >\n\t\t\t<div class=\"vc_text_separator wpb_content_element separator_align_left vc_text_separator_four\"  style=\"font-size: 18;font-weight: 200;\"><span  style=\"color: #4090d6;\">Datos de contacto<\/span><\/div>\n\n\t<div class=\"wpb_text_column wpb_content_element \">\n\t\t<div class=\"wpb_wrapper\">\n\t\t\t<p>Puedes contactar con nosotros de martes a jueves de 10 a 14h en la siguiente direcci\u00f3n y tel\u00e9fono:<\/p>\n<p><span style=\"font-size: 16px;\"><strong>Giulia Santulli<br \/>\n<\/strong><\/span><\/p>\n<div><strong>Secretar\u00eda T\u00e9cnica<\/strong><\/div>\n<div><strong>M\u00e1ster de Agroecolog\u00eda y Agricultura Ecol\u00f3gica<\/strong><\/div>\n<div><strong>Departamento\u00a0de Biolog\u00eda Evolutiva,\u00a0<\/strong><\/div>\n<div><strong>Ecolog\u00eda y Ciencias Ambientales<\/strong><b><br \/>\n<\/b> <strong> Facultad de Biolog\u00eda<\/strong><br \/>\n<strong> Universidad de Barcelona<\/strong><br \/>\n<strong> Avenida Diagonal, 643<\/strong><br \/>\n<strong> 08028 Barcelona<\/strong><\/div>\n\n\t\t<\/div> \n\t<\/div> <hr class=\"vcex-spacing \" style=\"height: 10px\" \/><div class=\"vcex-list_item  textleft\"  style=\"font-size:14px;color: #000000;\"><span class=\"fa fa-mobile-phone\" style=\"color:#7dbd21;margin-right:10px;\"><\/span>679.578.588<\/div><div class=\"vcex-list_item  textleft\"  style=\"font-size:14px;color: #000000;\"><span class=\"fa fa-phone\" style=\"color:#7dbd21;margin-right:10px;\"><\/span>934.039.863<\/div><div class=\"vcex-list_item  textleft\"  style=\"font-size:14px;color: #000000;\"><a href=\"mailto:masterae@ub.edu\" title=\"masterae@ub.edu\" target=\"_blank\"><span class=\"fa fa-mail-forward\" style=\"color:#7dbd21;margin-right:10px;\"><\/span>masterae@ub.edu<\/a><\/div><hr class=\"vcex-spacing \" style=\"height: 10px\" \/>\n\t<\/div> \n<\/div><\/div><hr class=\"vcex-spacing \" style=\"height: 40px\" \/>\n\t<\/div> \n<\/div><\/div>\n","protected":false},"excerpt":{"rendered":"\u00bfTienes alguna duda? Si tienes cualquier duda sobre el curso, su estructura o para acceder a la realizaci\u00f3n del mismo ponte en contacto con nosotros a trav\u00e9s de nuestros datos de contacto o rellenando el siguiente formulario. Los campos marcados con asterisco * son obligatorios. Nombre * Apellidos * E-mail * Tel\u00e9fono * Pa\u00eds * \u00bfC\u00f3mo nos has conocido? ---EventoFeriasBuscadorFolletoPortalPor un amigoRevista especializadaOtra p\u00e1gina webOtros<br \/><a class=\"moretag\" href=\"https:\/\/www.ub.edu\/masterae\/contacto-informacion\/\"> Seguir leyendo...<\/a>","protected":false},"author":1,"featured_media":0,"parent":0,"menu_order":0,"comment_status":"open","ping_status":"open","template":"","meta":[],"_links":{"self":[{"href":"https:\/\/www.ub.edu\/masterae\/wp-json\/wp\/v2\/pages\/3708"}],"collection":[{"href":"https:\/\/www.ub.edu\/masterae\/wp-json\/wp\/v2\/pages"}],"about":[{"href":"https:\/\/www.ub.edu\/masterae\/wp-json\/wp\/v2\/types\/page"}],"author":[{"embeddable":true,"href":"https:\/\/www.ub.edu\/masterae\/wp-json\/wp\/v2\/users\/1"}],"replies":[{"embeddable":true,"href":"https:\/\/www.ub.edu\/masterae\/wp-json\/wp\/v2\/comments?post=3708"}],"version-history":[{"count":64,"href":"https:\/\/www.ub.edu\/masterae\/wp-json\/wp\/v2\/pages\/3708\/revisions"}],"predecessor-version":[{"id":7015,"href":"https:\/\/www.ub.edu\/masterae\/wp-json\/wp\/v2\/pages\/3708\/revisions\/7015"}],"wp:attachment":[{"href":"https:\/\/www.ub.edu\/masterae\/wp-json\/wp\/v2\/media?parent=3708"}],"curies":[{"name":"wp","href":"https:\/\/api.w.org\/{rel}","templated":true}]}}