{"id":3739,"date":"2014-04-04T09:11:59","date_gmt":"2014-04-04T09:11:59","guid":{"rendered":"https:\/\/www.ub.edu\/masterae\/?page_id=3739"},"modified":"2024-04-23T11:16:51","modified_gmt":"2024-04-23T11:16:51","slug":"colaboradores-clases-practicas","status":"publish","type":"page","link":"https:\/\/www.ub.edu\/masterae\/colaboradores-clases-practicas\/","title":{"rendered":"Colaboradores clases pr\u00e1cticas"},"content":{"rendered":"<div class=\"clr  \" ><div class=\"wpb_row vc_row-fluid   \">\n\t<div class=\"vc_span12 wpb_column column_container  vcex-skin-default \" >\n\t\t\t<h1 class=\"vc_text_separator wpb_content_element separator_align_left vc_text_separator_one\"  style=\"font-size: 32;font-weight: 200;\"><span  style=\"color: #dd8f1a;\">Empresas y organismos colaboradores<\/span><\/h1>\n\n\t<div class=\"wpb_text_column wpb_content_element \">\n\t\t<div class=\"wpb_wrapper\">\n\t\t\t<p>Estas son las empresas y organismos que colaboran con el Master en Agroecolog\u00eda y Agricultura ecol\u00f3gica.<\/p>\n<p>Muchas gracias por su colaboraci\u00f3n.<\/p>\n\n\t\t<\/div> \n\t<\/div> <hr class=\"vcex-spacing \" style=\"height: 60px\" \/>\n\t<\/div> \n<\/div><\/div>\n\n\n<div class=\"clr  \" ><div class=\"wpb_row vc_row-fluid   \">\n\t<div class=\"vc_span3 wpb_column column_container  vcex-skin-default \" >\n\t\t\t<article class=\"vcex-teaser vcex-teaser-three vcex-text-align-left \"><a href=\"http:\/\/www.albetinoya.com\/\" title=\"Albert i Noya\" class=\"vcex-teaser-link\" target=\"_blank\" rel=\"\"><figure class=\"vcex-teaser-media\"><img src=\"https:\/\/www.ub.edu\/masterae\/wp-content\/uploads\/2014\/04\/logocolaborador1.jpg\" alt=\"\" \/><\/figure><div class=\"vcex-teaser-content clr\"><h3 class=\"vcex-teaser-heading\">Albert i Noya<\/h3><\/a><div class=\"vcex-teaser-text clr\"><span style=\"font-size: 13px;\"><span style=\"line-height: 1.5em;\">Pioneros en vi\u00f1edos y vinos ecol\u00f3gicos.&nbsp;<\/span><\/span><\/p>\n<p><span style=\"font-size: 13px;\">Actualmente controlan 80.6 hect\u00e1reas dedicadas al cultivo de la vi\u00f1a, y compran tambi\u00e9n uva de agricultores locales que se han convertido al cultivo ecol\u00f3gico, dando asesoramiento en el cultivo para garantizar la m\u00e1xima calidad de la uva.<\/span><\/div><\/div><\/article>\n\t<\/div> \n\n\t<div class=\"vc_span3 wpb_column column_container  vcex-skin-default \"  style=\"border-color: #eaeaea;border-style: solid;\">\n\t\t\t<article class=\"vcex-teaser vcex-teaser-three vcex-text-align-left \"><a href=\"http:\/\/www.altaalella.cat\" title=\"Alta Alella\" class=\"vcex-teaser-link\" target=\"_blank\" rel=\"\"><figure class=\"vcex-teaser-media\"><img src=\"https:\/\/www.ub.edu\/masterae\/wp-content\/uploads\/2014\/04\/logocolaborador2.jpg\" alt=\"\" \/><\/figure><div class=\"vcex-teaser-content clr\"><h3 class=\"vcex-teaser-heading\">Alta Alella<\/h3><\/a><div class=\"vcex-teaser-text clr\"><p style=\"text-align: left;\">Es la bodega m\u00e1s pr\u00f3xima a Barcelona y sus vinos ecol\u00f3gicos est\u00e1n presentes en las cartas de algunos de los mejores restaurantes del mundo.<br \/>\nEs una bodega moderna donde desde el inicio, la agricultura ecol\u00f3gica y el respeto por el entorno y la naturaleza han sido las bases para elaborar vinos y cavas.<\/p>\n<\/div><\/div><\/article>\n\t<\/div> \n\n\t<div class=\"vc_span3 wpb_column column_container  vcex-skin-default \" >\n\t\t\t<article class=\"vcex-teaser vcex-teaser-three vcex-text-align-left \"><a href=\"http:\/\/www.camposeven.com\/\" title=\"Camposeven\" class=\"vcex-teaser-link\" target=\"_blank\" rel=\"\"><figure class=\"vcex-teaser-media\"><img src=\"https:\/\/www.ub.edu\/masterae\/wp-content\/uploads\/2014\/04\/logocolaborador3.jpg\" alt=\"\" \/><\/figure><div class=\"vcex-teaser-content clr\"><h3 class=\"vcex-teaser-heading\">Camposeven<\/h3><\/a><div class=\"vcex-teaser-text clr\"><p>Compuesta por 10 socios con una experiencia agr\u00edcola de m\u00e1s de 40 a\u00f1os. Cuentan con 823 hect\u00e1reas de terreno agr\u00edcola, 61 de las cuales son de invernaderos.&nbsp;Han evolucionado durante su trayectoria a las m\u00e1s modernas t\u00e9cnicas de cultivo totalmente saludables para garantizar un producto sano y fresco al consumidor.<\/p>\n<\/div><\/div><\/article>\n\t<\/div> \n\n\t<div class=\"vc_span3 wpb_column column_container  vcex-skin-default \" >\n\t\t\t<article class=\"vcex-teaser vcex-teaser-three vcex-text-align-left \"><a href=\"http:\/\/www.canmaia.com\" title=\"Can Maia\" class=\"vcex-teaser-link\" target=\"_blank\" rel=\"\"><figure class=\"vcex-teaser-media\"><img src=\"https:\/\/www.ub.edu\/masterae\/wp-content\/uploads\/2014\/04\/logocolaborador4.jpg\" alt=\"\" \/><\/figure><div class=\"vcex-teaser-content clr\"><h3 class=\"vcex-teaser-heading\">Can Maia<\/h3><\/a><div class=\"vcex-teaser-text clr\"><p style=\"text-align: left;\">&#8216;Can Maia Verdures i&nbsp;conserves&#8217; &nbsp;\u00e9s una petita&nbsp;finca d&#8217;horta de agricultura ecol\u00f2gica on s&#8217;elaboren conserves amb les verdures que s&#8217;hi conreen.&nbsp;A Can Maia v\u00e0rem comen\u00e7ar a conrear verdures a partir de l&#8217;any 1996 i des del 2000 a elaborar conserves, tot sota els criteris i l&#8217;aval de l&#8217;agricultura ecol\u00f2gica.<\/p>\n<\/div><\/div><\/article>\n\t<\/div> \n<\/div><\/div>\n\n\n<div class=\"clr  \" ><div class=\"wpb_row vc_row-fluid   \">\n\t<div class=\"vc_span12 wpb_column column_container  vcex-skin-default \" >\n\t\t\t<div class=\"vcex-divider-with-icon dotted \"  style=\"margin-bottom: 20px;margin-top: 20px;\"><i class=\"fa fa-None\"  style=\"font-size: 14px;\"><\/i><\/div><div class=\"clr  \" ><div class=\"wpb_row vc_row-fluid   \">\n\t<div class=\"vc_span3 wpb_column column_container  vcex-skin-default \" >\n\t\t\t<article class=\"vcex-teaser vcex-teaser-three vcex-text-align-left \"><a href=\"http:\/\/www.casapareja.es\/\" title=\"Casa Pareja\" class=\"vcex-teaser-link\" target=\"_blank\" rel=\"\"><figure class=\"vcex-teaser-media\"><img src=\"https:\/\/www.ub.edu\/masterae\/wp-content\/uploads\/2014\/04\/logocolaborador5.jpg\" alt=\"\" \/><\/figure><div class=\"vcex-teaser-content clr\"><h3 class=\"vcex-teaser-heading\">Casa Pareja<\/h3><\/a><div class=\"vcex-teaser-text clr\"><p style=\"text-align: left;\">Desde finales del siglo XIX la familia Molina cultiva la finca CASA PAREJA en Jumilla (Murcia). Elabora aceite de oliva virgen de sus cosechas. Hoy en d\u00eda la quinta generaci\u00f3n est\u00e1 al frente de la empresa, dirigiendo su marcha hacia la agricultura ecol\u00f3gica.<\/p>\n<\/div><\/div><\/article>\n\t<\/div> \n\n\t<div class=\"vc_span3 wpb_column column_container  vcex-skin-default \" >\n\t\t\t<article class=\"vcex-teaser vcex-teaser-one vcex-text-align-left \"><a href=\"http:\/\/www.cortijosydehesa.com\/nuestra-dehesa\/\" title=\"Cortijos y Dehesa\" class=\"vcex-teaser-link\" target=\"_blank\" rel=\"\"><figure class=\"vcex-teaser-media\"><img src=\"https:\/\/www.ub.edu\/masterae\/wp-content\/uploads\/2014\/04\/cortijosdehesa.jpg\" alt=\"\" \/><\/figure><div class=\"vcex-teaser-content clr\"><h2 class=\"vcex-teaser-heading\">Cortijos y Dehesa<\/h2><\/a><div class=\"vcex-teaser-text clr\"><p style=\"text-align: left;\">Cortijos y Dehesa engloba a tres alojamientos enclavados en el Valle de los Pedroches, al norte de la provincia de C\u00f3rdoba, dentro de la mayor reserva de encinar de Europa.&nbsp;Integrados en una explotaci\u00f3n agroganadera, el ganado pasta libremente pudiendo disfrutar de la oveja merina, el cerdo ib\u00e9rico, la vaca retinta y los caballos de pura raza espa\u00f1ola.<\/p>\n<\/div><\/div><\/article>\n\t<\/div> \n\n\t<div class=\"vc_span3 wpb_column column_container  vcex-skin-default \" >\n\t\t\t<article class=\"vcex-teaser vcex-teaser-one vcex-text-align-left \"><a href=\"http:\/\/www.calpauet.cat\/\" title=\"Cal Pauet\" class=\"vcex-teaser-link\" target=\"_blank\" rel=\"\"><figure class=\"vcex-teaser-media\"><img src=\"https:\/\/www.ub.edu\/masterae\/wp-content\/uploads\/2014\/04\/cal-pauet.png\" alt=\"\" \/><\/figure><div class=\"vcex-teaser-content clr\"><h2 class=\"vcex-teaser-heading\">Cal Pauet<\/h2><\/a><div class=\"vcex-teaser-text clr\"><div align=\"left\">Cal Pauet \u00e9s una finca de 200 hect\u00e0rees, 85 de les quals de conreu, situada al terme de l\u2019Espunyola, al Bergued\u00e0.<\/div>\n<div align=\"left\">La hist\u00f2ria de Cal Pauet \u00e9s la d\u2019una fam\u00edlia pagesa conven\u00e7uda de les seves arrels i de la import\u00e0ncia de tenir cura de l\u2019entorn, de mantenir la saviesa tradicional del lloc i d\u2019oferir a la poblaci\u00f3 aliments saludables i bons.<\/div>\n<div align=\"left\"><\/div>\n<\/div><\/div><\/article>\n\t<\/div> \n\n\t<div class=\"vc_span3 wpb_column column_container  vcex-skin-default \" >\n\t\t\t<article class=\"vcex-teaser vcex-teaser-three vcex-text-align-left \"><a href=\"http:\/\/www.masmarce.com\/\" title=\"Mas Marc\u00e8. Formatge de pastor.\" class=\"vcex-teaser-link\" target=\"_blank\" rel=\"\"><figure class=\"vcex-teaser-media\"><img src=\"https:\/\/www.ub.edu\/masterae\/wp-content\/uploads\/2014\/04\/mas-merce.jpg\" alt=\"\" \/><\/figure><div class=\"vcex-teaser-content clr\"><h3 class=\"vcex-teaser-heading\">Mas Marc\u00e8. Formatge de pastor.<\/h3><\/a><div class=\"vcex-teaser-text clr\"><p style=\"text-align: left;\">Productos tradicionales y ecol\u00f3gicos elaborados con leche de oveja ripollesa y cuajo vegetal herbacol. Recocido, yogures, leche, cuajada, quesos y cordero. Aceite de oliva y lana.<\/p>\n<\/div><\/div><\/article>\n\t<\/div> \n<\/div><\/div><div class=\"vcex-divider-with-icon dotted \"  style=\"margin-bottom: 20px;margin-top: 20px;\"><i class=\"fa fa-None\"  style=\"font-size: 14px;\"><\/i><\/div><div class=\"clr  \" ><div class=\"wpb_row vc_row-fluid   \">\n\t<div class=\"vc_span3 wpb_column column_container  vcex-skin-default \" >\n\t\t\t<article class=\"vcex-teaser vcex-teaser-three vcex-text-align-left \"><a href=\"http:\/\/www.espairuralgallecs.cat\/\" title=\"Consorci de Gallecs\" class=\"vcex-teaser-link\" target=\"_blank\" rel=\"\"><figure class=\"vcex-teaser-media\"><img src=\"https:\/\/www.ub.edu\/masterae\/wp-content\/uploads\/2014\/04\/consorci-gallecs1.jpg\" alt=\"\" \/><\/figure><div class=\"vcex-teaser-content clr\"><h3 class=\"vcex-teaser-heading\">Consorci de Gallecs<\/h3><\/a><div class=\"vcex-teaser-text clr\"><p style=\"text-align: left;\">La finalidad de la gesti\u00f3n de Gallecs es conseguir un equilibrio entre la agricultura (elemento principal para el equilibrio econ\u00f3mico y social del espacio), el medio natural i el uso p\u00fablico compatible con los dos componentes anteriores.<\/p>\n<\/div><\/div><\/article>\n\t<\/div> \n\n\t<div class=\"vc_span3 wpb_column column_container  vcex-skin-default \" >\n\t\t\t<article class=\"vcex-teaser vcex-teaser-three vcex-text-align-left \"><figure class=\"vcex-teaser-media\"><img src=\"https:\/\/www.ub.edu\/masterae\/wp-content\/uploads\/2014\/04\/ballara1.jpg\" alt=\"\" \/><\/figure><div class=\"vcex-teaser-content clr\"><h3 class=\"vcex-teaser-heading\">EcoBallar\u00e0<\/h3><div class=\"vcex-teaser-text clr\"><p style=\"text-align: left;\">Hacemos venta directa en la explotaci\u00f3n y a domicilio durante todo el a\u00f1o, exceptuando los meses de Julio y Agosto. Os ofrecemos la posibilidad de visitar nuestra explotaci\u00f3n, especialmente de Marzo a Julio y los meses de Octubre y Noviembre. Tambi\u00e9n realizamos visitas para universidades.<\/p>\n<\/div><\/div><\/article>\n\t<\/div> \n\n\t<div class=\"vc_span3 wpb_column column_container  vcex-skin-default \" >\n\t\t\t<article class=\"vcex-teaser vcex-teaser-three vcex-text-align-left \"><a href=\"http:\/\/masdebaix.com\/inicio-cas.html\" title=\"Mas de Baix\" class=\"vcex-teaser-link\" target=\"_blank\" rel=\"\"><figure class=\"vcex-teaser-media\"><img src=\"https:\/\/www.ub.edu\/masterae\/wp-content\/uploads\/2014\/04\/masdebaix1.jpg\" alt=\"\" \/><\/figure><div class=\"vcex-teaser-content clr\"><h3 class=\"vcex-teaser-heading\">Mas de Baix<\/h3><\/a><div class=\"vcex-teaser-text clr\"><p>Mas de Baix es una finca agr\u00edcola dedicada a la producci\u00f3n de fruta ecol\u00f3gica. Ocupa 180 hect\u00e1reas de cultivos, bosque y rieras situadas entre el r\u00edo Ebro y las monta\u00f1as de Tivissa en la provincia de Tarragona.&nbsp;Nuestro objetivo: obtener una producci\u00f3n de calidad con el mayor respeto por el medio ambiente.<\/p>\n<\/div><\/div><\/article>\n\t<\/div> \n\n\t<div class=\"vc_span3 wpb_column column_container  vcex-skin-default \" >\n\t\t\t<article class=\"vcex-teaser vcex-teaser-one vcex-text-align-left \"><a href=\"https:\/\/calxerrit.cat\/\" title=\"Granja Adzerias Cal Xerrit\" class=\"vcex-teaser-link\" target=\"_blank\" rel=\"\"><figure class=\"vcex-teaser-media\"><img src=\"https:\/\/www.ub.edu\/masterae\/wp-content\/uploads\/2014\/04\/logoCalXerrit.png\" alt=\"\" \/><\/figure><div class=\"vcex-teaser-content clr\"><h2 class=\"vcex-teaser-heading\">Granja Adzerias Cal Xerrit<\/h2><\/a><div class=\"vcex-teaser-text clr\"><p style=\"text-align: left;\">Criamos los animales de raza Duroc seg\u00fan la regulaci\u00f3n ecol\u00f3gica, alimentados con pienso 100% ecol\u00f3gico hecho a partir de cereales y legumbres cultivadas en un alto porcentaje en el mismo municipio.&nbsp;Adem\u00e1s de la granja, cultivamos una superficie de 80 ha donde producimos una buena parte del alimento necesario para hacer el pienso para el ganado: cebada, trigo, guisante y haba.<\/p>\n<\/div><\/div><\/article>\n\t<\/div> \n<\/div><\/div><div class=\"vcex-divider-with-icon dotted \"  style=\"margin-bottom: 20px;margin-top: 20px;\"><i class=\"fa fa-None\"  style=\"font-size: 14px;\"><\/i><\/div><div class=\"clr  \" ><div class=\"wpb_row vc_row-fluid   \">\n\t<div class=\"vc_span3 wpb_column column_container  vcex-skin-default \" >\n\t\t\t<article class=\"vcex-teaser vcex-teaser-three vcex-text-align-left \"><a href=\"http:\/\/buscam.saviae.cat\/productors\/albert-presas-escobet\" title=\"Fruits Presas\" class=\"vcex-teaser-link\" target=\"_blank\" rel=\"\"><figure class=\"vcex-teaser-media\"><img src=\"https:\/\/www.ub.edu\/masterae\/wp-content\/uploads\/2014\/04\/colomer.jpg\" alt=\"\" \/><\/figure><div class=\"vcex-teaser-content clr\"><h3 class=\"vcex-teaser-heading\">Fruits Presas<\/h3><\/a><div class=\"vcex-teaser-text clr\"><p>Los Presas, padre e hijo, son agricultores de Abrera y Castellbisbal. Desde hace varias generaciones , la familia Presas se dedica a cultivar la tierra. Su principal actividad es el cultivo ecol\u00f3gico de \u00e1rboles frutales: melocotoneros , perales , cerezos , ciruelos, caquis , higueras y olivos.<\/p>\n<\/div><\/div><\/article>\n\t<\/div> \n\n\t<div class=\"vc_span3 wpb_column column_container  vcex-skin-default \" >\n\t\t\t<article class=\"vcex-teaser vcex-teaser-three vcex-text-align-left \"><a href=\"https:\/\/fruitsmontmany.cat\/\" title=\"Fruits Montmany\" class=\"vcex-teaser-link\" target=\"_blank\" rel=\"\"><figure class=\"vcex-teaser-media\"><img src=\"https:\/\/www.ub.edu\/masterae\/wp-content\/uploads\/2014\/04\/Montmany.jpg\" alt=\"\" \/><\/figure><div class=\"vcex-teaser-content clr\"><h3 class=\"vcex-teaser-heading\">Fruits Montmany<\/h3><\/a><div class=\"vcex-teaser-text clr\"><p>Fem gran varietat de fruites, verdures, llegums i conserves artesanals, certificat en agricultura ecol\u00f2gica.<br \/>\nSom una familia pagesa amb llarga experiencia en aliments ecol\u00f2gics, producte Km O.<\/p>\n<\/div><\/div><\/article>\n\t<\/div> \n\n\t<div class=\"vc_span3 wpb_column column_container  vcex-skin-default \" >\n\t\t\t<article class=\"vcex-teaser vcex-teaser-three vcex-text-align-left \"><figure class=\"vcex-teaser-media\"><img src=\"https:\/\/www.ub.edu\/masterae\/wp-content\/uploads\/2014\/04\/toll.jpg\" alt=\"\" \/><\/figure><div class=\"vcex-teaser-content clr\"><h3 class=\"vcex-teaser-heading\">El Toll Aviram Ecol\u00f2gic<\/h3><div class=\"vcex-teaser-text clr\"><p>Pollastres d\u2019estirp empordanesa criats al peu del Cim d\u2019\u00c0ligues, a la granja del Toll ubicada a Moi\u00e0.<\/p>\n<p>Pollastres criats totalment en llibertat, i amb una alimentaci\u00f3 procedent d\u2019origen 100% ecol\u00f2gic.<\/p>\n<\/div><\/div><\/article>\n\t<\/div> \n\n\t<div class=\"vc_span3 wpb_column column_container  vcex-skin-default \" >\n\t\t\t<article class=\"vcex-teaser vcex-teaser-three vcex-text-align-left \"><a href=\"http:\/\/www.gastroteca.cat\/ca\/fitxa-oncomprar\/cal-marti\/\" title=\"Cal Mart\u00ed\" class=\"vcex-teaser-link\" target=\"_blank\" rel=\"\"><figure class=\"vcex-teaser-media\"><img src=\"https:\/\/www.ub.edu\/masterae\/wp-content\/uploads\/2014\/04\/medium-cal-marti-01.jpg\" alt=\"\" \/><\/figure><div class=\"vcex-teaser-content clr\"><h3 class=\"vcex-teaser-heading\">Cal Mart\u00ed<\/h3><\/a><div class=\"vcex-teaser-text clr\"><p>Cal Mart\u00ed es dedica a l&#8217;activitat agr\u00e0ria, familiar i ecol\u00f2gica.&nbsp;L&#8217;activitat agroecol\u00f2gica de Cal Mart\u00ed \u00e9s autosuficient ja que produeixen tot el menjar per alimentar el bestiar. Els vedells, de la ra\u00e7a&nbsp;<em>Bruna<\/em>, gaudeixen d\u2019un benestar digne i d\u2019una alimentaci\u00f3 a base d\u2019ordi, civada, p\u00e8sols, moreus, erb, fenigrec, blats, etc., tot ecol\u00f2gic.<\/p>\n<\/div><\/div><\/article>\n\t<\/div> \n<\/div><\/div><div class=\"vcex-divider-with-icon dotted \"  style=\"margin-bottom: 20px;margin-top: 20px;\"><i class=\"fa fa-None\"  style=\"font-size: 14px;\"><\/i><\/div><div class=\"clr  \" ><div class=\"wpb_row vc_row-fluid   \">\n\t<div class=\"vc_span3 wpb_column column_container  vcex-skin-default \" >\n\t\t\t<article class=\"vcex-teaser vcex-teaser-three vcex-text-align-left \"><a href=\"http:\/\/www.biocop.es\/\" title=\"Biocop\" class=\"vcex-teaser-link\" target=\"_blank\" rel=\"\"><figure class=\"vcex-teaser-media\"><img src=\"https:\/\/www.ub.edu\/masterae\/wp-content\/uploads\/2014\/04\/biocop2.jpg\" alt=\"\" \/><\/figure><div class=\"vcex-teaser-content clr\"><h3 class=\"vcex-teaser-heading\">Biocop<\/h3><\/a><div class=\"vcex-teaser-text clr\"><p>En Biocop llevamos m\u00e1s de 40 a\u00f1os produciendo y distribuyendo productos biol\u00f3gicos de m\u00e1xima calidad nutricional y sabor. Somos pioneros y activistas en el cambio del modelo alimentario actual.<\/p>\n<p>Los proyectos Biocop nos ayudan a crecer como empresa comprometida con la sostenibilidad, el comercio justo y la justicia social.<\/p>\n<\/div><\/div><\/article>\n\t<\/div> \n\n\t<div class=\"vc_span3 wpb_column column_container  vcex-skin-default \" >\n\t\t\t<article class=\"vcex-teaser vcex-teaser-three vcex-text-align-left \"><a href=\"https:\/\/www.instagram.com\/josepdelavall\/?hl=es\" title=\"La Vall Bio\" class=\"vcex-teaser-link\" target=\"_blank\" rel=\"\"><figure class=\"vcex-teaser-media\"><img src=\"https:\/\/www.ub.edu\/masterae\/wp-content\/uploads\/2014\/04\/la-vall-bio3.png\" alt=\"\" \/><\/figure><div class=\"vcex-teaser-content clr\"><h3 class=\"vcex-teaser-heading\">La Vall Bio<\/h3><\/a><div class=\"vcex-teaser-text clr\"><p>La Vall es una explotaci\u00f3 agr\u00edcola dedicada a la producci\u00f3 ecol\u00f2gica ubicada a Benifallet, Tarragona.<\/p>\n<p>La Vall.Bio te una clara missi\u00f3: fer accessibles a tothom les excel\u00b7lents hortalisses que s\u2019obtenen en aquest privilegiat entorn, obtingudes mitjan\u00e7ant el sistema de producci\u00f3 ecol\u00f2gic.<\/p>\n<\/div><\/div><\/article>\n\t<\/div> \n\n\t<div class=\"vc_span3 wpb_column column_container  vcex-skin-default \" >\n\t\t\t<article class=\"vcex-teaser vcex-teaser-three vcex-text-align-left \"><a href=\"http:\/\/www.ecopedroches.es\/\" title=\"Ecol\u00f3gica Los Pedroches\" class=\"vcex-teaser-link\" target=\"_blank\" rel=\"\"><figure class=\"vcex-teaser-media\"><img src=\"https:\/\/www.ub.edu\/masterae\/wp-content\/uploads\/2014\/04\/ecologica-los-pedroches.jpg\" alt=\"\" \/><\/figure><div class=\"vcex-teaser-content clr\"><h3 class=\"vcex-teaser-heading\">Ecol\u00f3gica Los Pedroches<\/h3><\/a><div class=\"vcex-teaser-text clr\"><p>Somos productores de huevo ecol\u00f3gico desde hace m\u00e1s de 15 a\u00f1os.<br \/>\nNuestras gallinas ponedoras disfrutan de total libertad en nuestras granjas situadas en Villaralto, un peque\u00f1o pueblo del valle de Los Pedroches, provincia de C\u00f3rdoba.<\/p>\n<\/div><\/div><\/article>\n\t<\/div> \n\n\t<div class=\"vc_span3 wpb_column column_container  vcex-skin-default \" >\n\t\t\t<article class=\"vcex-teaser vcex-teaser-three vcex-text-align-left \"><a href=\"https:\/\/www.facebook.com\/lacasella.es\/\" title=\"La Vall de la Casella\" class=\"vcex-teaser-link\" target=\"_blank\" rel=\"\"><figure class=\"vcex-teaser-media\"><img src=\"https:\/\/www.ub.edu\/masterae\/wp-content\/uploads\/2014\/04\/lacasella1.jpg\" alt=\"\" \/><\/figure><div class=\"vcex-teaser-content clr\"><h3 class=\"vcex-teaser-heading\">La Vall de la Casella<\/h3><\/a><div class=\"vcex-teaser-text clr\"><p>Cooperativa local de producci\u00f3n de c\u00edtricos, frutas, hortalizas y elaborados ecol\u00f3gicos, con la filosof\u00eda de venta directa y comercio justo y responsable.<\/p>\n<p>C\u00cdTRICOS: Naranjas, Mandarinas, Pomelos, Limones<br \/>\nFRUTALES: Caquis, Granados<br \/>\nHORTALIZAS: variadas, para comercio de proximidad<\/p>\n<\/div><\/div><\/article>\n\t<\/div> \n<\/div><\/div><div class=\"vcex-divider-with-icon dotted \"  style=\"margin-bottom: 20px;margin-top: 20px;\"><i class=\"fa fa-None\"  style=\"font-size: 14px;\"><\/i><\/div>\n\t<\/div> \n<\/div><\/div>\n\n\n<div class=\"clr  \" ><div class=\"wpb_row vc_row-fluid   \"><\/div><\/div>\n\t<div class=\"vc_span12 wpb_column column_container  vcex-skin-default \" >\n\t\t\t\n\t<\/div> \n<div class=\"vcex-divider-with-icon dotted \"  style=\"margin-bottom: 20px;margin-top: 20px;\"><i class=\"fa fa-None\"  style=\"font-size: 14px;\"><\/i><\/div><div class=\"clr  \" ><div class=\"wpb_row vc_row-fluid   \">\n\t<div class=\"vc_span3 wpb_column column_container  vcex-skin-default \" >\n\t\t\t<article class=\"vcex-teaser vcex-teaser-three vcex-text-align-left \"><a href=\"https:\/\/www.maslesvinyes.com\/\" title=\"Mas Les Vinyes\" class=\"vcex-teaser-link\" target=\"_blank\" rel=\"\"><figure class=\"vcex-teaser-media\"><img src=\"https:\/\/www.ub.edu\/masterae\/wp-content\/uploads\/2014\/04\/thumbnail_logo-les-vinyes-logo-2-print.png\" alt=\"\" \/><\/figure><div class=\"vcex-teaser-content clr\"><h3 class=\"vcex-teaser-heading\">Mas Les Vinyes<\/h3><\/a><div class=\"vcex-teaser-text clr\"><p style=\"text-align: left;\">Granja y comunidad intencional dise\u00f1ada con permacultura. Desde el 2013 gestionan una finca de 25 hect\u00e1reas en Sant Mart\u00ed d&#8217;Albars (Llu\u00e7an\u00e8s) siguiendo t\u00e9cnicas de agricultura regenerativa y agricultura natural.<br \/>\nProducen verdura, fruta, cordero, miel, cerdo, huevos y pollos. Participan en la dinamizaci\u00f3n de proyectos de la ESS (econom\u00eda social y solidaria) y ofrecen asesoramiento y formaci\u00f3n en permacultura y agricultura regenerativa.<\/p>\n<\/div><\/div><\/article>\n\t<\/div> \n\n\t<div class=\"vc_span3 wpb_column column_container  vcex-skin-default \" >\n\t\t\t<article class=\"vcex-teaser vcex-teaser-one vcex-text-align-left \"><a href=\"https:\/\/www.becdor.cat\/\" title=\"Bec d'Or\" class=\"vcex-teaser-link\" target=\"_blank\" rel=\"\"><figure class=\"vcex-teaser-media\"><img src=\"https:\/\/www.ub.edu\/masterae\/wp-content\/uploads\/2024\/01\/logo-bec-d-or-negatiu-e1706703085526.jpeg\" alt=\"\" \/><\/figure><div class=\"vcex-teaser-content clr\"><h2 class=\"vcex-teaser-heading\">Bec d'Or<\/h2><\/a><div class=\"vcex-teaser-text clr\"><p style=\"text-align: left;\">A la Granja de Pollastres ecol\u00f2gics Bec d&#8217;Or, criem el Gall Negre del Pened\u00e8s. Els alimentem amb cereals i vegetals ecol\u00f2gics. A la finca tenim camps cultivats amb agricultura ecol\u00f2gica. D\u2019aquesta manera, tanquem el cicle de producci\u00f3 sostenible i podem garantir una cadena aliment\u00e0ria completa d&#8217;alta qualitat. El nostre comprom\u00eds \u00e9s la preservaci\u00f3 de l&#8217;entorn, el benestar dels nostres galls i la producci\u00f3 responsable d\u2019aliments.<\/p>\n<\/div><\/div><\/article>\n\t<\/div> \n\n\t<div class=\"vc_span3 wpb_column column_container  vcex-skin-default \" >\n\t\t\t<article class=\"vcex-teaser vcex-teaser-one vcex-text-align-left \"><a href=\"https:\/\/www.instagram.com\/la.beneta\/\" title=\"La Beneta\" class=\"vcex-teaser-link\" target=\"_blank\" rel=\"\"><figure class=\"vcex-teaser-media\"><img src=\"https:\/\/www.ub.edu\/masterae\/wp-content\/uploads\/2024\/04\/LaBenetalogo-e1713355999273.jpeg\" alt=\"\" \/><\/figure><div class=\"vcex-teaser-content clr\"><h2 class=\"vcex-teaser-heading\">La Beneta<\/h2><\/a><div class=\"vcex-teaser-text clr\"><div align=\"left\">La Beneta cooperativa \u00e9s un projecte de producci\u00f3 ecol\u00f2gica de fruita, ametlla i oli d\u2019oliva als Hostalets de Pierola. Som el Pepe Gonz\u00e1lez i la Marta Valls, el relleu generacional del pag\u00e8s Joan Ravent\u00f3s, pag\u00e8s fructicultor des de fa m\u00e9s de quaranta anys i pioner a la comarca en la producci\u00f3 ecol\u00f2gica. Les setze hect\u00e0rees de la finca en surt una producci\u00f3 petita per\u00f2 diversa que ens permet no dependre d&#8217;un sol cultiu i millora equilibri en l\u2019ecosistema del qual tenim cura. La Beneta cooperativa vol ser la feina al camp en el m\u00f3n del segle XXI.<\/div>\n<div align=\"left\"><\/div>\n<\/div><\/div><\/article>\n\t<\/div> \n<\/div><\/div><div class=\"vcex-divider-with-icon dotted \"  style=\"margin-bottom: 20px;margin-top: 20px;\"><i class=\"fa fa-None\"  style=\"font-size: 14px;\"><\/i><\/div>\n","protected":false},"excerpt":{"rendered":"Empresas y organismos colaboradores Estas son las empresas y organismos que colaboran con el Master en Agroecolog\u00eda y Agricultura ecol\u00f3gica. Muchas gracias por su colaboraci\u00f3n. Albert i NoyaPioneros en vi\u00f1edos y vinos ecol\u00f3gicos.&nbsp; Actualmente controlan 80.6 hect\u00e1reas dedicadas al cultivo de la vi\u00f1a, y compran tambi\u00e9n uva de agricultores locales que se han convertido al cultivo ecol\u00f3gico, dando asesoramiento en el cultivo para garantizar la<br \/><a class=\"moretag\" href=\"https:\/\/www.ub.edu\/masterae\/colaboradores-clases-practicas\/\"> Seguir leyendo...<\/a>","protected":false},"author":1,"featured_media":0,"parent":0,"menu_order":0,"comment_status":"open","ping_status":"open","template":"","meta":[],"_links":{"self":[{"href":"https:\/\/www.ub.edu\/masterae\/wp-json\/wp\/v2\/pages\/3739"}],"collection":[{"href":"https:\/\/www.ub.edu\/masterae\/wp-json\/wp\/v2\/pages"}],"about":[{"href":"https:\/\/www.ub.edu\/masterae\/wp-json\/wp\/v2\/types\/page"}],"author":[{"embeddable":true,"href":"https:\/\/www.ub.edu\/masterae\/wp-json\/wp\/v2\/users\/1"}],"replies":[{"embeddable":true,"href":"https:\/\/www.ub.edu\/masterae\/wp-json\/wp\/v2\/comments?post=3739"}],"version-history":[{"count":89,"href":"https:\/\/www.ub.edu\/masterae\/wp-json\/wp\/v2\/pages\/3739\/revisions"}],"predecessor-version":[{"id":7007,"href":"https:\/\/www.ub.edu\/masterae\/wp-json\/wp\/v2\/pages\/3739\/revisions\/7007"}],"wp:attachment":[{"href":"https:\/\/www.ub.edu\/masterae\/wp-json\/wp\/v2\/media?parent=3739"}],"curies":[{"name":"wp","href":"https:\/\/api.w.org\/{rel}","templated":true}]}}