{"id":3854,"date":"2014-04-10T11:38:59","date_gmt":"2014-04-10T11:38:59","guid":{"rendered":"https:\/\/www.ub.edu\/masterae\/?page_id=3854"},"modified":"2025-07-03T09:40:22","modified_gmt":"2025-07-03T09:40:22","slug":"matriculacion","status":"publish","type":"page","link":"https:\/\/www.ub.edu\/masterae\/matriculacion\/","title":{"rendered":"Matriculaci\u00f3n"},"content":{"rendered":"<div class=\"clr  \" ><div class=\"wpb_row vc_row-fluid   \"> \n\t<div class=\"vc_span12 wpb_column column_container  vcex-skin-default \" >\n\t\t\t<script type=\"text\/javascript\">var lsjQuery = jQuery;<\/script><script type=\"text\/javascript\"> lsjQuery(document).ready(function() { if(typeof lsjQuery.fn.layerSlider == \"undefined\") { lsShowNotice('layerslider_10','jquery'); } else { lsjQuery(\"#layerslider_10\").layerSlider({skinsPath: 'https:\/\/www.ub.edu\/masterae\/wp-content\/plugins\/layerslider\/static\/skins\/'}) } }); <\/script><div class=\"ls-wp-fullwidth-container\"><div class=\"ls-wp-fullwidth-helper\"><div id=\"layerslider_10\" class=\"ls-wp-container\" style=\"width:1280px;height:250px;margin:0 auto;margin-bottom: 0px;\"><div class=\"ls-slide\" data-ls=\" transition2d: all;\"><img src=\"https:\/\/www.ub.edu\/masterae\/wp-content\/plugins\/layerslider\/static\/img\/blank.gif\" data-src=\"https:\/\/www.ub.edu\/masterae\/wp-content\/uploads\/2014\/04\/portada6.jpg\" class=\"ls-bg\" alt=\"Slide background\" \/><p class=\"ls-l\" style=\"top:108px;left:485px;padding-right:10px;padding-left:10px;font-family:Lato;font-size:32px;line-height:50px;color:#ababab;background:#ffffff;border-radius:5px;\" data-ls=\"easingin:easeInQuad;\">Matriculaci\u00f3n<\/p><\/div><\/div><\/div><\/div><hr class=\"vcex-spacing \" style=\"height: 40px\" \/><div class=\"clr  \" ><div class=\"wpb_row vc_row-fluid   \">\n\t<div class=\"vc_span8 wpb_column column_container  vcex-skin-default \" >\n\t\t\t\n\t<div class=\"wpb_text_column wpb_content_element \">\n\t\t<div class=\"wpb_wrapper\">\n\t\t\t<p style=\"text-align: justify;\">Para poder cursar el M\u00e1ster de Agroecolog\u00eda y Agricultura Ecol\u00f3gica es un requisito indispensable estar en posesi\u00f3n del t\u00edtulo de ingeniero, graduado o titulaci\u00f3n universitaria equivalente.<\/p>\n<p style=\"text-align: justify;\">El M\u00e1ster puede aceptar hasta 3 alumnos sin titulaci\u00f3n universitaria en el caso excepcional que el responsable del M\u00e1ster considere que est\u00e1n capacitados para seguir el curso. Estas personas podr\u00e1n acceder a un curso de extensi\u00f3n universitaria id\u00e9ntico, generado administrativamente solo para estos casos, que da lugar a la obtenci\u00f3n de un certificado de aprovechamiento.<\/p>\n\n\t\t<\/div> \n\t<\/div> <hr class=\"vcex-spacing \" style=\"height: 20px\" \/><h1 class=\"vc_text_separator wpb_content_element separator_align_left vc_text_separator_five\"  style=\"font-size: 14;font-weight: 200;\"><span  style=\"color: #1e73be;\">Inscripci\u00f3n<\/span><\/h1>\n\n\t<div class=\"wpb_text_column wpb_content_element \">\n\t\t<div class=\"wpb_wrapper\">\n\t\t\t<p style=\"text-align: justify;\">Si quieres solicitar plaza para el curso 2025-2026, puedes enviar un e-mail con tu <em>Curriculum Vitae<\/em> y una carta de motivaci\u00f3n a la secretar\u00eda del curso.<\/p>\n<p style=\"text-align: justify;\">En la selecci\u00f3n del alumnado se tendr\u00e1 en cuenta la adecuaci\u00f3n de la formaci\u00f3n universitaria y el orden de solicitud de inscripci\u00f3n.<\/p>\n\n\t\t<\/div> \n\t<\/div> <hr class=\"vcex-spacing \" style=\"height: 20px\" \/><h1 class=\"vc_text_separator wpb_content_element separator_align_left vc_text_separator_five\"  style=\"font-size: 14;font-weight: 200;\"><span  style=\"color: #1e73be;\">Estudiantes extranjeros<\/span><\/h1>\n\n\t<div class=\"wpb_text_column wpb_content_element \">\n\t\t<div class=\"wpb_wrapper\">\n\t\t\t<p style=\"text-align: justify;\">Los estudiantes que hayan cursado sus estudios universitarios fuera de Espa\u00f1a deber\u00e1n presentar la siguiente documentaci\u00f3n para ser aprobada por la Universidad de Barcelona:<\/p>\n<ul style=\"text-align: justify;\">\n<li><a href=\"http:\/\/www.ub.edu\/acad\/noracad\/documents\/es\/copiacompulsada_cas.htm\" target=\"_blank\" rel=\"noopener\">Copia autentificada<\/a> del t\u00edtulo de licenciado o equivalente.<\/li>\n<li><a href=\"http:\/\/www.ub.edu\/acad\/noracad\/documents\/es\/copiacompulsada_cas.htm\" target=\"_blank\" rel=\"noopener\">Copia autentificada<\/a> del certificado de las materias cursadas con el detalle de las calificaciones obtenidas en cada asignatura.<\/li>\n<\/ul>\n<p style=\"text-align: justify;\">El t\u00edtulo y el certificado de estudios han de estar <a href=\"http:\/\/www.ub.edu\/acad\/noracad\/documents\/es\/traduccion.htm\" target=\"_blank\" rel=\"noopener\">traducidos<\/a> y <a href=\"http:\/\/www.ub.edu\/acad\/noracad\/documents\/es\/legalizacion.htm\" target=\"_blank\" rel=\"noopener\">legalizados<\/a>\u00a0(no es necesaria homologaci\u00f3n). Las personas con titulaci\u00f3n obtenida fuera de Espa\u00f1a pueden consultar la <a href=\"http:\/\/www.ub.edu\/acad\/es\/acceso\/internacionales\/posgrado.htm\" target=\"_blank\" rel=\"noopener\">p\u00e1gina web de programas de postgrado<\/a> o contactar con la secretar\u00eda del curso para concretar los tr\u00e1mites a seguir.<\/p>\n\n\t\t<\/div> \n\t<\/div> <hr class=\"vcex-spacing \" style=\"height: 20px\" \/><h1 class=\"vc_text_separator wpb_content_element separator_align_left vc_text_separator_five\"  style=\"font-size: 14;font-weight: 200;\"><span  style=\"color: #1e73be;\">Becas<\/span><\/h1>\n\n\t<div class=\"wpb_text_column wpb_content_element \">\n\t\t<div class=\"wpb_wrapper\">\n\t\t\t<div style=\"text-align: justify;\">\n<p>La Universidad de Barcelona concede dos becas para la estancia de dos meses en el <a href=\"http:\/\/www.fibl.org\/\" target=\"_blank\" rel=\"noopener\">Research Institut of Organic Agriculture (FiBL)<\/a> y el <a href=\"https:\/\/www.organicresearchcentre.com\/\" target=\"_blank\" rel=\"noopener\">Organic Research Centre Elm Farm<\/a>, prestigiosos centros de investigaci\u00f3n de agricultura ecol\u00f3gica en Suiza e Inglaterra respectivamente, con objeto de desarrollar el proyecto de aplicaci\u00f3n o investigaci\u00f3n. A estas becas pueden optar todos los alumnos del m\u00e1ster y se solicitan durante el curso.<\/p>\n<\/div>\n\n\t\t<\/div> \n\t<\/div> \n\t<\/div> \n\n\t<div class=\"vc_span4 wpb_column column_container  vcex-skin-default \" >\n\t\t\t<article class=\"vcex-icon-box-five  \" ><span class=\"vcex-icon-box-five-icon fa fa-paperclip \"  style=\"color: #000000;font-size: 42px;\"><\/span><h2 class=\"vcex-icon-box-five-heading\"  style=\"color: #a5a5a5;font-size: 18px;font-weight: 200;\">ENTREGA DE DOCUMENTACI\u00d3N<\/h2><div class=\"vcex-icon-box-five-content clr\">\n<p style=\"text-align: justify;\">La documentaci\u00f3n debe hacerse llegar a la secretar\u00eda del M\u00e1ster a trav\u00e9s del correo electr\u00f3nico a la direcci\u00f3n siguiente:<\/p>\n<div style=\"text-align: justify;\">Giulia Santulli<\/div>\n<div style=\"text-align: justify;\">\n<p>M\u00e1ster Agroecolog\u00eda y Agricultura Ecol\u00f3gica<\/p>\n<div>Departamento\u00a0de Biolog\u00eda Evolutiva,<\/div>\n<div>Ecolog\u00eda y Ciencias Ambientales<\/div>\n<p>Facultad de Biolog\u00eda<\/p>\n<\/div>\n<div style=\"text-align: justify;\">Avda. Diagonal 643<br \/>\n08028 Barcelona<br \/>\nE-mail:\u00a0<a href=\"mailto:masterae@ub.edu\">masterae@ub.edu<\/a><\/div>\n<\/div><\/article><article class=\"vcex-icon-box-five  \" ><span class=\"vcex-icon-box-five-icon fa fa-pencil \"  style=\"color: #000000;font-size: 42px;\"><\/span><h2 class=\"vcex-icon-box-five-heading\"  style=\"color: #a5a5a5;font-size: 18px;font-weight: 200;\">MATR\u00cdCULA<\/h2><div class=\"vcex-icon-box-five-content clr\">\n<div style=\"text-align: justify;\">\n<p>La matr\u00edcula se llevar\u00e1 a cabo despu\u00e9s de la aceptaci\u00f3n del alumno por parte de la direcci\u00f3n del m\u00e1ster. Los alumnos aceptados deber\u00e1n formalizar la matr\u00edcula contactando con la secretar\u00eda del m\u00e1ster.<\/p>\n<p>N\u00famero m\u00e1ximo de plazas: 35.<br \/>\nN\u00famero m\u00ednimo de plazas: 15.<br \/>\nImporte total: 4600 Euros.<\/p>\n<p>El abono de la matr\u00edcula se realiza en un solo plazo antes del comienzo de curso.<\/p>\n<\/div>\n<\/div><\/article>\n\t<\/div> \n<\/div><\/div>\n\t<\/div> \n<\/div><\/div>\n","protected":false},"excerpt":{"rendered":"var lsjQuery = jQuery; lsjQuery(document).ready(function() { if(typeof lsjQuery.fn.layerSlider == \"undefined\") { lsShowNotice('layerslider_10','jquery'); } else { lsjQuery(\"#layerslider_10\").layerSlider({skinsPath: 'https:\/\/www.ub.edu\/masterae\/wp-content\/plugins\/layerslider\/static\/skins\/'}) } }); Matriculaci\u00f3n Para poder cursar el M\u00e1ster de Agroecolog\u00eda y Agricultura Ecol\u00f3gica es un requisito indispensable estar en posesi\u00f3n del t\u00edtulo de ingeniero, graduado o titulaci\u00f3n universitaria equivalente. El M\u00e1ster puede aceptar hasta 3 alumnos sin titulaci\u00f3n universitaria en el caso excepcional que el responsable del M\u00e1ster<br \/><a class=\"moretag\" href=\"https:\/\/www.ub.edu\/masterae\/matriculacion\/\"> Seguir leyendo...<\/a>","protected":false},"author":1,"featured_media":0,"parent":0,"menu_order":0,"comment_status":"open","ping_status":"open","template":"","meta":[],"_links":{"self":[{"href":"https:\/\/www.ub.edu\/masterae\/wp-json\/wp\/v2\/pages\/3854"}],"collection":[{"href":"https:\/\/www.ub.edu\/masterae\/wp-json\/wp\/v2\/pages"}],"about":[{"href":"https:\/\/www.ub.edu\/masterae\/wp-json\/wp\/v2\/types\/page"}],"author":[{"embeddable":true,"href":"https:\/\/www.ub.edu\/masterae\/wp-json\/wp\/v2\/users\/1"}],"replies":[{"embeddable":true,"href":"https:\/\/www.ub.edu\/masterae\/wp-json\/wp\/v2\/comments?post=3854"}],"version-history":[{"count":78,"href":"https:\/\/www.ub.edu\/masterae\/wp-json\/wp\/v2\/pages\/3854\/revisions"}],"predecessor-version":[{"id":7106,"href":"https:\/\/www.ub.edu\/masterae\/wp-json\/wp\/v2\/pages\/3854\/revisions\/7106"}],"wp:attachment":[{"href":"https:\/\/www.ub.edu\/masterae\/wp-json\/wp\/v2\/media?parent=3854"}],"curies":[{"name":"wp","href":"https:\/\/api.w.org\/{rel}","templated":true}]}}