{"id":3888,"date":"2014-04-10T14:20:45","date_gmt":"2014-04-10T14:20:45","guid":{"rendered":"https:\/\/www.ub.edu\/masterae\/?page_id=3888"},"modified":"2014-05-09T11:32:25","modified_gmt":"2014-05-09T11:32:25","slug":"bolsa-de-trabajo","status":"publish","type":"page","link":"https:\/\/www.ub.edu\/masterae\/bolsa-de-trabajo\/","title":{"rendered":"Bolsa de trabajo"},"content":{"rendered":"<div class=\"clr  \" ><div class=\"wpb_row vc_row-fluid   \"> \n\t<div class=\"vc_span12 wpb_column column_container  vcex-skin-default \" >\n\t\t\t<script type=\"text\/javascript\">var lsjQuery = jQuery;<\/script><script type=\"text\/javascript\"> lsjQuery(document).ready(function() { if(typeof lsjQuery.fn.layerSlider == \"undefined\") { lsShowNotice('layerslider_13','jquery'); } else { lsjQuery(\"#layerslider_13\").layerSlider({skinsPath: 'https:\/\/www.ub.edu\/masterae\/wp-content\/plugins\/layerslider\/static\/skins\/'}) } }); <\/script><div class=\"ls-wp-fullwidth-container\"><div class=\"ls-wp-fullwidth-helper\"><div id=\"layerslider_13\" class=\"ls-wp-container\" style=\"width:1280px;height:250px;margin:0 auto;margin-bottom: 0px;\"><div class=\"ls-slide\" data-ls=\" transition2d: all;\"><img src=\"https:\/\/www.ub.edu\/masterae\/wp-content\/plugins\/layerslider\/static\/img\/blank.gif\" data-src=\"https:\/\/www.ub.edu\/masterae\/wp-content\/uploads\/2014\/06\/slide-bolsa-de-trabajo.jpg\" class=\"ls-bg\" alt=\"Slide background\" \/><p class=\"ls-l\" style=\"top:107px;left:510px;padding-right:10px;padding-left:10px;font-family:Lato;font-size:32px;line-height:50px;color:#ababab;background:#ffffff;border-radius:5px;\" data-ls=\"easingin:easeInQuad;\">Bolsa de trabajo<\/p><\/div><\/div><\/div><\/div><hr class=\"vcex-spacing \" style=\"height: 40px\" \/><div class=\"clr  \" ><div class=\"wpb_row vc_row-fluid   \">\n\t<div class=\"vc_span6 wpb_column column_container  vcex-skin-default \" >\n\t\t\t<h1 class=\"vc_text_separator wpb_content_element separator_align_left vc_text_separator_five\"  style=\"font-size: 18;font-weight: 200;\"><span  style=\"color: #1e73be;\">Una bolsa de trabajo a tu disposici\u00f3n<\/span><\/h1>\n<hr class=\"vcex-spacing \" style=\"height: 20px\" \/>\n\t<div class=\"wpb_text_column wpb_content_element \">\n\t\t<div class=\"wpb_wrapper\">\n\t\t\t<p style=\"text-align: justify;\">El m\u00e1ster realiza un seguimiento de los egresados mediante la solicitud de informaci\u00f3n por v\u00eda telem\u00e1tica. El curso pone la bolsa de trabajo a disposici\u00f3n de los exalumnos del m\u00e1ster. Adem\u00e1s, la bolsa de trabajo del m\u00e1ster pone a disposici\u00f3n de las empresas y organismos que trabajan en el sector de la agricultura ecol\u00f3gica, un conjunto de servicios para gestionar y facilitar el contacto con los estudiantes y titulados del m\u00e1ster, con conocimientos de agricultura ecol\u00f3gica y perfiles adaptados a los constantes cambios que experimenta el mercado laboral.<\/p>\n\n\t\t<\/div> \n\t<\/div> \n\t<\/div> \n\n\t<div class=\"vc_span6 wpb_column column_container  vcex-skin-default \" >\n\t\t\t\n\t<div class=\"wpb_single_image wpb_content_element vc_align_left\">\n\t\t<div class=\"wpb_wrapper\">\n\t\t\t\n\t\t\t<img width=\"1600\" height=\"1038\" src=\"https:\/\/www.ub.edu\/masterae\/wp-content\/uploads\/2014\/04\/1-006W.jpg\" class=\"attachment-full size-full\" alt=\"\" decoding=\"async\" loading=\"lazy\" srcset=\"https:\/\/www.ub.edu\/masterae\/wp-content\/uploads\/2014\/04\/1-006W.jpg 1600w, https:\/\/www.ub.edu\/masterae\/wp-content\/uploads\/2014\/04\/1-006W-300x194.jpg 300w, https:\/\/www.ub.edu\/masterae\/wp-content\/uploads\/2014\/04\/1-006W-1024x664.jpg 1024w\" sizes=\"(max-width: 1600px) 100vw, 1600px\" \/>\n\t\t<\/div> \n\t<\/div> \n\t<\/div> \n<\/div><\/div>\n\t<\/div> \n<\/div><\/div>\n","protected":false},"excerpt":{"rendered":"var lsjQuery = jQuery; lsjQuery(document).ready(function() { if(typeof lsjQuery.fn.layerSlider == \"undefined\") { lsShowNotice('layerslider_13','jquery'); } else { lsjQuery(\"#layerslider_13\").layerSlider({skinsPath: 'https:\/\/www.ub.edu\/masterae\/wp-content\/plugins\/layerslider\/static\/skins\/'}) } }); Bolsa de trabajo Una bolsa de trabajo a tu disposici\u00f3n El m\u00e1ster realiza un seguimiento de los egresados mediante la solicitud de informaci\u00f3n por v\u00eda telem\u00e1tica. El curso pone la bolsa de trabajo a disposici\u00f3n de los exalumnos del m\u00e1ster. Adem\u00e1s, la bolsa de trabajo del<br \/><a class=\"moretag\" href=\"https:\/\/www.ub.edu\/masterae\/bolsa-de-trabajo\/\"> Seguir leyendo...<\/a>","protected":false},"author":1,"featured_media":0,"parent":0,"menu_order":0,"comment_status":"open","ping_status":"open","template":"","meta":[],"_links":{"self":[{"href":"https:\/\/www.ub.edu\/masterae\/wp-json\/wp\/v2\/pages\/3888"}],"collection":[{"href":"https:\/\/www.ub.edu\/masterae\/wp-json\/wp\/v2\/pages"}],"about":[{"href":"https:\/\/www.ub.edu\/masterae\/wp-json\/wp\/v2\/types\/page"}],"author":[{"embeddable":true,"href":"https:\/\/www.ub.edu\/masterae\/wp-json\/wp\/v2\/users\/1"}],"replies":[{"embeddable":true,"href":"https:\/\/www.ub.edu\/masterae\/wp-json\/wp\/v2\/comments?post=3888"}],"version-history":[{"count":7,"href":"https:\/\/www.ub.edu\/masterae\/wp-json\/wp\/v2\/pages\/3888\/revisions"}],"predecessor-version":[{"id":4746,"href":"https:\/\/www.ub.edu\/masterae\/wp-json\/wp\/v2\/pages\/3888\/revisions\/4746"}],"wp:attachment":[{"href":"https:\/\/www.ub.edu\/masterae\/wp-json\/wp\/v2\/media?parent=3888"}],"curies":[{"name":"wp","href":"https:\/\/api.w.org\/{rel}","templated":true}]}}