{"id":4,"date":"2014-03-24T12:25:54","date_gmt":"2014-03-24T12:25:54","guid":{"rendered":"https:\/\/www.ub.edu\/masterae\/?page_id=4"},"modified":"2024-06-19T09:27:04","modified_gmt":"2024-06-19T09:27:04","slug":"acerca-del-master","status":"publish","type":"page","link":"https:\/\/www.ub.edu\/masterae\/acerca-del-master\/","title":{"rendered":"Acerca del m\u00e1ster"},"content":{"rendered":"<div class=\"clr  \" ><div class=\"wpb_row vc_row-fluid   \"> \n\t<div class=\"vc_span12 wpb_column column_container  vcex-skin-default \" >\n\t\t\t<script type=\"text\/javascript\">var lsjQuery = jQuery;<\/script><script type=\"text\/javascript\"> lsjQuery(document).ready(function() { if(typeof lsjQuery.fn.layerSlider == \"undefined\") { lsShowNotice('layerslider_6','jquery'); } else { lsjQuery(\"#layerslider_6\").layerSlider({skinsPath: 'https:\/\/www.ub.edu\/masterae\/wp-content\/plugins\/layerslider\/static\/skins\/'}) } }); <\/script><div class=\"ls-wp-fullwidth-container\"><div class=\"ls-wp-fullwidth-helper\"><div id=\"layerslider_6\" class=\"ls-wp-container\" style=\"width:1280px;height:250px;margin:0 auto;margin-bottom: 0px;\"><div class=\"ls-slide\" data-ls=\" transition2d: all;\"><img src=\"https:\/\/www.ub.edu\/masterae\/wp-content\/plugins\/layerslider\/static\/img\/blank.gif\" data-src=\"https:\/\/www.ub.edu\/masterae\/wp-content\/uploads\/2014\/05\/cabecera-flor-de-almendro.jpg\" class=\"ls-bg\" alt=\"Slide background\" \/><p class=\"ls-l\" style=\"top:108px;left:521px;padding-right:10px;padding-left:10px;font-family:Lato;font-size:32px;line-height:50px;color:#ababab;background:#ffffff;border-radius:5px;\" data-ls=\"easingin:easeInQuad;\">Acerca del M\u00e1ster<\/p><\/div><\/div><\/div><\/div><hr class=\"vcex-spacing \" style=\"height: 40px\" \/>\n\t<\/div> \n<\/div><\/div><div class=\"clr  \" ><div class=\"wpb_row vc_row-fluid   \">\n\t<div class=\"vc_span6 wpb_column column_container  vcex-skin-default \" >\n\t\t\t<div class=\"vc_text_separator wpb_content_element separator_align_left vc_text_separator_one\"  style=\"font-size: 30px;font-weight: 200;\"><span  style=\"color: #ea9c35;\">El M\u00e1ster<\/span><\/div>\n\n\t<div class=\"wpb_text_column wpb_content_element \">\n\t\t<div class=\"wpb_wrapper\">\n\t\t\t<h2 style=\"text-align: justify;\"><span style=\"color: #888888;\">El sistema agroalimentario mundial se encuentra sumido en una profunda crisis de sostenibilidad que tiene dram\u00e1ticas consecuencias ecol\u00f3gicas, ambientales, econ\u00f3micas y sociales. Diversos organismos internacionales promueven la agricultura ecol\u00f3gica como la mejor alternativa para hacer frente a los desaf\u00edos del sector. <\/span><\/h2>\n\n\t\t<\/div> \n\t<\/div> <hr class=\"vcex-spacing \" style=\"height: 20px\" \/>\n\t<div class=\"wpb_text_column wpb_content_element \">\n\t\t<div class=\"wpb_wrapper\">\n\t\t\t<p style=\"text-align: justify;\">La superficie dedicada a este tipo de cultivo no ha dejado de aumentar y se presenta como la mejor alternativa para la recuperaci\u00f3n ambiental y social de las zonas rurales.<\/p>\n<p style=\"text-align: justify;\">La agricultura ecol\u00f3gica se imparte en numerosas universidades en todo el mundo y los t\u00e9cnicos formados tienen buenas posibilidades laborales en uno de los pocos sectores agrarios en constante crecimiento y desarrollo.<\/p>\n<p>El programa formativo del m\u00e1ster, que fue pionero en impartir esta tem\u00e1tica en el mundo, incluye una visi\u00f3n global de todo el \u00e1mbito agroalimentario ecol\u00f3gico, y proporciona a la sociedad, a los sectores agr\u00edcola y ganadero y al conjunto de la industria agroalimentaria los perfiles profesionales necesarios para hacer frente a los retos y a las oportunidades de futuro.<\/p>\n\n\t\t<\/div> \n\t<\/div> <div class=\"vcex-divider-with-icon dotted \"  style=\"margin-bottom: 20px;margin-top: 20px;\"><i class=\"fa fa-None\"  style=\"font-size: 14px;\"><\/i><\/div><div class=\"vc_text_separator wpb_content_element separator_align_left vc_text_separator_one\"  style=\"font-size: 20px;font-weight: 200;\"><span  style=\"color: #2d93ce;\">Objetivos y competencias<\/span><\/div>\n\n\t<div class=\"wpb_text_column wpb_content_element \">\n\t\t<div class=\"wpb_wrapper\">\n\t\t\t<h3><b>Objetivos<\/b><\/h3>\n<div>\n<ol>\n<li>Dar las bases para el an\u00e1lisis del funcionamiento de los agroecosistemas<\/li>\n<li>Dar a conocer t\u00e9cnicas de producci\u00f3n agraria y ganadera respetuosas con el medio ambiente.<\/li>\n<li>Dar a conocer la cadena agroalimentaria ecol\u00f3gica desde la producci\u00f3n, la transformaci\u00f3n y procesado hasta la comercializaci\u00f3n, distribuci\u00f3n y consumo.<\/li>\n<li>Formar profesionales capaces de emprender y gestionar proyectos en el marco de la agricultura ecol\u00f3gica.<\/li>\n<li>Formar especialistas para realizar labores de investigaci\u00f3n y asesoramiento en fincas y empresas dedicadas al sector de la agricultura ecol\u00f3gica.<\/li>\n<li>Formar t\u00e9cnicos especializados para realizar labores de inspecci\u00f3n de la producci\u00f3n agraria ecol\u00f3gica dentro de los organismos de p\u00fablicos y privados.<\/li>\n<li>Formar especialistas con iniciativa para dar soporte al desarrollo del sector de la producci\u00f3n ecol\u00f3gica.<\/li>\n<\/ol>\n<\/div>\n<h3>\u00a0<b>Competencias espec\u00edficas<\/b><\/h3>\n<div>\n<ol>\n<li>Conocer el origen de la agricultura ecol\u00f3gica desde una perspectiva hist\u00f3rica.<\/li>\n<li>Conocer las bases ecol\u00f3gicas y agron\u00f3micas del funcionamiento de los agrosistemas.<\/li>\n<li>Conocer los conceptos y los principios de la agroecolog\u00eda.<\/li>\n<li>Conocer las bases y las t\u00e9cnicas b\u00e1sicas de la ganader\u00eda y la agricultura ecol\u00f3gicas.<\/li>\n<li>Conocer los sistemas de gesti\u00f3n de la industria agroalimentaria ecol\u00f3gica.<\/li>\n<li>Conocer el papel de la producci\u00f3n ecol\u00f3gica sobre la calidad y la seguridad alimentaria.<\/li>\n<li>Conocer la normativa y el proceso de control y verificaci\u00f3n de la producci\u00f3n ecol\u00f3gica.<\/li>\n<li>Conocer la situaci\u00f3n actual de la agricultura ecol\u00f3gica y las perspectivas de la producci\u00f3n, la comercializaci\u00f3n y el consumo en Europa.<\/li>\n<li>Dise\u00f1ar y desarrollar estrategias de transici\u00f3n a la agricultura ecol\u00f3gica a diferentes escalas espaciales.<\/li>\n<li>Conocer el an\u00e1lisis de la sostenibilidad de las fincas de producci\u00f3n ecol\u00f3gica.<\/li>\n<li>Conocer las bases para el reconocimiento y caracterizaci\u00f3n de los suelos\u00a0agr\u00edcolas.<\/li>\n<\/ol>\n<\/div>\n<h3><b>Competencias transversales<\/b><\/h3>\n<ol>\n<li>Capacidad de an\u00e1lisis cr\u00edtico y de aplicar el pensamiento l\u00f3gico y creativo al trabajo.<\/li>\n<li>Capacidad de realizar trabajos de investigaci\u00f3n en agricultura ecol\u00f3gica y de valoraci\u00f3n de los resultados.<\/li>\n<li>Capacidad de realizar trabajos de asesoramiento en fincas y empresas dedicadas a la producci\u00f3n ecol\u00f3gica.<\/li>\n<li>Capacidad de realizar trabajos de inspecci\u00f3n de la producci\u00f3n agraria ecol\u00f3gica en organismos p\u00fablicos y privados.<\/li>\n<li>Capacidad de comunicaci\u00f3n y divulgaci\u00f3n de los conocimientos a p\u00fablicos especializados y no especializados.<\/li>\n<li>Capacidad de trabajar de forma aut\u00f3noma, en grupo, y de colaborar con otros investigadores y t\u00e9cnicos.<\/li>\n<li>Capacidad de actualizar y proseguir sus estudios de forma aut\u00f3noma y autodirigida.<\/li>\n<li>Capacidad de interacci\u00f3n y transferencia con el entorno social.<\/li>\n<li>Respeto por la \u00e9tica y la integridad intelectual.<\/li>\n<\/ol>\n\n\t\t<\/div> \n\t<\/div> \n\t<\/div> \n\n\t<div class=\"vc_span6 wpb_column column_container  vcex-skin-default \"  style=\"border-style: solid;padding-left: 30px;\">\n\t\t\t<hr class=\"vcex-spacing \" style=\"height: 90px\" \/>\n\t<div class=\"wpb_single_image wpb_content_element vc_align_left\">\n\t\t<div class=\"wpb_wrapper\">\n\t\t\t\n\t\t\t<img width=\"2000\" height=\"1331\" src=\"https:\/\/www.ub.edu\/masterae\/wp-content\/uploads\/2014\/03\/DSC00318web.jpg\" class=\"attachment-full size-full\" alt=\"\" decoding=\"async\" loading=\"lazy\" srcset=\"https:\/\/www.ub.edu\/masterae\/wp-content\/uploads\/2014\/03\/DSC00318web.jpg 2000w, https:\/\/www.ub.edu\/masterae\/wp-content\/uploads\/2014\/03\/DSC00318web-300x199.jpg 300w, https:\/\/www.ub.edu\/masterae\/wp-content\/uploads\/2014\/03\/DSC00318web-1024x681.jpg 1024w\" sizes=\"(max-width: 2000px) 100vw, 2000px\" \/>\n\t\t<\/div> \n\t<\/div> <hr class=\"vcex-spacing \" style=\"height: 55px\" \/><article class=\"vcex-teaser vcex-teaser-two vcex-text-align-left \"><div class=\"vcex-teaser-content clr\"><h2 class=\"vcex-teaser-heading\">Ficha del M\u00e1ster de Agroecolog\u00eda y Agricultura Ecol\u00f3gica<\/h2><div class=\"vcex-teaser-text clr\"><p style=\"text-align: justify;\"><b>T\u00edtulo:<br \/>\n<\/b><span style=\"line-height: 1.5em;\">Agroecolog\u00eda y Agricultura Ecol\u00f3gica<\/span><\/p>\n<p style=\"text-align: justify;\"><b>Programa:<br \/>\n<\/b>M\u00e1ster<\/p>\n<div style=\"text-align: justify;\"><b>N\u00famero de cr\u00e9ditos<\/b>:<br \/>\n60 (40 cr\u00e9ditos ECTS clases te\u00f3ricas y pr\u00e1cticas y 20 cr\u00e9ditos proyecto final M\u00e1ster).<\/div>\n<div style=\"text-align: justify;\"><b><br \/>\nDirector y coordinador<\/b>:<\/div>\n<div style=\"text-align: left;\">F. Xavier Sans Serra (<a href=\"mailto:fsans@ub.edu\">fsans@ub.edu<\/a>,\u00a0<a href=\"http:\/\/www.ub.edu\/masterae\">http:\/\/www.ub.edu\/masterae<\/a>)<\/div>\n<div style=\"text-align: justify;\"><b><br \/>\nDescriptores<\/b>:<\/div>\n<div style=\"text-align: justify;\">agricultura ecol\u00f3gica, ganader\u00eda ecol\u00f3gica, agroecolog\u00eda, sostenibilidad sistemas agrarios, desarrollo rural, conservaci\u00f3n de la biodiversidad, calidad y seguridad alimentaria, normativa producci\u00f3n ecol\u00f3gica, mercado productos ecol\u00f3gicos, modelos de comercializaci\u00f3n y consumo de productos ecol\u00f3gicos.<\/div>\n<div style=\"text-align: justify;\"><b><br \/>\nIdioma<\/b>:<\/div>\n<div style=\"text-align: justify;\">Castellano. Algunas clases se imparten en ingl\u00e9s (el alumno dispone de la presentaci\u00f3n con anterioridad)<\/div>\n<div style=\"text-align: justify;\"><b><br \/>\nN\u00famero m\u00e1ximo de plazas<\/b>:<\/div>\n<div style=\"text-align: justify;\">35.<\/div>\n<div style=\"text-align: justify;\"><b><br \/>\nN\u00famero m\u00ednimo de plazas<\/b>:<\/div>\n<div style=\"text-align: justify;\">15.<\/div>\n<div style=\"text-align: justify;\"><b><br \/>\nTitulaci\u00f3n:\u00a0<\/b><\/div>\n<div style=\"text-align: justify;\">Se expedir\u00e1 un diploma de M\u00e1ster en Agroecolog\u00eda y Agricultura Ecol\u00f3gica reconocido por la Universidad de Barcelona a todos los alumnos que demuestren el aprovechamiento del curso y obtengan una nota final superior a 5.<\/div>\n<div style=\"text-align: justify;\"><\/div>\n<div style=\"text-align: justify;\">\n<div>Salidas profesionales:<\/div>\n<div>Asesoramiento en fincas, granjas y empresas de agricultura ecol\u00f3gica, inspecci\u00f3n y certificaci\u00f3n, investigaci\u00f3n en universidades y centros I+D+i, educaci\u00f3n en centros formativos y online, proyectos de desarrollo rural, gesti\u00f3n de fincas, custodia del territorio, agricultura social y terap\u00e9utica, dinamizaci\u00f3n territorial, emprendimientos agr\u00edcolas y ganaderos, promoci\u00f3n de la agricultura ecol\u00f3gica, etc.<\/div>\n<\/div>\n<div style=\"text-align: justify;\"><\/div>\n<div style=\"text-align: justify;\"><\/div>\n<\/div><\/div><\/article>\n\t<\/div> \n<\/div><\/div>\n","protected":false},"excerpt":{"rendered":"var lsjQuery = jQuery; lsjQuery(document).ready(function() { if(typeof lsjQuery.fn.layerSlider == \"undefined\") { lsShowNotice('layerslider_6','jquery'); } else { lsjQuery(\"#layerslider_6\").layerSlider({skinsPath: 'https:\/\/www.ub.edu\/masterae\/wp-content\/plugins\/layerslider\/static\/skins\/'}) } }); Acerca del M\u00e1ster El M\u00e1ster El sistema agroalimentario mundial se encuentra sumido en una profunda crisis de sostenibilidad que tiene dram\u00e1ticas consecuencias ecol\u00f3gicas, ambientales, econ\u00f3micas y sociales. Diversos organismos internacionales promueven la agricultura ecol\u00f3gica como la mejor alternativa para hacer frente a los desaf\u00edos del sector.<br \/><a class=\"moretag\" href=\"https:\/\/www.ub.edu\/masterae\/acerca-del-master\/\"> Seguir leyendo...<\/a>","protected":false},"author":1,"featured_media":0,"parent":0,"menu_order":0,"comment_status":"open","ping_status":"open","template":"","meta":[],"_links":{"self":[{"href":"https:\/\/www.ub.edu\/masterae\/wp-json\/wp\/v2\/pages\/4"}],"collection":[{"href":"https:\/\/www.ub.edu\/masterae\/wp-json\/wp\/v2\/pages"}],"about":[{"href":"https:\/\/www.ub.edu\/masterae\/wp-json\/wp\/v2\/types\/page"}],"author":[{"embeddable":true,"href":"https:\/\/www.ub.edu\/masterae\/wp-json\/wp\/v2\/users\/1"}],"replies":[{"embeddable":true,"href":"https:\/\/www.ub.edu\/masterae\/wp-json\/wp\/v2\/comments?post=4"}],"version-history":[{"count":68,"href":"https:\/\/www.ub.edu\/masterae\/wp-json\/wp\/v2\/pages\/4\/revisions"}],"predecessor-version":[{"id":7070,"href":"https:\/\/www.ub.edu\/masterae\/wp-json\/wp\/v2\/pages\/4\/revisions\/7070"}],"wp:attachment":[{"href":"https:\/\/www.ub.edu\/masterae\/wp-json\/wp\/v2\/media?parent=4"}],"curies":[{"name":"wp","href":"https:\/\/api.w.org\/{rel}","templated":true}]}}