{"id":4090,"date":"2014-04-23T10:40:30","date_gmt":"2014-04-23T10:40:30","guid":{"rendered":"https:\/\/www.ub.edu\/masterae\/?page_id=4090"},"modified":"2024-04-23T11:11:53","modified_gmt":"2024-04-23T11:11:53","slug":"proyectos","status":"publish","type":"page","link":"https:\/\/www.ub.edu\/masterae\/proyectos\/","title":{"rendered":"Proyectos"},"content":{"rendered":"<div class=\"clr  \" ><div class=\"wpb_row vc_row-fluid   \"> \n\t<div class=\"vc_span12 wpb_column column_container  vcex-skin-default \" >\n\t\t\t<script type=\"text\/javascript\">var lsjQuery = jQuery;<\/script><script type=\"text\/javascript\"> lsjQuery(document).ready(function() { if(typeof lsjQuery.fn.layerSlider == \"undefined\") { lsShowNotice('layerslider_15','jquery'); } else { lsjQuery(\"#layerslider_15\").layerSlider({skinsPath: 'https:\/\/www.ub.edu\/masterae\/wp-content\/plugins\/layerslider\/static\/skins\/'}) } }); <\/script><div class=\"ls-wp-fullwidth-container\"><div class=\"ls-wp-fullwidth-helper\"><div id=\"layerslider_15\" class=\"ls-wp-container\" style=\"width:1280px;height:250px;margin:0 auto;margin-bottom: 0px;\"><div class=\"ls-slide\" data-ls=\" transition2d: all;\"><img src=\"https:\/\/www.ub.edu\/masterae\/wp-content\/plugins\/layerslider\/static\/img\/blank.gif\" data-src=\"https:\/\/www.ub.edu\/masterae\/wp-content\/uploads\/2014\/05\/vacas-cabecera-proyectos.jpg\" class=\"ls-bg\" alt=\"Slide background\" \/><p class=\"ls-l\" style=\"top:109px;left:611px;padding-right:10px;padding-left:10px;font-family:Lato;font-size:32px;line-height:50px;color:#ababab;background:#ffffff;border-radius:5px;\" data-ls=\"easingin:easeInQuad;\">Proyectos<\/p><\/div><\/div><\/div><\/div><hr class=\"vcex-spacing \" style=\"height: 30px\" \/>\n\t<\/div> \n<\/div><\/div><div class=\"clr  \" ><div class=\"wpb_row vc_row-fluid   \">\n\t<div class=\"vc_span4 wpb_column column_container  vcex-skin-default \" >\n\t\t\t\n\t<div class=\"wpb_text_column wpb_content_element \">\n\t\t<div class=\"wpb_wrapper\">\n\t\t\t<p style=\"text-align: justify;\">En este secci\u00f3n encontrar\u00e1s toda la informaci\u00f3n sobre los proyectos finales de M\u00e1ster, cons\u00faltala y si tienes cualquier cuesti\u00f3n no dudes en ponerte en contacto con nosotros.<\/p>\n\n\t\t<\/div> \n\t<\/div> \n\t<\/div> \n\n\t<div class=\"vc_span4 wpb_column column_container  vcex-skin-default \"  style=\"border-style: solid;\">\n\t\t\t<article class=\"vcex-icon-box-six  vcex-icon-box-with-link\"  style=\"background-color: #1e73be;color: #ffffff\"><a href=\"https:\/\/www.ub.edu\/masterae\/historial-de-proyectos\/ \" title=\"Historial de proyectos\" class=\"vcex-icon-box-six-link\" target=\"_self\" rel=\"\"  style=\"color: #ffffff\"><span class=\"vcex-icon-box-six-icon fa fa-clock-o \"  style=\"color: #ffffff;font-size: 72px;\"><\/span><h2 class=\"vcex-icon-box-six-heading\" >Historial de proyectos<\/h2><div class=\"vcex-icon-box-six-content clr\">\n<p style=\"text-align: justify;\">Consulta el historial de los proyectos desarrollados en las anteriores ediciones del M\u00e1ster de Agroecolog\u00eda y Agricultura Ecol\u00f3gica<\/p>\n<\/div><\/a><\/article>\n\t<\/div> \n\n\t<div class=\"vc_span4 wpb_column column_container  vcex-skin-default \"  style=\"border-style: solid;\">\n\t\t\t<article class=\"vcex-icon-box-six  vcex-icon-box-with-link\"  style=\"background-color: #a3c157;color: #ffffff\"><a href=\"https:\/\/www.ub.edu\/masterae\/normativa-proyectos-finales\/\" title=\"Normativa proyectos Final de M\u00e1ster\" class=\"vcex-icon-box-six-link\" target=\"_self\" rel=\"\"  style=\"color: #ffffff\"><span class=\"vcex-icon-box-six-icon fa fa-warning \"  style=\"color: #ffffff;font-size: 72px;\"><\/span><h2 class=\"vcex-icon-box-six-heading\" >Normativa proyectos Final de M\u00e1ster<\/h2><div class=\"vcex-icon-box-six-content clr\">\n<p style=\"text-align: justify;\">Inf\u00f3rmate de la normativa a aplicar en los proyectos de Final del M\u00e1ster.\u00a0Seguro que te es de mucha utilidad&#8230;<\/p>\n<\/div><\/a><\/article>\n\t<\/div> \n<\/div><\/div>\n","protected":false},"excerpt":{"rendered":"var lsjQuery = jQuery; lsjQuery(document).ready(function() { if(typeof lsjQuery.fn.layerSlider == \"undefined\") { lsShowNotice('layerslider_15','jquery'); } else { lsjQuery(\"#layerslider_15\").layerSlider({skinsPath: 'https:\/\/www.ub.edu\/masterae\/wp-content\/plugins\/layerslider\/static\/skins\/'}) } }); Proyectos En este secci\u00f3n encontrar\u00e1s toda la informaci\u00f3n sobre los proyectos finales de M\u00e1ster, cons\u00faltala y si tienes cualquier cuesti\u00f3n no dudes en ponerte en contacto con nosotros. Historial de proyectos Consulta el historial de los proyectos desarrollados en las anteriores ediciones del M\u00e1ster de Agroecolog\u00eda<br \/><a class=\"moretag\" href=\"https:\/\/www.ub.edu\/masterae\/proyectos\/\"> Seguir leyendo...<\/a>","protected":false},"author":1,"featured_media":0,"parent":0,"menu_order":0,"comment_status":"open","ping_status":"open","template":"","meta":[],"_links":{"self":[{"href":"https:\/\/www.ub.edu\/masterae\/wp-json\/wp\/v2\/pages\/4090"}],"collection":[{"href":"https:\/\/www.ub.edu\/masterae\/wp-json\/wp\/v2\/pages"}],"about":[{"href":"https:\/\/www.ub.edu\/masterae\/wp-json\/wp\/v2\/types\/page"}],"author":[{"embeddable":true,"href":"https:\/\/www.ub.edu\/masterae\/wp-json\/wp\/v2\/users\/1"}],"replies":[{"embeddable":true,"href":"https:\/\/www.ub.edu\/masterae\/wp-json\/wp\/v2\/comments?post=4090"}],"version-history":[{"count":22,"href":"https:\/\/www.ub.edu\/masterae\/wp-json\/wp\/v2\/pages\/4090\/revisions"}],"predecessor-version":[{"id":7006,"href":"https:\/\/www.ub.edu\/masterae\/wp-json\/wp\/v2\/pages\/4090\/revisions\/7006"}],"wp:attachment":[{"href":"https:\/\/www.ub.edu\/masterae\/wp-json\/wp\/v2\/media?parent=4090"}],"curies":[{"name":"wp","href":"https:\/\/api.w.org\/{rel}","templated":true}]}}