{"id":4620,"date":"2014-05-07T10:41:43","date_gmt":"2014-05-07T10:41:43","guid":{"rendered":"https:\/\/www.ub.edu\/masterae\/?page_id=4620"},"modified":"2024-04-23T11:27:10","modified_gmt":"2024-04-23T11:27:10","slug":"sobre-nosotros","status":"publish","type":"page","link":"https:\/\/www.ub.edu\/masterae\/sobre-nosotros\/","title":{"rendered":"Sobre nosotros"},"content":{"rendered":"<div class=\"clr  \" ><div class=\"wpb_row vc_row-fluid   \"> \n\t<div class=\"vc_span12 wpb_column column_container  vcex-skin-default \" >\n\t\t\t<script type=\"text\/javascript\">var lsjQuery = jQuery;<\/script><script type=\"text\/javascript\"> lsjQuery(document).ready(function() { if(typeof lsjQuery.fn.layerSlider == \"undefined\") { lsShowNotice('layerslider_18','jquery'); } else { lsjQuery(\"#layerslider_18\").layerSlider({skinsPath: 'https:\/\/www.ub.edu\/masterae\/wp-content\/plugins\/layerslider\/static\/skins\/'}) } }); <\/script><div class=\"ls-wp-fullwidth-container\"><div class=\"ls-wp-fullwidth-helper\"><div id=\"layerslider_18\" class=\"ls-wp-container\" style=\"width:1280px;height:250px;margin:0 auto;margin-bottom: 0px;\"><div class=\"ls-slide\" data-ls=\" transition2d: all;\"><img src=\"https:\/\/www.ub.edu\/masterae\/wp-content\/plugins\/layerslider\/static\/img\/blank.gif\" data-src=\"https:\/\/www.ub.edu\/masterae\/wp-content\/uploads\/2014\/05\/sobre-nosotros-layer.jpg\" class=\"ls-bg\" alt=\"Slide background\" \/><p class=\"ls-l\" style=\"top:107px;left:510px;padding-right:10px;padding-left:10px;font-family:Lato;font-size:32px;line-height:50px;color:#ababab;background:#ffffff;border-radius:5px;\">Sobre nosotros<\/p><\/div><\/div><\/div><\/div><hr class=\"vcex-spacing \" style=\"height: 40px\" \/><h1 class=\"vc_text_separator wpb_content_element separator_align_left vc_text_separator_one\"  style=\"font-size: 24 px;font-weight: 200;\"><span  style=\"color: #dd901c;\">M\u00e1ster de Agroecolog\u00eda y Agricultura Ecol\u00f3gica<\/span><\/h1>\n<div class=\"clr  \" ><div class=\"wpb_row vc_row-fluid   \">\n\t<div class=\"vc_span6 wpb_column column_container  vcex-skin-default \" >\n\t\t\t<h2 class=\"vc_text_separator wpb_content_element separator_align_center vc_text_separator_one\"  style=\"font-size: 24px;font-weight: 200;\"><span  style=\"color: #1212b5;\">Presentaci\u00f3n del m\u00e1ster<\/span><\/h2>\n\n\t<div class=\"wpb_text_column wpb_content_element \">\n\t\t<div class=\"wpb_wrapper\">\n\t\t\t<p style=\"text-align: justify;\">El espectacular desarrollo que ha experimentado la agricultura ecol\u00f3gica durante los \u00faltimos decenios ha puesto de manifiesto su transcendencia a todos los niveles. El m\u00e1ster universitario de Agroecolog\u00eda y Agricultura Ecol\u00f3gica da respuestas a un sector en constante crecimiento y evoluci\u00f3n mediante la formaci\u00f3n de profesionales con una visi\u00f3n muy completa y de vanguardia, y con las competencias que les permiten desarrollarse profesionalmente con \u00e9xito y transferir conocimiento, creatividad e innovaci\u00f3n al sector. La titulaci\u00f3n permite a los futuros magister afrontar nuevos retos profesionales relacionados con el desarrollo de modelos de agricultura y ganader\u00eda que contribuyan a la preservaci\u00f3n del medio, favorezcan el desarrollo del mundo rural y aumenten la salud p\u00fablica a trav\u00e9s de una mejor calidad de los alimentos.<\/p>\n<p style=\"text-align: justify;\">El m\u00e1ster propio de Agroecolog\u00eda y Agricultura Ecol\u00f3gica de la Universitat de Barcelona es pionero en la impartici\u00f3n de esta tem\u00e1tica en Espa\u00f1a. El curso 1999-2000 inici\u00f3 su andadura con la estrecha colaboraci\u00f3n de la Asociaci\u00f3n Vida Sana y el apoyo de la Sociedad Espa\u00f1ola de Agricultura Ecol\u00f3gica y del Centro de Estudios Rurales y de Agricultura Internacional. A lo largo de estos a\u00f1os la Universitat de Barcelona ha formado m\u00e1s de 600 especialistas en Agricultura Ecol\u00f3gica procedentes de toda Espa\u00f1a y de varios pa\u00edses de \u00c1frica, Europa, Am\u00e9rica y Ocean\u00eda.<\/p>\n<p style=\"text-align: justify;\">La experiencia del grupo de investigaci\u00f3n en agroecolog\u00eda de la Universitat de Barcelona dentro del sector de la agricultura ecol\u00f3gica y la firme posici\u00f3n de la oferta educativa de dicha universidad permiten ofrecer una formaci\u00f3n de excelente calidad a todos aquellos estudiantes que desean tener un futuro profesional dentro del sector ecol\u00f3gico, as\u00ed como a aquellos profesionales que ya forman parte de \u00e9l pero desean adquirir conocimientos actualizados de la mano de los mejores profesionales nacionales e internacionales del mundo de la agricultura y la ganader\u00eda ecol\u00f3gicas.<\/p>\n<p style=\"text-align: justify;\">La consolidaci\u00f3n del m\u00e1ster se basa en un temario s\u00f3lido y completo, profesorado altamente cualificado, flexibilidad de horario, oportunidades laborales y el prestigio de la Universitat de Barcelona en el \u00e1mbito educativo. El alto grado de satisfacci\u00f3n de los alumnos as\u00ed como de los profesores nos motiva para continuar mejorando y adaptando el m\u00e1ster a los nuevos avances de la agricultura ecol\u00f3gica. El programa formativo, que incluye una visi\u00f3n global de todo el \u00e1mbito agroalimentario ecol\u00f3gico, proporciona a la sociedad, a los sectores agr\u00edcola y ganadero y al conjunto de la industria agroalimentaria los perfiles profesionales necesarios para hacer frente a los retos y a las oportunidades de futuro.<\/p>\n\n\t\t<\/div> \n\t<\/div> \n\t<\/div> \n\n\t<div class=\"vc_span6 wpb_column column_container  vcex-skin-default \" >\n\t\t\t<h2 class=\"vc_text_separator wpb_content_element separator_align_center vc_text_separator_one\"  style=\"font-size: 24px;font-weight: 200;\"><span  style=\"color: #1212b5;\">Direcci\u00f3n y coordinaci\u00f3n del m\u00e1ster<\/span><\/h2>\n\n\t<div class=\"wpb_text_column wpb_content_element \">\n\t\t<div class=\"wpb_wrapper\">\n\t\t\t<p style=\"text-align: justify;\">Desde el a\u00f1o 1999, Francesc Xavier Sans, catedr\u00e1tico del\u00a0Departamento\u00a0de Biolog\u00eda Evolutiva,\u00a0Ecolog\u00eda y Ciencias Ambientales\u00a0de la Universitad de Barcelona, dirige y coordina el primer M\u00e1ster de Agricultura Ecol\u00f3gica del Estado Espa\u00f1ol, de reconocido prestigio en todo el mundo.<\/p>\n<p style=\"text-align: justify;\">Francesc Xavier Sans Serra es doctor en Ciencias Biol\u00f3gicas por \u00a0la Universitat de Barcelona. Despu\u00e9s de su formaci\u00f3n doctoral en el campo de la ecolog\u00eda de los sistemas agr\u00edcolas en la Universidad de Barcelona y en la <i>School of Biological Sciences<\/i> de la Universidad de Norte de Gales, complet\u00f3 su formaci\u00f3n en el <i>Centre d\u2019\u00c9cologie Fonctionelle et Evolutive<\/i> del <i>Centre National de la Recherche Scientifique<\/i> de Montpellier. Diversas estancias en universidades y centros de investigaci\u00f3n extranjeros como el <i>College of Natural Resources <\/i>(Berkeley) de la Universidad de California y el <i>Research Institut of Organic Agriculture<\/i> (FiBL) de Suiza le han permitido ampliar su formaci\u00f3n en el estudio de los sistemas agr\u00edcolas, particularmente en el desarrollo de modelos de gesti\u00f3n agroecol\u00f3gicos.<\/p>\n<p style=\"text-align: justify;\">Su actividad docente se centra en la impartici\u00f3n de clases en las licenciaturas\/grados de Biolog\u00eda y Ciencias Ambientales y en los m\u00e1steres de Biodiversidad y de Agroecolog\u00eda y Agricultura Ecol\u00f3gica de la Universitat de Barcelona. Tambi\u00e9n ha sido invitado por la <i>\u00c9cole Sup\u00e9rieure Agronomique de Montpellier<\/i> y por diversas universidades espa\u00f1olas para impartir clases en cursos de postgrado y m\u00e1ster de agricultura ecol\u00f3gica. Combina su actividad docente con la formaci\u00f3n de nuevos investigadores: ha dirigido diez tesis doctorales y una veintena de trabajos de final de carrera y de m\u00e1ster.<\/p>\n<p style=\"text-align: justify;\">Su actividad investigadora se centra en el estudio del papel de la biodiversidad en el funcionamiento de los agrosistemas y el efecto de la actividad agr\u00edcola sobre ella, as\u00ed como en el dise\u00f1o de sistemas agr\u00edcolas sostenibles desde el punto de vista agron\u00f3mico, ambiental y social. Ha dirigido numerosos proyectos de investigaci\u00f3n nacionales e internacionales y es autor de m\u00e1s de un centenar de art\u00edculos en revistas cient\u00edficas. Ha participado como experto en agricultura ecol\u00f3gica en diversos foros internacionales. Ha presentado diversas ponencias y m\u00e1s de ochenta comunicaciones a congresos cient\u00edficos. Firme defensor de la necesidad de divulgar la investigaci\u00f3n m\u00e1s all\u00e1 del \u00e1mbito acad\u00e9mico y cient\u00edfico ha participado activamente en la organizaci\u00f3n del 1<sup>er<\/sup> Congr\u00e9s Catal\u00e0 de la Producci\u00f3 Agroaliment\u00e0ria Ecol\u00f2gica, en la redacci\u00f3n del Llibre Blanc de la Producci\u00f3 Agroaliment\u00e0ria Ecol\u00f2gica del Departament d\u2019Agricultura, Ramaderia, Pesca, Alimentaci\u00f3 i Medi Natural y fue coordinador de la Xarxa Tem\u00e0tica d\u2019Agricultura Ecol\u00f2gica -Agroecomed- y de la Red de Investigaci\u00f3n Agriecol (<a href=\"http:\/\/www.agriecol.org\/\" target=\"_blank\" rel=\"noopener\">http:\/\/www.agriecol.org<\/a>). En la actualidad dirige en la Universitat de Barcelona el grupo de investigaci\u00f3n Agroecology que re\u00fane un numeroso grupo de j\u00f3venes investigadores que trabajan en el estudio de la sostenibilidad de los sistemas agr\u00edcolas (<a href=\"http:\/\/www.ub.edu\/agroecologia\" target=\"_blank\" rel=\"noopener\">http:\/\/www.ub.edu\/agroecologia<\/a>).<\/p>\n\n\t\t<\/div> \n\t<\/div> \n\t<\/div> \n<\/div><\/div>\n\t<\/div> \n<\/div><\/div><div class=\"clr  \" ><div class=\"wpb_row vc_row-fluid   \">\n\t<div class=\"vc_span6 wpb_column column_container  vcex-skin-default \" >\n\t\t\t\n\t<\/div> \n\n\t<div class=\"vc_span6 wpb_column column_container  vcex-skin-default \" >\n\t\t\t\n\t<\/div> \n<\/div><\/div>\n","protected":false},"excerpt":{"rendered":"var lsjQuery = jQuery; lsjQuery(document).ready(function() { if(typeof lsjQuery.fn.layerSlider == \"undefined\") { lsShowNotice('layerslider_18','jquery'); } else { lsjQuery(\"#layerslider_18\").layerSlider({skinsPath: 'https:\/\/www.ub.edu\/masterae\/wp-content\/plugins\/layerslider\/static\/skins\/'}) } }); Sobre nosotrosM\u00e1ster de Agroecolog\u00eda y Agricultura Ecol\u00f3gica Presentaci\u00f3n del m\u00e1ster El espectacular desarrollo que ha experimentado la agricultura ecol\u00f3gica durante los \u00faltimos decenios ha puesto de manifiesto su transcendencia a todos los niveles. El m\u00e1ster universitario de Agroecolog\u00eda y Agricultura Ecol\u00f3gica da respuestas a un sector<br \/><a class=\"moretag\" href=\"https:\/\/www.ub.edu\/masterae\/sobre-nosotros\/\"> Seguir leyendo...<\/a>","protected":false},"author":1,"featured_media":0,"parent":0,"menu_order":0,"comment_status":"open","ping_status":"open","template":"","meta":[],"_links":{"self":[{"href":"https:\/\/www.ub.edu\/masterae\/wp-json\/wp\/v2\/pages\/4620"}],"collection":[{"href":"https:\/\/www.ub.edu\/masterae\/wp-json\/wp\/v2\/pages"}],"about":[{"href":"https:\/\/www.ub.edu\/masterae\/wp-json\/wp\/v2\/types\/page"}],"author":[{"embeddable":true,"href":"https:\/\/www.ub.edu\/masterae\/wp-json\/wp\/v2\/users\/1"}],"replies":[{"embeddable":true,"href":"https:\/\/www.ub.edu\/masterae\/wp-json\/wp\/v2\/comments?post=4620"}],"version-history":[{"count":41,"href":"https:\/\/www.ub.edu\/masterae\/wp-json\/wp\/v2\/pages\/4620\/revisions"}],"predecessor-version":[{"id":7013,"href":"https:\/\/www.ub.edu\/masterae\/wp-json\/wp\/v2\/pages\/4620\/revisions\/7013"}],"wp:attachment":[{"href":"https:\/\/www.ub.edu\/masterae\/wp-json\/wp\/v2\/media?parent=4620"}],"curies":[{"name":"wp","href":"https:\/\/api.w.org\/{rel}","templated":true}]}}